{"id":27218,"date":"2026-04-10T01:28:29","date_gmt":"2026-04-10T01:28:29","guid":{"rendered":"https:\/\/www.zolattitude.com\/index.php\/product\/art-de-la-fleur-donagre-coque-pour-iphone-15\/"},"modified":"2026-04-10T01:28:33","modified_gmt":"2026-04-10T01:28:33","slug":"art-de-la-fleur-donagre-coque-pour-iphone-15","status":"publish","type":"product","link":"https:\/\/www.zolattitude.com\/index.php\/product\/art-de-la-fleur-donagre-coque-pour-iphone-15\/","title":{"rendered":"Art de la Fleur d&#8217;onagre Coque pour iPhone 15"},"content":{"rendered":"<p>Price: <span style=\"color:#b12704\">\u20ac17.99<\/span><br \/><i><small>(as of Apr 10, 2026 01:28:29 UTC &#8211; <span class=\"wp_automatic_amazon_disclaimer\" title=\"Product prices and availability are accurate as of the date\/time indicated and are subject to change. Any price and availability information displayed on [relevant Amazon Site(s), as applicable] at the time of purchase will apply to the purchase of this product.\">Details<\/span>)<\/small><\/i><br \/><a href=\"https:\/\/amazon.fr\/dp\/B0FSV48SB7?tag=onamzmoukoubl-21\"><img decoding=\"async\" src=\"https:\/\/valvepress.s3.amazonaws.com\/imgs\/buy_now.png\"><\/a><br \/>\n<br \/>\n<br \/>Id\u00e9al pour maman, papa, grand-m\u00e8re, grand-p\u00e8re.<br \/>Achetez-en un pour montrer vos amis et votre famille.<br \/>Coque de protection en deux parties compos\u00e9 d&#8217;une coque en polycarbonate de premi\u00e8re qualit\u00e9 r\u00e9sistant aux rayures et d&#8217;une doublure en TPU absorbant les chocs et prot\u00e9geant contre les chutes<br \/>Installation facile<\/p>\n\n","protected":false},"excerpt":{"rendered":"<p> Id\u00e9al pour maman, papa, grand-m\u00e8re, grand-p\u00e8re.Achetez-en un pour montrer vos amis et votre famille.Coque de protection en deux parties compos\u00e9 d&#8217;une coque en polycarbonate de premi\u00e8re qualit\u00e9 r\u00e9sistant aux rayures et d&#8217;une doublure en TPU absorbant les chocs et prot\u00e9geant contre les chutesInstallation facile<\/p>\n","protected":false},"featured_media":27219,"comment_status":"open","ping_status":"closed","template":"","meta":{"_gspb_post_css":"","om_disable_all_campaigns":false,"_monsterinsights_skip_tracking":false,"_monsterinsights_sitenote_active":false,"_monsterinsights_sitenote_note":"","_monsterinsights_sitenote_category":0},"store":[],"product_brand":[],"product_cat":[140],"product_tag":[2224,6636,5692,2232,5987,302],"class_list":{"0":"post-27218","1":"product","2":"type-product","3":"status-publish","4":"has-post-thumbnail","6":"product_cat-huiles-de-bourrache-onagre","7":"product_tag-art","8":"product_tag-coque","9":"product_tag-donagre","10":"product_tag-fleur","11":"product_tag-iphone","12":"product_tag-pour","14":"first","15":"instock","16":"shipping-taxable","17":"product-type-external"},"aioseo_notices":[],"jetpack_sharing_enabled":true,"_links":{"self":[{"href":"https:\/\/www.zolattitude.com\/index.php\/wp-json\/wp\/v2\/product\/27218","targetHints":{"allow":["GET"]}}],"collection":[{"href":"https:\/\/www.zolattitude.com\/index.php\/wp-json\/wp\/v2\/product"}],"about":[{"href":"https:\/\/www.zolattitude.com\/index.php\/wp-json\/wp\/v2\/types\/product"}],"replies":[{"embeddable":true,"href":"https:\/\/www.zolattitude.com\/index.php\/wp-json\/wp\/v2\/comments?post=27218"}],"wp:featuredmedia":[{"embeddable":true,"href":"https:\/\/www.zolattitude.com\/index.php\/wp-json\/wp\/v2\/media\/27219"}],"wp:attachment":[{"href":"https:\/\/www.zolattitude.com\/index.php\/wp-json\/wp\/v2\/media?parent=27218"}],"wp:term":[{"taxonomy":"store","embeddable":true,"href":"https:\/\/www.zolattitude.com\/index.php\/wp-json\/wp\/v2\/store?post=27218"},{"taxonomy":"product_brand","embeddable":true,"href":"https:\/\/www.zolattitude.com\/index.php\/wp-json\/wp\/v2\/product_brand?post=27218"},{"taxonomy":"product_cat","embeddable":true,"href":"https:\/\/www.zolattitude.com\/index.php\/wp-json\/wp\/v2\/product_cat?post=27218"},{"taxonomy":"product_tag","embeddable":true,"href":"https:\/\/www.zolattitude.com\/index.php\/wp-json\/wp\/v2\/product_tag?post=27218"}],"curies":[{"name":"wp","href":"https:\/\/api.w.org\/{rel}","templated":true}]}}