{"id":27266,"date":"2026-04-10T23:53:23","date_gmt":"2026-04-10T23:53:23","guid":{"rendered":"https:\/\/www.zolattitude.com\/index.php\/product\/g-niib-immunity-sim01-probiotics-with-prebiotics-zinc-and-b-vitamins-developed-by-a-faculty-of-medicine-clinically-studied-probiotic-strains-supports-immunity-energy\/"},"modified":"2026-04-10T23:53:35","modified_gmt":"2026-04-10T23:53:35","slug":"g-niib-immunity-sim01-probiotics-with-prebiotics-zinc-and-b-vitamins-developed-by-a-faculty-of-medicine-clinically-studied-probiotic-strains-supports-immunity-energy","status":"publish","type":"product","link":"https:\/\/www.zolattitude.com\/index.php\/product\/g-niib-immunity-sim01-probiotics-with-prebiotics-zinc-and-b-vitamins-developed-by-a-faculty-of-medicine-clinically-studied-probiotic-strains-supports-immunity-energy\/","title":{"rendered":"G-NiiB Immunity+ (SIM01) &#8211; Probiotics with Prebiotics, Zinc and B Vitamins &#8211; Developed by a Faculty of Medicine &#8211; Clinically Studied Probiotic Strains &#8211; Supports Immunity, Energy"},"content":{"rendered":"<p>Price: <span style=\"color:#b12704\">\u20ac58.80<\/span><br \/><i><small>(as of Apr 10, 2026 23:53:23 UTC &#8211; <span class=\"wp_automatic_amazon_disclaimer\" title=\"Product prices and availability are accurate as of the date\/time indicated and are subject to change. Any price and availability information displayed on [relevant Amazon Site(s), as applicable] at the time of purchase will apply to the purchase of this product.\">Details<\/span>)<\/small><\/i><br \/><a href=\"https:\/\/amazon.fr\/dp\/B0CKWH68C6?tag=onamzmoukoubl-21\"><img decoding=\"async\" src=\"https:\/\/valvepress.s3.amazonaws.com\/imgs\/buy_now.png\"><\/a><br \/>\n<\/p>\n<p>                                             Product Description   <\/p>\n<p>                                                                             <img decoding=\"async\" alt=\"G-NIIb Immunity+ (SIM01). Bo\u00eete et sachet du produit illustr\u00e9s. Comprend une certification GMP, des recherches de haute qualit\u00e9 et des all\u00e9gations d&amp;#39;efficacit\u00e9. Fond m\u00e9dical bleu avec graphiques AI.\" src=\"https:\/\/images-na.ssl-images-amazon.com\/images\/G\/01\/x-locale\/common\/grey-pixel.gif\" class=\"a-spacing-base a-lazy-loaded\" data-src=\"https:\/\/m.media-amazon.com\/images\/S\/aplus-media-library-service-media\/4303df12-b130-409a-ae66-6c674d002166.__CR0,0,970,600_PT0_SX970_V1___.png\"><img decoding=\"async\" alt=\"G-NIIb Immunity+ (SIM01). Bo\u00eete et sachet du produit illustr\u00e9s. Comprend une certification GMP, des recherches de haute qualit\u00e9 et des all\u00e9gations d&amp;#39;efficacit\u00e9. Fond m\u00e9dical bleu avec graphiques AI.\" src=\"https:\/\/m.media-amazon.com\/images\/S\/aplus-media-library-service-media\/4303df12-b130-409a-ae66-6c674d002166.__CR0,0,970,600_PT0_SX970_V1___.png\">                                                                    <\/p>\n<p class=\"apm-text-center\">\n                                                      <img decoding=\"async\" alt=\"Ic\u00f4ne blanche sur fond bleu repr\u00e9sentant une figure humaine stylis\u00e9e \u00e0 l&amp;#39;int\u00e9rieur d&amp;#39;un bouclier, entour\u00e9e de symboles d&amp;#39;engrenage et de rayons. Le texte ci-dessous se lit comme suit : \u00ab SOUTENEZ L&amp;#39;IMMUNIT\u00c9 \u00bb\" src=\"https:\/\/images-na.ssl-images-amazon.com\/images\/G\/01\/x-locale\/common\/grey-pixel.gif\" class=\"a-spacing-mini a-lazy-loaded\" data-src=\"https:\/\/m.media-amazon.com\/images\/S\/aplus-media-library-service-media\/8cbc7409-beb2-4a30-ba1b-52ec111a2134.__CR0,0,300,300_PT0_SX300_V1___.png\"><\/p>\n<p><img decoding=\"async\" alt=\"Ic\u00f4ne blanche sur fond bleu repr\u00e9sentant une figure humaine stylis\u00e9e \u00e0 l&amp;#39;int\u00e9rieur d&amp;#39;un bouclier, entour\u00e9e de symboles d&amp;#39;engrenage et de rayons. Le texte ci-dessous se lit comme suit : \u00ab SOUTENEZ L&amp;#39;IMMUNIT\u00c9 \u00bb\" src=\"https:\/\/m.media-amazon.com\/images\/S\/aplus-media-library-service-media\/8cbc7409-beb2-4a30-ba1b-52ec111a2134.__CR0,0,300,300_PT0_SX300_V1___.png\"><br \/>\n                                                    L\u2019immunit\u00e9 commence dans l\u2019intestin                                       <\/p>\n<p> Saviez-vous que plus de 70 % des cellules immunitaires r\u00e9sident dans l\u2019intestin? <\/p>\n<p> G-NiiB r\u00e9approvisionne en probiotiques essentiels et, avec du zinc ajout\u00e9, aide \u00e0 restaurer l\u2019\u00e9quilibre du microbiome intestinal pour renforcer votre immunit\u00e9. <\/p>\n<p class=\"apm-text-center\">\n                                                      <img decoding=\"async\" alt=\"Ic\u00f4ne de ligne blanche des intestins sur fond bleu. Le texte ci-dessous indique \u00ab CONFORT DIGESTIF &amp;amp; DIGESTION SAINE \u00bb en lettres majuscules blanches\" src=\"https:\/\/images-na.ssl-images-amazon.com\/images\/G\/01\/x-locale\/common\/grey-pixel.gif\" class=\"a-spacing-mini a-lazy-loaded\" data-src=\"https:\/\/m.media-amazon.com\/images\/S\/aplus-media-library-service-media\/ac59f7c5-7a30-4e44-bdff-5b54fdec72a5.__CR0,0,300,300_PT0_SX300_V1___.png\"><\/p>\n<p><img decoding=\"async\" alt=\"Ic\u00f4ne de ligne blanche des intestins sur fond bleu. Le texte ci-dessous indique \u00ab CONFORT DIGESTIF &amp;amp; DIGESTION SAINE \u00bb en lettres majuscules blanches\" src=\"https:\/\/m.media-amazon.com\/images\/S\/aplus-media-library-service-media\/ac59f7c5-7a30-4e44-bdff-5b54fdec72a5.__CR0,0,300,300_PT0_SX300_V1___.png\"><br \/>\n                                                    Une digestion fluide  et confortable                                       <\/p>\n<p> Les fibres alimentaires sont essentielles pour un intestin sain. G-NiiB contient trois types de fibres alimentaires qui nourrissent la croissance des probiotiques et favorisent une digestion douce et efficace. <\/p>\n<p class=\"apm-text-center\">\n                                                      <img decoding=\"async\" alt=\"Ic\u00f4ne de batterie blanche avec un \u00e9clair sur fond bleu. Le texte fran\u00e7ais ci-dessous se lit comme suit : \u00ab UNE \u00c9NERGIE NATURELLE DE L&amp;#39;INT\u00c9RIEUR \u00bb\" src=\"https:\/\/images-na.ssl-images-amazon.com\/images\/G\/01\/x-locale\/common\/grey-pixel.gif\" class=\"a-spacing-mini a-lazy-loaded\" data-src=\"https:\/\/m.media-amazon.com\/images\/S\/aplus-media-library-service-media\/1f49c015-456a-45b0-9623-6517931d444f.__CR0,0,300,300_PT0_SX300_V1___.png\"><\/p>\n<p><img decoding=\"async\" alt=\"Ic\u00f4ne de batterie blanche avec un \u00e9clair sur fond bleu. Le texte fran\u00e7ais ci-dessous se lit comme suit : \u00ab UNE \u00c9NERGIE NATURELLE DE L&amp;#39;INT\u00c9RIEUR \u00bb\" src=\"https:\/\/m.media-amazon.com\/images\/S\/aplus-media-library-service-media\/1f49c015-456a-45b0-9623-6517931d444f.__CR0,0,300,300_PT0_SX300_V1___.png\"><br \/>\n                                                    Booste l\u2019\u00e9nergie  &amp; r\u00e9duit la fatigue                                       <\/p>\n<p> Les probiotiques de G-NiiB fermentent les fibres alimentaires pour produire des acides gras \u00e0 cha\u00eene courte, tandis que les vitamines B ajout\u00e9es soutiennent la production d\u2019\u00e9nergie et aident \u00e0 r\u00e9duire la fatigue. <\/p>\n<p>                                                                             <img decoding=\"async\" alt=\"Emballage et sachets de produits m\u00e9dicaux sur fond bleu avec microscope. Le texte fran\u00e7ais mentionne le d\u00e9veloppement par les facult\u00e9s de m\u00e9decine et le soutien scientifique.\" src=\"https:\/\/images-na.ssl-images-amazon.com\/images\/G\/01\/x-locale\/common\/grey-pixel.gif\" class=\"a-spacing-base a-lazy-loaded\" data-src=\"https:\/\/m.media-amazon.com\/images\/S\/aplus-media-library-service-media\/89163f90-cc2a-4fe0-80e1-813da47a3da6.__CR0,0,970,600_PT0_SX970_V1___.png\"><img decoding=\"async\" alt=\"Emballage et sachets de produits m\u00e9dicaux sur fond bleu avec microscope. Le texte fran\u00e7ais mentionne le d\u00e9veloppement par les facult\u00e9s de m\u00e9decine et le soutien scientifique.\" src=\"https:\/\/m.media-amazon.com\/images\/S\/aplus-media-library-service-media\/89163f90-cc2a-4fe0-80e1-813da47a3da6.__CR0,0,970,600_PT0_SX970_V1___.png\">                                                                    <\/p>\n<p class=\"apm-text-center\">\n                                                      <img decoding=\"async\" alt=\"Ic\u00f4ne d&amp;#39;engrenage blanche avec le texte \u00ab IA \u00bb \u00e0 l&amp;#39;int\u00e9rieur, entour\u00e9e de n\u0153uds connect\u00e9s sur fond bleu. Le texte fran\u00e7ais ci-dessous d\u00e9crit l&amp;#39;analyse des m\u00e9gadonn\u00e9es pilot\u00e9e par l&amp;#39;IA pour\" src=\"https:\/\/images-na.ssl-images-amazon.com\/images\/G\/01\/x-locale\/common\/grey-pixel.gif\" class=\"a-spacing-mini a-lazy-loaded\" data-src=\"https:\/\/m.media-amazon.com\/images\/S\/aplus-media-library-service-media\/a5f89b40-5eb1-4c4f-b63a-d4a4b2753196.__CR0,0,300,300_PT0_SX300_V1___.png\"><\/p>\n<p><img decoding=\"async\" alt=\"Ic\u00f4ne d&amp;#39;engrenage blanche avec le texte \u00ab IA \u00bb \u00e0 l&amp;#39;int\u00e9rieur, entour\u00e9e de n\u0153uds connect\u00e9s sur fond bleu. Le texte fran\u00e7ais ci-dessous d\u00e9crit l&amp;#39;analyse des m\u00e9gadonn\u00e9es pilot\u00e9e par l&amp;#39;IA pour\" src=\"https:\/\/m.media-amazon.com\/images\/S\/aplus-media-library-service-media\/a5f89b40-5eb1-4c4f-b63a-d4a4b2753196.__CR0,0,300,300_PT0_SX300_V1___.png\"><br \/>\n                                                    UNE SCIENCE INTELLIGENTE POUR UN INTESTIN PLUS SAIN                                       <\/p>\n<p> Gr\u00e2ce \u00e0 l\u2019intelligence artificielle et aux technologies m\u00e9dicales de pointe, G-NiiB a analys\u00e9 d\u2019importantes donn\u00e9es microbiomiques provenant d\u2019individus en bonne sant\u00e9 et atteints de d\u00e9s\u00e9quilibres, afin de d\u00e9velopper la formule SIM01. <\/p>\n<p> Chaque dose apporte des probiotiques essentiels pour un soutien intestinal cibl\u00e9. <\/p>\n<p class=\"apm-text-center\">\n                                                      <img decoding=\"async\" alt=\"Ic\u00f4ne blanche d&amp;#39;un engrenage au-dessus d&amp;#39;une bo\u00eete de P\u00e9tri sur fond bleu sarcelle. Le texte fran\u00e7ais ci-dessous se lit comme suit : \u00ab Une formule pr\u00e9cis\u00e9ment s\u00e9lectionn\u00e9e \u00bb.\" src=\"https:\/\/images-na.ssl-images-amazon.com\/images\/G\/01\/x-locale\/common\/grey-pixel.gif\" class=\"a-spacing-mini a-lazy-loaded\" data-src=\"https:\/\/m.media-amazon.com\/images\/S\/aplus-media-library-service-media\/643459a8-99f0-4d0f-993d-856018940ca7.__CR0,0,300,300_PT0_SX300_V1___.png\"><\/p>\n<p><img decoding=\"async\" alt=\"Ic\u00f4ne blanche d&amp;#39;un engrenage au-dessus d&amp;#39;une bo\u00eete de P\u00e9tri sur fond bleu sarcelle. Le texte fran\u00e7ais ci-dessous se lit comme suit : \u00ab Une formule pr\u00e9cis\u00e9ment s\u00e9lectionn\u00e9e \u00bb.\" src=\"https:\/\/m.media-amazon.com\/images\/S\/aplus-media-library-service-media\/643459a8-99f0-4d0f-993d-856018940ca7.__CR0,0,300,300_PT0_SX300_V1___.png\"><br \/>\n                                                    SOUCHES DE HAUTE QUALIT\u00c9, LARGEMENT \u00c9TUDI\u00c9ES                                       <\/p>\n<p> Des probiotiques soigneusement s\u00e9lectionn\u00e9s et soutenus par des \u00e9tudes approfondies. <\/p>\n<p> Chaque sachet de G-NiiB contient trois souches essentielles de probiotiques, s\u00e9lectionn\u00e9es avec pr\u00e9cision gr\u00e2ce \u00e0 notre recherche scientifique bas\u00e9e sur des preuves. <\/p>\n<p> Ces souches de haute qualit\u00e9 sont efficaces et douces pour votre intestin. <\/p>\n<p class=\"apm-text-center\">\n                                                      <img decoding=\"async\" alt=\"Ic\u00f4ne blanche d&amp;#39;une balance \u00e9quilibr\u00e9e sur fond bleu. Le texte fran\u00e7ais ci-dessous mentionne le r\u00e9tablissement de l&amp;#39;\u00e9quilibre de la flore intestinale et le soutien au confort digestif.\" src=\"https:\/\/images-na.ssl-images-amazon.com\/images\/G\/01\/x-locale\/common\/grey-pixel.gif\" class=\"a-spacing-mini a-lazy-loaded\" data-src=\"https:\/\/m.media-amazon.com\/images\/S\/aplus-media-library-service-media\/df9dc5ca-441f-47a3-bd6c-22ee3fca985c.__CR0,0,300,300_PT0_SX300_V1___.png\"><\/p>\n<p><img decoding=\"async\" alt=\"Ic\u00f4ne blanche d&amp;#39;une balance \u00e9quilibr\u00e9e sur fond bleu. Le texte fran\u00e7ais ci-dessous mentionne le r\u00e9tablissement de l&amp;#39;\u00e9quilibre de la flore intestinale et le soutien au confort digestif.\" src=\"https:\/\/m.media-amazon.com\/images\/S\/aplus-media-library-service-media\/df9dc5ca-441f-47a3-bd6c-22ee3fca985c.__CR0,0,300,300_PT0_SX300_V1___.png\"><br \/>\n                                                    REVITALISEZ VOTRE INTESTIN, RESTAUREZ L\u2019\u00c9QUILIBRE                                       <\/p>\n<p> Le mode de vie urbain moderne \u2013 marqu\u00e9 par le stress, une alimentation d\u00e9s\u00e9quilibr\u00e9e, les antibiotiques et l\u2019alcool \u2013 peut perturber votre flore intestinale et votre bien-\u00eatre g\u00e9n\u00e9ral. <\/p>\n<p> G-NiiB aide \u00e0 restaurer les probiotiques essentiels pour maintenir l\u2019\u00e9quilibre de votre flore intestinale et favoriser un environnement intestinal plus sain. <\/p>\n<p>                                                                             <img decoding=\"async\" alt=\"expliquant la technologie de microencapsulation pour les probiotiques. Illustre la protection contre l&amp;#39;acidit\u00e9 gastrique, l&amp;#39;am\u00e9lioration de la survie intestinale et l&amp;#39;am\u00e9lioration de l&amp;#39;efficacit\u00e9 de colonisation. Montre la rupture de la capsule avec lib\u00e9ration de bact\u00e9ries probiotiques\" src=\"https:\/\/images-na.ssl-images-amazon.com\/images\/G\/01\/x-locale\/common\/grey-pixel.gif\" class=\"a-spacing-base a-lazy-loaded\" data-src=\"https:\/\/m.media-amazon.com\/images\/S\/aplus-media-library-service-media\/4878878d-4794-45ce-a188-da12fe6093c0.__CR0,0,970,600_PT0_SX970_V1___.png\"><img decoding=\"async\" alt=\"expliquant la technologie de microencapsulation pour les probiotiques. Illustre la protection contre l&amp;#39;acidit\u00e9 gastrique, l&amp;#39;am\u00e9lioration de la survie intestinale et l&amp;#39;am\u00e9lioration de l&amp;#39;efficacit\u00e9 de colonisation. Montre la rupture de la capsule avec lib\u00e9ration de bact\u00e9ries probiotiques\" src=\"https:\/\/m.media-amazon.com\/images\/S\/aplus-media-library-service-media\/4878878d-4794-45ce-a188-da12fe6093c0.__CR0,0,970,600_PT0_SX970_V1___.png\">                                                                    <\/p>\n<p>                                                                             <img decoding=\"async\" alt=\"Emballage de compl\u00e9ments alimentaires avec ic\u00f4nes indiquant les caract\u00e9ristiques du produit : stable \u00e0 temp\u00e9rature ambiante, sans gluten, v\u00e9g\u00e9tarien, halal et sans colorants artificiels. Sch\u00e9ma de couleurs bleu et blanc.\" src=\"https:\/\/images-na.ssl-images-amazon.com\/images\/G\/01\/x-locale\/common\/grey-pixel.gif\" class=\"a-spacing-base a-lazy-loaded\" data-src=\"https:\/\/m.media-amazon.com\/images\/S\/aplus-media-library-service-media\/7df61851-d020-4e55-98a5-384532954248.__CR0,0,970,600_PT0_SX970_V1___.png\"><img decoding=\"async\" alt=\"Emballage de compl\u00e9ments alimentaires avec ic\u00f4nes indiquant les caract\u00e9ristiques du produit : stable \u00e0 temp\u00e9rature ambiante, sans gluten, v\u00e9g\u00e9tarien, halal et sans colorants artificiels. Sch\u00e9ma de couleurs bleu et blanc.\" src=\"https:\/\/m.media-amazon.com\/images\/S\/aplus-media-library-service-media\/7df61851-d020-4e55-98a5-384532954248.__CR0,0,970,600_PT0_SX970_V1___.png\">                                                                    <\/p>\n<p>                                                                             <img decoding=\"async\" alt=\"Verser \u00e0 la main la poudre blanche du sachet dans un verre d&amp;#39;eau. Bo\u00eete du produit visible, d\u00e9montrant son utilisation quotidienne pour la sant\u00e9 intestinale. Le texte fran\u00e7ais explique la posologie et les avantages.\" src=\"https:\/\/images-na.ssl-images-amazon.com\/images\/G\/01\/x-locale\/common\/grey-pixel.gif\" class=\"a-spacing-base a-lazy-loaded\" data-src=\"https:\/\/m.media-amazon.com\/images\/S\/aplus-media-library-service-media\/b2f3122e-0582-4b64-907c-08579a9efde0.__CR0,0,970,600_PT0_SX970_V1___.png\"><img decoding=\"async\" alt=\"Verser \u00e0 la main la poudre blanche du sachet dans un verre d&amp;#39;eau. Bo\u00eete du produit visible, d\u00e9montrant son utilisation quotidienne pour la sant\u00e9 intestinale. Le texte fran\u00e7ais explique la posologie et les avantages.\" src=\"https:\/\/m.media-amazon.com\/images\/S\/aplus-media-library-service-media\/b2f3122e-0582-4b64-907c-08579a9efde0.__CR0,0,970,600_PT0_SX970_V1___.png\">                                                                    <\/p>\n<p> Package Dimensions                                            \u200f                                            :                                            \u200e                                            13.4 x 7.2 x 6.9 cm; 100 g   <br \/> Manufacturer                                            \u200f                                            :                                            \u200e                                            G-NiiB GenieBiome   <br \/> ASIN                                            \u200f                                            :                                            \u200e                                            B0CKWH68C6   <br \/> Item model number                                            \u200f                                            :                                            \u200e                                            SIM01   <br \/>  Customer reviews:                                                                                            4.4               4.4 out of 5 stars                                  (73)                                              var dpAcrHasRegisteredArcLinkClickAction;                    P.when(&#8216;A&#8217;, &#8216;ready&#8217;).execute(function(A) {                        if (dpAcrHasRegisteredArcLinkClickAction !== true) {                            dpAcrHasRegisteredArcLinkClickAction = true;                            A.declarative(                                &#8216;acrLink-click-metrics&#8217;, &#8216;click&#8217;,                                { &#8220;allowLinkDefault&#8221;: true },                                function (event) {                                    if (window.ue) {                                        ue.count(&#8220;acrLinkClickCount&#8221;, (ue.count(&#8220;acrLinkClickCount&#8221;) || 0) + 1);                                    }                                }                            );                        }                    });                                             P.when(&#8216;A&#8217;, &#8216;cf&#8217;).execute(function(A) {                A.declarative(&#8216;acrStarsLink-click-metrics&#8217;, &#8216;click&#8217;, { &#8220;allowLinkDefault&#8221; : true },  function(event){                    if(window.ue) {                        ue.count(&#8220;acrStarsLinkWithPopoverClickCount&#8221;, (ue.count(&#8220;acrStarsLinkWithPopoverClickCount&#8221;) || 0) + 1);                    }                });            });                          <br \/>5X MORE POWERFUL LIVE PROBIOTICS FORMULA &#8211; DEVELOPED BY A FACULTY OF MEDICINE Developed by the medical school of a world-renowned university, G-NiiB Immunity+ (SIM01) is powered by AI and advanced microbiome science. This next generation probiotic contains 3 live strains carefully selected according to clinical data to meet the essential needs of the gut. Thanks to its patented microencapsulation, its 2 billion CFUs survive gastric acidity and colonize the intestine 5 times more effectively\u2014delivering equivalent efficacy to 10 billion unprotected probiotics.<br \/>SUPPORT IMMUNITY AND BEAUTY &#8211; WITH ZINC FOR IMMUNITY, SKIN, HAIR &#038; NAILS Over 70% of immune cells reside in the gut, making a balanced gut flora essential for immune health. G-NiiB replenishes the intestine with targeted and performing live probiotics combined with zinc to boost immunity. Zinc also contributes to natural beauty by supporting skin, hair and nails.<br \/>REGULAR &#038; COMFORTABLE DIGESTION &#8211; WITH PREBIOTIC FIBERS This formula contains three types of prebiotic dietary fiber. It promotes fluid and comfortable digestion while supporting regularity by restoring the natural rhythm of the intestine. It also nourishes probiotics, strengthening their growth and the balance of intestinal flora for sustainable health.<br \/>NATURAL ENERGY, MENTAL CLARITY &#038; FATIGUE REDUCTION &#8211; WITH VITAMINS B6 &#038; B1 Feel more energetic every day\u2014G-NiiB provides 30% of NRVs in vitamins B6 and B1 to support your energy levels, reduce fatigue and contribute to psychological and cognitive functions Normal tives, helping you to stay quick-witted and energized all day.<br \/>NO CAPSULE, NO WATER \u2013 LITERALLY ANYWHERE, ANYTIME Enjoy your daily bag the way you like\u2014really anywhere, anytime. This handy powder requires no capsule, water, meals, or refrigeration. Pour it directly into the mouth or mix it with water or food. Sweet marshmallow flavour, ideal for on the go.<br \/>SIM01 FORMULA &#8211; RELIABLE AND VALIDATED BY PUBLISHED CLINICAL RESEARCH G-NiiB is based on the symbiotic formula SIM01, thoroughly studied and published in top medical journals including The Lancet. Proven efficiency, reliability and safety\u2014for confidence felt in every bag.<\/p>\n\n","protected":false},"excerpt":{"rendered":"<p> Product Description L\u2019immunit\u00e9 commence dans l\u2019intestin Saviez-vous que plus de 70 % des cellules immunitaires r\u00e9sident dans l\u2019intestin? G-NiiB r\u00e9approvisionne en probiotiques essentiels et, avec du zinc ajout\u00e9, aide \u00e0 restaurer l\u2019\u00e9quilibre du microbiome intestinal pour renforcer votre immunit\u00e9. Une digestion fluide et confortable Les fibres alimentaires sont essentielles pour [&hellip;]<\/p>\n","protected":false},"featured_media":27267,"comment_status":"open","ping_status":"closed","template":"","meta":{"_gspb_post_css":"","om_disable_all_campaigns":false,"_monsterinsights_skip_tracking":false,"_monsterinsights_sitenote_active":false,"_monsterinsights_sitenote_note":"","_monsterinsights_sitenote_category":0},"store":[],"product_brand":[],"product_cat":[154],"product_tag":[2107,2941,289,6772,6770,272,613,1095,433,490,6771,492,2230,326,274,172],"class_list":{"0":"post-27266","1":"product","2":"type-product","3":"status-publish","4":"has-post-thumbnail","6":"product_cat-sante-intestinale","7":"product_tag-clinically","8":"product_tag-developed","9":"product_tag-energy","10":"product_tag-faculty","11":"product_tag-gniib","12":"product_tag-immunity","13":"product_tag-medicine","14":"product_tag-prebiotics","15":"product_tag-probiotic","16":"product_tag-probiotics","17":"product_tag-sim01","18":"product_tag-strains","19":"product_tag-studied","20":"product_tag-supports","21":"product_tag-vitamins","22":"product_tag-zinc","24":"first","25":"instock","26":"shipping-taxable","27":"product-type-external"},"aioseo_notices":[],"jetpack_sharing_enabled":true,"_links":{"self":[{"href":"https:\/\/www.zolattitude.com\/index.php\/wp-json\/wp\/v2\/product\/27266","targetHints":{"allow":["GET"]}}],"collection":[{"href":"https:\/\/www.zolattitude.com\/index.php\/wp-json\/wp\/v2\/product"}],"about":[{"href":"https:\/\/www.zolattitude.com\/index.php\/wp-json\/wp\/v2\/types\/product"}],"replies":[{"embeddable":true,"href":"https:\/\/www.zolattitude.com\/index.php\/wp-json\/wp\/v2\/comments?post=27266"}],"wp:featuredmedia":[{"embeddable":true,"href":"https:\/\/www.zolattitude.com\/index.php\/wp-json\/wp\/v2\/media\/27267"}],"wp:attachment":[{"href":"https:\/\/www.zolattitude.com\/index.php\/wp-json\/wp\/v2\/media?parent=27266"}],"wp:term":[{"taxonomy":"store","embeddable":true,"href":"https:\/\/www.zolattitude.com\/index.php\/wp-json\/wp\/v2\/store?post=27266"},{"taxonomy":"product_brand","embeddable":true,"href":"https:\/\/www.zolattitude.com\/index.php\/wp-json\/wp\/v2\/product_brand?post=27266"},{"taxonomy":"product_cat","embeddable":true,"href":"https:\/\/www.zolattitude.com\/index.php\/wp-json\/wp\/v2\/product_cat?post=27266"},{"taxonomy":"product_tag","embeddable":true,"href":"https:\/\/www.zolattitude.com\/index.php\/wp-json\/wp\/v2\/product_tag?post=27266"}],"curies":[{"name":"wp","href":"https:\/\/api.w.org\/{rel}","templated":true}]}}