{"id":27303,"date":"2026-04-11T00:49:25","date_gmt":"2026-04-11T00:49:25","guid":{"rendered":"https:\/\/www.zolattitude.com\/index.php\/product\/baobab-fruit-raw-powder-baobab-fruit-organic-baobab-powder-baobab-fruit-organic-baobab-powder\/"},"modified":"2026-04-11T00:49:32","modified_gmt":"2026-04-11T00:49:32","slug":"baobab-fruit-raw-powder-baobab-fruit-organic-baobab-powder-baobab-fruit-organic-baobab-powder","status":"publish","type":"product","link":"https:\/\/www.zolattitude.com\/index.php\/product\/baobab-fruit-raw-powder-baobab-fruit-organic-baobab-powder-baobab-fruit-organic-baobab-powder\/","title":{"rendered":"Baobab Fruit Raw Powder Baobab Fruit Organic Baobab Powder Baobab Fruit Organic Baobab Powder"},"content":{"rendered":"<p>Price: <span style=\"color:#b12704\">\u20ac14.82<\/span><br \/><i><small>(as of Apr 11, 2026 00:49:25 UTC &#8211; <span class=\"wp_automatic_amazon_disclaimer\" title=\"Product prices and availability are accurate as of the date\/time indicated and are subject to change. Any price and availability information displayed on [relevant Amazon Site(s), as applicable] at the time of purchase will apply to the purchase of this product.\">Details<\/span>)<\/small><\/i><br \/><a href=\"https:\/\/amazon.fr\/dp\/B07VTRTMX2?tag=onamzmoukoubl-21\"><img decoding=\"async\" src=\"https:\/\/valvepress.s3.amazonaws.com\/imgs\/buy_now.png\"><\/a><br \/>\n<\/p>\n<p>                                             Product Description   <\/p>\n<p>                                                         <img decoding=\"async\" alt=\" th\u00e9 artisanal en feuilles\" src=\"https:\/\/images-na.ssl-images-amazon.com\/images\/G\/01\/x-locale\/common\/grey-pixel.gif\" class=\"a-lazy-loaded\" data-src=\"https:\/\/m.media-amazon.com\/images\/S\/aplus-seller-content-images-us-east-1\/A1F83G8C2ARO7P\/A1B0HKJ2TQQ4PB\/a53b8684-4f9f-4552-ab1f-bb2f39f254f5._CR250,0,1000,300_PT0_SX600__.jpg\"><img decoding=\"async\" alt=\" th\u00e9 artisanal en feuilles\" src=\"https:\/\/m.media-amazon.com\/images\/S\/aplus-seller-content-images-us-east-1\/A1F83G8C2ARO7P\/A1B0HKJ2TQQ4PB\/a53b8684-4f9f-4552-ab1f-bb2f39f254f5._CR250,0,1000,300_PT0_SX600__.jpg\">      <\/p>\n<p> Valley of Tea : des herbes issues de la culture artisanale <\/p>\n<p> Des saveurs incroyablement puissantes <\/p>\n<p> Pour d\u00e9crire nos herbes biologiques artisanales, une seule phrase vaut mieux qu\u2019un long discours : <\/p>\n<p> Nos herbes et \u00e9pices vous aident \u00e0 concocter de v\u00e9ritables d\u00e9lices. <\/p>\n<p> Tout est dit ! <\/p>\n<p> Vous ne salivez pas encore ? <\/p>\n<p> Et si nous vous d\u00e9crivions les saveurs riches et puissantes que ces <\/p>\n<p> herbes sp\u00e9cialement s\u00e9lectionn\u00e9es conf\u00e8reront \u00e0 chacun de vos plats ? <\/p>\n<p> Imaginez toute la richesse de l\u2019origan d\u2019Italie qui infuse votre rago\u00fbt de d\u00e9licieux parfums. Go\u00fbtez \u00e0 <\/p>\n<p> la chaleur subtile du gingembre de Cor\u00e9e qui impr\u00e8gne chaque bouch\u00e9e de votre plat. <\/p>\n<p> Du d\u00e9licatparfum du thym fran\u00e7ais aux subtiles notes d\u2019agrumes de la citronnelle du Vietnam, en passant par <\/p>\n<p> les doux ar\u00f4mes de l\u2019aneth biologique, chacune vient rehausser et m\u00eame transformer vos mets. <\/p>\n<p> En clair, les saveurs uniques de nos herbes et \u00e9pices parlent d\u2019elles-m\u00eames. <\/p>\n<p> Nous savons que ces ingr\u00e9dients sont avant tout une affaire de go\u00fbt. <\/p>\n<p> Or, selon nous, les meilleures saveurs ne peuvent provenir que des meilleures herbes, cultiv\u00e9es dans les meilleures conditions. <\/p>\n<p> C\u2019est pourquoi nous avons parcouru la plan\u00e8te \u00e0 la recherche de producteurs respectueux des <\/p>\n<p> traditions et sp\u00e9cialistes de leur terroir. <\/p>\n<p> Des artisans pr\u00eats \u00e0 prendre le temps d\u2019une cueillette \u00e0 la <\/p>\n<p> main pour vous garantir une qualit\u00e9 exceptionnelle. <\/p>\n<p> Ainsi, nous vous proposons les meilleures herbes et \u00e9pices 100 % biologiques, cultiv\u00e9es dans les <\/p>\n<p> meilleurs terroirs par des producteurs d\u2019exception. <\/p>\n<p> Mais si vous ne deviez retenir qu\u2019une chose, ce sont bel et bien les saveurs incroyablement <\/p>\n<p> d\u00e9licieuses de ces ingr\u00e9dients. <\/p>\n<p>                         Add To Basket  <\/p>\n<p>                         Add To Basket  <\/p>\n<p>                         Add To Basket  <\/p>\n<p>                         Add To Basket  <\/p>\n<p>                             Customer Reviews  <\/p>\n<p>                    4.6 out of 5 stars  77  <\/p>\n<p>                    4.7 out of 5 stars  34  <\/p>\n<p>                    4.3 out of 5 stars  51  <\/p>\n<p>                    4.2 out of 5 stars  48  <\/p>\n<p>                    4.3 out of 5 stars  36  <\/p>\n<p>                    4.2 out of 5 stars  283  <\/p>\n<p>                             Price  <\/p>\n<p>                                    \u20ac17.62\u20ac17.62                  \u20ac16.41\u20ac16.41<br \/>\n                                            \u2014 no data<br \/>\n                                                       \u20ac20.71\u20ac20.71                  \u20ac14.82\u20ac14.82<br \/>\n                                            \u2014 no data<\/p>\n<p>                             Latin<br \/>\n                                Linum Usitatissimum L               Cucurbita Pepe L               Psyller flavum               Non torr\u00e9fi\u00e9 organique Nibs Cacao               Adansonia               Ulmus Rubra        <\/p>\n<p>                             Style<br \/>\n                                Essential superaliments pour le petit d\u00e9jeuner ou smoothies, riche en nutriments               Une collation saine qui est riche en nutriments               Un superaliment riche en fibres qui aide \u00e0 la digestion.               saveur Grande chocolat riche, parfait pour le petit d\u00e9jeuner ou un dessert               Doux SuperFood charg\u00e9 avec des antioxydants.               Un superaliment riche en fibres qui aide \u00e0 la digestion.        <\/p>\n<p>                             Notre avis<br \/>\n                                Riche en antioxydants qualit\u00e9 \/ organique \/ aliment complet avec la saveur toute               Graines de citrouille entiers pur               Riche en fibres produit organique qui facilite la digestion               Entier biologique pur non torr\u00e9fi\u00e9 nibs cacao               Cette ancienne m\u00e9decine \u00e0 base de plantes est un superaliment de qualit\u00e9 biologique               Riche en fibres produit organique qui facilite la digestion        <\/p>\n<p>                             Origine directe  <\/p>\n<p>                                              \u2713<\/p>\n<p>                                              \u2713<\/p>\n<p>                                              \u2713<\/p>\n<p>                                              \u2713<\/p>\n<p>                                              \u2713<\/p>\n<p>                                              \u2713<\/p>\n<p>                              Compl\u00e8tement naturel  <\/p>\n<p>                                              \u2713<\/p>\n<p>                                              \u2713<\/p>\n<p>                                              \u2713<\/p>\n<p>                                              \u2713<\/p>\n<p>                                              \u2713<\/p>\n<p>                                              \u2713<\/p>\n<p>                              Feuille compl\u00e8te  <\/p>\n<p>                                              \u2713<\/p>\n<p>                                              \u2713<\/p>\n<p>                                              \u2713<\/p>\n<p>                                              \u2713<\/p>\n<p>                                              \u2713<\/p>\n<p>                                              \u2713<\/p>\n<p>                                                  <img decoding=\"async\" alt=\"artisan tisan bio herbe espice\" src=\"https:\/\/images-na.ssl-images-amazon.com\/images\/G\/01\/x-locale\/common\/grey-pixel.gif\" class=\"a-lazy-loaded\" data-src=\"https:\/\/m.media-amazon.com\/images\/S\/aplus-seller-content-images-us-east-1\/A13V1IB3VIYZZH\/A1B0HKJ2TQQ4PB\/eaa11dbe-d9b0-4752-8895-7a1f07b67f44._CR643,0,1277,1277_PT0_SX300__.jpg\"><img decoding=\"async\" alt=\"artisan tisan bio herbe espice\" src=\"https:\/\/m.media-amazon.com\/images\/S\/aplus-seller-content-images-us-east-1\/A13V1IB3VIYZZH\/A1B0HKJ2TQQ4PB\/eaa11dbe-d9b0-4752-8895-7a1f07b67f44._CR643,0,1277,1277_PT0_SX300__.jpg\">  <\/p>\n<h3 class=\"a-spacing-mini\"> Des saveurs incroyablement puissantes <\/h3>\n<p> Des saveurs incroyablement puissantes <\/p>\n<p>                                                  <img decoding=\"async\" alt=\"artisan tisan bio herbe espice\" src=\"https:\/\/images-na.ssl-images-amazon.com\/images\/G\/01\/x-locale\/common\/grey-pixel.gif\" class=\"a-lazy-loaded\" data-src=\"https:\/\/m.media-amazon.com\/images\/S\/aplus-seller-content-images-us-east-1\/A13V1IB3VIYZZH\/A1B0HKJ2TQQ4PB\/7b9c6d61-d5c9-4cf6-8f12-86f9431ac7d4._CR242,0,1016,1016_PT0_SX300__.jpg\"><img decoding=\"async\" alt=\"artisan tisan bio herbe espice\" src=\"https:\/\/m.media-amazon.com\/images\/S\/aplus-seller-content-images-us-east-1\/A13V1IB3VIYZZH\/A1B0HKJ2TQQ4PB\/7b9c6d61-d5c9-4cf6-8f12-86f9431ac7d4._CR242,0,1016,1016_PT0_SX300__.jpg\">  <\/p>\n<h3 class=\"a-spacing-mini\"> Valley of Tea : des herbes issues de la culture artisanale <\/h3>\n<p> Valley of Tea : des herbes issues de la culture artisanale <\/p>\n<h3 class=\"a-spacing-small\"> Nos partenaires, notre mission, notre fiert\u00e9 <\/h3>\n<p class=\"apm-text-center\">\n                                                      <img decoding=\"async\" alt=\"artisan tisan bio herbe espice\" src=\"https:\/\/images-na.ssl-images-amazon.com\/images\/G\/01\/x-locale\/common\/grey-pixel.gif\" class=\"a-spacing-mini a-lazy-loaded\" data-src=\"https:\/\/m.media-amazon.com\/images\/S\/aplus-seller-content-images-us-east-1\/A13V1IB3VIYZZH\/A1B0HKJ2TQQ4PB\/291aec83-e60e-4987-ab5f-c87087c6a619._CR319,0,1281,1281_PT0_SX300__.jpg\"><\/p>\n<p><img decoding=\"async\" alt=\"artisan tisan bio herbe espice\" src=\"https:\/\/m.media-amazon.com\/images\/S\/aplus-seller-content-images-us-east-1\/A13V1IB3VIYZZH\/A1B0HKJ2TQQ4PB\/291aec83-e60e-4987-ab5f-c87087c6a619._CR319,0,1281,1281_PT0_SX300__.jpg\"><br \/>\n                                                    Nos Herbe                                       <\/p>\n<p> Si nous pouvons \u00eatre fiers de notre gamme d\u2019herbes et \u00e9pices, c\u2019est gr\u00e2ce \u00e0 nos partenaires. Chacun <\/p>\n<p> de nos produits est en effet l\u2019aboutissement du travail acharn\u00e9 de plusieurs g\u00e9n\u00e9rations de <\/p>\n<p> producteurs. Des versants du mont Olympe en Gr\u00e8ce aux riches terres noires de Ceylan, ils sont le <\/p>\n<p> fruit du savoir-faire d\u2019artisans du monde entier. <\/p>\n<p class=\"apm-text-center\">\n                                                      <img decoding=\"async\" alt=\"artisan tisan bio herbe espice\" src=\"https:\/\/images-na.ssl-images-amazon.com\/images\/G\/01\/x-locale\/common\/grey-pixel.gif\" class=\"a-spacing-mini a-lazy-loaded\" data-src=\"https:\/\/m.media-amazon.com\/images\/S\/aplus-seller-content-images-us-east-1\/A13V1IB3VIYZZH\/A1B0HKJ2TQQ4PB\/2dcaf22c-7680-45c4-b021-b1f595f06599._CR419,0,1083,1083_PT0_SX300__.jpg\"><\/p>\n<p><img decoding=\"async\" alt=\"artisan tisan bio herbe espice\" src=\"https:\/\/m.media-amazon.com\/images\/S\/aplus-seller-content-images-us-east-1\/A13V1IB3VIYZZH\/A1B0HKJ2TQQ4PB\/2dcaf22c-7680-45c4-b021-b1f595f06599._CR419,0,1083,1083_PT0_SX300__.jpg\"><br \/>\n                                                    Que vous cherchiez                                       <\/p>\n<p> O\u00f9 qu\u2019elles soient cultiv\u00e9es, nous d\u00e9couvrons les meilleures herbes et \u00e9pices. <\/p>\n<p> Mais le terroir ne fait pas tout. C\u2019est pourquoi nous nous effor\u00e7ons de faire appel \u00e0 des producteurs <\/p>\n<p> respectueux des m\u00e9thodes ancestrales. Soucieux de notre plan\u00e8te et des prochaines g\u00e9n\u00e9rations, ils <\/p>\n<p> privil\u00e9gient en outre une culture biologique. <\/p>\n<p> Au menu : des ingr\u00e9dients naturels sans ar\u00f4mes ni colorants ajout\u00e9s. Ces herbes et \u00e9pices riches, <\/p>\n<p> saines et savoureuses sont cultiv\u00e9es et cueillies comme le veut la tradition et sont emball\u00e9es \u00e0 <\/p>\n<p> l\u2019exploitation pour pr\u00e9server leur go\u00fbt exceptionnel. <\/p>\n<p class=\"apm-text-center\">\n                                                      <img decoding=\"async\" alt=\"artisan tisan bio herbe espice\" src=\"https:\/\/images-na.ssl-images-amazon.com\/images\/G\/01\/x-locale\/common\/grey-pixel.gif\" class=\"a-spacing-mini a-lazy-loaded\" data-src=\"https:\/\/m.media-amazon.com\/images\/S\/aplus-seller-content-images-us-east-1\/A13V1IB3VIYZZH\/A1B0HKJ2TQQ4PB\/4641e862-80d0-4a77-95d9-315e9fe166a0._CR320,0,1280,1280_PT0_SX300__.jpg\"><\/p>\n<p><img decoding=\"async\" alt=\"artisan tisan bio herbe espice\" src=\"https:\/\/m.media-amazon.com\/images\/S\/aplus-seller-content-images-us-east-1\/A13V1IB3VIYZZH\/A1B0HKJ2TQQ4PB\/4641e862-80d0-4a77-95d9-315e9fe166a0._CR320,0,1280,1280_PT0_SX300__.jpg\"><br \/>\n                                                     Alors, n\u2019attendez plus!                                       <\/p>\n<p> Nous vous fournissons des informations d\u00e9taill\u00e9es sur la culture, les techniques de production et <\/p>\n<p> l\u2019utilisation en cuisine de chacune de nos herbes et \u00e9pices. C\u2019est notre fa\u00e7on de vous faire partager <\/p>\n<p> notre fiert\u00e9. <\/p>\n<p> Alors, \u00e0 vos cuisines ! <\/p>\n<p> Wouter Gryson <\/p>\n<p> Fondateur de Valley of Tea <\/p>\n<p> Package Dimensions                                            \u200f                                            :                                            \u200e                                            20.6 x 12.5 x 2.5 cm; 100 g   <br \/> Manufacturer                                            \u200f                                            :                                            \u200e                                            Valley of Tea   <br \/> ASIN                                            \u200f                                            :                                            \u200e                                            B07VTRTMX2   <br \/> Country of origin                                            \u200f                                            :                                            \u200e                                            Belgium   <br \/>  Customer reviews:                                                                                            4.3               4.3 out of 5 stars                                  (36)                                              var dpAcrHasRegisteredArcLinkClickAction;                    P.when(&#8216;A&#8217;, &#8216;ready&#8217;).execute(function(A) {                        if (dpAcrHasRegisteredArcLinkClickAction !== true) {                            dpAcrHasRegisteredArcLinkClickAction = true;                            A.declarative(                                &#8216;acrLink-click-metrics&#8217;, &#8216;click&#8217;,                                { &#8220;allowLinkDefault&#8221;: true },                                function (event) {                                    if (window.ue) {                                        ue.count(&#8220;acrLinkClickCount&#8221;, (ue.count(&#8220;acrLinkClickCount&#8221;) || 0) + 1);                                    }                                }                            );                        }                    });                                             P.when(&#8216;A&#8217;, &#8216;cf&#8217;).execute(function(A) {                A.declarative(&#8216;acrStarsLink-click-metrics&#8217;, &#8216;click&#8217;, { &#8220;allowLinkDefault&#8221; : true },  function(event){                    if(window.ue) {                        ue.count(&#8220;acrStarsLinkWithPopoverClickCount&#8221;, (ue.count(&#8220;acrStarsLinkWithPopoverClickCount&#8221;) || 0) + 1);                    }                });            });                          <br \/>Its light citrus flavors put everyone in agreement! The flesh of the baobab fruit is perfect for your smoothies and other recipes.<br \/>Organic baobab fruit pulp dehydrated at low temperature. Gluten-free superfood.<br \/>It is packed with nutrients and is an excellent source of vitamin C.<br \/>100% natural and 100% organic<br \/>We are convinced that the higher quality a product, the more profit it brings. We search all over the world for the finest products, loaded with the right nutrients, minerals and vitamins.<\/p>\n\n","protected":false},"excerpt":{"rendered":"<p> Product Description Valley of Tea : des herbes issues de la culture artisanale Des saveurs incroyablement puissantes Pour d\u00e9crire nos herbes biologiques artisanales, une seule phrase vaut mieux qu\u2019un long discours : Nos herbes et \u00e9pices vous aident \u00e0 concocter de v\u00e9ritables d\u00e9lices. Tout est dit ! Vous ne salivez [&hellip;]<\/p>\n","protected":false},"featured_media":27304,"comment_status":"open","ping_status":"closed","template":"","meta":{"_gspb_post_css":"","om_disable_all_campaigns":false,"_monsterinsights_skip_tracking":false,"_monsterinsights_sitenote_active":false,"_monsterinsights_sitenote_note":"","_monsterinsights_sitenote_category":0},"store":[],"product_brand":[],"product_cat":[148],"product_tag":[414,921,238,214,477],"class_list":{"0":"post-27303","1":"product","2":"type-product","3":"status-publish","4":"has-post-thumbnail","6":"product_cat-superaliments-exotiques","7":"product_tag-baobab","8":"product_tag-fruit","9":"product_tag-organic","10":"product_tag-powder","11":"product_tag-raw","13":"first","14":"instock","15":"shipping-taxable","16":"product-type-external"},"aioseo_notices":[],"jetpack_sharing_enabled":true,"_links":{"self":[{"href":"https:\/\/www.zolattitude.com\/index.php\/wp-json\/wp\/v2\/product\/27303","targetHints":{"allow":["GET"]}}],"collection":[{"href":"https:\/\/www.zolattitude.com\/index.php\/wp-json\/wp\/v2\/product"}],"about":[{"href":"https:\/\/www.zolattitude.com\/index.php\/wp-json\/wp\/v2\/types\/product"}],"replies":[{"embeddable":true,"href":"https:\/\/www.zolattitude.com\/index.php\/wp-json\/wp\/v2\/comments?post=27303"}],"wp:featuredmedia":[{"embeddable":true,"href":"https:\/\/www.zolattitude.com\/index.php\/wp-json\/wp\/v2\/media\/27304"}],"wp:attachment":[{"href":"https:\/\/www.zolattitude.com\/index.php\/wp-json\/wp\/v2\/media?parent=27303"}],"wp:term":[{"taxonomy":"store","embeddable":true,"href":"https:\/\/www.zolattitude.com\/index.php\/wp-json\/wp\/v2\/store?post=27303"},{"taxonomy":"product_brand","embeddable":true,"href":"https:\/\/www.zolattitude.com\/index.php\/wp-json\/wp\/v2\/product_brand?post=27303"},{"taxonomy":"product_cat","embeddable":true,"href":"https:\/\/www.zolattitude.com\/index.php\/wp-json\/wp\/v2\/product_cat?post=27303"},{"taxonomy":"product_tag","embeddable":true,"href":"https:\/\/www.zolattitude.com\/index.php\/wp-json\/wp\/v2\/product_tag?post=27303"}],"curies":[{"name":"wp","href":"https:\/\/api.w.org\/{rel}","templated":true}]}}