{"id":27311,"date":"2026-04-11T00:58:33","date_gmt":"2026-04-11T00:58:33","guid":{"rendered":"https:\/\/www.zolattitude.com\/index.php\/product\/red-ginseng-vitality-energy-endurance-adaptogenic-plant-panax-ginseng-root-60-vegetable-capsules-nootrolab\/"},"modified":"2026-04-11T00:58:42","modified_gmt":"2026-04-11T00:58:42","slug":"red-ginseng-vitality-energy-endurance-adaptogenic-plant-panax-ginseng-root-60-vegetable-capsules-nootrolab","status":"publish","type":"product","link":"https:\/\/www.zolattitude.com\/index.php\/product\/red-ginseng-vitality-energy-endurance-adaptogenic-plant-panax-ginseng-root-60-vegetable-capsules-nootrolab\/","title":{"rendered":"Red Ginseng \u2013 Vitality, Energy &#038; Endurance \u2013 Adaptogenic Plant \u2013 Panax Ginseng Root &#8211; 60 Vegetable Capsules \u2013 Nootrolab"},"content":{"rendered":"<p>Price: <span style=\"color:#b12704\">\u20ac15.90<\/span><br \/><i><small>(as of Apr 11, 2026 00:58:33 UTC &#8211; <span class=\"wp_automatic_amazon_disclaimer\" title=\"Product prices and availability are accurate as of the date\/time indicated and are subject to change. Any price and availability information displayed on [relevant Amazon Site(s), as applicable] at the time of purchase will apply to the purchase of this product.\">Details<\/span>)<\/small><\/i><br \/><a href=\"https:\/\/amazon.fr\/dp\/B0FN4N6772?tag=onamzmoukoubl-21\"><img decoding=\"async\" src=\"https:\/\/valvepress.s3.amazonaws.com\/imgs\/buy_now.png\"><\/a><br \/>\n<\/p>\n<p>                                             From the brand   <\/p>\n<p>                                              <img decoding=\"async\" alt=\"\" src=\"https:\/\/images-na.ssl-images-amazon.com\/images\/G\/01\/x-locale\/common\/grey-pixel.gif\" class=\"a-lazy-loaded\" data-src=\"https:\/\/m.media-amazon.com\/images\/S\/aplus-media-library-service-media\/d15eebf6-b746-4196-b65d-c4f041cfe12c.__CR0,0,1464,625_PT0_SX1464_V1___.jpg\"><img decoding=\"async\" alt=\"\" src=\"https:\/\/m.media-amazon.com\/images\/S\/aplus-media-library-service-media\/d15eebf6-b746-4196-b65d-c4f041cfe12c.__CR0,0,1464,625_PT0_SX1464_V1___.jpg\">  <\/p>\n<h3> Esprit vif &amp; bien-\u00eatre  <\/h3>\n<p> Choisissez Nootrolab pour des compl\u00e9ments naturels, efficaces et s\u00fbrs, alliant bien-\u00eatre et performance mentale au quotidien. <\/p>\n<p>                                              <img decoding=\"async\" alt=\"\" src=\"https:\/\/images-na.ssl-images-amazon.com\/images\/G\/01\/x-locale\/common\/grey-pixel.gif\" class=\"a-lazy-loaded\" data-src=\"https:\/\/m.media-amazon.com\/images\/S\/aplus-media-library-service-media\/bece31ec-2061-46cc-9604-8a17e5e8f9b0.__CR0,0,362,453_PT0_SX362_V1___.jpg\"><img decoding=\"async\" alt=\"\" src=\"https:\/\/m.media-amazon.com\/images\/S\/aplus-media-library-service-media\/bece31ec-2061-46cc-9604-8a17e5e8f9b0.__CR0,0,362,453_PT0_SX362_V1___.jpg\">  <\/p>\n<h3> OZEZ VOTRE BIEN-\u00caTRE <\/h3>\n<p> D\u00e9couvrez nos compl\u00e9ments alimentaires con\u00e7us pour nourrir l\u2019\u00e9quilibre int\u00e9rieur et r\u00e9v\u00e9ler le meilleur de vous-m\u00eame, corps et esprit. <\/p>\n<h3> Pour votre sant\u00e9 mentale <\/h3>\n<p class=\"apm-brand-story-stores-link\">\n<h3> Pour votre bien-\u00eatre <\/h3>\n<p class=\"apm-brand-story-stores-link\">\n<p>                                              <img decoding=\"async\" alt=\"\" src=\"https:\/\/images-na.ssl-images-amazon.com\/images\/G\/01\/x-locale\/common\/grey-pixel.gif\" class=\"a-lazy-loaded\" data-src=\"https:\/\/m.media-amazon.com\/images\/S\/aplus-media-library-service-media\/bd231966-c0f6-4050-a491-977561104d3f.__CR0,0,315,145_PT0_SX315_V1___.jpg\"><img decoding=\"async\" alt=\"\" src=\"https:\/\/m.media-amazon.com\/images\/S\/aplus-media-library-service-media\/bd231966-c0f6-4050-a491-977561104d3f.__CR0,0,315,145_PT0_SX315_V1___.jpg\">  <\/p>\n<h3> Une gamme rien que pour vous <\/h3>\n<p> Nootrolab propose une gamme compl\u00e8te de Nootropiques et de compl\u00e9ments alimentaires : <\/p>\n<p> \u2022 M\u00e9moire | Concentration <\/p>\n<p> \u2022 Bien-\u00eatre | Stress | Anxi\u00e9t\u00e9 <\/p>\n<p> \u2022 Sommeil | D\u00e9tente <\/p>\n<p> \u2022 Immunit\u00e9 | Douleur <\/p>\n<p>                                              <img decoding=\"async\" alt=\"\" src=\"https:\/\/images-na.ssl-images-amazon.com\/images\/G\/01\/x-locale\/common\/grey-pixel.gif\" class=\"a-lazy-loaded\" data-src=\"https:\/\/m.media-amazon.com\/images\/S\/aplus-media-library-service-media\/cca83905-7186-4680-acd6-92437565dd1a.__CR0,206,463,213_PT0_SX315_V1___.png\"><img decoding=\"async\" alt=\"\" src=\"https:\/\/m.media-amazon.com\/images\/S\/aplus-media-library-service-media\/cca83905-7186-4680-acd6-92437565dd1a.__CR0,206,463,213_PT0_SX315_V1___.png\">  <\/p>\n<h3> Nos valeurs <\/h3>\n<p> Chez Nootrolab, nous pla\u00e7ons l\u2019\u00e9quilibre entre esprit et corps au c\u0153ur de chaque formule. <\/p>\n<p> Nos compl\u00e9ments sont con\u00e7us dans le respect de la science, de la qualit\u00e9 et du bien-\u00eatre. <\/p>\n<p> Transparence, rigueur et exigence guident chaque \u00e9tape de notre production. <\/p>\n<p> Parce que la performance durable commence par la confiance et la clart\u00e9 int\u00e9rieure. <\/p>\n<p> Product Dimensions                                            \u200f                                            :                                            \u200e                                            9 x 4.5 x 4.5 cm; 70 g   <br \/> Manufacturer                                            \u200f                                            :                                            \u200e                                            NOOTROLAB   <br \/> ASIN                                            \u200f                                            :                                            \u200e                                            B0FN4N6772   <br \/> Item model number                                            \u200f                                            :                                            \u200e                                            GINB-60-GE   <br \/> Country of origin                                            \u200f                                            :                                            \u200e                                            France   <br \/>  Customer reviews:                                                                                            5.0               5.0 out of 5 stars                                  (1)                                              var dpAcrHasRegisteredArcLinkClickAction;                    P.when(&#8216;A&#8217;, &#8216;ready&#8217;).execute(function(A) {                        if (dpAcrHasRegisteredArcLinkClickAction !== true) {                            dpAcrHasRegisteredArcLinkClickAction = true;                            A.declarative(                                &#8216;acrLink-click-metrics&#8217;, &#8216;click&#8217;,                                { &#8220;allowLinkDefault&#8221;: true },                                function (event) {                                    if (window.ue) {                                        ue.count(&#8220;acrLinkClickCount&#8221;, (ue.count(&#8220;acrLinkClickCount&#8221;) || 0) + 1);                                    }                                }                            );                        }                    });                                             P.when(&#8216;A&#8217;, &#8216;cf&#8217;).execute(function(A) {                A.declarative(&#8216;acrStarsLink-click-metrics&#8217;, &#8216;click&#8217;, { &#8220;allowLinkDefault&#8221; : true },  function(event){                    if(window.ue) {                        ue.count(&#8220;acrStarsLinkWithPopoverClickCount&#8221;, (ue.count(&#8220;acrStarsLinkWithPopoverClickCount&#8221;) || 0) + 1);                    }                });            });                          <br \/>ENERGY &#038; VITALITY: Red Ginseng (Panax ginseng) helps to reduce fatigue and stimulate tone on a daily basis, ideal in case of decline in shape.<br \/>Physical and mental performance: Adaptogenic plant, it improves concentration, supports memory and strengthens endurance.<br \/>STRESS RESISTANCE: Ginseng contributes to nervous balance and maintain normal energy metabolism, to better manage intense periods.<br \/>100% VEGETABLE FORMULA: HPMC vegetable capsules, no additives, non-GMO, suitable for vegans and vegetarians.<br \/>Made in France: Made in France and manufactured in France in compliance with quality and safety standards.<\/p>\n\n","protected":false},"excerpt":{"rendered":"<p> From the brand Esprit vif &amp; bien-\u00eatre Choisissez Nootrolab pour des compl\u00e9ments naturels, efficaces et s\u00fbrs, alliant bien-\u00eatre et performance mentale au quotidien. OZEZ VOTRE BIEN-\u00caTRE D\u00e9couvrez nos compl\u00e9ments alimentaires con\u00e7us pour nourrir l\u2019\u00e9quilibre int\u00e9rieur et r\u00e9v\u00e9ler le meilleur de vous-m\u00eame, corps et esprit. Pour votre sant\u00e9 mentale Pour votre [&hellip;]<\/p>\n","protected":false},"featured_media":27312,"comment_status":"open","ping_status":"closed","template":"","meta":{"_gspb_post_css":"","om_disable_all_campaigns":false,"_monsterinsights_skip_tracking":false,"_monsterinsights_sitenote_active":false,"_monsterinsights_sitenote_note":"","_monsterinsights_sitenote_category":0},"store":[],"product_brand":[],"product_cat":[147],"product_tag":[592,198,1950,289,355,2413,357,224,920,359,197,793],"class_list":{"0":"post-27311","1":"product","2":"type-product","3":"status-publish","4":"has-post-thumbnail","6":"product_cat-racines-adaptogenes","7":"product_tag-adaptogenic","8":"product_tag-capsules","9":"product_tag-endurance","10":"product_tag-energy","11":"product_tag-ginseng","12":"product_tag-nootrolab","13":"product_tag-panax","14":"product_tag-plant","15":"product_tag-red","16":"product_tag-root","17":"product_tag-vegetable","18":"product_tag-vitality","20":"first","21":"instock","22":"shipping-taxable","23":"product-type-external"},"aioseo_notices":[],"jetpack_sharing_enabled":true,"_links":{"self":[{"href":"https:\/\/www.zolattitude.com\/index.php\/wp-json\/wp\/v2\/product\/27311","targetHints":{"allow":["GET"]}}],"collection":[{"href":"https:\/\/www.zolattitude.com\/index.php\/wp-json\/wp\/v2\/product"}],"about":[{"href":"https:\/\/www.zolattitude.com\/index.php\/wp-json\/wp\/v2\/types\/product"}],"replies":[{"embeddable":true,"href":"https:\/\/www.zolattitude.com\/index.php\/wp-json\/wp\/v2\/comments?post=27311"}],"wp:featuredmedia":[{"embeddable":true,"href":"https:\/\/www.zolattitude.com\/index.php\/wp-json\/wp\/v2\/media\/27312"}],"wp:attachment":[{"href":"https:\/\/www.zolattitude.com\/index.php\/wp-json\/wp\/v2\/media?parent=27311"}],"wp:term":[{"taxonomy":"store","embeddable":true,"href":"https:\/\/www.zolattitude.com\/index.php\/wp-json\/wp\/v2\/store?post=27311"},{"taxonomy":"product_brand","embeddable":true,"href":"https:\/\/www.zolattitude.com\/index.php\/wp-json\/wp\/v2\/product_brand?post=27311"},{"taxonomy":"product_cat","embeddable":true,"href":"https:\/\/www.zolattitude.com\/index.php\/wp-json\/wp\/v2\/product_cat?post=27311"},{"taxonomy":"product_tag","embeddable":true,"href":"https:\/\/www.zolattitude.com\/index.php\/wp-json\/wp\/v2\/product_tag?post=27311"}],"curies":[{"name":"wp","href":"https:\/\/api.w.org\/{rel}","templated":true}]}}