{"id":27320,"date":"2026-04-11T01:13:11","date_gmt":"2026-04-11T01:13:11","guid":{"rendered":"https:\/\/www.zolattitude.com\/index.php\/product\/blue-spirulina-6000mgl-liquid-french-phycocyanin-highly-concentrated-energy-boost-in-case-of-fatigue-intensive-cure-20-days-pleasant-taste\/"},"modified":"2026-04-11T01:13:13","modified_gmt":"2026-04-11T01:13:13","slug":"blue-spirulina-6000mgl-liquid-french-phycocyanin-highly-concentrated-energy-boost-in-case-of-fatigue-intensive-cure-20-days-pleasant-taste","status":"publish","type":"product","link":"https:\/\/www.zolattitude.com\/index.php\/product\/blue-spirulina-6000mgl-liquid-french-phycocyanin-highly-concentrated-energy-boost-in-case-of-fatigue-intensive-cure-20-days-pleasant-taste\/","title":{"rendered":"Blue Spirulina 6000mgl \u2022 Liquid French Phycocyanin \u2022 Highly concentrated \u2022 Energy &#038; Boost in case of fatigue \u2022 Intensive cure 20 days \u2022 Pleasant taste \u2022 100% natural \u2022 Expert FR n\u00b01 \u2022 Performe"},"content":{"rendered":"<p>Price: <span style=\"color:#b12704\">\u20ac59.00<\/span><br \/><i><small>(as of Apr 11, 2026 01:13:11 UTC &#8211; <span class=\"wp_automatic_amazon_disclaimer\" title=\"Product prices and availability are accurate as of the date\/time indicated and are subject to change. Any price and availability information displayed on [relevant Amazon Site(s), as applicable] at the time of purchase will apply to the purchase of this product.\">Details<\/span>)<\/small><\/i><br \/><a href=\"https:\/\/amazon.fr\/dp\/B0933H23HP?tag=onamzmoukoubl-21\"><img decoding=\"async\" src=\"https:\/\/valvepress.s3.amazonaws.com\/imgs\/buy_now.png\"><\/a><br \/>\n<\/p>\n<p>                                             Product Description   <\/p>\n<p>                                                                             <img decoding=\"async\" alt=\"Femme tenant une bouteille bleue de suppl\u00e9ment de spiruline Perform Sant\u00e9. Texte en fran\u00e7ais faisant la promotion de la restauration \u00e9nerg\u00e9tique du corps.\" src=\"https:\/\/images-na.ssl-images-amazon.com\/images\/G\/01\/x-locale\/common\/grey-pixel.gif\" class=\"a-spacing-base a-lazy-loaded\" data-src=\"https:\/\/m.media-amazon.com\/images\/S\/aplus-media-library-service-media\/2163580a-75f3-4828-8d8f-fc1492b346ba.__CR0,0,970,600_PT0_SX970_V1___.jpg\"><img decoding=\"async\" alt=\"Femme tenant une bouteille bleue de suppl\u00e9ment de spiruline Perform Sant\u00e9. Texte en fran\u00e7ais faisant la promotion de la restauration \u00e9nerg\u00e9tique du corps.\" src=\"https:\/\/m.media-amazon.com\/images\/S\/aplus-media-library-service-media\/2163580a-75f3-4828-8d8f-fc1492b346ba.__CR0,0,970,600_PT0_SX970_V1___.jpg\">                                                                    <\/p>\n<p>                                                                             <img decoding=\"async\" alt=\"Spiruline liquide, spiruline bleue, sant\u00e9, fatigue intense, stress\" src=\"https:\/\/images-na.ssl-images-amazon.com\/images\/G\/01\/x-locale\/common\/grey-pixel.gif\" class=\"a-spacing-base a-lazy-loaded\" data-src=\"https:\/\/m.media-amazon.com\/images\/S\/aplus-media-library-service-media\/8d56b097-89f5-408c-bc8b-46780f29af9f.__CR0,0,970,600_PT0_SX970_V1___.jpg\"><img decoding=\"async\" alt=\"Spiruline liquide, spiruline bleue, sant\u00e9, fatigue intense, stress\" src=\"https:\/\/m.media-amazon.com\/images\/S\/aplus-media-library-service-media\/8d56b097-89f5-408c-bc8b-46780f29af9f.__CR0,0,970,600_PT0_SX970_V1___.jpg\">                                                                    <\/p>\n<p>                                                                             <img decoding=\"async\" alt=\"Spiruline liquide, spiruline bleue, sant\u00e9, fatigue intense, stress\" src=\"https:\/\/images-na.ssl-images-amazon.com\/images\/G\/01\/x-locale\/common\/grey-pixel.gif\" class=\"a-spacing-base a-lazy-loaded\" data-src=\"https:\/\/m.media-amazon.com\/images\/S\/aplus-media-library-service-media\/d3122cc2-585a-404e-9fdf-9d4dbde3aa71.__CR0,0,970,600_PT0_SX970_V1___.jpg\"><img decoding=\"async\" alt=\"Spiruline liquide, spiruline bleue, sant\u00e9, fatigue intense, stress\" src=\"https:\/\/m.media-amazon.com\/images\/S\/aplus-media-library-service-media\/d3122cc2-585a-404e-9fdf-9d4dbde3aa71.__CR0,0,970,600_PT0_SX970_V1___.jpg\">                                                                    <\/p>\n<p>                                                                             <img decoding=\"async\" alt=\"Spiruline liquide, spiruline bleue, sant\u00e9, fatigue intense, stress\" src=\"https:\/\/images-na.ssl-images-amazon.com\/images\/G\/01\/x-locale\/common\/grey-pixel.gif\" class=\"a-spacing-base a-lazy-loaded\" data-src=\"https:\/\/m.media-amazon.com\/images\/S\/aplus-media-library-service-media\/a4dbe239-50eb-47a9-b4aa-dff6a4598446.__CR0,0,970,600_PT0_SX970_V1___.jpg\"><img decoding=\"async\" alt=\"Spiruline liquide, spiruline bleue, sant\u00e9, fatigue intense, stress\" src=\"https:\/\/m.media-amazon.com\/images\/S\/aplus-media-library-service-media\/a4dbe239-50eb-47a9-b4aa-dff6a4598446.__CR0,0,970,600_PT0_SX970_V1___.jpg\">                                                                    <\/p>\n<p>                                                                             <img decoding=\"async\" alt=\"Deux flacons de suppl\u00e9ments Performe Sant\u00e9. \u00c0 gauche : \u00ab Vitalit\u00e9 &amp;amp; Tonus \u00bb bleu. \u00c0 droite : \u00ab Booster intense \u00bb vert. Texte : \u00ab D\u00e9couvrez notre gamme SANT\u00c9 \u00bb\" src=\"https:\/\/images-na.ssl-images-amazon.com\/images\/G\/01\/x-locale\/common\/grey-pixel.gif\" class=\"a-spacing-base a-lazy-loaded\" data-src=\"https:\/\/m.media-amazon.com\/images\/S\/aplus-media-library-service-media\/00c38d5e-c9e4-4429-afcd-7797009c59fd.__CR0,0,970,600_PT0_SX970_V1___.jpg\"><img decoding=\"async\" alt=\"Deux flacons de suppl\u00e9ments Performe Sant\u00e9. \u00c0 gauche : \u00ab Vitalit\u00e9 &amp;amp; Tonus \u00bb bleu. \u00c0 droite : \u00ab Booster intense \u00bb vert. Texte : \u00ab D\u00e9couvrez notre gamme SANT\u00c9 \u00bb\" src=\"https:\/\/m.media-amazon.com\/images\/S\/aplus-media-library-service-media\/00c38d5e-c9e4-4429-afcd-7797009c59fd.__CR0,0,970,600_PT0_SX970_V1___.jpg\">                                                                    <\/p>\n<p>                                                                             <img decoding=\"async\" alt=\"Produit de compl\u00e9ment liquide bleu \u00ab Performe \u00bb, commercialis\u00e9 sous la marque fran\u00e7aise de spiruline, pr\u00e9sent\u00e9 dans un contenant transparent avec logo blanc\" src=\"https:\/\/images-na.ssl-images-amazon.com\/images\/G\/01\/x-locale\/common\/grey-pixel.gif\" class=\"a-spacing-base a-lazy-loaded\" data-src=\"https:\/\/m.media-amazon.com\/images\/S\/aplus-media-library-service-media\/f23d2364-8463-42f7-bafa-ae10f592bee1.__CR0,0,970,600_PT0_SX970_V1___.jpg\"><img decoding=\"async\" alt=\"Produit de compl\u00e9ment liquide bleu \u00ab Performe \u00bb, commercialis\u00e9 sous la marque fran\u00e7aise de spiruline, pr\u00e9sent\u00e9 dans un contenant transparent avec logo blanc\" src=\"https:\/\/m.media-amazon.com\/images\/S\/aplus-media-library-service-media\/f23d2364-8463-42f7-bafa-ae10f592bee1.__CR0,0,970,600_PT0_SX970_V1___.jpg\">                                                                    <\/p>\n<p>                         Add To Basket  <\/p>\n<p>                         Add To Basket  <\/p>\n<p>                         Add To Basket  <\/p>\n<p>                         Add To Basket  <\/p>\n<p>                             Customer Reviews  <\/p>\n<p>                    4.1 out of 5 stars  140  <\/p>\n<p>                    4.6 out of 5 stars  35  <\/p>\n<p>                    4.1 out of 5 stars  20  <\/p>\n<p>                    4.4 out of 5 stars  9  <\/p>\n<p>                             Price  <\/p>\n<p>                                    \u20ac34.00\u20ac34.00                  \u20ac39.00\u20ac39.00                  \u20ac89.00\u20ac89.00                  \u20ac44.00\u20ac44.00              <\/p>\n<p>                             Concentration en Phycocianyne<br \/>\n                                2000 mg\/l               2000 mg\/l               12000 mg\/l               4000 mg\/l              <\/p>\n<p>                             Bienfaits<br \/>\n                                Immunit\u00e9 &#8211; Forme               Tonus &#8211; Antioxydant               Endurance &#8211; Performance               Endurance &#8211; r\u00e9cup\u00e9ration              <\/p>\n<p>                             Volume du Flacon<br \/>\n                                200 ml               200 ml               200 ml               200 ml              <\/p>\n<p>                             Dur\u00e9e de la Cure<br \/>\n                                20 jours               20 jours               20 jours               20 jours              <\/p>\n<p>                             Posologie<br \/>\n                                2 cuill\u00e8res \u00e0 caf\u00e9\/jour               2 cuill\u00e8res \u00e0 caf\u00e9\/jour               2 cuill\u00e8res \u00e0 caf\u00e9\/jour               2 cuill\u00e8res \u00e0 caf\u00e9\/jour              <\/p>\n<p>                             Haute Assimilation  <\/p>\n<p>                                              \u2713<\/p>\n<p>                                              \u2713<\/p>\n<p>                                              \u2713<\/p>\n<p>                                              \u2713<\/p>\n<p>                             Extrait \u00e0 Froid &amp; Naturel  <\/p>\n<p>                                              \u2713<\/p>\n<p>                                              \u2713<\/p>\n<p>                                              \u2713<\/p>\n<p>                                              \u2713<\/p>\n<p>                             Made In France  <\/p>\n<p>                                              \u2713<\/p>\n<p>                                              \u2713<\/p>\n<p>                                              \u2713<\/p>\n<p>                                              \u2713<\/p>\n<p> Product Dimensions                                            \u200f                                            :                                            \u200e                                            5.7 x 5.7 x 12.5 cm; 270 g   <br \/> Manufacturer                                            \u200f                                            :                                            \u200e                                            Alinotech   <br \/> ASIN                                            \u200f                                            :                                            \u200e                                            B0933H23HP   <br \/> Country of origin                                            \u200f                                            :                                            \u200e                                            France   <br \/>  Customer reviews:                                                                                            4.4               4.4 out of 5 stars                                  (105)                                              var dpAcrHasRegisteredArcLinkClickAction;                    P.when(&#8216;A&#8217;, &#8216;ready&#8217;).execute(function(A) {                        if (dpAcrHasRegisteredArcLinkClickAction !== true) {                            dpAcrHasRegisteredArcLinkClickAction = true;                            A.declarative(                                &#8216;acrLink-click-metrics&#8217;, &#8216;click&#8217;,                                { &#8220;allowLinkDefault&#8221;: true },                                function (event) {                                    if (window.ue) {                                        ue.count(&#8220;acrLinkClickCount&#8221;, (ue.count(&#8220;acrLinkClickCount&#8221;) || 0) + 1);                                    }                                }                            );                        }                    });                                             P.when(&#8216;A&#8217;, &#8216;cf&#8217;).execute(function(A) {                A.declarative(&#8216;acrStarsLink-click-metrics&#8217;, &#8216;click&#8217;, { &#8220;allowLinkDefault&#8221; : true },  function(event){                    if(window.ue) {                        ue.count(&#8220;acrStarsLinkWithPopoverClickCount&#8221;, (ue.count(&#8220;acrStarsLinkWithPopoverClickCount&#8221;) || 0) + 1);                    }                });            });                          <br \/>Boost your energy: Blue Spirulina 6000mg\/l boosts your energy and dynamism thanks to its high concentration of phycocyanin. (Phycocyanin, it is the active ingredient in spirulina and it is 20x + effective than vitamin C).<br \/>\ud83d\udcaaBenefits of blue spirulina: Blue Spirulina 6000mg\/l is recommended to fight against intense fatigue, ideal to accompany you during intense periods and gives you energy after an illness<br \/>\u2728USE: 1 bottle = 20 days of intensive treatment. Dilute 2 teaspoons (10 ml) daily in a glass of water or juice preferably in the morning on an empty stomach. This brings you 60 mg of phycocyanin.<br \/>Liquid formula with pleasant taste \ud83d\udc4d &#038; 100% natural colour. Our liquid formula allows high assimilation for maximum efficiency! Unlike classic spirulinas that often have strong smells and strong tastes, our formula is pleasant to consume.<br \/>\u2744\ufe0fCOLD EXTRACT: To ensure the best of Spirulina with a high concentration of phycocyanin, we carry out cold and solvent-free extraction to preserve its quality, properties and pleasant taste.<\/p>\n\n","protected":false},"excerpt":{"rendered":"<p> Product Description Add To Basket Add To Basket Add To Basket Add To Basket Customer Reviews 4.1 out of 5 stars 140 4.6 out of 5 stars 35 4.1 out of 5 stars 20 4.4 out of 5 stars 9 Price \u20ac34.00\u20ac34.00 \u20ac39.00\u20ac39.00 \u20ac89.00\u20ac89.00 \u20ac44.00\u20ac44.00 Concentration en Phycocianyne 2000 mg\/l [&hellip;]<\/p>\n","protected":false},"featured_media":27321,"comment_status":"open","ping_status":"closed","template":"","meta":{"_gspb_post_css":"","om_disable_all_campaigns":false,"_monsterinsights_skip_tracking":false,"_monsterinsights_sitenote_active":false,"_monsterinsights_sitenote_note":"","_monsterinsights_sitenote_category":0},"store":[],"product_brand":[],"product_cat":[146],"product_tag":[6775,1161,1411,5986,995,196,292,289,1211,270,180,944,1578,1000,260,4154,939,3774,338,922],"class_list":{"0":"post-27320","1":"product","2":"type-product","3":"status-publish","4":"has-post-thumbnail","6":"product_cat-superaliments-verts","7":"product_tag-6000mgl","8":"product_tag-blue","9":"product_tag-boost","10":"product_tag-case","11":"product_tag-concentrated","12":"product_tag-cure","13":"product_tag-days","14":"product_tag-energy","15":"product_tag-expert","16":"product_tag-fatigue","17":"product_tag-french","18":"product_tag-highly","19":"product_tag-intensive","20":"product_tag-liquid","21":"product_tag-natural","22":"product_tag-performe","23":"product_tag-phycocyanin","24":"product_tag-pleasant","25":"product_tag-spirulina","26":"product_tag-taste","28":"first","29":"instock","30":"shipping-taxable","31":"product-type-external"},"aioseo_notices":[],"jetpack_sharing_enabled":true,"_links":{"self":[{"href":"https:\/\/www.zolattitude.com\/index.php\/wp-json\/wp\/v2\/product\/27320","targetHints":{"allow":["GET"]}}],"collection":[{"href":"https:\/\/www.zolattitude.com\/index.php\/wp-json\/wp\/v2\/product"}],"about":[{"href":"https:\/\/www.zolattitude.com\/index.php\/wp-json\/wp\/v2\/types\/product"}],"replies":[{"embeddable":true,"href":"https:\/\/www.zolattitude.com\/index.php\/wp-json\/wp\/v2\/comments?post=27320"}],"wp:featuredmedia":[{"embeddable":true,"href":"https:\/\/www.zolattitude.com\/index.php\/wp-json\/wp\/v2\/media\/27321"}],"wp:attachment":[{"href":"https:\/\/www.zolattitude.com\/index.php\/wp-json\/wp\/v2\/media?parent=27320"}],"wp:term":[{"taxonomy":"store","embeddable":true,"href":"https:\/\/www.zolattitude.com\/index.php\/wp-json\/wp\/v2\/store?post=27320"},{"taxonomy":"product_brand","embeddable":true,"href":"https:\/\/www.zolattitude.com\/index.php\/wp-json\/wp\/v2\/product_brand?post=27320"},{"taxonomy":"product_cat","embeddable":true,"href":"https:\/\/www.zolattitude.com\/index.php\/wp-json\/wp\/v2\/product_cat?post=27320"},{"taxonomy":"product_tag","embeddable":true,"href":"https:\/\/www.zolattitude.com\/index.php\/wp-json\/wp\/v2\/product_tag?post=27320"}],"curies":[{"name":"wp","href":"https:\/\/api.w.org\/{rel}","templated":true}]}}