{"id":27330,"date":"2026-04-11T01:25:24","date_gmt":"2026-04-11T01:25:24","guid":{"rendered":"https:\/\/www.zolattitude.com\/index.php\/product\/vitamin-b-horse-complex-i-multivitamins-for-horses-horses-vitamins-with-vitamin-c-k-b1-b2-b6-b12-zinc-horse-i-b-vitamins-complex-immune-system-vit-b-mare-foal-food-1l\/"},"modified":"2026-04-11T01:25:41","modified_gmt":"2026-04-11T01:25:41","slug":"vitamin-b-horse-complex-i-multivitamins-for-horses-horses-vitamins-with-vitamin-c-k-b1-b2-b6-b12-zinc-horse-i-b-vitamins-complex-immune-system-vit-b-mare-foal-food-1l","status":"publish","type":"product","link":"https:\/\/www.zolattitude.com\/index.php\/product\/vitamin-b-horse-complex-i-multivitamins-for-horses-horses-vitamins-with-vitamin-c-k-b1-b2-b6-b12-zinc-horse-i-b-vitamins-complex-immune-system-vit-b-mare-foal-food-1l\/","title":{"rendered":"Vitamin B Horse Complex I Multivitamins for Horses &#8211; Horses Vitamins with Vitamin C K B1 B2 B6 B12 Zinc Horse I B Vitamins Complex Immune System Vit b Mare Foal Food 1L"},"content":{"rendered":"<p>Price: <span style=\"color:#b12704\">\u20ac44.90<\/span><br \/><i><small>(as of Apr 11, 2026 01:25:25 UTC &#8211; <span class=\"wp_automatic_amazon_disclaimer\" title=\"Product prices and availability are accurate as of the date\/time indicated and are subject to change. Any price and availability information displayed on [relevant Amazon Site(s), as applicable] at the time of purchase will apply to the purchase of this product.\">Details<\/span>)<\/small><\/i><br \/><a href=\"https:\/\/amazon.fr\/dp\/B06W2NCCN3?tag=onamzmoukoubl-21\"><img decoding=\"async\" src=\"https:\/\/valvepress.s3.amazonaws.com\/imgs\/buy_now.png\"><\/a><br \/>\n<\/p>\n<p>                                             Product Description   <\/p>\n<p>                                                         <img decoding=\"async\" alt=\"Collage de photos d&amp;#39;animaux, dont un cheval, un chat et un chien, avec le texte \u00ab EMMA Nous aimons les animaux \u00bb et des ic\u00f4nes de silhouettes d&amp;#39;animaux\" src=\"https:\/\/images-na.ssl-images-amazon.com\/images\/G\/01\/x-locale\/common\/grey-pixel.gif\" class=\"a-lazy-loaded\" data-src=\"https:\/\/m.media-amazon.com\/images\/S\/aplus-media-library-service-media\/d8da2a9b-f2ad-48d6-a66c-bf497cb55978.__CR0,0,600,180_PT0_SX600_V1___.png\"><img decoding=\"async\" alt=\"Collage de photos d&amp;#39;animaux, dont un cheval, un chat et un chien, avec le texte \u00ab EMMA Nous aimons les animaux \u00bb et des ic\u00f4nes de silhouettes d&amp;#39;animaux\" src=\"https:\/\/m.media-amazon.com\/images\/S\/aplus-media-library-service-media\/d8da2a9b-f2ad-48d6-a66c-bf497cb55978.__CR0,0,600,180_PT0_SX600_V1___.png\">      <\/p>\n<p>                                                                             <img decoding=\"async\" alt=\"avec six ic\u00f4nes repr\u00e9sentant les caract\u00e9ristiques des produits : d\u00e9velopp\u00e9s par des experts, produits de soin, production surveill\u00e9e, recettes test\u00e9es et ax\u00e9es sur les animaux et ingr\u00e9dients de qualit\u00e9\" src=\"https:\/\/images-na.ssl-images-amazon.com\/images\/G\/01\/x-locale\/common\/grey-pixel.gif\" class=\"a-spacing-base a-lazy-loaded\" data-src=\"https:\/\/m.media-amazon.com\/images\/S\/aplus-media-library-service-media\/2307e6b2-eca5-48ce-a668-38d2a619d020.__CR0,0,970,600_PT0_SX970_V1___.png\"><img decoding=\"async\" alt=\"avec six ic\u00f4nes repr\u00e9sentant les caract\u00e9ristiques des produits : d\u00e9velopp\u00e9s par des experts, produits de soin, production surveill\u00e9e, recettes test\u00e9es et ax\u00e9es sur les animaux et ingr\u00e9dients de qualit\u00e9\" src=\"https:\/\/m.media-amazon.com\/images\/S\/aplus-media-library-service-media\/2307e6b2-eca5-48ce-a668-38d2a619d020.__CR0,0,970,600_PT0_SX970_V1___.png\">                                                                    <\/p>\n<p>                                                                             <img decoding=\"async\" alt=\"pour Emma, une start-up familiale sp\u00e9cialis\u00e9e dans les produits de soin des animaux. L&amp;#39;image montre une famille avec des chiens dans un champ.\" src=\"https:\/\/images-na.ssl-images-amazon.com\/images\/G\/01\/x-locale\/common\/grey-pixel.gif\" class=\"a-spacing-base a-lazy-loaded\" data-src=\"https:\/\/m.media-amazon.com\/images\/S\/aplus-media-library-service-media\/774a469d-0766-4953-9808-35925635d4c3.__CR0,0,970,600_PT0_SX970_V1___.png\"><img decoding=\"async\" alt=\"pour Emma, une start-up familiale sp\u00e9cialis\u00e9e dans les produits de soin des animaux. L&amp;#39;image montre une famille avec des chiens dans un champ.\" src=\"https:\/\/m.media-amazon.com\/images\/S\/aplus-media-library-service-media\/774a469d-0766-4953-9808-35925635d4c3.__CR0,0,970,600_PT0_SX970_V1___.png\">                                                                    <\/p>\n<p class=\"apm-text-center\">\n                                                      <img decoding=\"async\" alt=\"Ic\u00f4ne circulaire bleu sarcelle avec le texte \u00ab NON TOXIQUE \u00bb et un symbole stylis\u00e9 en forme de tube \u00e0 essai, soulignant\" src=\"https:\/\/images-na.ssl-images-amazon.com\/images\/G\/01\/x-locale\/common\/grey-pixel.gif\" class=\"a-lazy-loaded\" data-src=\"https:\/\/m.media-amazon.com\/images\/S\/aplus-media-library-service-media\/1b78a339-519c-42be-ad72-ca29df2a25b4.__CR0,0,500,500_PT0_SX220_V1___.png\"><\/p>\n<p><img decoding=\"async\" alt=\"Ic\u00f4ne circulaire bleu sarcelle avec le texte \u00ab NON TOXIQUE \u00bb et un symbole stylis\u00e9 en forme de tube \u00e0 essai, soulignant\" src=\"https:\/\/m.media-amazon.com\/images\/S\/aplus-media-library-service-media\/1b78a339-519c-42be-ad72-ca29df2a25b4.__CR0,0,500,500_PT0_SX220_V1___.png\">  <\/p>\n<p class=\"apm-text-center\">\n                                                      <img decoding=\"async\" alt=\"Logo circulaire turquoise avec deux empreintes de pattes blanches avec le texte \u00ab FOR ALL RACES \u00bb dispos\u00e9 en\" src=\"https:\/\/images-na.ssl-images-amazon.com\/images\/G\/01\/x-locale\/common\/grey-pixel.gif\" class=\"a-lazy-loaded\" data-src=\"https:\/\/m.media-amazon.com\/images\/S\/aplus-media-library-service-media\/003976ea-d641-4a6b-8756-8187917610a3.__CR0,0,500,500_PT0_SX220_V1___.png\"><\/p>\n<p><img decoding=\"async\" alt=\"Logo circulaire turquoise avec deux empreintes de pattes blanches avec le texte \u00ab FOR ALL RACES \u00bb dispos\u00e9 en\" src=\"https:\/\/m.media-amazon.com\/images\/S\/aplus-media-library-service-media\/003976ea-d641-4a6b-8756-8187917610a3.__CR0,0,500,500_PT0_SX220_V1___.png\">  <\/p>\n<p class=\"apm-text-center\">\n                                                      <img decoding=\"async\" alt=\"bleu sarcelle avec une ic\u00f4ne en forme de lapin blanc et un texte indiquant \u00ab PAS DE TESTS SUR LES ANIMAUX \u00bb, avec des \u00e9l\u00e9ments scintillants autour du motif\" src=\"https:\/\/images-na.ssl-images-amazon.com\/images\/G\/01\/x-locale\/common\/grey-pixel.gif\" class=\"a-lazy-loaded\" data-src=\"https:\/\/m.media-amazon.com\/images\/S\/aplus-media-library-service-media\/940d8f27-601f-4322-af1e-23f6b12571e6.__CR0,0,500,500_PT0_SX220_V1___.png\"><\/p>\n<p><img decoding=\"async\" alt=\"bleu sarcelle avec une ic\u00f4ne en forme de lapin blanc et un texte indiquant \u00ab PAS DE TESTS SUR LES ANIMAUX \u00bb, avec des \u00e9l\u00e9ments scintillants autour du motif\" src=\"https:\/\/m.media-amazon.com\/images\/S\/aplus-media-library-service-media\/940d8f27-601f-4322-af1e-23f6b12571e6.__CR0,0,500,500_PT0_SX220_V1___.png\">  <\/p>\n<p class=\"apm-text-center\">\n                                                      <img decoding=\"async\" alt=\"Logo circulaire turquoise repr\u00e9sentant une fiole de laboratoire et une ic\u00f4ne en forme de feuille, avec le texte \u00ab NATUREL ET SANS DANGER \u00bb sur le pourtour\" src=\"https:\/\/images-na.ssl-images-amazon.com\/images\/G\/01\/x-locale\/common\/grey-pixel.gif\" class=\"a-lazy-loaded\" data-src=\"https:\/\/m.media-amazon.com\/images\/S\/aplus-media-library-service-media\/30ae4e6e-566a-4546-89fb-9b8781c2d5e7.__CR0,0,500,500_PT0_SX220_V1___.png\"><\/p>\n<p><img decoding=\"async\" alt=\"Logo circulaire turquoise repr\u00e9sentant une fiole de laboratoire et une ic\u00f4ne en forme de feuille, avec le texte \u00ab NATUREL ET SANS DANGER \u00bb sur le pourtour\" src=\"https:\/\/m.media-amazon.com\/images\/S\/aplus-media-library-service-media\/30ae4e6e-566a-4546-89fb-9b8781c2d5e7.__CR0,0,500,500_PT0_SX220_V1___.png\">  <\/p>\n<p>Multi vitamins horse, mare &#038; foal I Mineral food: especially during coat change &#038; recovery I Optimum performance thanks to the special combination of vitamins, trace elements &#038; minerals complex in case of vitamin deficiency I supports the immune system &#038; metabolism I Food supplement for the prevention of vitamin deficiencies I Vitamins B B1 (thiamine) ine), B2 (riboflavin), B6 and B12<br \/>Vitamin b complex horse &#8211; complementary feed for horses in liquid form, quick and easy to administer! I especially for horses after deficiency situations I can also be given in cure I can also be given fast and effective support for the motivation and vitality of horses I optimal performance &#038; energy in sports, training &#038; competition I liquid concentrate feed for horses I zinc is necessary for development<br \/>Horse dietary supplement + vitamin B horse &#8211; fill in vitamin B deficiencies &#8211; B vitamins with folic acid, iron &#038; zinc horse I supply vitamins and minerals in liquid form in the form of tasty syrup I Pfers replenishing food + valuable ingredients vitamin C K B1, B2, B6, B12, folic acid, iron zinc I plus multi vitamin B for horses &#038; oligo. organic elements I effects zinc deficiency: changes in the skin,<br \/>Minerals for horses &#8211; vitamins B I dietary supplement vitamin b12 fills the gaps in the diet adapted to needs -senior horse feed I vitamin B complex a strong immune system and an active metabolism I vitamin intake for sports horses and in case of change of coat horse I during gestation in mares and lactation I dietary supplement plus zinc I vitamin mixture highly dosed<br \/>Vitamins for horses in liquid form I Suitable for sports horses, foals, yearlings, bearing mares, elderly horses (senior horse feed) &#038; ponies I Minerals &#038; trace elements for horses in liquid form, quick and easy I Daily mineral feed &#038; to add to concentrated feed, fodder, pellets for horses or treats I Ideal as a cure in winter &#8211; strengthening immune, performance &#038; vitality<\/p>\n\n","protected":false},"excerpt":{"rendered":"<p> Product Description Multi vitamins horse, mare &#038; foal I Mineral food: especially during coat change &#038; recovery I Optimum performance thanks to the special combination of vitamins, trace elements &#038; minerals complex in case of vitamin deficiency I supports the immune system &#038; metabolism I Food supplement for the prevention [&hellip;]<\/p>\n","protected":false},"featured_media":27331,"comment_status":"open","ping_status":"closed","template":"","meta":{"_gspb_post_css":"","om_disable_all_campaigns":false,"_monsterinsights_skip_tracking":false,"_monsterinsights_sitenote_active":false,"_monsterinsights_sitenote_note":"","_monsterinsights_sitenote_category":0},"store":[],"product_brand":[],"product_cat":[142],"product_tag":[1022,173,6780,199,4365,2454,814,6779,264,401,1537,178,274,172],"class_list":{"0":"post-27330","1":"product","2":"type-product","3":"status-publish","4":"has-post-thumbnail","6":"product_cat-multivitamines","7":"product_tag-b12","8":"product_tag-complex","9":"product_tag-foal","10":"product_tag-food","11":"product_tag-horse","12":"product_tag-horses","13":"product_tag-immune","14":"product_tag-mare","15":"product_tag-multivitamins","16":"product_tag-system","17":"product_tag-vit","18":"product_tag-vitamin","19":"product_tag-vitamins","20":"product_tag-zinc","22":"first","23":"instock","24":"shipping-taxable","25":"product-type-external"},"aioseo_notices":[],"jetpack_sharing_enabled":true,"_links":{"self":[{"href":"https:\/\/www.zolattitude.com\/index.php\/wp-json\/wp\/v2\/product\/27330","targetHints":{"allow":["GET"]}}],"collection":[{"href":"https:\/\/www.zolattitude.com\/index.php\/wp-json\/wp\/v2\/product"}],"about":[{"href":"https:\/\/www.zolattitude.com\/index.php\/wp-json\/wp\/v2\/types\/product"}],"replies":[{"embeddable":true,"href":"https:\/\/www.zolattitude.com\/index.php\/wp-json\/wp\/v2\/comments?post=27330"}],"wp:featuredmedia":[{"embeddable":true,"href":"https:\/\/www.zolattitude.com\/index.php\/wp-json\/wp\/v2\/media\/27331"}],"wp:attachment":[{"href":"https:\/\/www.zolattitude.com\/index.php\/wp-json\/wp\/v2\/media?parent=27330"}],"wp:term":[{"taxonomy":"store","embeddable":true,"href":"https:\/\/www.zolattitude.com\/index.php\/wp-json\/wp\/v2\/store?post=27330"},{"taxonomy":"product_brand","embeddable":true,"href":"https:\/\/www.zolattitude.com\/index.php\/wp-json\/wp\/v2\/product_brand?post=27330"},{"taxonomy":"product_cat","embeddable":true,"href":"https:\/\/www.zolattitude.com\/index.php\/wp-json\/wp\/v2\/product_cat?post=27330"},{"taxonomy":"product_tag","embeddable":true,"href":"https:\/\/www.zolattitude.com\/index.php\/wp-json\/wp\/v2\/product_tag?post=27330"}],"curies":[{"name":"wp","href":"https:\/\/api.w.org\/{rel}","templated":true}]}}