{"id":27343,"date":"2026-04-11T01:32:13","date_gmt":"2026-04-11T01:32:13","guid":{"rendered":"https:\/\/www.zolattitude.com\/index.php\/product\/3-in-1-sun-preparer-activates-prolongs-tanning-moisturizes-the-skin-antioxidant-tan-natural-complexion-beta-carotene-borage-oil-copper-2-months-format-vegan-beyond-elements\/"},"modified":"2026-04-11T01:32:25","modified_gmt":"2026-04-11T01:32:25","slug":"3-in-1-sun-preparer-activates-prolongs-tanning-moisturizes-the-skin-antioxidant-tan-natural-complexion-beta-carotene-borage-oil-copper-2-months-format-vegan-beyond-elements","status":"publish","type":"product","link":"https:\/\/www.zolattitude.com\/index.php\/product\/3-in-1-sun-preparer-activates-prolongs-tanning-moisturizes-the-skin-antioxidant-tan-natural-complexion-beta-carotene-borage-oil-copper-2-months-format-vegan-beyond-elements\/","title":{"rendered":"3-in-1 Sun Preparer &#8211; Activates &#038; Prolongs Tanning &#8211; Moisturizes the Skin, Antioxidant &#8211; Tan &#038; Natural Complexion &#8211; Beta Carotene, Borage Oil, Copper &#8211; 2 Months Format, Vegan &#8211; Beyond Elements"},"content":{"rendered":"<p>Price: <span style=\"color:#b12704\">\u20ac19.90<\/span><br \/><i><small>(as of Apr 11, 2026 01:32:13 UTC &#8211; <span class=\"wp_automatic_amazon_disclaimer\" title=\"Product prices and availability are accurate as of the date\/time indicated and are subject to change. Any price and availability information displayed on [relevant Amazon Site(s), as applicable] at the time of purchase will apply to the purchase of this product.\">Details<\/span>)<\/small><\/i><br \/><a href=\"https:\/\/amazon.fr\/dp\/B0GMXS6YG3?tag=onamzmoukoubl-21\"><img decoding=\"async\" src=\"https:\/\/valvepress.s3.amazonaws.com\/imgs\/buy_now.png\"><\/a><br \/>\n<\/p>\n<p>                                             From the brand   <\/p>\n<p>                                              <img decoding=\"async\" alt=\"Des mains montrant la manipulation de petits objets cylindriques sur fond blanc, illustrant l&amp;#39;utilisation ou l&amp;#39;assemblage du produit.\" src=\"https:\/\/images-na.ssl-images-amazon.com\/images\/G\/01\/x-locale\/common\/grey-pixel.gif\" class=\"a-lazy-loaded\" data-src=\"https:\/\/m.media-amazon.com\/images\/S\/aplus-media-library-service-media\/b9fe5821-d8de-4bc1-b285-b6d35772365d.__CR0,0,3050,1302_PT0_SX1464_V1___.jpg\"><img decoding=\"async\" alt=\"Des mains montrant la manipulation de petits objets cylindriques sur fond blanc, illustrant l&amp;#39;utilisation ou l&amp;#39;assemblage du produit.\" src=\"https:\/\/m.media-amazon.com\/images\/S\/aplus-media-library-service-media\/b9fe5821-d8de-4bc1-b285-b6d35772365d.__CR0,0,3050,1302_PT0_SX1464_V1___.jpg\">  <\/p>\n<p>                                              <img decoding=\"async\" alt=\"\" src=\"https:\/\/images-na.ssl-images-amazon.com\/images\/G\/01\/x-locale\/common\/grey-pixel.gif\" class=\"a-lazy-loaded\" data-src=\"https:\/\/m.media-amazon.com\/images\/S\/aplus-media-library-service-media\/b8038644-0f79-483d-bdbd-db9fee86822a.__CR0,0,3050,1404_PT0_SX315_V1___.jpg\"><img decoding=\"async\" alt=\"\" src=\"https:\/\/m.media-amazon.com\/images\/S\/aplus-media-library-service-media\/b8038644-0f79-483d-bdbd-db9fee86822a.__CR0,0,3050,1404_PT0_SX315_V1___.jpg\">  <\/p>\n<h3> Beyond Elements <\/h3>\n<\/p>\n<p>Con\u00e7us et fabriqu\u00e9s en France, nos compl\u00e9ments alimentaires Beyond Elements conjuguent science, qualit\u00e9 des ingr\u00e9dients et savoir-faire fran\u00e7ais.Nos formules \u00e9labor\u00e9es selon les standards de qualit\u00e9 rigoureux et des dosages ma\u00eetris\u00e9s, accompagnent votre \u00e9quilibre au quotidien.     <\/p>\n<h3> Best Sellers Beyond Elements <\/h3>\n<p>                                              <img decoding=\"async\" alt=\"\" src=\"https:\/\/images-na.ssl-images-amazon.com\/images\/G\/01\/x-locale\/common\/grey-pixel.gif\" class=\"a-lazy-loaded\" data-src=\"https:\/\/m.media-amazon.com\/images\/S\/aplus-media-library-service-media\/6d398b96-f68c-4d12-8ae4-e7f94335ba54.__CR0,0,3050,3817_PT0_SX362_V1___.jpg\"><img decoding=\"async\" alt=\"\" src=\"https:\/\/m.media-amazon.com\/images\/S\/aplus-media-library-service-media\/6d398b96-f68c-4d12-8ae4-e7f94335ba54.__CR0,0,3050,3817_PT0_SX362_V1___.jpg\">  <\/p>\n<h3> Des formules 100% naturelles <\/h3>\n<p> Sans additifs ni conservateurs, encapsul\u00e9es en g\u00e9lules v\u00e9g\u00e9tales et conditionn\u00e9es en verre pour puret\u00e9 et respect de l\u2019environnement. <\/p>\n<p>                                              <img decoding=\"async\" alt=\"Texte en fran\u00e7ais d\u00e9crivant le contenu administratif. Le document semble \u00eatre un formulaire ou un certificat fran\u00e7ais officiel avec une mise en page et une mise en forme formelles.\" src=\"https:\/\/images-na.ssl-images-amazon.com\/images\/G\/01\/x-locale\/common\/grey-pixel.gif\" class=\"a-lazy-loaded\" data-src=\"https:\/\/m.media-amazon.com\/images\/S\/aplus-media-library-service-media\/13bf9cae-cc54-4ff7-a5a6-83825d4d1727.__CR0,0,3050,3817_PT0_SX362_V1___.jpg\"><img decoding=\"async\" alt=\"Texte en fran\u00e7ais d\u00e9crivant le contenu administratif. Le document semble \u00eatre un formulaire ou un certificat fran\u00e7ais officiel avec une mise en page et une mise en forme formelles.\" src=\"https:\/\/m.media-amazon.com\/images\/S\/aplus-media-library-service-media\/13bf9cae-cc54-4ff7-a5a6-83825d4d1727.__CR0,0,3050,3817_PT0_SX362_V1___.jpg\">  <\/p>\n<h3> Nouveaut\u00e9s Beyond Elements <\/h3>\n<p> Package Dimensions                                            \u200f                                            :                                            \u200e                                            8.9 x 4.4 x 4.3 cm; 90 g   <br \/> Manufacturer                                            \u200f                                            :                                            \u200e                                            Beyond Elements   <br \/> ASIN                                            \u200f                                            :                                            \u200e                                            B0GMXS6YG3   <br \/> Country of origin                                            \u200f                                            :                                            \u200e                                            France   <br \/>  Customer reviews:                                                                                            4.6               4.6 out of 5 stars                                  (47)                                              var dpAcrHasRegisteredArcLinkClickAction;                    P.when(&#8216;A&#8217;, &#8216;ready&#8217;).execute(function(A) {                        if (dpAcrHasRegisteredArcLinkClickAction !== true) {                            dpAcrHasRegisteredArcLinkClickAction = true;                            A.declarative(                                &#8216;acrLink-click-metrics&#8217;, &#8216;click&#8217;,                                { &#8220;allowLinkDefault&#8221;: true },                                function (event) {                                    if (window.ue) {                                        ue.count(&#8220;acrLinkClickCount&#8221;, (ue.count(&#8220;acrLinkClickCount&#8221;) || 0) + 1);                                    }                                }                            );                        }                    });                                             P.when(&#8216;A&#8217;, &#8216;cf&#8217;).execute(function(A) {                A.declarative(&#8216;acrStarsLink-click-metrics&#8217;, &#8216;click&#8217;, { &#8220;allowLinkDefault&#8221; : true },  function(event){                    if(window.ue) {                        ue.count(&#8220;acrStarsLinkWithPopoverClickCount&#8221;, (ue.count(&#8220;acrStarsLinkWithPopoverClickCount&#8221;) || 0) + 1);                    }                });            });                          <br \/>SOLAR PREPARATOR &#038; TAN ACCELERATOR: Our supplement combines 8 active ingredients (carotenoids, lycopene, copper, vitamins E &#038; B5, zinc, selenium, borage oil) to prepare the skin for UV rays and promote a natural and long-lasting tan.<br \/>TRIPLE TARGETED ACTIONS: The formula accompanies the skin before, during and after sun exposure. Borage oil and vitamin B5 strengthen the skin barrier. Pigments activate tanning, prolonged by antioxidant action.<br \/>QUALITY AND TRANSPARENCE: Our capsules are vegan, gluten and lactose free, non-GMO and allergen-free. Made in France and packaged in glass pill box, they guarantee purity, stability and respect for the environment.<br \/>TIPS FOR USE: Take 1 capsule daily with a large glass of water for 2 months. 20 mm, easy to swallow capsule for an even tan and protected skin during all sun exposure.<br \/>About us: Designed and manufactured in France, Beyond Elements supplements combine science, quality ingredients and French know-how. Rigorous formulas and controlled dosages to support your daily balance.<\/p>\n\n","protected":false},"excerpt":{"rendered":"<p> From the brand Beyond Elements Con\u00e7us et fabriqu\u00e9s en France, nos compl\u00e9ments alimentaires Beyond Elements conjuguent science, qualit\u00e9 des ingr\u00e9dients et savoir-faire fran\u00e7ais.Nos formules \u00e9labor\u00e9es selon les standards de qualit\u00e9 rigoureux et des dosages ma\u00eetris\u00e9s, accompagnent votre \u00e9quilibre au quotidien. Best Sellers Beyond Elements Des formules 100% naturelles Sans additifs [&hellip;]<\/p>\n","protected":false},"featured_media":27344,"comment_status":"open","ping_status":"closed","template":"","meta":{"_gspb_post_css":"","om_disable_all_campaigns":false,"_monsterinsights_skip_tracking":false,"_monsterinsights_sitenote_active":false,"_monsterinsights_sitenote_note":"","_monsterinsights_sitenote_category":0},"store":[],"product_brand":[],"product_cat":[140],"product_tag":[1212,5435,223,4605,237,4606,3270,1414,1230,403,2015,195,260,243,6781,6782,176,834,6784,6783,261],"class_list":{"0":"post-27343","1":"product","2":"type-product","3":"status-publish","4":"has-post-thumbnail","6":"product_cat-huiles-de-bourrache-onagre","7":"product_tag-3in1","8":"product_tag-activates","9":"product_tag-antioxidant","10":"product_tag-beta","11":"product_tag-borage","12":"product_tag-carotene","13":"product_tag-complexion","14":"product_tag-copper","15":"product_tag-elements","16":"product_tag-format","17":"product_tag-moisturizes","18":"product_tag-months","19":"product_tag-natural","20":"product_tag-oil","21":"product_tag-preparer","22":"product_tag-prolongs","23":"product_tag-skin","24":"product_tag-sun","25":"product_tag-tan","26":"product_tag-tanning","27":"product_tag-vegan","29":"first","30":"instock","31":"shipping-taxable","32":"product-type-external"},"aioseo_notices":[],"jetpack_sharing_enabled":true,"_links":{"self":[{"href":"https:\/\/www.zolattitude.com\/index.php\/wp-json\/wp\/v2\/product\/27343","targetHints":{"allow":["GET"]}}],"collection":[{"href":"https:\/\/www.zolattitude.com\/index.php\/wp-json\/wp\/v2\/product"}],"about":[{"href":"https:\/\/www.zolattitude.com\/index.php\/wp-json\/wp\/v2\/types\/product"}],"replies":[{"embeddable":true,"href":"https:\/\/www.zolattitude.com\/index.php\/wp-json\/wp\/v2\/comments?post=27343"}],"wp:featuredmedia":[{"embeddable":true,"href":"https:\/\/www.zolattitude.com\/index.php\/wp-json\/wp\/v2\/media\/27344"}],"wp:attachment":[{"href":"https:\/\/www.zolattitude.com\/index.php\/wp-json\/wp\/v2\/media?parent=27343"}],"wp:term":[{"taxonomy":"store","embeddable":true,"href":"https:\/\/www.zolattitude.com\/index.php\/wp-json\/wp\/v2\/store?post=27343"},{"taxonomy":"product_brand","embeddable":true,"href":"https:\/\/www.zolattitude.com\/index.php\/wp-json\/wp\/v2\/product_brand?post=27343"},{"taxonomy":"product_cat","embeddable":true,"href":"https:\/\/www.zolattitude.com\/index.php\/wp-json\/wp\/v2\/product_cat?post=27343"},{"taxonomy":"product_tag","embeddable":true,"href":"https:\/\/www.zolattitude.com\/index.php\/wp-json\/wp\/v2\/product_tag?post=27343"}],"curies":[{"name":"wp","href":"https:\/\/api.w.org\/{rel}","templated":true}]}}