{"id":27381,"date":"2026-04-11T23:50:56","date_gmt":"2026-04-11T23:50:56","guid":{"rendered":"https:\/\/www.zolattitude.com\/index.php\/product\/pomelo-est-bien-sous-son-pissenlit\/"},"modified":"2026-04-11T23:50:57","modified_gmt":"2026-04-11T23:50:57","slug":"pomelo-est-bien-sous-son-pissenlit","status":"publish","type":"product","link":"https:\/\/www.zolattitude.com\/index.php\/product\/pomelo-est-bien-sous-son-pissenlit\/","title":{"rendered":"Pomelo est bien sous son pissenlit"},"content":{"rendered":"<p>Price: <span style=\"color:#b12704\">\u20ac12.90<\/span><br \/><i><small>(as of Apr 11, 2026 23:50:56 UTC &#8211; <span class=\"wp_automatic_amazon_disclaimer\" title=\"Product prices and availability are accurate as of the date\/time indicated and are subject to change. Any price and availability information displayed on [relevant Amazon Site(s), as applicable] at the time of purchase will apply to the purchase of this product.\">Details<\/span>)<\/small><\/i><br \/><a href=\"https:\/\/amazon.fr\/dp\/2226128433?tag=onamzmoukoubl-21\"><img decoding=\"async\" src=\"https:\/\/valvepress.s3.amazonaws.com\/imgs\/buy_now.png\"><\/a><br \/>\n<br \/>\n  Pomelo est un \u00e9l\u00e9phant de jardin. Il est si petit qu&#8217;il vit sous un pissenlit ! <br \/> Il lui arrive bien des m\u00e9saventures avec sa trompe &#8230; elle est trop longue ! <br \/> Il a parfois un peu peur &#8230; des poireaux, la nuit. Mais il s&#8217;amuse aussi beaucoup &#8230; en naviguant sur la ros\u00e9e dans une coquille de noix.<br \/> Dr\u00f4le, po\u00e9tique ou inquiet, Pomelo est terriblement attachant. <br \/>A partir de 3 ans    <br \/>Publisher                                            \u200f                                            :                                            \u200e                                                        Albin Michel Jeunesse       <br \/> Publication date                                            \u200f                                            :                                            \u200e                                                        3 Jun. 2002       <br \/> Language                                            \u200f                                            :                                            \u200e                                            French   <br \/> Print length                                            \u200f                                            :                                            \u200e                                                        92 pages       <br \/> ISBN-10                                            \u200f                                            :                                            \u200e                                                        2226128433       <br \/> ISBN-13                                            \u200f                                            :                                            \u200e                                                        978-2226128430       <br \/> Item weight                                            \u200f                                            :                                            \u200e                                            227 g   <br \/> Reading age                                            \u200f                                            :                                            \u200e                                            3 &#8211; 6 years   <br \/> Dimensions                                            \u200f                                            :                                            \u200e                                                        15 x 1.3 x 20 cm       <br \/>       Best Sellers Rank:  116,971 in Books (See Top 100 in Books)    2,188 in Nature (Books)   2,418 in Beginner Readers for Children      <br \/>  Customer reviews:                                                                                            4.5               4.5 out of 5 stars                                  (42)                                              var dpAcrHasRegisteredArcLinkClickAction;                    P.when(&#8216;A&#8217;, &#8216;ready&#8217;).execute(function(A) {                        if (dpAcrHasRegisteredArcLinkClickAction !== true) {                            dpAcrHasRegisteredArcLinkClickAction = true;                            A.declarative(                                &#8216;acrLink-click-metrics&#8217;, &#8216;click&#8217;,                                { &#8220;allowLinkDefault&#8221;: true },                                function (event) {                                    if (window.ue) {                                        ue.count(&#8220;acrLinkClickCount&#8221;, (ue.count(&#8220;acrLinkClickCount&#8221;) || 0) + 1);                                    }                                }                            );                        }                    });                                             P.when(&#8216;A&#8217;, &#8216;cf&#8217;).execute(function(A) {                A.declarative(&#8216;acrStarsLink-click-metrics&#8217;, &#8216;click&#8217;, { &#8220;allowLinkDefault&#8221; : true },  function(event){                    if(window.ue) {                        ue.count(&#8220;acrStarsLinkWithPopoverClickCount&#8221;, (ue.count(&#8220;acrStarsLinkWithPopoverClickCount&#8221;) || 0) + 1);                    }                });            });                          <br \/><\/p>\n","protected":false},"excerpt":{"rendered":"<p> Pomelo est un \u00e9l\u00e9phant de jardin. Il est si petit qu&#8217;il vit sous un pissenlit ! Il lui arrive bien des m\u00e9saventures avec sa trompe &#8230; elle est trop longue ! Il a parfois un peu peur &#8230; des poireaux, la nuit. Mais il s&#8217;amuse aussi beaucoup &#8230; en naviguant [&hellip;]<\/p>\n","protected":false},"featured_media":27382,"comment_status":"open","ping_status":"closed","template":"","meta":{"_gspb_post_css":"","om_disable_all_campaigns":false,"_monsterinsights_skip_tracking":false,"_monsterinsights_sitenote_active":false,"_monsterinsights_sitenote_note":"","_monsterinsights_sitenote_category":0},"store":[],"product_brand":[],"product_cat":[156],"product_tag":[4214,3670,4676,6798,6799,5098],"class_list":{"0":"post-27381","1":"product","2":"type-product","3":"status-publish","4":"has-post-thumbnail","6":"product_cat-foie-drainage","7":"product_tag-bien","8":"product_tag-est","9":"product_tag-pissenlit","10":"product_tag-pomelo","11":"product_tag-son","12":"product_tag-sous","14":"first","15":"instock","16":"shipping-taxable","17":"product-type-external"},"aioseo_notices":[],"jetpack_sharing_enabled":true,"_links":{"self":[{"href":"https:\/\/www.zolattitude.com\/index.php\/wp-json\/wp\/v2\/product\/27381","targetHints":{"allow":["GET"]}}],"collection":[{"href":"https:\/\/www.zolattitude.com\/index.php\/wp-json\/wp\/v2\/product"}],"about":[{"href":"https:\/\/www.zolattitude.com\/index.php\/wp-json\/wp\/v2\/types\/product"}],"replies":[{"embeddable":true,"href":"https:\/\/www.zolattitude.com\/index.php\/wp-json\/wp\/v2\/comments?post=27381"}],"wp:featuredmedia":[{"embeddable":true,"href":"https:\/\/www.zolattitude.com\/index.php\/wp-json\/wp\/v2\/media\/27382"}],"wp:attachment":[{"href":"https:\/\/www.zolattitude.com\/index.php\/wp-json\/wp\/v2\/media?parent=27381"}],"wp:term":[{"taxonomy":"store","embeddable":true,"href":"https:\/\/www.zolattitude.com\/index.php\/wp-json\/wp\/v2\/store?post=27381"},{"taxonomy":"product_brand","embeddable":true,"href":"https:\/\/www.zolattitude.com\/index.php\/wp-json\/wp\/v2\/product_brand?post=27381"},{"taxonomy":"product_cat","embeddable":true,"href":"https:\/\/www.zolattitude.com\/index.php\/wp-json\/wp\/v2\/product_cat?post=27381"},{"taxonomy":"product_tag","embeddable":true,"href":"https:\/\/www.zolattitude.com\/index.php\/wp-json\/wp\/v2\/product_tag?post=27381"}],"curies":[{"name":"wp","href":"https:\/\/api.w.org\/{rel}","templated":true}]}}