{"id":27406,"date":"2026-04-12T00:50:04","date_gmt":"2026-04-12T00:50:04","guid":{"rendered":"https:\/\/www.zolattitude.com\/index.php\/product\/hywhuyang-tea-chrysanthemum-cassia-seed-tea-burdock-root-goji-berries-osmanthus-honeysuckle-combination-herbal-tea-health-pure-natural-tea-120g-6gx20bags-for-modern-people-friends\/"},"modified":"2026-04-12T00:50:16","modified_gmt":"2026-04-12T00:50:16","slug":"hywhuyang-tea-chrysanthemum-cassia-seed-tea-burdock-root-goji-berries-osmanthus-honeysuckle-combination-herbal-tea-health-pure-natural-tea-120g-6gx20bags-for-modern-people-friends","status":"publish","type":"product","link":"https:\/\/www.zolattitude.com\/index.php\/product\/hywhuyang-tea-chrysanthemum-cassia-seed-tea-burdock-root-goji-berries-osmanthus-honeysuckle-combination-herbal-tea-health-pure-natural-tea-120g-6gx20bags-for-modern-people-friends\/","title":{"rendered":"HYWHUYANG Tea, Chrysanthemum Cassia Seed Tea Burdock Root, Goji Berries, Osmanthus, Honeysuckle Combination Herbal Tea Health Pure Natural Tea (120g, 6gX20Bags) for Modern People, Friends"},"content":{"rendered":"<p>Price: <span style=\"color:#b12704\">\u20ac16.89<\/span><br \/><i><small>(as of Apr 12, 2026 00:50:04 UTC &#8211; <span class=\"wp_automatic_amazon_disclaimer\" title=\"Product prices and availability are accurate as of the date\/time indicated and are subject to change. Any price and availability information displayed on [relevant Amazon Site(s), as applicable] at the time of purchase will apply to the purchase of this product.\">Details<\/span>)<\/small><\/i><br \/><a href=\"https:\/\/amazon.fr\/dp\/B0CF2MRJSN?tag=onamzmoukoubl-21\"><img decoding=\"async\" src=\"https:\/\/valvepress.s3.amazonaws.com\/imgs\/buy_now.png\"><\/a><br \/>\n<\/p>\n<p>                                             From the brand   <\/p>\n<p>                                              <img decoding=\"async\" alt=\"une cuisine avec une table, des chaises et une cuisini\u00e8re.\" src=\"https:\/\/images-na.ssl-images-amazon.com\/images\/G\/01\/x-locale\/common\/grey-pixel.gif\" class=\"a-lazy-loaded\" data-src=\"https:\/\/m.media-amazon.com\/images\/S\/aplus-media-library-service-media\/593dcae8-c067-4664-9c67-1407f616c67d.__CR0,0,1464,625_PT0_SX1464_V1___.jpg\"><img decoding=\"async\" alt=\"une cuisine avec une table, des chaises et une cuisini\u00e8re.\" src=\"https:\/\/m.media-amazon.com\/images\/S\/aplus-media-library-service-media\/593dcae8-c067-4664-9c67-1407f616c67d.__CR0,0,1464,625_PT0_SX1464_V1___.jpg\">  <\/p>\n<p>                                              <img decoding=\"async\" alt=\"\" src=\"https:\/\/images-na.ssl-images-amazon.com\/images\/G\/01\/x-locale\/common\/grey-pixel.gif\" class=\"a-lazy-loaded\" data-src=\"https:\/\/m.media-amazon.com\/images\/S\/aplus-media-library-service-media\/e3041932-625f-4b38-84df-0b98ef82fd91.__CR0,0,315,145_PT0_SX315_V1___.jpg\"><img decoding=\"async\" alt=\"\" src=\"https:\/\/m.media-amazon.com\/images\/S\/aplus-media-library-service-media\/e3041932-625f-4b38-84df-0b98ef82fd91.__CR0,0,315,145_PT0_SX315_V1___.jpg\">  <\/p>\n<p> La marque Gavigain a \u00e9t\u00e9 fond\u00e9e en 2018. Elle est sp\u00e9cialis\u00e9e dans le jardinage domestique, la beaut\u00e9, l&#8217;ext\u00e9rieur, les articles pour voiture et moto et le d\u00e9veloppement de produits industriels. Les produits sont export\u00e9s vers les \u00c9tats-Unis, le Canada, le Mexique, l&#8217;Italie, l&#8217;Allemagne, la France, l&#8217;Espagne et d&#8217;autres pays. <\/p>\n<p> Gr\u00e2ce \u00e0 la R &amp; D et \u00e0 l&#8217;innovation continue, nous offrons des produits attrayants aux clients du monde entier, promouvoir le Made in China et offrir un bon rapport qualit\u00e9-prix. <\/p>\n<h3> Accueil Produits <\/h3>\n<h3> Artefact <\/h3>\n<h3> \u00e9lectronique <\/h3>\n<h3> Tron\u00e7onneuses et radiateurs <\/h3>\n<h3> Autre chose <\/h3>\n<p>\u3010SCIENTIFIC RATIO\u3011: Each tea bag contains chrysanthemum, cassia seeds, burdock root, goji berry, orange peel, chicory, honeysuckle, osmanthus, licorice and gardenia, which are mixed according to the traditional and scientific Chinese formula. Make sure you get the best flavor and maximum potency with a tea bag in each brew.<br \/>\u3010Clean &#038; Detox\u3011: This traditional Chinese tea helps cleanse and detoxify your liver, relieve eye fatigue, boost metabolism, calm your mood and improve your overall health. Put the tea bag in your cup.<br \/>\u3010HEALTHY AND NUTRITIVE TEA\u3011This is a blend of chrysanthemum tea rich in 10 natural herbal ingredients, suitable for people who go to bed late or have problems with alcohol or constipation. Drink it regularly for best results.<br \/>Sweet Flavor &#038; Pleasant Scent The special roasting technique preserves the natural aroma and flavor of herbal ingredients, so you can taste the sweet aroma of cassia chrysanthemum seed tea with every sip.<br \/>\u3010EXQUISITE PACKAGING\u3011: Our tea is beautifully packaged. It is an ideal gift for your own parents, family members during holidays or birthdays. Friends or colleagues. You can also keep it to yourself.<\/p>\n\n","protected":false},"excerpt":{"rendered":"<p> From the brand La marque Gavigain a \u00e9t\u00e9 fond\u00e9e en 2018. Elle est sp\u00e9cialis\u00e9e dans le jardinage domestique, la beaut\u00e9, l&#8217;ext\u00e9rieur, les articles pour voiture et moto et le d\u00e9veloppement de produits industriels. Les produits sont export\u00e9s vers les \u00c9tats-Unis, le Canada, le Mexique, l&#8217;Italie, l&#8217;Allemagne, la France, l&#8217;Espagne et [&hellip;]<\/p>\n","protected":false},"featured_media":27407,"comment_status":"open","ping_status":"closed","template":"","meta":{"_gspb_post_css":"","om_disable_all_campaigns":false,"_monsterinsights_skip_tracking":false,"_monsterinsights_sitenote_active":false,"_monsterinsights_sitenote_note":"","_monsterinsights_sitenote_category":0},"store":[],"product_brand":[],"product_cat":[148],"product_tag":[5575,6813,502,447,6810,6809,6445,6701,501,245,561,6812,6808,6814,260,6811,5707,213,359,1283,562],"class_list":{"0":"post-27406","1":"product","2":"type-product","3":"status-publish","4":"has-post-thumbnail","6":"product_cat-superaliments-exotiques","7":"product_tag-120g","8":"product_tag-6gx20bags","9":"product_tag-berries","10":"product_tag-burdock","11":"product_tag-cassia","12":"product_tag-chrysanthemum","13":"product_tag-combination","14":"product_tag-friends","15":"product_tag-goji","16":"product_tag-health","17":"product_tag-herbal","18":"product_tag-honeysuckle","19":"product_tag-hywhuyang","20":"product_tag-modern","21":"product_tag-natural","22":"product_tag-osmanthus","23":"product_tag-people","24":"product_tag-pure","25":"product_tag-root","26":"product_tag-seed","27":"product_tag-tea","29":"first","30":"instock","31":"shipping-taxable","32":"product-type-external"},"aioseo_notices":[],"jetpack_sharing_enabled":true,"_links":{"self":[{"href":"https:\/\/www.zolattitude.com\/index.php\/wp-json\/wp\/v2\/product\/27406","targetHints":{"allow":["GET"]}}],"collection":[{"href":"https:\/\/www.zolattitude.com\/index.php\/wp-json\/wp\/v2\/product"}],"about":[{"href":"https:\/\/www.zolattitude.com\/index.php\/wp-json\/wp\/v2\/types\/product"}],"replies":[{"embeddable":true,"href":"https:\/\/www.zolattitude.com\/index.php\/wp-json\/wp\/v2\/comments?post=27406"}],"wp:featuredmedia":[{"embeddable":true,"href":"https:\/\/www.zolattitude.com\/index.php\/wp-json\/wp\/v2\/media\/27407"}],"wp:attachment":[{"href":"https:\/\/www.zolattitude.com\/index.php\/wp-json\/wp\/v2\/media?parent=27406"}],"wp:term":[{"taxonomy":"store","embeddable":true,"href":"https:\/\/www.zolattitude.com\/index.php\/wp-json\/wp\/v2\/store?post=27406"},{"taxonomy":"product_brand","embeddable":true,"href":"https:\/\/www.zolattitude.com\/index.php\/wp-json\/wp\/v2\/product_brand?post=27406"},{"taxonomy":"product_cat","embeddable":true,"href":"https:\/\/www.zolattitude.com\/index.php\/wp-json\/wp\/v2\/product_cat?post=27406"},{"taxonomy":"product_tag","embeddable":true,"href":"https:\/\/www.zolattitude.com\/index.php\/wp-json\/wp\/v2\/product_tag?post=27406"}],"curies":[{"name":"wp","href":"https:\/\/api.w.org\/{rel}","templated":true}]}}