{"id":27427,"date":"2026-04-12T01:14:07","date_gmt":"2026-04-12T01:14:07","guid":{"rendered":"https:\/\/www.zolattitude.com\/index.php\/product\/erbotech-organic-spirulina-powder-100-g-bag-rich-in-protein-calcium-and-vitamins-rich-in-nutrients-organic-support-vegan-made-in-italy\/"},"modified":"2026-04-12T01:14:17","modified_gmt":"2026-04-12T01:14:17","slug":"erbotech-organic-spirulina-powder-100-g-bag-rich-in-protein-calcium-and-vitamins-rich-in-nutrients-organic-support-vegan-made-in-italy","status":"publish","type":"product","link":"https:\/\/www.zolattitude.com\/index.php\/product\/erbotech-organic-spirulina-powder-100-g-bag-rich-in-protein-calcium-and-vitamins-rich-in-nutrients-organic-support-vegan-made-in-italy\/","title":{"rendered":"ERBOTECH Organic Spirulina Powder, 100 g Bag, Rich in Protein, Calcium and Vitamins, Rich in Nutrients, Organic Support, Vegan, Made in Italy"},"content":{"rendered":"<p>Price: <span style=\"color:#b12704\">\u20ac8.49<\/span><br \/><i><small>(as of Apr 12, 2026 01:14:07 UTC &#8211; <span class=\"wp_automatic_amazon_disclaimer\" title=\"Product prices and availability are accurate as of the date\/time indicated and are subject to change. Any price and availability information displayed on [relevant Amazon Site(s), as applicable] at the time of purchase will apply to the purchase of this product.\">Details<\/span>)<\/small><\/i><br \/><a href=\"https:\/\/amazon.fr\/dp\/B089QKN173?tag=onamzmoukoubl-21\"><img decoding=\"async\" src=\"https:\/\/valvepress.s3.amazonaws.com\/imgs\/buy_now.png\"><\/a><br \/>\n<\/p>\n<p>                                             Product Description   <\/p>\n<p>                                                                             <img decoding=\"async\" alt=\"spirulina\" src=\"https:\/\/images-na.ssl-images-amazon.com\/images\/G\/01\/x-locale\/common\/grey-pixel.gif\" class=\"a-spacing-base a-lazy-loaded\" data-src=\"https:\/\/m.media-amazon.com\/images\/S\/aplus-media-library-service-media\/7ef51e79-449e-4743-b57b-a4d04b928d85.__CR0,0,970,600_PT0_SX970_V1___.jpg\"><img decoding=\"async\" alt=\"spirulina\" src=\"https:\/\/m.media-amazon.com\/images\/S\/aplus-media-library-service-media\/7ef51e79-449e-4743-b57b-a4d04b928d85.__CR0,0,970,600_PT0_SX970_V1___.jpg\">                                         <\/p>\n<h3 class=\"a-spacing-mini\"> Poudre de spiruline Erbotech <\/h3>\n<p class=\"a-spacing-base\"> La spiruline est une source pr\u00e9cieuse de prot\u00e9ines : en pourcentage, elle contient entre 60% et 70% en poids, contre 25% de poisson, 35% de soja et 14% de c\u00e9r\u00e9ales. C&#8217;est une teneur en prot\u00e9ines compl\u00e8te, c&#8217;est-\u00e0-dire qu&#8217;elle comprend tous les acides amin\u00e9s essentiels m\u00eame si la teneur en m\u00e9thionine, cyst\u00e9ine et lysine est sensiblement inf\u00e9rieure \u00e0 celle des prot\u00e9ines de la viande, des \u0153ufs et du lait. <\/p>\n<p>                                                  <img decoding=\"async\" alt=\"spirulina\" src=\"https:\/\/images-na.ssl-images-amazon.com\/images\/G\/01\/x-locale\/common\/grey-pixel.gif\" class=\"a-lazy-loaded\" data-src=\"https:\/\/m.media-amazon.com\/images\/S\/aplus-media-library-service-media\/85777892-6e3d-4570-9191-6fa5dd4dcf8c.__CR0,0,1112,1112_PT0_SX300_V1___.jpg\"><img decoding=\"async\" alt=\"spirulina\" src=\"https:\/\/m.media-amazon.com\/images\/S\/aplus-media-library-service-media\/85777892-6e3d-4570-9191-6fa5dd4dcf8c.__CR0,0,1112,1112_PT0_SX300_V1___.jpg\">  <\/p>\n<h3 class=\"a-spacing-mini\"> Comment la spiruline est-elle obtenue? <\/h3>\n<p> La spiruline est une algue de forme \u00e9troite et filamenteuse, fr\u00e9quente dans les eaux alcalines et il est possible de la cultiver. La culture se d\u00e9roule g\u00e9n\u00e9ralement en 5 phases : la premi\u00e8re est la r\u00e9colte, qui a lieu apr\u00e8s une concentration dans les cuves de culture, puis le pressurage a lieu o\u00f9 l&#8217;exc\u00e8s d&#8217;eau est expuls\u00e9. La troisi\u00e8me phase est le tirage lorsque le produit est comprim\u00e9 dans un cylindre m\u00e9tallique pour le traitement et enfin il est s\u00e9ch\u00e9 pour ensuite en faire une poudre inodore. <\/p>\n<p class=\"apm-text-center\">\n                                                      <img decoding=\"async\" alt=\"spiru1\" src=\"https:\/\/images-na.ssl-images-amazon.com\/images\/G\/01\/x-locale\/common\/grey-pixel.gif\" class=\"a-spacing-mini a-lazy-loaded\" data-src=\"https:\/\/m.media-amazon.com\/images\/S\/aplus-media-library-service-media\/ffe1cbc1-4f69-4e76-b534-742bbafb6bcd.__CR0,0,1112,1112_PT0_SX300_V1___.jpg\"><\/p>\n<p><img decoding=\"async\" alt=\"spiru1\" src=\"https:\/\/m.media-amazon.com\/images\/S\/aplus-media-library-service-media\/ffe1cbc1-4f69-4e76-b534-742bbafb6bcd.__CR0,0,1112,1112_PT0_SX300_V1___.jpg\"><br \/>\n                                                    Dans la p\u00e2te                                       <\/p>\n<p> La poudre de spiruline peut facilement \u00eatre utilis\u00e9e dans la p\u00e2te pour avoir d&#8217;excellents superaliments \u00e0 l&#8217;\u0153il et au go\u00fbt ; un exemple est le pain \u00e0 la spiruline. <\/p>\n<p class=\"apm-text-center\">\n                                                      <img decoding=\"async\" alt=\"spiru2\" src=\"https:\/\/images-na.ssl-images-amazon.com\/images\/G\/01\/x-locale\/common\/grey-pixel.gif\" class=\"a-spacing-mini a-lazy-loaded\" data-src=\"https:\/\/m.media-amazon.com\/images\/S\/aplus-media-library-service-media\/65cc9135-a3c8-4b43-9b39-f2d8efcf7fb2.__CR0,0,1112,1112_PT0_SX300_V1___.jpg\"><\/p>\n<p><img decoding=\"async\" alt=\"spiru2\" src=\"https:\/\/m.media-amazon.com\/images\/S\/aplus-media-library-service-media\/65cc9135-a3c8-4b43-9b39-f2d8efcf7fb2.__CR0,0,1112,1112_PT0_SX300_V1___.jpg\"><br \/>\n                                                    Dans les bols                                       <\/p>\n<p> En m\u00e9langeant un peu de poudre de yaourt, \u00e0 la fois du lait de vache et du lait v\u00e9g\u00e9tal, il est possible de cr\u00e9er un bol particuli\u00e8rement riche en nutriments. <\/p>\n<p class=\"apm-text-center\">\n                                                      <img decoding=\"async\" alt=\"spiru3\" src=\"https:\/\/images-na.ssl-images-amazon.com\/images\/G\/01\/x-locale\/common\/grey-pixel.gif\" class=\"a-spacing-mini a-lazy-loaded\" data-src=\"https:\/\/m.media-amazon.com\/images\/S\/aplus-media-library-service-media\/6a6df5fd-dbac-4c06-950d-a2a78121de63.__CR0,0,1112,1112_PT0_SX300_V1___.jpg\"><\/p>\n<p><img decoding=\"async\" alt=\"spiru3\" src=\"https:\/\/m.media-amazon.com\/images\/S\/aplus-media-library-service-media\/6a6df5fd-dbac-4c06-950d-a2a78121de63.__CR0,0,1112,1112_PT0_SX300_V1___.jpg\"><br \/>\n                                                    Boire                                       <\/p>\n<p> La fa\u00e7on la plus simple et la plus courante d&#8217;utiliser ce produit est de prendre une boisson, puis de m\u00e9langer la poudre dans un verre d&#8217;eau. <\/p>\n<p>                                                                             <img decoding=\"async\" alt=\"spirulina plus\" src=\"https:\/\/images-na.ssl-images-amazon.com\/images\/G\/01\/x-locale\/common\/grey-pixel.gif\" class=\"a-spacing-base a-lazy-loaded\" data-src=\"https:\/\/m.media-amazon.com\/images\/S\/aplus-media-library-service-media\/e2374845-aec8-430b-98a9-01cb296ea023.__CR0,0,970,600_PT0_SX970_V1___.jpg\"><img decoding=\"async\" alt=\"spirulina plus\" src=\"https:\/\/m.media-amazon.com\/images\/S\/aplus-media-library-service-media\/e2374845-aec8-430b-98a9-01cb296ea023.__CR0,0,970,600_PT0_SX970_V1___.jpg\">                                         <\/p>\n<h3 class=\"a-spacing-mini\"> Questions fr\u00e9quentes <\/h3>\n<p class=\"a-spacing-base\">\n<p>Quelles sont les quantit\u00e9s recommand\u00e9es?      <\/p>\n<p class=\"a-spacing-base\"> Il est recommand\u00e9 de prendre une cuill\u00e8re \u00e0 caf\u00e9 de poudre m\u00e9lang\u00e9e \u00e0 de l&#8217;eau ou \u00e0 d&#8217;autres boissons, de pr\u00e9f\u00e9rence le matin. <\/p>\n<p class=\"a-spacing-base\">\n<p>La spiruline Erebotech contient-elle \u00e9galement d&#8217;autres ingr\u00e9dients ?      <\/p>\n<p class=\"a-spacing-base\"> Non, la spiruline est 100% pure. <\/p>\n<p class=\"a-spacing-base\">\n<p>Peut-il \u00eatre utilis\u00e9 pour les packs capillaires?      <\/p>\n<p class=\"a-spacing-base\"> Oui, une autre utilisation peut \u00eatre de favoriser la croissance des cheveux. <\/p>\n<h3 class=\"a-spacing-small\"> Erbotech: prot\u00e9ger les dons de la nature <\/h3>\n<p class=\"apm-text-center\">\n                                                      <img decoding=\"async\" alt=\"val camonica\" src=\"https:\/\/images-na.ssl-images-amazon.com\/images\/G\/01\/x-locale\/common\/grey-pixel.gif\" class=\"a-spacing-mini a-lazy-loaded\" data-src=\"https:\/\/m.media-amazon.com\/images\/S\/aplus-media-library-service-media\/20f9ea4b-1580-4ec6-808e-863ea88e9975.__CR0,0,1112,1112_PT0_SX300_V1___.jpg\"><\/p>\n<p><img decoding=\"async\" alt=\"val camonica\" src=\"https:\/\/m.media-amazon.com\/images\/S\/aplus-media-library-service-media\/20f9ea4b-1580-4ec6-808e-863ea88e9975.__CR0,0,1112,1112_PT0_SX300_V1___.jpg\"><br \/>\n                                                    Entreprise italienne                                       <\/p>\n<p> Des ruches aux plantations, Erbotech est aujourd&#8217;hui une entreprise en pleine croissance dans la vall\u00e9e de Camonica, dans la province de Brescia. Nous sommes des entrepreneurs qui ont r\u00e9alis\u00e9 un r\u00eave : pr\u00e9server les dons de la nature gr\u00e2ce \u00e0 l&#8217;innovation. <\/p>\n<p class=\"apm-text-center\">\n                                                      <img decoding=\"async\" alt=\"apicoltore erbotech\" src=\"https:\/\/images-na.ssl-images-amazon.com\/images\/G\/01\/x-locale\/common\/grey-pixel.gif\" class=\"a-spacing-mini a-lazy-loaded\" data-src=\"https:\/\/m.media-amazon.com\/images\/S\/aplus-media-library-service-media\/21a5a091-1906-46b5-a01b-ae73d749fe08.__CR0,0,1112,1112_PT0_SX300_V1___.jpg\"><\/p>\n<p><img decoding=\"async\" alt=\"apicoltore erbotech\" src=\"https:\/\/m.media-amazon.com\/images\/S\/aplus-media-library-service-media\/21a5a091-1906-46b5-a01b-ae73d749fe08.__CR0,0,1112,1112_PT0_SX300_V1___.jpg\"><br \/>\n                                                    La passion                                       <\/p>\n<p> Beaucoup d&#8217;effort! Nous chez Erbotech l&#8217;avons mis l\u00e0, les abeilles l&#8217;ont mis l\u00e0, la terre cultiv\u00e9e, le soleil et la pluie l&#8217;ont mis l\u00e0&#8230; bref, un beau travail d&#8217;\u00e9quipe ! <\/p>\n<p class=\"apm-text-center\">\n                                                      <img decoding=\"async\" alt=\"val camonica\" src=\"https:\/\/images-na.ssl-images-amazon.com\/images\/G\/01\/x-locale\/common\/grey-pixel.gif\" class=\"a-spacing-mini a-lazy-loaded\" data-src=\"https:\/\/m.media-amazon.com\/images\/S\/aplus-media-library-service-media\/c9c64205-b5a8-443f-92a8-e8a3aca94cea.__CR0,0,1112,1112_PT0_SX300_V1___.jpg\"><\/p>\n<p><img decoding=\"async\" alt=\"val camonica\" src=\"https:\/\/m.media-amazon.com\/images\/S\/aplus-media-library-service-media\/c9c64205-b5a8-443f-92a8-e8a3aca94cea.__CR0,0,1112,1112_PT0_SX300_V1___.jpg\"><br \/>\n                                                    Recherche et innovation                                       <\/p>\n<p> Notre passion pour la nature est n\u00e9e des abeilles. Garder &#8220;ses&#8221; cadeaux est devenu notre philosophie d&#8217;entreprise et de vie. Nos produits sont vraiment authentiques et vous le reconnaissez tout de suite. <\/p>\n<p>                                                         <img decoding=\"async\" alt=\"erbotech\" src=\"https:\/\/images-na.ssl-images-amazon.com\/images\/G\/01\/x-locale\/common\/grey-pixel.gif\" class=\"a-lazy-loaded\" data-src=\"https:\/\/m.media-amazon.com\/images\/S\/aplus-media-library-service-media\/a00e8b4f-9e96-4acd-9a3b-95b0435a5d4a.__CR0,0,2501,750_PT0_SX600_V1___.jpg\"><img decoding=\"async\" alt=\"erbotech\" src=\"https:\/\/m.media-amazon.com\/images\/S\/aplus-media-library-service-media\/a00e8b4f-9e96-4acd-9a3b-95b0435a5d4a.__CR0,0,2501,750_PT0_SX600_V1___.jpg\">      <\/p>\n<p> Package Dimensions                                            \u200f                                            :                                            \u200e                                            21.6 x 12.6 x 1.8 cm; 140 g   <br \/> Manufacturer                                            \u200f                                            :                                            \u200e                                            Erbotech   <br \/> ASIN                                            \u200f                                            :                                            \u200e                                            B089QKN173   <br \/> Manufacturer reference                                            \u200f                                            :                                            \u200e                                            ET20   <br \/> Country of origin                                            \u200f                                            :                                            \u200e                                            India   <br \/>  Customer reviews:                                                                                            4.3               4.3 out of 5 stars                                  (290)                                              var dpAcrHasRegisteredArcLinkClickAction;                    P.when(&#8216;A&#8217;, &#8216;ready&#8217;).execute(function(A) {                        if (dpAcrHasRegisteredArcLinkClickAction !== true) {                            dpAcrHasRegisteredArcLinkClickAction = true;                            A.declarative(                                &#8216;acrLink-click-metrics&#8217;, &#8216;click&#8217;,                                { &#8220;allowLinkDefault&#8221;: true },                                function (event) {                                    if (window.ue) {                                        ue.count(&#8220;acrLinkClickCount&#8221;, (ue.count(&#8220;acrLinkClickCount&#8221;) || 0) + 1);                                    }                                }                            );                        }                    });                                             P.when(&#8216;A&#8217;, &#8216;cf&#8217;).execute(function(A) {                A.declarative(&#8216;acrStarsLink-click-metrics&#8217;, &#8216;click&#8217;, { &#8220;allowLinkDefault&#8221; : true },  function(event){                    if(window.ue) {                        ue.count(&#8220;acrStarsLinkWithPopoverClickCount&#8221;, (ue.count(&#8220;acrStarsLinkWithPopoverClickCount&#8221;) || 0) + 1);                    }                });            });                          <br \/>Contents: At home, you will receive a practical resealable bag with zipper, convenient to carry and easy to use, 100g of spirulina powder. Totally natural and non-GMO high quality, vegan, non-irradiated, ethically sourced, contains no additives, preservatives, fragrances, stabilizers or food colours. It is especially rich in proteins and vitamins, it contains many other healthy substances important for the body.<br \/>SPIRULINA &#8211; Spirulina is a valuable source of protein: in percentage, it contains between 60% and 70% by weight, compared to 25% fish, 35% soybeans and 14% cereals. It is a complete protein content, that is, it includes all essential amino acids even though the content of methionine, cysteine and lysine is significantly lower than that of meat, egg and milk proteins.<br \/>Organic spirulina &#8211; free from additives and excipients. 100% pure and organic. Without the use of pesticides and unnatural chemical fertilizers that are not beneficial to the body and health. No additives and excipients.<br \/>ERBOTECH &#8211; Erbotech is a short chain company, in which the plant preparer and specialized staff take care of all the individual stages of the production sector, from cultivation to harvest, from processing to packaging of the finished product. The local origin of the raw materials allows processing within a few hours of collection, in order to preserve the quantitative, phytochemical and organoleptic characteristics.<br \/>CUSTOMER SERVICE &#8211; Thanks to the control of the entire production chain, from collection to certified laboratory processing, to marketing, safe and effective organic products are guaranteed. Our customer service is always at your disposal, please feel free to contact us!<\/p>\n\n","protected":false},"excerpt":{"rendered":"<p> Product Description Poudre de spiruline Erbotech La spiruline est une source pr\u00e9cieuse de prot\u00e9ines : en pourcentage, elle contient entre 60% et 70% en poids, contre 25% de poisson, 35% de soja et 14% de c\u00e9r\u00e9ales. C&#8217;est une teneur en prot\u00e9ines compl\u00e8te, c&#8217;est-\u00e0-dire qu&#8217;elle comprend tous les acides amin\u00e9s essentiels [&hellip;]<\/p>\n","protected":false},"featured_media":27428,"comment_status":"open","ping_status":"closed","template":"","meta":{"_gspb_post_css":"","om_disable_all_campaigns":false,"_monsterinsights_skip_tracking":false,"_monsterinsights_sitenote_active":false,"_monsterinsights_sitenote_note":"","_monsterinsights_sitenote_category":0},"store":[],"product_brand":[],"product_cat":[146],"product_tag":[540,945,1289,3058,463,238,214,1021,258,338,1238,261,274],"class_list":{"0":"post-27427","1":"product","2":"type-product","3":"status-publish","4":"has-post-thumbnail","6":"product_cat-superaliments-verts","7":"product_tag-bag","8":"product_tag-calcium","9":"product_tag-erbotech","10":"product_tag-italy","11":"product_tag-nutrients","12":"product_tag-organic","13":"product_tag-powder","14":"product_tag-protein","15":"product_tag-rich","16":"product_tag-spirulina","17":"product_tag-support","18":"product_tag-vegan","19":"product_tag-vitamins","21":"first","22":"instock","23":"shipping-taxable","24":"product-type-external"},"aioseo_notices":[],"jetpack_sharing_enabled":true,"_links":{"self":[{"href":"https:\/\/www.zolattitude.com\/index.php\/wp-json\/wp\/v2\/product\/27427","targetHints":{"allow":["GET"]}}],"collection":[{"href":"https:\/\/www.zolattitude.com\/index.php\/wp-json\/wp\/v2\/product"}],"about":[{"href":"https:\/\/www.zolattitude.com\/index.php\/wp-json\/wp\/v2\/types\/product"}],"replies":[{"embeddable":true,"href":"https:\/\/www.zolattitude.com\/index.php\/wp-json\/wp\/v2\/comments?post=27427"}],"wp:featuredmedia":[{"embeddable":true,"href":"https:\/\/www.zolattitude.com\/index.php\/wp-json\/wp\/v2\/media\/27428"}],"wp:attachment":[{"href":"https:\/\/www.zolattitude.com\/index.php\/wp-json\/wp\/v2\/media?parent=27427"}],"wp:term":[{"taxonomy":"store","embeddable":true,"href":"https:\/\/www.zolattitude.com\/index.php\/wp-json\/wp\/v2\/store?post=27427"},{"taxonomy":"product_brand","embeddable":true,"href":"https:\/\/www.zolattitude.com\/index.php\/wp-json\/wp\/v2\/product_brand?post=27427"},{"taxonomy":"product_cat","embeddable":true,"href":"https:\/\/www.zolattitude.com\/index.php\/wp-json\/wp\/v2\/product_cat?post=27427"},{"taxonomy":"product_tag","embeddable":true,"href":"https:\/\/www.zolattitude.com\/index.php\/wp-json\/wp\/v2\/product_tag?post=27427"}],"curies":[{"name":"wp","href":"https:\/\/api.w.org\/{rel}","templated":true}]}}