{"id":27447,"date":"2026-04-12T01:26:13","date_gmt":"2026-04-12T01:26:13","guid":{"rendered":"https:\/\/www.zolattitude.com\/index.php\/product\/multivitamins-complex-21-vitamins-minerals-energy-immunity-antioxidants-joint-nervous-cognitive-support-anti-inflammatory-formula-optimal-absorption-60-capsules\/"},"modified":"2026-04-12T01:26:24","modified_gmt":"2026-04-12T01:26:24","slug":"multivitamins-complex-21-vitamins-minerals-energy-immunity-antioxidants-joint-nervous-cognitive-support-anti-inflammatory-formula-optimal-absorption-60-capsules","status":"publish","type":"product","link":"https:\/\/www.zolattitude.com\/index.php\/product\/multivitamins-complex-21-vitamins-minerals-energy-immunity-antioxidants-joint-nervous-cognitive-support-anti-inflammatory-formula-optimal-absorption-60-capsules\/","title":{"rendered":"MULTIVITAMINS | Complex 21 Vitamins &#038; Minerals | Energy, Immunity, Antioxidants | Joint, Nervous &#038; Cognitive Support | Anti-Inflammatory Formula | Optimal Absorption | 60 Capsules"},"content":{"rendered":"<p>Price: <span style=\"color:#b12704\">\u20ac16.91<\/span><br \/><i><small>(as of Apr 12, 2026 01:26:13 UTC &#8211; <span class=\"wp_automatic_amazon_disclaimer\" title=\"Product prices and availability are accurate as of the date\/time indicated and are subject to change. Any price and availability information displayed on [relevant Amazon Site(s), as applicable] at the time of purchase will apply to the purchase of this product.\">Details<\/span>)<\/small><\/i><br \/><a href=\"https:\/\/amazon.fr\/dp\/B09NGH7C7N?tag=onamzmoukoubl-21\"><img decoding=\"async\" src=\"https:\/\/valvepress.s3.amazonaws.com\/imgs\/buy_now.png\"><\/a><br \/>\n<\/p>\n<p>                                             Product Description   <\/p>\n<p>                                                                                                       <img decoding=\"async\" alt=\"Bouteille noire de suppl\u00e9ment multivitaminique \u00e0 c\u00f4t\u00e9 d&amp;#39;images de fruits color\u00e9s, notamment de l&amp;#39;ananas, de la fraise et du raisin. Le texte indique la fonction \u00ab \u00c9nergie boost\u00e9e\" src=\"https:\/\/images-na.ssl-images-amazon.com\/images\/G\/01\/x-locale\/common\/grey-pixel.gif\" class=\"a-lazy-loaded\" data-src=\"https:\/\/m.media-amazon.com\/images\/S\/aplus-media-library-service-media\/463a3ddf-2f39-4189-9003-3519ef02bf99.__CR0,0,1464,600_PT0_SX1464_V1___.jpg\"><img decoding=\"async\" alt=\"Bouteille noire de suppl\u00e9ment multivitaminique \u00e0 c\u00f4t\u00e9 d&amp;#39;images de fruits color\u00e9s, notamment de l&amp;#39;ananas, de la fraise et du raisin. Le texte indique la fonction \u00ab \u00c9nergie boost\u00e9e\" src=\"https:\/\/m.media-amazon.com\/images\/S\/aplus-media-library-service-media\/463a3ddf-2f39-4189-9003-3519ef02bf99.__CR0,0,1464,600_PT0_SX1464_V1___.jpg\">                                               <\/p>\n<p>                                                                                                       <img decoding=\"async\" alt=\"Image promotionnelle pour des compl\u00e9ments alimentaires contenant des fruits comme les fraises, les raisins et le citron. Comprend des capsules et un texte en fran\u00e7ais sur les bienfaits du syst\u00e8me immunitaire et de la beaut\u00e9.\" src=\"https:\/\/images-na.ssl-images-amazon.com\/images\/G\/01\/x-locale\/common\/grey-pixel.gif\" class=\"a-lazy-loaded\" data-src=\"https:\/\/m.media-amazon.com\/images\/S\/aplus-media-library-service-media\/d3ca6fb5-dff5-4c95-af5b-15139247a536.__CR0,0,1464,600_PT0_SX1464_V1___.jpg\"><img decoding=\"async\" alt=\"Image promotionnelle pour des compl\u00e9ments alimentaires contenant des fruits comme les fraises, les raisins et le citron. Comprend des capsules et un texte en fran\u00e7ais sur les bienfaits du syst\u00e8me immunitaire et de la beaut\u00e9.\" src=\"https:\/\/m.media-amazon.com\/images\/S\/aplus-media-library-service-media\/d3ca6fb5-dff5-4c95-af5b-15139247a536.__CR0,0,1464,600_PT0_SX1464_V1___.jpg\">                                               <\/p>\n<p>                                                                                                       <img decoding=\"async\" alt=\"Comparaison de produits montrant des emballages de suppl\u00e9ments vitaminiques avec des images de fruits, des couleurs contrastantes et des versions en noir et blanc avec des fruits tropicaux comme la mangue et\" src=\"https:\/\/images-na.ssl-images-amazon.com\/images\/G\/01\/x-locale\/common\/grey-pixel.gif\" class=\"a-lazy-loaded\" data-src=\"https:\/\/m.media-amazon.com\/images\/S\/aplus-media-library-service-media\/a88380ad-6a45-4343-bdda-bba3e455e4e0.__CR0,0,1464,600_PT0_SX1464_V1___.jpg\"><img decoding=\"async\" alt=\"Comparaison de produits montrant des emballages de suppl\u00e9ments vitaminiques avec des images de fruits, des couleurs contrastantes et des versions en noir et blanc avec des fruits tropicaux comme la mangue et\" src=\"https:\/\/m.media-amazon.com\/images\/S\/aplus-media-library-service-media\/a88380ad-6a45-4343-bdda-bba3e455e4e0.__CR0,0,1464,600_PT0_SX1464_V1___.jpg\">                                               <\/p>\n<p>                                                                                                       <img decoding=\"async\" alt=\"Collage incurv\u00e9 de fruits frais, notamment des bananes, des raisins, des fraises et des oranges. Deux options linguistiques sont pr\u00e9sent\u00e9es ci-dessus : le fran\u00e7ais et une autre langue non identifi\u00e9e\" src=\"https:\/\/images-na.ssl-images-amazon.com\/images\/G\/01\/x-locale\/common\/grey-pixel.gif\" class=\"a-lazy-loaded\" data-src=\"https:\/\/m.media-amazon.com\/images\/S\/aplus-media-library-service-media\/425261cf-ee4d-48a1-bc21-470fcbdb4a06.__CR0,0,1464,600_PT0_SX1464_V1___.jpg\"><img decoding=\"async\" alt=\"Collage incurv\u00e9 de fruits frais, notamment des bananes, des raisins, des fraises et des oranges. Deux options linguistiques sont pr\u00e9sent\u00e9es ci-dessus : le fran\u00e7ais et une autre langue non identifi\u00e9e\" src=\"https:\/\/m.media-amazon.com\/images\/S\/aplus-media-library-service-media\/425261cf-ee4d-48a1-bc21-470fcbdb4a06.__CR0,0,1464,600_PT0_SX1464_V1___.jpg\">                                               <\/p>\n<p>                                                                                                       <img decoding=\"async\" alt=\"Pr\u00e9sentoir de fruits tropicaux frais, notamment de la mangue, de l&amp;#39;ananas, de la banane et des prunes, avec une superposition de texte en fran\u00e7ais indiquant la teneur en vitamines, en min\u00e9raux et \u00e0 base de l\u00e9gumes\" src=\"https:\/\/images-na.ssl-images-amazon.com\/images\/G\/01\/x-locale\/common\/grey-pixel.gif\" class=\"a-lazy-loaded\" data-src=\"https:\/\/m.media-amazon.com\/images\/S\/aplus-media-library-service-media\/563bbdf7-d644-41bc-a541-57e2bdae453d.__CR0,0,1464,600_PT0_SX1464_V1___.jpg\"><img decoding=\"async\" alt=\"Pr\u00e9sentoir de fruits tropicaux frais, notamment de la mangue, de l&amp;#39;ananas, de la banane et des prunes, avec une superposition de texte en fran\u00e7ais indiquant la teneur en vitamines, en min\u00e9raux et \u00e0 base de l\u00e9gumes\" src=\"https:\/\/m.media-amazon.com\/images\/S\/aplus-media-library-service-media\/563bbdf7-d644-41bc-a541-57e2bdae453d.__CR0,0,1464,600_PT0_SX1464_V1___.jpg\">                                               <\/p>\n<p>                                                                                                       <img decoding=\"async\" alt=\"Arrangement de fruits color\u00e9s avec des citrons, des raisins et d&amp;#39;autres produits. Plan de la France avec Paris marqu\u00e9. Texte \u00ab NORMES &amp;amp; R\u00c9GLEMENTATION FRAN\u00c7AISES \u00bb et ic\u00f4ne repr\u00e9sentant un cadenas\" src=\"https:\/\/images-na.ssl-images-amazon.com\/images\/G\/01\/x-locale\/common\/grey-pixel.gif\" class=\"a-lazy-loaded\" data-src=\"https:\/\/m.media-amazon.com\/images\/S\/aplus-media-library-service-media\/6e8e41ff-fc48-4d43-8622-8fc463c7973a.__CR0,0,1464,600_PT0_SX1464_V1___.jpg\"><img decoding=\"async\" alt=\"Arrangement de fruits color\u00e9s avec des citrons, des raisins et d&amp;#39;autres produits. Plan de la France avec Paris marqu\u00e9. Texte \u00ab NORMES &amp;amp; R\u00c9GLEMENTATION FRAN\u00c7AISES \u00bb et ic\u00f4ne repr\u00e9sentant un cadenas\" src=\"https:\/\/m.media-amazon.com\/images\/S\/aplus-media-library-service-media\/6e8e41ff-fc48-4d43-8622-8fc463c7973a.__CR0,0,1464,600_PT0_SX1464_V1___.jpg\">                                               <\/p>\n<p>                                                                                                       <img decoding=\"async\" alt=\"Contour de la carte avec ic\u00f4ne en forme de loupe et texte \u00ab RECHERCHE &amp;amp; D\u00c9VELOPPEMENT \u00bb au-dessus d&amp;#39;une \u00e9pingle rouge \u00e9tiquet\u00e9e \u00ab NICE \u00bb. Fond de fruits flou\" src=\"https:\/\/images-na.ssl-images-amazon.com\/images\/G\/01\/x-locale\/common\/grey-pixel.gif\" class=\"a-lazy-loaded\" data-src=\"https:\/\/m.media-amazon.com\/images\/S\/aplus-media-library-service-media\/108c0886-105e-4e7e-bd40-910b84275bce.__CR0,0,1464,600_PT0_SX1464_V1___.jpg\"><img decoding=\"async\" alt=\"Contour de la carte avec ic\u00f4ne en forme de loupe et texte \u00ab RECHERCHE &amp;amp; D\u00c9VELOPPEMENT \u00bb au-dessus d&amp;#39;une \u00e9pingle rouge \u00e9tiquet\u00e9e \u00ab NICE \u00bb. Fond de fruits flou\" src=\"https:\/\/m.media-amazon.com\/images\/S\/aplus-media-library-service-media\/108c0886-105e-4e7e-bd40-910b84275bce.__CR0,0,1464,600_PT0_SX1464_V1___.jpg\">                                               <\/p>\n<p> Package Dimensions                                            \u200f                                            :                                            \u200e                                            12.7 x 6.9 x 6.8 cm; 30 g   <br \/> Manufacturer                                            \u200f                                            :                                            \u200e                                            TN TEAM NUTRITION   <br \/> ASIN                                            \u200f                                            :                                            \u200e                                            B09NGH7C7N   <br \/> Country of origin                                            \u200f                                            :                                            \u200e                                            France   <br \/>  Customer reviews:                                                                                            5.0               5.0 out of 5 stars                                  (1)                                              var dpAcrHasRegisteredArcLinkClickAction;                    P.when(&#8216;A&#8217;, &#8216;ready&#8217;).execute(function(A) {                        if (dpAcrHasRegisteredArcLinkClickAction !== true) {                            dpAcrHasRegisteredArcLinkClickAction = true;                            A.declarative(                                &#8216;acrLink-click-metrics&#8217;, &#8216;click&#8217;,                                { &#8220;allowLinkDefault&#8221;: true },                                function (event) {                                    if (window.ue) {                                        ue.count(&#8220;acrLinkClickCount&#8221;, (ue.count(&#8220;acrLinkClickCount&#8221;) || 0) + 1);                                    }                                }                            );                        }                    });                                             P.when(&#8216;A&#8217;, &#8216;cf&#8217;).execute(function(A) {                A.declarative(&#8216;acrStarsLink-click-metrics&#8217;, &#8216;click&#8217;, { &#8220;allowLinkDefault&#8221; : true },  function(event){                    if(window.ue) {                        ue.count(&#8220;acrStarsLinkWithPopoverClickCount&#8221;, (ue.count(&#8220;acrStarsLinkWithPopoverClickCount&#8221;) || 0) + 1);                    }                });            });                          <br \/><\/p>\n","protected":false},"excerpt":{"rendered":"<p> Product Description Package Dimensions \u200f : \u200e 12.7 x 6.9 x 6.8 cm; 30 g Manufacturer \u200f : \u200e TN TEAM NUTRITION ASIN \u200f : \u200e B09NGH7C7N Country of origin \u200f : \u200e France Customer reviews: 5.0 5.0 out of 5 stars (1) var dpAcrHasRegisteredArcLinkClickAction; P.when(&#8216;A&#8217;, &#8216;ready&#8217;).execute(function(A) { if (dpAcrHasRegisteredArcLinkClickAction [&hellip;]<\/p>\n","protected":false},"featured_media":27448,"comment_status":"open","ping_status":"closed","template":"","meta":{"_gspb_post_css":"","om_disable_all_campaigns":false,"_monsterinsights_skip_tracking":false,"_monsterinsights_sitenote_active":false,"_monsterinsights_sitenote_note":"","_monsterinsights_sitenote_category":0},"store":[],"product_brand":[],"product_cat":[142],"product_tag":[295,2788,340,198,327,173,289,543,272,244,265,264,290,1222,1238,274],"class_list":{"0":"post-27447","1":"product","2":"type-product","3":"status-publish","4":"has-post-thumbnail","6":"product_cat-multivitamines","7":"product_tag-absorption","8":"product_tag-antiinflammatory","9":"product_tag-antioxidants","10":"product_tag-capsules","11":"product_tag-cognitive","12":"product_tag-complex","13":"product_tag-energy","14":"product_tag-formula","15":"product_tag-immunity","16":"product_tag-joint","17":"product_tag-minerals","18":"product_tag-multivitamins","19":"product_tag-nervous","20":"product_tag-optimal","21":"product_tag-support","22":"product_tag-vitamins","24":"first","25":"instock","26":"shipping-taxable","27":"product-type-external"},"aioseo_notices":[],"jetpack_sharing_enabled":true,"_links":{"self":[{"href":"https:\/\/www.zolattitude.com\/index.php\/wp-json\/wp\/v2\/product\/27447","targetHints":{"allow":["GET"]}}],"collection":[{"href":"https:\/\/www.zolattitude.com\/index.php\/wp-json\/wp\/v2\/product"}],"about":[{"href":"https:\/\/www.zolattitude.com\/index.php\/wp-json\/wp\/v2\/types\/product"}],"replies":[{"embeddable":true,"href":"https:\/\/www.zolattitude.com\/index.php\/wp-json\/wp\/v2\/comments?post=27447"}],"wp:featuredmedia":[{"embeddable":true,"href":"https:\/\/www.zolattitude.com\/index.php\/wp-json\/wp\/v2\/media\/27448"}],"wp:attachment":[{"href":"https:\/\/www.zolattitude.com\/index.php\/wp-json\/wp\/v2\/media?parent=27447"}],"wp:term":[{"taxonomy":"store","embeddable":true,"href":"https:\/\/www.zolattitude.com\/index.php\/wp-json\/wp\/v2\/store?post=27447"},{"taxonomy":"product_brand","embeddable":true,"href":"https:\/\/www.zolattitude.com\/index.php\/wp-json\/wp\/v2\/product_brand?post=27447"},{"taxonomy":"product_cat","embeddable":true,"href":"https:\/\/www.zolattitude.com\/index.php\/wp-json\/wp\/v2\/product_cat?post=27447"},{"taxonomy":"product_tag","embeddable":true,"href":"https:\/\/www.zolattitude.com\/index.php\/wp-json\/wp\/v2\/product_tag?post=27447"}],"curies":[{"name":"wp","href":"https:\/\/api.w.org\/{rel}","templated":true}]}}