{"id":27493,"date":"2026-04-12T22:08:13","date_gmt":"2026-04-12T22:08:13","guid":{"rendered":"https:\/\/www.zolattitude.com\/index.php\/product\/collagene-marin-type-1-2-vitamins-c-e-skin-hydration-protects-bones-and-joints-1000-mg-120-tablets-made-in-france\/"},"modified":"2026-04-12T22:08:24","modified_gmt":"2026-04-12T22:08:24","slug":"collagene-marin-type-1-2-vitamins-c-e-skin-hydration-protects-bones-and-joints-1000-mg-120-tablets-made-in-france","status":"publish","type":"product","link":"https:\/\/www.zolattitude.com\/index.php\/product\/collagene-marin-type-1-2-vitamins-c-e-skin-hydration-protects-bones-and-joints-1000-mg-120-tablets-made-in-france\/","title":{"rendered":"COLLAGENE MARIN &#8211; Type 1 &#038; 2 &#8211; Vitamins C &#038; E &#8211; Skin hydration &#8211; Protects bones and joints &#8211; 1000 mg &#8211; 120 tablets &#8211; Made in France"},"content":{"rendered":"<p>Price: <span style=\"color:#b12704\">\u20ac16.50<\/span><br \/><i><small>(as of Apr 12, 2026 22:08:13 UTC &#8211; <span class=\"wp_automatic_amazon_disclaimer\" title=\"Product prices and availability are accurate as of the date\/time indicated and are subject to change. Any price and availability information displayed on [relevant Amazon Site(s), as applicable] at the time of purchase will apply to the purchase of this product.\">Details<\/span>)<\/small><\/i><br \/><a href=\"https:\/\/amazon.fr\/dp\/B0BN25GTWX?tag=onamzmoukoubl-21\"><img decoding=\"async\" src=\"https:\/\/valvepress.s3.amazonaws.com\/imgs\/buy_now.png\"><\/a><br \/>\n<\/p>\n<p>                                             Product Description   <\/p>\n<h3 class=\"a-spacing-mini\"> Collag\u00e8ne Marin Pur  &#8211; Vitamines C et E  &#8211; Hydratation de la Peau \u2013 Articulations Muscles Tendons &#8211; 1000 mg &#8211; 120 Comprim\u00e9s Naturels Made in France <\/h3>\n<p>                                          <img decoding=\"async\" alt=\"collagene marin acide hyaluronique creme, collagene marin acide hyaluronique \u00e0 boire\" src=\"https:\/\/images-na.ssl-images-amazon.com\/images\/G\/01\/x-locale\/common\/grey-pixel.gif\" class=\"a-spacing-base a-lazy-loaded\" data-src=\"https:\/\/m.media-amazon.com\/images\/S\/aplus-media-library-service-media\/0bf4ccc0-3da9-4cad-9565-7c6bc60f6ad8.__CR0,0,970,600_PT0_SX970_V1___.png\"><img decoding=\"async\" alt=\"collagene marin acide hyaluronique creme, collagene marin acide hyaluronique \u00e0 boire\" src=\"https:\/\/m.media-amazon.com\/images\/S\/aplus-media-library-service-media\/0bf4ccc0-3da9-4cad-9565-7c6bc60f6ad8.__CR0,0,970,600_PT0_SX970_V1___.png\">                                                                    <\/p>\n<h3 class=\"a-spacing-mini\"> Notre collag\u00e8ne marin d\u2019origine marine vise \u00e0 apporter de la r\u00e9sistance aux tissus cutan\u00e9s dans le but d\u2019att\u00e9nuer les effets du vieillissement. <\/h3>\n<p>                                          <img decoding=\"async\" alt=\"collagene marin acide hyaluronique et elastine, collagene marin acide hyaluronique anti age\" src=\"https:\/\/images-na.ssl-images-amazon.com\/images\/G\/01\/x-locale\/common\/grey-pixel.gif\" class=\"a-spacing-base a-lazy-loaded\" data-src=\"https:\/\/m.media-amazon.com\/images\/S\/aplus-media-library-service-media\/528de6e9-4a22-43c0-a11d-8a94f1526693.__CR0,0,970,600_PT0_SX970_V1___.jpg\"><img decoding=\"async\" alt=\"collagene marin acide hyaluronique et elastine, collagene marin acide hyaluronique anti age\" src=\"https:\/\/m.media-amazon.com\/images\/S\/aplus-media-library-service-media\/528de6e9-4a22-43c0-a11d-8a94f1526693.__CR0,0,970,600_PT0_SX970_V1___.jpg\">                                                                    <\/p>\n<p>                                                                             <img decoding=\"async\" alt=\"collagene bio, acide hyaluronic bio, beaut\u00e9 femme, creme visage, creme anti ride, anti age visage\" src=\"https:\/\/images-na.ssl-images-amazon.com\/images\/G\/01\/x-locale\/common\/grey-pixel.gif\" class=\"a-spacing-base a-lazy-loaded\" data-src=\"https:\/\/m.media-amazon.com\/images\/S\/aplus-media-library-service-media\/f875f829-1658-4bcd-812c-78bab69eeb98.__CR0,0,970,600_PT0_SX970_V1___.png\"><img decoding=\"async\" alt=\"collagene bio, acide hyaluronic bio, beaut\u00e9 femme, creme visage, creme anti ride, anti age visage\" src=\"https:\/\/m.media-amazon.com\/images\/S\/aplus-media-library-service-media\/f875f829-1658-4bcd-812c-78bab69eeb98.__CR0,0,970,600_PT0_SX970_V1___.png\">                                                                    <\/p>\n<p>                                                                             <img decoding=\"async\" alt=\"laxatif, confort digestif, d\u00e9tox colon, acide hyaluronique, collag\u00e8ne, mincir vite\" src=\"https:\/\/images-na.ssl-images-amazon.com\/images\/G\/01\/x-locale\/common\/grey-pixel.gif\" class=\"a-spacing-base a-lazy-loaded\" data-src=\"https:\/\/m.media-amazon.com\/images\/S\/aplus-media-library-service-media\/60f3a6fc-01a7-4570-b38f-0f9772e32ab0.__CR0,0,970,600_PT0_SX970_V1___.jpg\"><img decoding=\"async\" alt=\"laxatif, confort digestif, d\u00e9tox colon, acide hyaluronique, collag\u00e8ne, mincir vite\" src=\"https:\/\/m.media-amazon.com\/images\/S\/aplus-media-library-service-media\/60f3a6fc-01a7-4570-b38f-0f9772e32ab0.__CR0,0,970,600_PT0_SX970_V1___.jpg\">                                         <\/p>\n<h3 class=\"a-spacing-mini\"> F\u00e9minature, La Nature \u00e0 choisie sa Marque, Les femmes ont choisies F\u00e9minature. <\/h3>\n<p class=\"a-spacing-base\"> Calories Slim est \u00e0 base de guarana \u00e0 fort dosage. Il agit comme br\u00fbleur naturel gr\u00e2ce \u00e0 sa richesse en caf\u00e9ine. Ce compl\u00e9ment alimentaire minceur participe \u00e0 la d\u00e9pense organique en calories et favorise la perte de poids en compl\u00e9ment d\u2019une cure minceur contr\u00f4l\u00e9e. <\/p>\n<p class=\"a-spacing-base\"> Turbo Draineur est un compl\u00e9ment alimentaire d\u00e9puratif qui contribue \u00e0 \u00e9liminer l\u2019exc\u00e8s d\u2019eau dans l\u2019organisme. Il aide \u00e0 purifier l\u2019organisme en \u00e9vacuant les d\u00e9chets. Il contribue \u00e0 d\u00e9gonfler les parties du corps particuli\u00e8rement touch\u00e9s par la r\u00e9tention d\u2019eau (visage, jambes, bras). <\/p>\n<p class=\"a-spacing-base\"> Confort Digestif assure une meilleure sant\u00e9 et un bien-\u00eatre au quotidien. Ce compl\u00e9ment alimentaire digestion favorise l\u2019\u00e9vacuation des d\u00e9chets. Il contribue au fonctionnement normal du tractus intestinal. <\/p>\n<p class=\"a-spacing-base\"> Transalax est un laxatif v\u00e9gan qui ramollit les selles pour une \u00e9vacuation en douceur. Les jus de pruneaux et les probiotiques ne vous conviennent plus ? Les infusions de th\u00e9 et les laxatifs puissants ne sont pas adapt\u00e9s \u00e0 votre probl\u00e8me de transit ? Transalax est la solution. <\/p>\n<p class=\"a-spacing-base\"> Collag\u00e8ne Marin et Vitamines est un hydrolysat d\u2019origine marine, \u00e0 faible poids mol\u00e9culaire, qui vise \u00e0 apporter de la coh\u00e9sion et de la r\u00e9sistance aux tissus cutan\u00e9s et conjonctifs de l\u2019organisme, dans le but d\u2019att\u00e9nuer les effets du vieillissement. <\/p>\n<p class=\"a-spacing-base\"> Nettoyage du Colon contribue \u00e0 r\u00e9guler les selles et participe \u00e0 diminuer les inconforts de la digestion comme les gaz intestinaux et les ballonnements. <\/p>\n<p class=\"a-spacing-base\"> Ventre Plat Vos rondeurs du ventre ne partiront pas en un clin d\u2019\u0153il et avouez qu\u2019elles ne sont pas venues d\u2019un seul coup. Ce compl\u00e9ment alimentaire ventre plat contient tous les ingr\u00e9dients pour vous aider \u00e0 d\u00e9gonfler le ventre, il n\u2019en manque qu\u2019un seul ; Votre volont\u00e9. Si vous consentez aux efforts n\u00e9cessaires (gainage, abdominaux et alimentation saine) vous avez trouv\u00e9 le compl\u00e9ment minceur que vous cherchez depuis toujours. <\/p>\n<p> Product Dimensions                                            \u200f                                            :                                            \u200e                                            4.4 x 4.4 x 8.7 cm; 60 g   <br \/> Manufacturer                                            \u200f                                            :                                            \u200e                                            Exceldiet Pharma   <br \/> ASIN                                            \u200f                                            :                                            \u200e                                            B0BN25GTWX   <br \/> Item model number                                            \u200f                                            :                                            \u200e                                            COLLAGENE MARIN ET VITAMINES   <br \/> Country of origin                                            \u200f                                            :                                            \u200e                                            France   <br \/>  Customer reviews:                                                                                            4.1               4.1 out of 5 stars                                  (5)                                              var dpAcrHasRegisteredArcLinkClickAction;                    P.when(&#8216;A&#8217;, &#8216;ready&#8217;).execute(function(A) {                        if (dpAcrHasRegisteredArcLinkClickAction !== true) {                            dpAcrHasRegisteredArcLinkClickAction = true;                            A.declarative(                                &#8216;acrLink-click-metrics&#8217;, &#8216;click&#8217;,                                { &#8220;allowLinkDefault&#8221;: true },                                function (event) {                                    if (window.ue) {                                        ue.count(&#8220;acrLinkClickCount&#8221;, (ue.count(&#8220;acrLinkClickCount&#8221;) || 0) + 1);                                    }                                }                            );                        }                    });                                             P.when(&#8216;A&#8217;, &#8216;cf&#8217;).execute(function(A) {                A.declarative(&#8216;acrStarsLink-click-metrics&#8217;, &#8216;click&#8217;, { &#8220;allowLinkDefault&#8221; : true },  function(event){                    if(window.ue) {                        ue.count(&#8220;acrStarsLinkWithPopoverClickCount&#8221;, (ue.count(&#8220;acrStarsLinkWithPopoverClickCount&#8221;) || 0) + 1);                    }                });            });                          <br \/>The lack of collagen in the body is due to age. Around the age of 25, its production declined. This deficiency can cause tendon inflammations, loss of motor skills and joint wear. These joint and skin hydration tablets help rebuild cartilage and help relieve joint and muscle pain.<br \/>Many tissues such as skin, cartilage, joints, muscles or tendons have structure, elasticity and strength thanks to collagen peptides. The loss of collagen density during aging leads to disorganization and fragility of these different tissues.<br \/>Our Collagene formula is designed to promote skin hydration and elasticity. It is ideal for slowing down the visible signs of aging (wrinkles, fine lines, etc.) in a natural way.<br \/>These tablets are suitable for easy taking. You can combine this dietary supplement with our anti-wrinkle capsules HYALURONIC ACID + MARINE COLLAGENE for a double action on wrinkles and the comfort of painful joints, muscles and tendons.<br \/>Check out our range of vegan tablets, you will find natural dietary supplements to relieve constipation, replace irritating laxatives, Improve digestive comfort, Contribute to weight loss, Eliminate toxins, Drain excess water or cleanse the colon. 100% vegan products.<br \/>These tablets are to be swallowed with a large glass of water. Do not crunch.<\/p>\n\n","protected":false},"excerpt":{"rendered":"<p> Product Description Collag\u00e8ne Marin Pur &#8211; Vitamines C et E &#8211; Hydratation de la Peau \u2013 Articulations Muscles Tendons &#8211; 1000 mg &#8211; 120 Comprim\u00e9s Naturels Made in France Notre collag\u00e8ne marin d\u2019origine marine vise \u00e0 apporter de la r\u00e9sistance aux tissus cutan\u00e9s dans le but d\u2019att\u00e9nuer les effets du [&hellip;]<\/p>\n","protected":false},"featured_media":27494,"comment_status":"open","ping_status":"closed","template":"","meta":{"_gspb_post_css":"","om_disable_all_campaigns":false,"_monsterinsights_skip_tracking":false,"_monsterinsights_sitenote_active":false,"_monsterinsights_sitenote_note":"","_monsterinsights_sitenote_category":0},"store":[],"product_brand":[],"product_cat":[138],"product_tag":[1240,185,201,768,416,398,1672,176,179,186,274],"class_list":{"0":"post-27493","1":"product","2":"type-product","3":"status-publish","4":"has-post-thumbnail","6":"product_cat-acide-hyaluronique-msm","7":"product_tag-bones","8":"product_tag-collagene","9":"product_tag-france","10":"product_tag-hydration","11":"product_tag-joints","12":"product_tag-marin","13":"product_tag-protects","14":"product_tag-skin","15":"product_tag-tablets","16":"product_tag-type","17":"product_tag-vitamins","19":"first","20":"instock","21":"shipping-taxable","22":"product-type-external"},"aioseo_notices":[],"jetpack_sharing_enabled":true,"_links":{"self":[{"href":"https:\/\/www.zolattitude.com\/index.php\/wp-json\/wp\/v2\/product\/27493","targetHints":{"allow":["GET"]}}],"collection":[{"href":"https:\/\/www.zolattitude.com\/index.php\/wp-json\/wp\/v2\/product"}],"about":[{"href":"https:\/\/www.zolattitude.com\/index.php\/wp-json\/wp\/v2\/types\/product"}],"replies":[{"embeddable":true,"href":"https:\/\/www.zolattitude.com\/index.php\/wp-json\/wp\/v2\/comments?post=27493"}],"wp:featuredmedia":[{"embeddable":true,"href":"https:\/\/www.zolattitude.com\/index.php\/wp-json\/wp\/v2\/media\/27494"}],"wp:attachment":[{"href":"https:\/\/www.zolattitude.com\/index.php\/wp-json\/wp\/v2\/media?parent=27493"}],"wp:term":[{"taxonomy":"store","embeddable":true,"href":"https:\/\/www.zolattitude.com\/index.php\/wp-json\/wp\/v2\/store?post=27493"},{"taxonomy":"product_brand","embeddable":true,"href":"https:\/\/www.zolattitude.com\/index.php\/wp-json\/wp\/v2\/product_brand?post=27493"},{"taxonomy":"product_cat","embeddable":true,"href":"https:\/\/www.zolattitude.com\/index.php\/wp-json\/wp\/v2\/product_cat?post=27493"},{"taxonomy":"product_tag","embeddable":true,"href":"https:\/\/www.zolattitude.com\/index.php\/wp-json\/wp\/v2\/product_tag?post=27493"}],"curies":[{"name":"wp","href":"https:\/\/api.w.org\/{rel}","templated":true}]}}