{"id":27503,"date":"2026-04-12T23:19:49","date_gmt":"2026-04-12T23:19:49","guid":{"rendered":"https:\/\/www.zolattitude.com\/index.php\/product\/lovediet-marine-collagen-zinc-and-biotin-b5-b6-skin-and-hair-flexibility-1-month-treatment-60-vegetable-capsules-made-in-france\/"},"modified":"2026-04-12T23:19:49","modified_gmt":"2026-04-12T23:19:49","slug":"lovediet-marine-collagen-zinc-and-biotin-b5-b6-skin-and-hair-flexibility-1-month-treatment-60-vegetable-capsules-made-in-france","status":"publish","type":"product","link":"https:\/\/www.zolattitude.com\/index.php\/product\/lovediet-marine-collagen-zinc-and-biotin-b5-b6-skin-and-hair-flexibility-1-month-treatment-60-vegetable-capsules-made-in-france\/","title":{"rendered":"Love&#038;Diet Marine Collagen + Zinc and Biotin B5, B6 &#8211; Skin and Hair Flexibility &#8211; 1 Month Treatment &#8211; 60 Vegetable Capsules &#8211; Made in France"},"content":{"rendered":"<p>Price: <span style=\"color:#b12704\"><\/span><br \/><i><small>(as of  &#8211; <span class=\"wp_automatic_amazon_disclaimer\" title=\"Product prices and availability are accurate as of the date\/time indicated and are subject to change. Any price and availability information displayed on [relevant Amazon Site(s), as applicable] at the time of purchase will apply to the purchase of this product.\">Details<\/span>)<\/small><\/i><br \/><a href=\"https:\/\/amazon.fr\/dp\/B0DK5Z5NDN?tag=onamzmoukoubl-21\"><img decoding=\"async\" src=\"https:\/\/valvepress.s3.amazonaws.com\/imgs\/buy_now.png\"><\/a><br \/>\n<\/p>\n<p>                                             Product Description   <\/p>\n<h3 class=\"a-size-extra-large aplus-13-heading-text a-text-bold\"> F.A.Q. <\/h3>\n<p class=\"description\"> \u00c0 qui ce compl\u00e9ment est-il destin\u00e9 ? <\/p>\n<p class=\"description\"> Ce compl\u00e9ment est con\u00e7u pour les personnes souhaitant am\u00e9liorer l&#8217;apparence et la sant\u00e9 de leur peau, de leurs cheveux et de leurs ongles. Cette synergie compl\u00e8te r\u00e9pond aux besoins des personnes ayant, des cheveux fragiles ou des signes de vieillissement cutan\u00e9, ou des ongles cassants. <\/p>\n<p class=\"description\"> Quel Collag\u00e8ne marin est utilis\u00e9 ? <\/p>\n<p class=\"description\"> Nous utilisons un Collag\u00e8ne Marin de type 1 qui est 100% Pur, et issu de poissons sauvages. Notre produit est hautement hydrolys\u00e9, permettant d\u2019obtenir un collag\u00e8ne avec un faible poids mol\u00e9culaire de 3000 daltons, pour une biodisponibilit\u00e9 optimale. Il sera ainsi rapidement transport\u00e9s vers les tissus cibles pour une meilleure efficacit\u00e9. <\/p>\n<p class=\"description\"> Quelle est la posologie recommand\u00e9e ? <\/p>\n<p class=\"description\"> Il est conseill\u00e9 de prendre 2 g\u00e9lules par jour, de pr\u00e9f\u00e9rence avec un grand verre d&#8217;eau et au cours d&#8217;un repas pour une meilleure absorption. Il est \u00e9galement possible de consommer jusqu\u2019\u00e0 4 g\u00e9lules par jour pendant 30 jours pour une \u201ccure d\u2019attaque\u201d. <\/p>\n<p class=\"description\"> Combien de temps faut-il pour voir les r\u00e9sultats ? <\/p>\n<p class=\"description\"> Les r\u00e9sultats peuvent varier d&#8217;une personne \u00e0 l&#8217;autre. Pour des r\u00e9sultats optimaux, il est recommand\u00e9 de suivre le compl\u00e9ment pendant au moins 2 \u00e0 3 mois. Les premiers effets peuvent appara\u00eetre au bout de quelques semaines, avec des cheveux et des ongles plus forts, ainsi qu&#8217;une peau plus \u00e9clatante. <\/p>\n<p class=\"description\"> Ce produit est-il fabriqu\u00e9 en France ? <\/p>\n<p class=\"description\"> Oui, ce compl\u00e9ment est fabriqu\u00e9 en France et plus pr\u00e9cis\u00e9ment en r\u00e9gion Rh\u00f4ne-Alpes. Il r\u00e9pond aux normes de qualit\u00e9 strictes pour garantir la s\u00e9curit\u00e9 et l&#8217;efficacit\u00e9 du produit. <\/p>\n<p class=\"description\"> Est-il possible de prendre ce compl\u00e9ment toute l&#8217;ann\u00e9e ? <\/p>\n<p class=\"description\"> Oui, ce compl\u00e9ment peut \u00eatre pris en continu, notamment si vos besoins en soutien pour la peau, les cheveux et les ongles sont permanents. Cependant, une pause d\u2019un mois par an est parfois recommand\u00e9e pour \u00e9viter l&#8217;accoutumance. <\/p>\n<p class=\"description\"> Pourquoi ce produit est-il en sachet ? <\/p>\n<p class=\"description\"> Nous utilisons un sachet Doypack 100% recyclable. Ce format permet de limiter fortement l\u2019empreinte carbone du produit, avec une plus faible utilisation de mati\u00e8res premi\u00e8res pour sa fabrication. Le doypack limite \u00e9galement les \u00e9missions associ\u00e9es au transport, car il est 3 fois moins lourd et volumineux qu&#8217;un pilulier. C\u2019est un format tr\u00e8s pratique d\u2019utilisation, que l\u2019on peut emporter partout avec soi. <\/p>\n<p> Product Dimensions                                            \u200f                                            :                                            \u200e                                            10 x 19.5 x 1 cm; 30 g   <br \/> Manufacturer                                            \u200f                                            :                                            \u200e                                            LOVE&#038;DIET   <br \/> ASIN                                            \u200f                                            :                                            \u200e                                            B0DK5Z5NDN   <br \/> Item model number                                            \u200f                                            :                                            \u200e                                            collagene-lovediet   <br \/> Country of origin                                            \u200f                                            :                                            \u200e                                            France   <br \/>  Customer reviews:                                                                                            4.7               4.7 out of 5 stars                                  (4)                                              var dpAcrHasRegisteredArcLinkClickAction;                    P.when(&#8216;A&#8217;, &#8216;ready&#8217;).execute(function(A) {                        if (dpAcrHasRegisteredArcLinkClickAction !== true) {                            dpAcrHasRegisteredArcLinkClickAction = true;                            A.declarative(                                &#8216;acrLink-click-metrics&#8217;, &#8216;click&#8217;,                                { &#8220;allowLinkDefault&#8221;: true },                                function (event) {                                    if (window.ue) {                                        ue.count(&#8220;acrLinkClickCount&#8221;, (ue.count(&#8220;acrLinkClickCount&#8221;) || 0) + 1);                                    }                                }                            );                        }                    });                                             P.when(&#8216;A&#8217;, &#8216;cf&#8217;).execute(function(A) {                A.declarative(&#8216;acrStarsLink-click-metrics&#8217;, &#8216;click&#8217;, { &#8220;allowLinkDefault&#8221; : true },  function(event){                    if(window.ue) {                        ue.count(&#8220;acrStarsLinkWithPopoverClickCount&#8221;, (ue.count(&#8220;acrStarsLinkWithPopoverClickCount&#8221;) || 0) + 1);                    }                });            });                          <br \/>Benefits and targeted action for skin, hair and nails. LOVE&#038;DIET Marine Collagen + Zinc B5 B6 B8 Food Supplement is specially designed to provide essential nutrients for the health of skin, hair and nails. Marine collagen helps support skin elasticity and firmness, while zinc contributes to normal hair and nail maintenance. This complete formula helps fight the signs of aging and promotes a healthy, radiant appearance.<br \/>ENRICHED FORMULA AND QUALITY GUARANTEED Each capsule of Marine Collagen + Zinc, B5, B6, and B8 is made with ingredients selected for their purity and quality. Marine collagen, a natural source, is easily absorbed by the body, ensuring optimal efficiency. B vitamins (B5, B6, and B8) complement the formula by supporting energy metabolism, boosting vitality and inner beauty.<br \/>Easy to integrate into your daily routine. With 60 handy capsules, this supplement is designed to easily fit into your wellness routine. A simple daily intake allows you to enjoy the benefits of each ingredient. LOVE&#038;DIET offers a convenient solution for those looking for continuous support for their skin and hair. Antioxidant protection thanks to zinc<br \/>Suitable for a healthy lifestyle. Without artificial additives and environmentally friendly, Marine Collagen + Zinc, B5, B6, B8 integrates into a healthy and balanced lifestyle. LOVE&#038;DIET is committed to providing high quality products that meet strict manufacturing standards.<\/p>\n\n","protected":false},"excerpt":{"rendered":"<p> Product Description F.A.Q. \u00c0 qui ce compl\u00e9ment est-il destin\u00e9 ? Ce compl\u00e9ment est con\u00e7u pour les personnes souhaitant am\u00e9liorer l&#8217;apparence et la sant\u00e9 de leur peau, de leurs cheveux et de leurs ongles. Cette synergie compl\u00e8te r\u00e9pond aux besoins des personnes ayant, des cheveux fragiles ou des signes de vieillissement [&hellip;]<\/p>\n","protected":false},"featured_media":27504,"comment_status":"open","ping_status":"closed","template":"","meta":{"_gspb_post_css":"","om_disable_all_campaigns":false,"_monsterinsights_skip_tracking":false,"_monsterinsights_sitenote_active":false,"_monsterinsights_sitenote_note":"","_monsterinsights_sitenote_category":0},"store":[],"product_brand":[],"product_cat":[137],"product_tag":[170,198,168,1241,201,175,2792,167,191,176,601,197,172],"class_list":{"0":"post-27503","1":"product","2":"type-product","3":"status-publish","4":"has-post-thumbnail","6":"product_cat-collagene-biotine","7":"product_tag-biotin","8":"product_tag-capsules","9":"product_tag-collagen","10":"product_tag-flexibility","11":"product_tag-france","12":"product_tag-hair","13":"product_tag-lovediet","14":"product_tag-marine","15":"product_tag-month","16":"product_tag-skin","17":"product_tag-treatment","18":"product_tag-vegetable","19":"product_tag-zinc","21":"first","22":"instock","23":"shipping-taxable","24":"product-type-simple"},"aioseo_notices":[],"jetpack_sharing_enabled":true,"_links":{"self":[{"href":"https:\/\/www.zolattitude.com\/index.php\/wp-json\/wp\/v2\/product\/27503","targetHints":{"allow":["GET"]}}],"collection":[{"href":"https:\/\/www.zolattitude.com\/index.php\/wp-json\/wp\/v2\/product"}],"about":[{"href":"https:\/\/www.zolattitude.com\/index.php\/wp-json\/wp\/v2\/types\/product"}],"replies":[{"embeddable":true,"href":"https:\/\/www.zolattitude.com\/index.php\/wp-json\/wp\/v2\/comments?post=27503"}],"wp:featuredmedia":[{"embeddable":true,"href":"https:\/\/www.zolattitude.com\/index.php\/wp-json\/wp\/v2\/media\/27504"}],"wp:attachment":[{"href":"https:\/\/www.zolattitude.com\/index.php\/wp-json\/wp\/v2\/media?parent=27503"}],"wp:term":[{"taxonomy":"store","embeddable":true,"href":"https:\/\/www.zolattitude.com\/index.php\/wp-json\/wp\/v2\/store?post=27503"},{"taxonomy":"product_brand","embeddable":true,"href":"https:\/\/www.zolattitude.com\/index.php\/wp-json\/wp\/v2\/product_brand?post=27503"},{"taxonomy":"product_cat","embeddable":true,"href":"https:\/\/www.zolattitude.com\/index.php\/wp-json\/wp\/v2\/product_cat?post=27503"},{"taxonomy":"product_tag","embeddable":true,"href":"https:\/\/www.zolattitude.com\/index.php\/wp-json\/wp\/v2\/product_tag?post=27503"}],"curies":[{"name":"wp","href":"https:\/\/api.w.org\/{rel}","templated":true}]}}