{"id":27568,"date":"2026-04-13T01:33:27","date_gmt":"2026-04-13T01:33:27","guid":{"rendered":"https:\/\/www.zolattitude.com\/index.php\/product\/dermactifs-anti-ageing-antioxidant-luminous-complexion-food-supplement-hyaluronic-acid-borage-oil-zinc-vitamin-c-aragan-30-capsules\/"},"modified":"2026-04-13T01:33:35","modified_gmt":"2026-04-13T01:33:35","slug":"dermactifs-anti-ageing-antioxidant-luminous-complexion-food-supplement-hyaluronic-acid-borage-oil-zinc-vitamin-c-aragan-30-capsules","status":"publish","type":"product","link":"https:\/\/www.zolattitude.com\/index.php\/product\/dermactifs-anti-ageing-antioxidant-luminous-complexion-food-supplement-hyaluronic-acid-borage-oil-zinc-vitamin-c-aragan-30-capsules\/","title":{"rendered":"Dermactifs &#8211; Anti-Ageing, Antioxidant, Luminous Complexion Food Supplement &#8211; Hyaluronic Acid, Borage Oil, Zinc, Vitamin C &#8211; Aragan &#8211; 30 Capsules"},"content":{"rendered":"<p>Price: <span style=\"color:#b12704\">\u20ac18.90<\/span><br \/><i><small>(as of Apr 13, 2026 01:33:27 UTC &#8211; <span class=\"wp_automatic_amazon_disclaimer\" title=\"Product prices and availability are accurate as of the date\/time indicated and are subject to change. Any price and availability information displayed on [relevant Amazon Site(s), as applicable] at the time of purchase will apply to the purchase of this product.\">Details<\/span>)<\/small><\/i><br \/><a href=\"https:\/\/amazon.fr\/dp\/B01LDGQLLG?tag=onamzmoukoubl-21\"><img decoding=\"async\" src=\"https:\/\/valvepress.s3.amazonaws.com\/imgs\/buy_now.png\"><\/a><br \/>\n<\/p>\n<p>                                             Product Description   <\/p>\n<p>                                                  <img decoding=\"async\" alt=\"aragan\" src=\"https:\/\/images-na.ssl-images-amazon.com\/images\/G\/01\/x-locale\/common\/grey-pixel.gif\" class=\"a-lazy-loaded\" data-src=\"https:\/\/m.media-amazon.com\/images\/S\/aplus-media-library-service-media\/45f9bf25-34a8-4c25-94c3-d22c085c8534.__CR0,0,970,300_PT0_SX970_V1___.jpg\"><img decoding=\"async\" alt=\"aragan\" src=\"https:\/\/m.media-amazon.com\/images\/S\/aplus-media-library-service-media\/45f9bf25-34a8-4c25-94c3-d22c085c8534.__CR0,0,970,300_PT0_SX970_V1___.jpg\">  <\/p>\n<h3> L&#8217;expertise Aragan <\/h3>\n<p> Nos complexes s&#8217;inspirent pour cela des m\u00e9canismes naturels du vivant alliant nutriments et souches microbiotiques. &gt; visuel de biomim\u00e9tique <\/p>\n<p>                                                                             <img decoding=\"async\" alt=\"aragan dermactifs compl\u00e9ment alimentaire\" src=\"https:\/\/images-na.ssl-images-amazon.com\/images\/G\/01\/x-locale\/common\/grey-pixel.gif\" class=\"a-spacing-base a-lazy-loaded\" data-src=\"https:\/\/m.media-amazon.com\/images\/S\/aplus-media-library-service-media\/bc98e1d1-6e50-41c5-a747-064344278351.__CR0,0,3907,2417_PT0_SX970_V1___.jpg\"><img decoding=\"async\" alt=\"aragan dermactifs compl\u00e9ment alimentaire\" src=\"https:\/\/m.media-amazon.com\/images\/S\/aplus-media-library-service-media\/bc98e1d1-6e50-41c5-a747-064344278351.__CR0,0,3907,2417_PT0_SX970_V1___.jpg\">                                                                    <\/p>\n<p>                         Add To Basket  <\/p>\n<p>                         Add To Basket  <\/p>\n<p>                             Customer Reviews  <\/p>\n<p>                    4.6 out of 5 stars  14  <\/p>\n<p>                    4.6 out of 5 stars  41  <\/p>\n<p>                             Price  <\/p>\n<p>                                    \u20ac20.90\u20ac20.90                  \u20ac15.90\u20ac15.90                    <\/p>\n<p>                             Description<br \/>\n                                Pour un apport complet en vitamines               Pour le maintien d&#8217;une peau normale et prot\u00e9ger les cellules contre le stress oxydatif                    <\/p>\n<p>                             Actifs<br \/>\n                                Vitamine C Liposomale               Zinc Picolinate et Bisglynate, Vitamine B5, Vitamine B6                    <\/p>\n<p>                             Temps de prise<br \/>\n                                &#8220;1 \u00e0 2 g\u00e9lules par jour  Pendant 20 \u00e0 40 jours&#8221;               1 g\u00e9lule par jour pendant 60 jours                    <\/p>\n<p>                                                                             <img decoding=\"async\" alt=\"synergie aragan\" src=\"https:\/\/images-na.ssl-images-amazon.com\/images\/G\/01\/x-locale\/common\/grey-pixel.gif\" class=\"a-spacing-base a-lazy-loaded\" data-src=\"https:\/\/m.media-amazon.com\/images\/S\/aplus-media-library-service-media\/6b5b56cc-24a0-4cde-8599-c117c66f8b9e.__CR0,0,2021,1250_PT0_SX970_V1___.jpg\"><img decoding=\"async\" alt=\"synergie aragan\" src=\"https:\/\/m.media-amazon.com\/images\/S\/aplus-media-library-service-media\/6b5b56cc-24a0-4cde-8599-c117c66f8b9e.__CR0,0,2021,1250_PT0_SX970_V1___.jpg\">                                                                       <\/p>\n<p>                                                                             <img decoding=\"async\" alt=\"compl\u00e9ment alimentaire\" src=\"https:\/\/images-na.ssl-images-amazon.com\/images\/G\/01\/x-locale\/common\/grey-pixel.gif\" class=\"a-spacing-base a-lazy-loaded\" data-src=\"https:\/\/m.media-amazon.com\/images\/S\/aplus-media-library-service-media\/2a94093a-ec0f-46eb-a12e-35a452cafa77.__CR0,0,2021,1250_PT0_SX970_V1___.jpg\"><img decoding=\"async\" alt=\"compl\u00e9ment alimentaire\" src=\"https:\/\/m.media-amazon.com\/images\/S\/aplus-media-library-service-media\/2a94093a-ec0f-46eb-a12e-35a452cafa77.__CR0,0,2021,1250_PT0_SX970_V1___.jpg\">                                                                    <\/p>\n<p> Is discontinued by manufacturer                                            \u200f                                            :                                            \u200e                                            No   <br \/> Package Dimensions                                            \u200f                                            :                                            \u200e                                            11 x 7.6 x 2.4 cm; 40 g   <br \/> Manufacturer                                            \u200f                                            :                                            \u200e                                            SYNACTIFS   <br \/> ASIN                                            \u200f                                            :                                            \u200e                                            B01LDGQLLG   <br \/> Item model number                                            \u200f                                            :                                            \u200e                                            16262A   <br \/> Country of origin                                            \u200f                                            :                                            \u200e                                            France   <br \/>  Customer reviews:                                                                                            4.0               4.0 out of 5 stars                                  (36)                                              var dpAcrHasRegisteredArcLinkClickAction;                    P.when(&#8216;A&#8217;, &#8216;ready&#8217;).execute(function(A) {                        if (dpAcrHasRegisteredArcLinkClickAction !== true) {                            dpAcrHasRegisteredArcLinkClickAction = true;                            A.declarative(                                &#8216;acrLink-click-metrics&#8217;, &#8216;click&#8217;,                                { &#8220;allowLinkDefault&#8221;: true },                                function (event) {                                    if (window.ue) {                                        ue.count(&#8220;acrLinkClickCount&#8221;, (ue.count(&#8220;acrLinkClickCount&#8221;) || 0) + 1);                                    }                                }                            );                        }                    });                                             P.when(&#8216;A&#8217;, &#8216;cf&#8217;).execute(function(A) {                A.declarative(&#8216;acrStarsLink-click-metrics&#8217;, &#8216;click&#8217;, { &#8220;allowLinkDefault&#8221; : true },  function(event){                    if(window.ue) {                        ue.count(&#8220;acrStarsLinkWithPopoverClickCount&#8221;, (ue.count(&#8220;acrStarsLinkWithPopoverClickCount&#8221;) || 0) + 1);                    }                });            });                          <br \/>ANTI-AGING FOOD SUPPLEMENT: Aragan Dermactives dietary supplement helps prevent skin aging and protect cells from oxidative stress thanks to Japanese knotweed, borage oil, vitamin C and zinc. Its formula acts as a natural antioxidant that keeps your skin in shape.<br \/>A BRIGHT complexion: Our Dermactifs dietary supplement helps to give your skin a new youth and acts as an anti-aging and a natural antioxidant. Its natural formula consisting of borage oil, Japanese knotweed, vitamin C, zinc and copper has a favorable effect on the radiance of the complexion and is suitable for all age groups.<br \/>A COMPLEX OF RECOGNIZED ACTIVES: Japanese knotweed preserves the skin from signs of aging. It is combined with zinc, copper, rose and borage oil for a luminous effect on the complexion. Vitamin C will protect cells from oxidative stress. This complex acts as a natural antioxidant for your skin.<br \/>USE: The recommendation for the use of the dietary supplement Aragan Dermactives Anti-Age and Antioxidant based on borage oil, vitamin C, Japanese knotweed, zinc and copper is 1 to 2 capsules per day. Take with a glass of water. This pack contains 30 capsules, i.e. 15 days to 1 month of intake. Our Dermactifs food supplement is made in France in Vend\u00e9e.<br \/>TO DISCOVER IN CONNECTION WITH DERMACTIVES: you can combine DERMACTIVES with ZINCACTIVES to combat blemishes<\/p>\n\n","protected":false},"excerpt":{"rendered":"<p> Product Description L&#8217;expertise Aragan Nos complexes s&#8217;inspirent pour cela des m\u00e9canismes naturels du vivant alliant nutriments et souches microbiotiques. &gt; visuel de biomim\u00e9tique Add To Basket Add To Basket Customer Reviews 4.6 out of 5 stars 14 4.6 out of 5 stars 41 Price \u20ac20.90\u20ac20.90 \u20ac15.90\u20ac15.90 Description Pour un apport [&hellip;]<\/p>\n","protected":false},"featured_media":27569,"comment_status":"open","ping_status":"closed","template":"","meta":{"_gspb_post_css":"","om_disable_all_campaigns":false,"_monsterinsights_skip_tracking":false,"_monsterinsights_sitenote_active":false,"_monsterinsights_sitenote_note":"","_monsterinsights_sitenote_category":0},"store":[],"product_brand":[],"product_cat":[140],"product_tag":[188,3878,223,2543,237,198,3270,6848,199,187,5969,243,200,178,172],"class_list":{"0":"post-27568","1":"product","2":"type-product","3":"status-publish","4":"has-post-thumbnail","6":"product_cat-huiles-de-bourrache-onagre","7":"product_tag-acid","8":"product_tag-antiageing","9":"product_tag-antioxidant","10":"product_tag-aragan","11":"product_tag-borage","12":"product_tag-capsules","13":"product_tag-complexion","14":"product_tag-dermactifs","15":"product_tag-food","16":"product_tag-hyaluronic","17":"product_tag-luminous","18":"product_tag-oil","19":"product_tag-supplement","20":"product_tag-vitamin","21":"product_tag-zinc","23":"first","24":"instock","25":"shipping-taxable","26":"product-type-external"},"aioseo_notices":[],"jetpack_sharing_enabled":true,"_links":{"self":[{"href":"https:\/\/www.zolattitude.com\/index.php\/wp-json\/wp\/v2\/product\/27568","targetHints":{"allow":["GET"]}}],"collection":[{"href":"https:\/\/www.zolattitude.com\/index.php\/wp-json\/wp\/v2\/product"}],"about":[{"href":"https:\/\/www.zolattitude.com\/index.php\/wp-json\/wp\/v2\/types\/product"}],"replies":[{"embeddable":true,"href":"https:\/\/www.zolattitude.com\/index.php\/wp-json\/wp\/v2\/comments?post=27568"}],"wp:featuredmedia":[{"embeddable":true,"href":"https:\/\/www.zolattitude.com\/index.php\/wp-json\/wp\/v2\/media\/27569"}],"wp:attachment":[{"href":"https:\/\/www.zolattitude.com\/index.php\/wp-json\/wp\/v2\/media?parent=27568"}],"wp:term":[{"taxonomy":"store","embeddable":true,"href":"https:\/\/www.zolattitude.com\/index.php\/wp-json\/wp\/v2\/store?post=27568"},{"taxonomy":"product_brand","embeddable":true,"href":"https:\/\/www.zolattitude.com\/index.php\/wp-json\/wp\/v2\/product_brand?post=27568"},{"taxonomy":"product_cat","embeddable":true,"href":"https:\/\/www.zolattitude.com\/index.php\/wp-json\/wp\/v2\/product_cat?post=27568"},{"taxonomy":"product_tag","embeddable":true,"href":"https:\/\/www.zolattitude.com\/index.php\/wp-json\/wp\/v2\/product_tag?post=27568"}],"curies":[{"name":"wp","href":"https:\/\/api.w.org\/{rel}","templated":true}]}}