{"id":27599,"date":"2026-04-13T23:20:54","date_gmt":"2026-04-13T23:20:54","guid":{"rendered":"https:\/\/www.zolattitude.com\/index.php\/product\/bioxcin-collagen-biotin-volume-conditioner-250-ml-strengthening-conditioner-for-fine-and-fine-hair-hair-thickening-volume-with-hydrolyzed-collagen-and-biotin\/"},"modified":"2026-04-13T23:20:54","modified_gmt":"2026-04-13T23:20:54","slug":"bioxcin-collagen-biotin-volume-conditioner-250-ml-strengthening-conditioner-for-fine-and-fine-hair-hair-thickening-volume-with-hydrolyzed-collagen-and-biotin","status":"publish","type":"product","link":"https:\/\/www.zolattitude.com\/index.php\/product\/bioxcin-collagen-biotin-volume-conditioner-250-ml-strengthening-conditioner-for-fine-and-fine-hair-hair-thickening-volume-with-hydrolyzed-collagen-and-biotin\/","title":{"rendered":"Bioxcin COLLAGEN &#038; BIOTIN Volume Conditioner 250 ml &#8211; Strengthening Conditioner for Fine and Fine Hair &#8211; Hair Thickening &#038; Volume with Hydrolyzed Collagen and Biotin"},"content":{"rendered":"<p>Price: <span style=\"color:#b12704\"><\/span><br \/><i><small>(as of  &#8211; <span class=\"wp_automatic_amazon_disclaimer\" title=\"Product prices and availability are accurate as of the date\/time indicated and are subject to change. Any price and availability information displayed on [relevant Amazon Site(s), as applicable] at the time of purchase will apply to the purchase of this product.\">Details<\/span>)<\/small><\/i><br \/><a href=\"https:\/\/amazon.fr\/dp\/B0G2N4C7GY?tag=onamzmoukoubl-21\"><img decoding=\"async\" src=\"https:\/\/valvepress.s3.amazonaws.com\/imgs\/buy_now.png\"><\/a><br \/>\n<\/p>\n<p>                                             Product Description   <\/p>\n<h3 class=\"a-spacing-mini\"> Bioxcin Collag\u00e8ne &amp; Biotine Serie <\/h3>\n<p>                                          <img decoding=\"async\" alt=\"aplus content image\" src=\"https:\/\/images-na.ssl-images-amazon.com\/images\/G\/01\/x-locale\/common\/grey-pixel.gif\" class=\"a-spacing-base a-lazy-loaded\" data-src=\"https:\/\/m.media-amazon.com\/images\/S\/aplus-media-library-service-media\/1a288f32-2a3c-4710-a0d7-507651fb759e.__CR0,9,2415,1494_PT0_SX970_V1___.jpg\"><img decoding=\"async\" alt=\"aplus content image\" src=\"https:\/\/m.media-amazon.com\/images\/S\/aplus-media-library-service-media\/1a288f32-2a3c-4710-a0d7-507651fb759e.__CR0,9,2415,1494_PT0_SX970_V1___.jpg\">                                                                    <\/p>\n<p>                                                                             <img decoding=\"async\" alt=\"Le texte indique \u00ab S\u00c9RIE COLLAG\u00c8NE ET BIOTINE \u00bb et \u00ab VOLUMENREDUZIERENDE FORMEL \u00bb. Pr\u00e9sentoir du produit montrant des bouteilles de produits capillaires de couleur violette sur fond rose.\" src=\"https:\/\/images-na.ssl-images-amazon.com\/images\/G\/01\/x-locale\/common\/grey-pixel.gif\" class=\"a-spacing-base a-lazy-loaded\" data-src=\"https:\/\/m.media-amazon.com\/images\/S\/aplus-media-library-service-media\/7e42501a-f1cf-4dac-9ebf-5e43e1980014.__CR134,0,2483,1536_PT0_SX970_V1___.jpg\"><img decoding=\"async\" alt=\"Le texte indique \u00ab S\u00c9RIE COLLAG\u00c8NE ET BIOTINE \u00bb et \u00ab VOLUMENREDUZIERENDE FORMEL \u00bb. Pr\u00e9sentoir du produit montrant des bouteilles de produits capillaires de couleur violette sur fond rose.\" src=\"https:\/\/m.media-amazon.com\/images\/S\/aplus-media-library-service-media\/7e42501a-f1cf-4dac-9ebf-5e43e1980014.__CR134,0,2483,1536_PT0_SX970_V1___.jpg\">                                                                       <\/p>\n<p>                                                                             <img decoding=\"async\" alt=\"Gamme de produits de flacons et de contenants de soins de la peau violets et dor\u00e9s de la collection \u00ab Biotin Collagen &amp;amp; Biotin \u00bb. Plusieurs variantes de produits affich\u00e9es dans le format d&amp;#39;affichage de vente au d\u00e9tail.\" src=\"https:\/\/images-na.ssl-images-amazon.com\/images\/G\/01\/x-locale\/common\/grey-pixel.gif\" class=\"a-spacing-base a-lazy-loaded\" data-src=\"https:\/\/m.media-amazon.com\/images\/S\/aplus-media-library-service-media\/144b34b1-5fce-464f-b6c1-0f995f95bca5.__CR134,0,2483,1536_PT0_SX970_V1___.jpg\"><img decoding=\"async\" alt=\"Gamme de produits de flacons et de contenants de soins de la peau violets et dor\u00e9s de la collection \u00ab Biotin Collagen &amp;amp; Biotin \u00bb. Plusieurs variantes de produits affich\u00e9es dans le format d&amp;#39;affichage de vente au d\u00e9tail.\" src=\"https:\/\/m.media-amazon.com\/images\/S\/aplus-media-library-service-media\/144b34b1-5fce-464f-b6c1-0f995f95bca5.__CR134,0,2483,1536_PT0_SX970_V1___.jpg\">                                                                    <\/p>\n<p>                                                                             <img decoding=\"async\" alt=\"Le texte se lit comme suit : \u00ab %97 DAHA FAZLA NEME KAR\u015eI \u00bb, \u00ab %98 DAHA G\u00dc\u00c7L\u00dc NEM F\u00dcLLE \u00bb, \u00ab %98 GEGEN MEHR VOLUMEN \u00bb, \u00ab %99 L\u00c4NGER HALTENDE RICHTIGE WIMPER \u00bb. Mise en page de la publicit\u00e9 du produit avec des images de produits cosm\u00e9tiques ci-dessous.\" src=\"https:\/\/images-na.ssl-images-amazon.com\/images\/G\/01\/x-locale\/common\/grey-pixel.gif\" class=\"a-spacing-base a-lazy-loaded\" data-src=\"https:\/\/m.media-amazon.com\/images\/S\/aplus-media-library-service-media\/bd9f4290-2016-4873-958d-3a8d57e3127e.__CR134,0,2483,1536_PT0_SX970_V1___.jpg\"><img decoding=\"async\" alt=\"Le texte se lit comme suit : \u00ab %97 DAHA FAZLA NEME KAR\u015eI \u00bb, \u00ab %98 DAHA G\u00dc\u00c7L\u00dc NEM F\u00dcLLE \u00bb, \u00ab %98 GEGEN MEHR VOLUMEN \u00bb, \u00ab %99 L\u00c4NGER HALTENDE RICHTIGE WIMPER \u00bb. Mise en page de la publicit\u00e9 du produit avec des images de produits cosm\u00e9tiques ci-dessous.\" src=\"https:\/\/m.media-amazon.com\/images\/S\/aplus-media-library-service-media\/bd9f4290-2016-4873-958d-3a8d57e3127e.__CR134,0,2483,1536_PT0_SX970_V1___.jpg\">                                                                    <\/p>\n<p>                         Add To Basket  <\/p>\n<p>                         Add To Basket  <\/p>\n<p>                         Add To Basket  <\/p>\n<p>                         Add To Basket  <\/p>\n<p>                             Customer Reviews  <\/p>\n<p>                    4.4 out of 5 stars  603  <\/p>\n<p>                    4.5 out of 5 stars  10  <\/p>\n<p>                    4.4 out of 5 stars  37  <\/p>\n<p>                \u2014               <\/p>\n<p>                             Price  <\/p>\n<p>                                    \u20ac10.52\u20ac10.52                  \u20ac12.02\u20ac12.02                  \u20ac12.06\u20ac12.06                  \u20ac9.95\u20ac9.95              <\/p>\n<p>                             Type de produit :<br \/>\n                                Shampoing               Apr\u00e8s-shampoing               Rin\u00e7age liquide               S\u00e9rum capillaire              <\/p>\n<p> Product Dimensions                                            \u200f                                            :                                            \u200e                                            20 x 7 x 4 cm; 250 g   <br \/> Manufacturer                                            \u200f                                            :                                            \u200e                                            Biota Laboratories GmbH   <br \/> ASIN                                            \u200f                                            :                                            \u200e                                            B0G2N4C7GY   <br \/>  Customer reviews:                                                                                            4.5               4.5 out of 5 stars                                  (10)                                              var dpAcrHasRegisteredArcLinkClickAction;                    P.when(&#8216;A&#8217;, &#8216;ready&#8217;).execute(function(A) {                        if (dpAcrHasRegisteredArcLinkClickAction !== true) {                            dpAcrHasRegisteredArcLinkClickAction = true;                            A.declarative(                                &#8216;acrLink-click-metrics&#8217;, &#8216;click&#8217;,                                { &#8220;allowLinkDefault&#8221;: true },                                function (event) {                                    if (window.ue) {                                        ue.count(&#8220;acrLinkClickCount&#8221;, (ue.count(&#8220;acrLinkClickCount&#8221;) || 0) + 1);                                    }                                }                            );                        }                    });                                             P.when(&#8216;A&#8217;, &#8216;cf&#8217;).execute(function(A) {                A.declarative(&#8216;acrStarsLink-click-metrics&#8217;, &#8216;click&#8217;, { &#8220;allowLinkDefault&#8221; : true },  function(event){                    if(window.ue) {                        ue.count(&#8220;acrStarsLinkWithPopoverClickCount&#8221;, (ue.count(&#8220;acrStarsLinkWithPopoverClickCount&#8221;) || 0) + 1);                    }                });            });                          <br \/>MORE VOLUME AND IMMEDIATE FILLING &#8211; Specially designed for fine hair without strength. Hydrolyzed Collagen and Bio-Active Peptides thicken and strengthen the hair structure for visibly fuller hair.<br \/>DEEP NUTRIENTS &#8211; Enriched with biotin (vitamin B7) and collagen for intensive hair root care and to improve hair strength. Promotes a healthy and shiny appearance.<br \/>Helps fight hair loss: the patented BioComplex B11 (based on chamomile, nettle, yarrow, etc.) helps strengthen hair follicles and can thus fight hair breakage and hair loss related to installation.<br \/>Softness &#038; Shine &#8211; The conditioner improves hair structure, ensures easy detangling and gives hair a bright, healthy shine without weighing it down.<br \/>DERMATOLOGICALLY TESTED: Suitable for all hair types, especially recommended for fine and fine hair. pH neutral for skin and hair for gentle daily use. 250 ml bottle.<\/p>\n\n","protected":false},"excerpt":{"rendered":"<p> Product Description Bioxcin Collag\u00e8ne &amp; Biotine Serie Add To Basket Add To Basket Add To Basket Add To Basket Customer Reviews 4.4 out of 5 stars 603 4.5 out of 5 stars 10 4.4 out of 5 stars 37 \u2014 Price \u20ac10.52\u20ac10.52 \u20ac12.02\u20ac12.02 \u20ac12.06\u20ac12.06 \u20ac9.95\u20ac9.95 Type de produit : Shampoing [&hellip;]<\/p>\n","protected":false},"featured_media":27600,"comment_status":"open","ping_status":"closed","template":"","meta":{"_gspb_post_css":"","om_disable_all_campaigns":false,"_monsterinsights_skip_tracking":false,"_monsterinsights_sitenote_active":false,"_monsterinsights_sitenote_note":"","_monsterinsights_sitenote_category":0},"store":[],"product_brand":[],"product_cat":[137],"product_tag":[170,6858,168,2371,4374,175,881,1458,6859,1720],"class_list":{"0":"post-27599","1":"product","2":"type-product","3":"status-publish","4":"has-post-thumbnail","6":"product_cat-collagene-biotine","7":"product_tag-biotin","8":"product_tag-bioxcin","9":"product_tag-collagen","10":"product_tag-conditioner","11":"product_tag-fine","12":"product_tag-hair","13":"product_tag-hydrolyzed","14":"product_tag-strengthening","15":"product_tag-thickening","16":"product_tag-volume","18":"first","19":"instock","20":"shipping-taxable","21":"product-type-simple"},"aioseo_notices":[],"jetpack_sharing_enabled":true,"_links":{"self":[{"href":"https:\/\/www.zolattitude.com\/index.php\/wp-json\/wp\/v2\/product\/27599","targetHints":{"allow":["GET"]}}],"collection":[{"href":"https:\/\/www.zolattitude.com\/index.php\/wp-json\/wp\/v2\/product"}],"about":[{"href":"https:\/\/www.zolattitude.com\/index.php\/wp-json\/wp\/v2\/types\/product"}],"replies":[{"embeddable":true,"href":"https:\/\/www.zolattitude.com\/index.php\/wp-json\/wp\/v2\/comments?post=27599"}],"wp:featuredmedia":[{"embeddable":true,"href":"https:\/\/www.zolattitude.com\/index.php\/wp-json\/wp\/v2\/media\/27600"}],"wp:attachment":[{"href":"https:\/\/www.zolattitude.com\/index.php\/wp-json\/wp\/v2\/media?parent=27599"}],"wp:term":[{"taxonomy":"store","embeddable":true,"href":"https:\/\/www.zolattitude.com\/index.php\/wp-json\/wp\/v2\/store?post=27599"},{"taxonomy":"product_brand","embeddable":true,"href":"https:\/\/www.zolattitude.com\/index.php\/wp-json\/wp\/v2\/product_brand?post=27599"},{"taxonomy":"product_cat","embeddable":true,"href":"https:\/\/www.zolattitude.com\/index.php\/wp-json\/wp\/v2\/product_cat?post=27599"},{"taxonomy":"product_tag","embeddable":true,"href":"https:\/\/www.zolattitude.com\/index.php\/wp-json\/wp\/v2\/product_tag?post=27599"}],"curies":[{"name":"wp","href":"https:\/\/api.w.org\/{rel}","templated":true}]}}