{"id":27622,"date":"2026-04-13T23:59:50","date_gmt":"2026-04-13T23:59:50","guid":{"rendered":"https:\/\/www.zolattitude.com\/index.php\/product\/pure-encapsulations-magnesium-energy-sport-formula-magnesium-bisglycinate-and-citrate-with-taurine-and-vitamin-b12-fatigue-and-energy-muscle-support-food-supplement-60-capsules\/"},"modified":"2026-04-14T00:00:00","modified_gmt":"2026-04-14T00:00:00","slug":"pure-encapsulations-magnesium-energy-sport-formula-magnesium-bisglycinate-and-citrate-with-taurine-and-vitamin-b12-fatigue-and-energy-muscle-support-food-supplement-60-capsules","status":"publish","type":"product","link":"https:\/\/www.zolattitude.com\/index.php\/product\/pure-encapsulations-magnesium-energy-sport-formula-magnesium-bisglycinate-and-citrate-with-taurine-and-vitamin-b12-fatigue-and-energy-muscle-support-food-supplement-60-capsules\/","title":{"rendered":"Pure Encapsulations &#8211; Magnesium Energy &#8211; Sport Formula &#8211; Magnesium Bisglycinate and Citrate with Taurine and Vitamin B12 &#8211; Fatigue and Energy &#8211; Muscle Support &#8211; Food Supplement &#8211; 60 capsules"},"content":{"rendered":"<p>Price: <span style=\"color:#b12704\">\u20ac19.90<\/span><br \/><i><small>(as of Apr 13, 2026 23:59:50 UTC &#8211; <span class=\"wp_automatic_amazon_disclaimer\" title=\"Product prices and availability are accurate as of the date\/time indicated and are subject to change. Any price and availability information displayed on [relevant Amazon Site(s), as applicable] at the time of purchase will apply to the purchase of this product.\">Details<\/span>)<\/small><\/i><br \/><a href=\"https:\/\/amazon.fr\/dp\/B00QZC72M6?tag=onamzmoukoubl-21\"><img decoding=\"async\" src=\"https:\/\/valvepress.s3.amazonaws.com\/imgs\/buy_now.png\"><\/a><br \/>\n<\/p>\n<p>                                             Product Description   <\/p>\n<p>                                                  <img decoding=\"async\" alt=\"Image1\" src=\"https:\/\/images-na.ssl-images-amazon.com\/images\/G\/01\/x-locale\/common\/grey-pixel.gif\" class=\"a-lazy-loaded\" data-src=\"https:\/\/m.media-amazon.com\/images\/S\/aplus-media-library-service-media\/7fecefe2-3f9a-4f3b-ba69-75b6020d151f.__CR0,0,1940,600_PT0_SX970_V1___.jpg\"><img decoding=\"async\" alt=\"Image1\" src=\"https:\/\/m.media-amazon.com\/images\/S\/aplus-media-library-service-media\/7fecefe2-3f9a-4f3b-ba69-75b6020d151f.__CR0,0,1940,600_PT0_SX970_V1___.jpg\">  <\/p>\n<p>                                                                             <img decoding=\"async\" alt=\"Image1\" src=\"https:\/\/images-na.ssl-images-amazon.com\/images\/G\/01\/x-locale\/common\/grey-pixel.gif\" class=\"a-spacing-base a-lazy-loaded\" data-src=\"https:\/\/m.media-amazon.com\/images\/S\/aplus-media-library-service-media\/828556fd-f544-455c-b065-1e37ea90f32b.__CR0,0,1940,1200_PT0_SX970_V1___.jpg\"><img decoding=\"async\" alt=\"Image1\" src=\"https:\/\/m.media-amazon.com\/images\/S\/aplus-media-library-service-media\/828556fd-f544-455c-b065-1e37ea90f32b.__CR0,0,1940,1200_PT0_SX970_V1___.jpg\">                                                                     <\/p>\n<p class=\"a-spacing-base\"> L&#8217;\u00e9nergie est n\u00e9cessaire \u00e0 tous les aspects de la vie quotidienne &#8230; des mouvements physiques aux fonctions vitales de base telles que le m\u00e9tabolisme des nutriments et la respiration, ainsi que l&#8217;endurance mentale. Elle est produite dans les cellules sous forme d&#8217;ATP, l&#8217;ad\u00e9nosine triphosphate, par les mitochondries. Un soutien \u00e9nerg\u00e9tique peut \u00eatre propos\u00e9 sous forme de cofacteurs nutritifs pour la production d&#8217;\u00e9nergie mitochondriale et\/ou de plantes adaptog\u00e8nes pour favoriser un large \u00e9quilibre physiologique. Cette cat\u00e9gorie propose une gamme de produits destin\u00e9s \u00e0 soutenir la production d&#8217;\u00e9nergie, la r\u00e9ponse de l&#8217;organisme au stress occasionnel, la fonction surr\u00e9nalienne et thyro\u00efdienne, ainsi que les performances sportives, l&#8217;endurance et la r\u00e9cup\u00e9ration. <\/p>\n<p>                                                  <img decoding=\"async\" alt=\"une bouteille d&amp;#39;\u00e9nergie purifi\u00e9e \u00e0 c\u00f4t\u00e9 d&amp;#39;un robinet.\" src=\"https:\/\/images-na.ssl-images-amazon.com\/images\/G\/01\/x-locale\/common\/grey-pixel.gif\" class=\"a-lazy-loaded\" data-src=\"https:\/\/m.media-amazon.com\/images\/S\/aplus-media-library-service-media\/b9290e3e-b2ad-4ef5-8217-cc838345e887.__CR0,0,1940,600_PT0_SX970_V1___.jpg\"><img decoding=\"async\" alt=\"une bouteille d&amp;#39;\u00e9nergie purifi\u00e9e \u00e0 c\u00f4t\u00e9 d&amp;#39;un robinet.\" src=\"https:\/\/m.media-amazon.com\/images\/S\/aplus-media-library-service-media\/b9290e3e-b2ad-4ef5-8217-cc838345e887.__CR0,0,1940,600_PT0_SX970_V1___.jpg\">  <\/p>\n<p class=\"apm-text-center\">\n                                                      <img decoding=\"async\" alt=\"Image1\" src=\"https:\/\/images-na.ssl-images-amazon.com\/images\/G\/01\/x-locale\/common\/grey-pixel.gif\" class=\"a-spacing-mini a-lazy-loaded\" data-src=\"https:\/\/m.media-amazon.com\/images\/S\/aplus-media-library-service-media\/5e12b080-57c9-40e6-b4d8-bc2490297c7e.__CR0,0,600,600_PT0_SX300_V1___.jpg\"><\/p>\n<p><img decoding=\"async\" alt=\"Image1\" src=\"https:\/\/m.media-amazon.com\/images\/S\/aplus-media-library-service-media\/5e12b080-57c9-40e6-b4d8-bc2490297c7e.__CR0,0,600,600_PT0_SX300_V1___.jpg\"><br \/>\n                                                    Ingr\u00e9dients Purs                                       <\/p>\n<p> Pure Encapsulations est la marque de compl\u00e9ments alimentaires professionnels la plus recommand\u00e9e par les professionnels de la sant\u00e9 en termes de qualit\u00e9 et de confiance.1 Ce ne sont pas seulement le processus et le contenu de nos compl\u00e9ments qui nous rendent diff\u00e9rents, mais aussi ce que nous choisissons de ne pas y mettre. <\/p>\n<p> Les suppl\u00e9ments Pure Encapsulations sont sans ajout d\u2019additifs non essentiels ou soumis \u00e0 caution qui pourraient interf\u00e9rer avec l&#8217;absorption des nutriments. Chaque produit est soigneusement \u00e9labor\u00e9 et test\u00e9 pour s&#8217;assurer qu&#8217;il est exempt d&#8217;allerg\u00e8nes courants. <\/p>\n<p> 1. Selon des professionnels de la sant\u00e9 aux \u00c9tats-Unis, en incluant les marques impliqu\u00e9es dans l\u2019interview, Nutrition Business Journal 2016, 2020; Kaiser Associates 2014. <\/p>\n<p class=\"apm-text-center\">\n                                                      <img decoding=\"async\" alt=\"deux scientifiques travaillant ensemble dans un laboratoire\" src=\"https:\/\/images-na.ssl-images-amazon.com\/images\/G\/01\/x-locale\/common\/grey-pixel.gif\" class=\"a-spacing-mini a-lazy-loaded\" data-src=\"https:\/\/m.media-amazon.com\/images\/S\/aplus-media-library-service-media\/de4c76ba-31cd-48b9-bc5f-f8cc4b56d70e.__CR0,0,600,600_PT0_SX300_V1___.jpg\"><\/p>\n<p><img decoding=\"async\" alt=\"deux scientifiques travaillant ensemble dans un laboratoire\" src=\"https:\/\/m.media-amazon.com\/images\/S\/aplus-media-library-service-media\/de4c76ba-31cd-48b9-bc5f-f8cc4b56d70e.__CR0,0,600,600_PT0_SX300_V1___.jpg\"><br \/>\n                                                    Processus de Qualit\u00e9 Pure                                       <\/p>\n<p> Notre objectif est de fabriquer et de distribuer chaque jour la gamme la plus qualitative de compl\u00e9ments alimentaires professionnels pour que les praticiens du monde entier puissent aider leurs patients \u00e0 devenir la version la plus saine d&#8217;eux-m\u00eames. <\/p>\n<p> C&#8217;est pourquoi nous suivons des normes intransigeantes \u00e0 chaque \u00e9tape de notre Processus de Qualit\u00e9 Pure : de la conception de nos produits avec des experts m\u00e9dicaux \u00e0 l&#8217;approvisionnement des ingr\u00e9dients les plus purs, en passant par l&#8217;application des proc\u00e9dures de fabrication et de test les plus rigoureuses possibles jusqu&#8217;\u00e0 la livraison d&#8217;une qualit\u00e9 100% transparente. <\/p>\n<p class=\"apm-text-center\">\n                                                      <img decoding=\"async\" alt=\"une main tenant un globe vert\" src=\"https:\/\/images-na.ssl-images-amazon.com\/images\/G\/01\/x-locale\/common\/grey-pixel.gif\" class=\"a-spacing-mini a-lazy-loaded\" data-src=\"https:\/\/m.media-amazon.com\/images\/S\/aplus-media-library-service-media\/7520c732-c5ab-4be9-bdd5-a2d00107eca2.__CR0,0,600,600_PT0_SX300_V1___.jpg\"><\/p>\n<p><img decoding=\"async\" alt=\"une main tenant un globe vert\" src=\"https:\/\/m.media-amazon.com\/images\/S\/aplus-media-library-service-media\/7520c732-c5ab-4be9-bdd5-a2d00107eca2.__CR0,0,600,600_PT0_SX300_V1___.jpg\"><br \/>\n                                                    Une Qualit\u00e9 Durable                                       <\/p>\n<p> Pure Encapsulations a \u00e9t\u00e9 cr\u00e9\u00e9 avec le plus pur des sentiments et un d\u00e9sir d\u2019 am\u00e9liorer le bien-\u00eatre des autres. Cet engagement sinc\u00e8re s&#8217;\u00e9tend maintenant \u00e0 la plan\u00e8te dans le cadre de notre d\u00e9vouement permanent \u00e0 un avenir plus durable, puisque nous continuons \u00e0 soutenir des organisations formidables qui m\u00e8nent la charge pour un avenir plus vert. <\/p>\n<p> Package Dimensions                                            \u200f                                            :                                            \u200e                                            9.9 x 5.3 x 5.1 cm; 92.9 g   <br \/> Manufacturer                                            \u200f                                            :                                            \u200e                                            Pure Encapsulations   <br \/> ASIN                                            \u200f                                            :                                            \u200e                                            B00QZC72M6   <br \/> Item model number                                            \u200f                                            :                                            \u200e                                            GBL-567   <br \/> Country of origin                                            \u200f                                            :                                            \u200e                                            USA   <br \/>  Customer reviews:                                                                                            5.0               5.0 out of 5 stars                                  (2)                                              var dpAcrHasRegisteredArcLinkClickAction;                    P.when(&#8216;A&#8217;, &#8216;ready&#8217;).execute(function(A) {                        if (dpAcrHasRegisteredArcLinkClickAction !== true) {                            dpAcrHasRegisteredArcLinkClickAction = true;                            A.declarative(                                &#8216;acrLink-click-metrics&#8217;, &#8216;click&#8217;,                                { &#8220;allowLinkDefault&#8221;: true },                                function (event) {                                    if (window.ue) {                                        ue.count(&#8220;acrLinkClickCount&#8221;, (ue.count(&#8220;acrLinkClickCount&#8221;) || 0) + 1);                                    }                                }                            );                        }                    });                                             P.when(&#8216;A&#8217;, &#8216;cf&#8217;).execute(function(A) {                A.declarative(&#8216;acrStarsLink-click-metrics&#8217;, &#8216;click&#8217;, { &#8220;allowLinkDefault&#8221; : true },  function(event){                    if(window.ue) {                        ue.count(&#8220;acrStarsLinkWithPopoverClickCount&#8221;, (ue.count(&#8220;acrStarsLinkWithPopoverClickCount&#8221;) || 0) + 1);                    }                });            });                          <br \/>Energy, Vitality: Magnesium is involved in many metabolic processes, it contributes to the maintenance of electrolyte balance and plays a role in energy metabolism. It also helps reduce physical and mental fatigue<br \/>Active Ingredients: Contains magnesium in 2 highly assimilable forms, citrate and glycinate, which makes it particularly suitable for sports. Magnesium and vitamin B12 help reduce fatigue<br \/>Magnesium Energy Pure Encapsulations &#8211; Magnesium contributes to normal muscle function and to maintaining electrolyte balance. Sodium bicarbonate will help compensate for sodium lost during exercise<br \/>Pure Ingredients: Pure Encapsulations develops high-quality nutritional supplements without non-essential additives, and has been guaranteeing for over 30 years the intake of micronutrients to the optimal absorption and tolerance for all<br \/>Vegetarian, Vegan and Just the Essential: Our food supplements are FREE of magnesium stearate, coating, flavors, colours, artificial sweeteners, gluten and lactose<\/p>\n\n","protected":false},"excerpt":{"rendered":"<p> Product Description L&#8217;\u00e9nergie est n\u00e9cessaire \u00e0 tous les aspects de la vie quotidienne &#8230; des mouvements physiques aux fonctions vitales de base telles que le m\u00e9tabolisme des nutriments et la respiration, ainsi que l&#8217;endurance mentale. Elle est produite dans les cellules sous forme d&#8217;ATP, l&#8217;ad\u00e9nosine triphosphate, par les mitochondries. Un [&hellip;]<\/p>\n","protected":false},"featured_media":27623,"comment_status":"open","ping_status":"closed","template":"","meta":{"_gspb_post_css":"","om_disable_all_campaigns":false,"_monsterinsights_skip_tracking":false,"_monsterinsights_sitenote_active":false,"_monsterinsights_sitenote_note":"","_monsterinsights_sitenote_category":0},"store":[],"product_brand":[],"product_cat":[152],"product_tag":[1022,293,198,2475,6368,289,270,199,543,287,1403,213,787,200,1238,1279,178],"class_list":{"0":"post-27622","1":"product","2":"type-product","3":"status-publish","4":"has-post-thumbnail","6":"product_cat-magnesium-marin","7":"product_tag-b12","8":"product_tag-bisglycinate","9":"product_tag-capsules","10":"product_tag-citrate","11":"product_tag-encapsulations","12":"product_tag-energy","13":"product_tag-fatigue","14":"product_tag-food","15":"product_tag-formula","16":"product_tag-magnesium","17":"product_tag-muscle","18":"product_tag-pure","19":"product_tag-sport","20":"product_tag-supplement","21":"product_tag-support","22":"product_tag-taurine","23":"product_tag-vitamin","25":"first","26":"instock","27":"shipping-taxable","28":"product-type-external"},"aioseo_notices":[],"jetpack_sharing_enabled":true,"_links":{"self":[{"href":"https:\/\/www.zolattitude.com\/index.php\/wp-json\/wp\/v2\/product\/27622","targetHints":{"allow":["GET"]}}],"collection":[{"href":"https:\/\/www.zolattitude.com\/index.php\/wp-json\/wp\/v2\/product"}],"about":[{"href":"https:\/\/www.zolattitude.com\/index.php\/wp-json\/wp\/v2\/types\/product"}],"replies":[{"embeddable":true,"href":"https:\/\/www.zolattitude.com\/index.php\/wp-json\/wp\/v2\/comments?post=27622"}],"wp:featuredmedia":[{"embeddable":true,"href":"https:\/\/www.zolattitude.com\/index.php\/wp-json\/wp\/v2\/media\/27623"}],"wp:attachment":[{"href":"https:\/\/www.zolattitude.com\/index.php\/wp-json\/wp\/v2\/media?parent=27622"}],"wp:term":[{"taxonomy":"store","embeddable":true,"href":"https:\/\/www.zolattitude.com\/index.php\/wp-json\/wp\/v2\/store?post=27622"},{"taxonomy":"product_brand","embeddable":true,"href":"https:\/\/www.zolattitude.com\/index.php\/wp-json\/wp\/v2\/product_brand?post=27622"},{"taxonomy":"product_cat","embeddable":true,"href":"https:\/\/www.zolattitude.com\/index.php\/wp-json\/wp\/v2\/product_cat?post=27622"},{"taxonomy":"product_tag","embeddable":true,"href":"https:\/\/www.zolattitude.com\/index.php\/wp-json\/wp\/v2\/product_tag?post=27622"}],"curies":[{"name":"wp","href":"https:\/\/api.w.org\/{rel}","templated":true}]}}