{"id":27648,"date":"2026-04-14T00:52:12","date_gmt":"2026-04-14T00:52:12","guid":{"rendered":"https:\/\/www.zolattitude.com\/index.php\/product\/acai-poster-en-metal-vintage-pour-pub-club-cafe-bar-maison-decoration-murale-retro-20-x-30-cm\/"},"modified":"2026-04-14T00:52:21","modified_gmt":"2026-04-14T00:52:21","slug":"acai-poster-en-metal-vintage-pour-pub-club-cafe-bar-maison-decoration-murale-retro-20-x-30-cm","status":"publish","type":"product","link":"https:\/\/www.zolattitude.com\/index.php\/product\/acai-poster-en-metal-vintage-pour-pub-club-cafe-bar-maison-decoration-murale-retro-20-x-30-cm\/","title":{"rendered":"A\u00e7a\u00ed Poster en m\u00e9tal vintage pour pub, club, caf\u00e9, bar, maison, d\u00e9coration murale r\u00e9tro 20 x 30 cm"},"content":{"rendered":"<p>Price: <span style=\"color:#b12704\">\u20ac20.61<\/span><br \/><i><small>(as of Apr 14, 2026 00:52:12 UTC &#8211; <span class=\"wp_automatic_amazon_disclaimer\" title=\"Product prices and availability are accurate as of the date\/time indicated and are subject to change. Any price and availability information displayed on [relevant Amazon Site(s), as applicable] at the time of purchase will apply to the purchase of this product.\">Details<\/span>)<\/small><\/i><br \/><a href=\"https:\/\/amazon.fr\/dp\/B0GDQFBDZK?tag=onamzmoukoubl-21\"><img decoding=\"async\" src=\"https:\/\/valvepress.s3.amazonaws.com\/imgs\/buy_now.png\"><\/a><br \/>\n<br \/>\n    <span>Notre plaque en m\u00e9tal est fabriqu\u00e9e en m\u00e9tal de qualit\u00e9 sup\u00e9rieure (fer, \u00e9tain). Dimensions : 20 x 30 cm. <br \/>Poids : 120-150 g. Le produit est perfor\u00e9 et peut \u00eatre accroch\u00e9 avec des clous o\u00f9 vous le souhaitez. Ce produit a les caract\u00e9ristiques de r\u00e9sistance \u00e0 la lumi\u00e8re, facile \u00e0 nettoyer, tendance et r\u00e9tro, avec des marques de rouille et une surface lisse. <br \/>Nos plaques en m\u00e9tal sont durables et artistiques. Peut \u00eatre utilis\u00e9 pour d\u00e9corer la cuisine, le salon, la chambre, la salle \u00e0 manger, le jardin, la ferme, le bureau, un bar, un caf\u00e9, un club. Il peut \u00e9galement \u00eatre un cadeau pour un anniversaire, un mariage, une nouvelle maison, une f\u00eate de famille, un anniversaire, No\u00ebl, P\u00e2ques, la Saint-Valentin. Peut \u00e9galement \u00eatre utilis\u00e9 comme panneau d&#8217;avertissement dans les lieux publics. <br \/>Notre plaque en m\u00e9tal vintage est emball\u00e9e dans du cellophane de protection et exp\u00e9di\u00e9e dans une bo\u00eete en carton pour \u00e9viter qu&#8217;elle ne se plie, ne se raye ou ne s&#8217;ab\u00eeme pendant le transport. <br \/>Nous fournissons \u00e9galement un service de personnalisation amusant en \u00e9tain, vous pouvez envoyer du texte et des images \u00e0 notre personnel, et nous personnaliserons des produits uniques pour vous. <br \/>Nous avons de nombreuses affiches en m\u00e9tal sur diff\u00e9rents th\u00e8mes et nous vous fournirons les meilleurs produits et services. Si vous avez des questions ou des pr\u00e9occupations sur nos produits, n&#8217;h\u00e9sitez pas \u00e0 nous contacter. Notre principe de service est de garantir la qualit\u00e9 du produit et la satisfaction du client.<\/span>    <br \/>Mat\u00e9riau : \u00e9tain\/m\u00e9tal, avec plaque en \u00e9tain de style nostalgique. Dimensions : 20 x 30 cm et 30 x 40 cm<br \/>Une bonne taille pour une d\u00e9coration murale, et peut \u00e9galement \u00eatre emball\u00e9 facilement et offert en cadeau.<br \/>Parfaitement lisse avec des graphismes haute r\u00e9solution et de qualit\u00e9. Superbe cadeau parfait pour la famille et les amis<br \/>Plaque en m\u00e9tal r\u00e9tro vintage classique pour maison, cuisine, bar, restaurant, caf\u00e9, d\u00eener, pub, garage, bureau, taverne, chambre, cave, mur, etc<br \/>Nous utilisons un emballage en mousse antichoc pour garantir l&#8217;int\u00e9grit\u00e9 du produit. Si vous avez des questions sur nos produits, veuillez nous contacter \u00e0 temps, nous vous r\u00e9pondrons d\u00e8s que possible.<\/p>\n\n","protected":false},"excerpt":{"rendered":"<p> Notre plaque en m\u00e9tal est fabriqu\u00e9e en m\u00e9tal de qualit\u00e9 sup\u00e9rieure (fer, \u00e9tain). Dimensions : 20 x 30 cm. Poids : 120-150 g. Le produit est perfor\u00e9 et peut \u00eatre accroch\u00e9 avec des clous o\u00f9 vous le souhaitez. Ce produit a les caract\u00e9ristiques de r\u00e9sistance \u00e0 la lumi\u00e8re, facile \u00e0 [&hellip;]<\/p>\n","protected":false},"featured_media":27649,"comment_status":"open","ping_status":"closed","template":"","meta":{"_gspb_post_css":"","om_disable_all_campaigns":false,"_monsterinsights_skip_tracking":false,"_monsterinsights_sitenote_active":false,"_monsterinsights_sitenote_note":"","_monsterinsights_sitenote_category":0},"store":[],"product_brand":[],"product_cat":[148],"product_tag":[386,3834,6872,6871,4788,6873,4039,6510,5774,302,6870,6874,6122],"class_list":{"0":"post-27648","1":"product","2":"type-product","3":"status-publish","4":"has-post-thumbnail","6":"product_cat-superaliments-exotiques","7":"product_tag-acai","8":"product_tag-bar","9":"product_tag-cafe","10":"product_tag-club","11":"product_tag-decoration","12":"product_tag-maison","13":"product_tag-metal","14":"product_tag-murale","15":"product_tag-poster","16":"product_tag-pour","17":"product_tag-pub","18":"product_tag-retro","19":"product_tag-vintage","21":"first","22":"instock","23":"shipping-taxable","24":"product-type-external"},"aioseo_notices":[],"jetpack_sharing_enabled":true,"_links":{"self":[{"href":"https:\/\/www.zolattitude.com\/index.php\/wp-json\/wp\/v2\/product\/27648","targetHints":{"allow":["GET"]}}],"collection":[{"href":"https:\/\/www.zolattitude.com\/index.php\/wp-json\/wp\/v2\/product"}],"about":[{"href":"https:\/\/www.zolattitude.com\/index.php\/wp-json\/wp\/v2\/types\/product"}],"replies":[{"embeddable":true,"href":"https:\/\/www.zolattitude.com\/index.php\/wp-json\/wp\/v2\/comments?post=27648"}],"wp:featuredmedia":[{"embeddable":true,"href":"https:\/\/www.zolattitude.com\/index.php\/wp-json\/wp\/v2\/media\/27649"}],"wp:attachment":[{"href":"https:\/\/www.zolattitude.com\/index.php\/wp-json\/wp\/v2\/media?parent=27648"}],"wp:term":[{"taxonomy":"store","embeddable":true,"href":"https:\/\/www.zolattitude.com\/index.php\/wp-json\/wp\/v2\/store?post=27648"},{"taxonomy":"product_brand","embeddable":true,"href":"https:\/\/www.zolattitude.com\/index.php\/wp-json\/wp\/v2\/product_brand?post=27648"},{"taxonomy":"product_cat","embeddable":true,"href":"https:\/\/www.zolattitude.com\/index.php\/wp-json\/wp\/v2\/product_cat?post=27648"},{"taxonomy":"product_tag","embeddable":true,"href":"https:\/\/www.zolattitude.com\/index.php\/wp-json\/wp\/v2\/product_tag?post=27648"}],"curies":[{"name":"wp","href":"https:\/\/api.w.org\/{rel}","templated":true}]}}