{"id":27655,"date":"2026-04-14T01:02:01","date_gmt":"2026-04-14T01:02:01","guid":{"rendered":"https:\/\/www.zolattitude.com\/index.php\/product\/fighter-shots-ginger-beetroot-12x60-ml-100-natural-no-preservatives-fresh-and-energizing-shots-with-beetroot-and-ginger\/"},"modified":"2026-04-14T01:02:10","modified_gmt":"2026-04-14T01:02:10","slug":"fighter-shots-ginger-beetroot-12x60-ml-100-natural-no-preservatives-fresh-and-energizing-shots-with-beetroot-and-ginger","status":"publish","type":"product","link":"https:\/\/www.zolattitude.com\/index.php\/product\/fighter-shots-ginger-beetroot-12x60-ml-100-natural-no-preservatives-fresh-and-energizing-shots-with-beetroot-and-ginger\/","title":{"rendered":"Fighter Shots Ginger Beetroot (12&#215;60 ml) | 100% Natural | No Preservatives | Fresh and Energizing Shots with Beetroot and Ginger"},"content":{"rendered":"<p>Price: <span style=\"color:#b12704\">\u20ac24.00<\/span><br \/><i><small>(as of Apr 14, 2026 01:02:01 UTC &#8211; <span class=\"wp_automatic_amazon_disclaimer\" title=\"Product prices and availability are accurate as of the date\/time indicated and are subject to change. Any price and availability information displayed on [relevant Amazon Site(s), as applicable] at the time of purchase will apply to the purchase of this product.\">Details<\/span>)<\/small><\/i><br \/><a href=\"https:\/\/amazon.fr\/dp\/B08X7D84ZB?tag=onamzmoukoubl-21\"><img decoding=\"async\" src=\"https:\/\/valvepress.s3.amazonaws.com\/imgs\/buy_now.png\"><\/a><br \/>\n<\/p>\n<p>                                             Product Description   <\/p>\n<p>                                                                             <img decoding=\"async\" alt=\"the body shop - betterave, gingembre, gingembre, gingembre, gingembre, gingembre, gingembre, gingembre, gingembre, gingembre, gingembre, gingembre, gingembre, gingembre, gingembre\" src=\"https:\/\/images-na.ssl-images-amazon.com\/images\/G\/01\/x-locale\/common\/grey-pixel.gif\" class=\"a-spacing-base a-lazy-loaded\" data-src=\"https:\/\/m.media-amazon.com\/images\/S\/aplus-media-library-service-media\/234398eb-5fed-4362-bb89-390d9180cb15.__CR0,0,970,600_PT0_SX970_V1___.png\"><img decoding=\"async\" alt=\"the body shop - betterave, gingembre, gingembre, gingembre, gingembre, gingembre, gingembre, gingembre, gingembre, gingembre, gingembre, gingembre, gingembre, gingembre, gingembre\" src=\"https:\/\/m.media-amazon.com\/images\/S\/aplus-media-library-service-media\/234398eb-5fed-4362-bb89-390d9180cb15.__CR0,0,970,600_PT0_SX970_V1___.png\">                                                                    <\/p>\n<p>                                                                             <img decoding=\"async\" alt=\"le meilleur shot au gingembre au monde\" src=\"https:\/\/images-na.ssl-images-amazon.com\/images\/G\/01\/x-locale\/common\/grey-pixel.gif\" class=\"a-spacing-base a-lazy-loaded\" data-src=\"https:\/\/m.media-amazon.com\/images\/S\/aplus-media-library-service-media\/88e800d0-4988-4246-a2b9-68cfac01755f.__CR0,0,970,600_PT0_SX970_V1___.png\"><img decoding=\"async\" alt=\"le meilleur shot au gingembre au monde\" src=\"https:\/\/m.media-amazon.com\/images\/S\/aplus-media-library-service-media\/88e800d0-4988-4246-a2b9-68cfac01755f.__CR0,0,970,600_PT0_SX970_V1___.png\">                                                                    <\/p>\n<p>                                                                             <img decoding=\"async\" alt=\"les bienfaits des vitamines et des min\u00e9raux\" src=\"https:\/\/images-na.ssl-images-amazon.com\/images\/G\/01\/x-locale\/common\/grey-pixel.gif\" class=\"a-spacing-base a-lazy-loaded\" data-src=\"https:\/\/m.media-amazon.com\/images\/S\/aplus-media-library-service-media\/b898f105-5a70-4946-948e-14ea65bc3541.__CR0,0,970,600_PT0_SX970_V1___.jpg\"><img decoding=\"async\" alt=\"les bienfaits des vitamines et des min\u00e9raux\" src=\"https:\/\/m.media-amazon.com\/images\/S\/aplus-media-library-service-media\/b898f105-5a70-4946-948e-14ea65bc3541.__CR0,0,970,600_PT0_SX970_V1___.jpg\">                                                                    <\/p>\n<p>                                                                             <img decoding=\"async\" alt=\"the fight shots, communaut\u00e9 et \u00e9nergie, gingembre biologique press\u00e9 \u00e0 froid dans chaque bouteille\" src=\"https:\/\/images-na.ssl-images-amazon.com\/images\/G\/01\/x-locale\/common\/grey-pixel.gif\" class=\"a-spacing-base a-lazy-loaded\" data-src=\"https:\/\/m.media-amazon.com\/images\/S\/aplus-media-library-service-media\/cd50ad31-adf0-443b-94e8-da71fdac123f.__CR0,0,970,600_PT0_SX970_V1___.png\"><img decoding=\"async\" alt=\"the fight shots, communaut\u00e9 et \u00e9nergie, gingembre biologique press\u00e9 \u00e0 froid dans chaque bouteille\" src=\"https:\/\/m.media-amazon.com\/images\/S\/aplus-media-library-service-media\/cd50ad31-adf0-443b-94e8-da71fdac123f.__CR0,0,970,600_PT0_SX970_V1___.png\">                                                                    <\/p>\n<p>                                                                             <img decoding=\"async\" alt=\"Bouteilles en verre de liquide jaune entour\u00e9es d&amp;#39;agrumes. Les ic\u00f4nes des produits indiquent 100 % naturels, sans conservateurs, sans sucres raffin\u00e9s et avec l&amp;#39;approbation du client.\" src=\"https:\/\/images-na.ssl-images-amazon.com\/images\/G\/01\/x-locale\/common\/grey-pixel.gif\" class=\"a-spacing-base a-lazy-loaded\" data-src=\"https:\/\/m.media-amazon.com\/images\/S\/aplus-media-library-service-media\/253119d3-bf71-4d76-adf9-e383646fd4ee.__CR0,0,970,600_PT0_SX970_V1___.png\"><img decoding=\"async\" alt=\"Bouteilles en verre de liquide jaune entour\u00e9es d&amp;#39;agrumes. Les ic\u00f4nes des produits indiquent 100 % naturels, sans conservateurs, sans sucres raffin\u00e9s et avec l&amp;#39;approbation du client.\" src=\"https:\/\/m.media-amazon.com\/images\/S\/aplus-media-library-service-media\/253119d3-bf71-4d76-adf9-e383646fd4ee.__CR0,0,970,600_PT0_SX970_V1___.png\">                                                                    <\/p>\n<p>                                                                             <img decoding=\"async\" alt=\"le fondateur de [unused0]\" src=\"https:\/\/images-na.ssl-images-amazon.com\/images\/G\/01\/x-locale\/common\/grey-pixel.gif\" class=\"a-spacing-base a-lazy-loaded\" data-src=\"https:\/\/m.media-amazon.com\/images\/S\/aplus-media-library-service-media\/f1cffbd1-5cb6-4eef-8020-aad734b919cc.__CR0,0,970,600_PT0_SX970_V1___.png\"><img decoding=\"async\" alt=\"le fondateur de [unused0]\" src=\"https:\/\/m.media-amazon.com\/images\/S\/aplus-media-library-service-media\/f1cffbd1-5cb6-4eef-8020-aad734b919cc.__CR0,0,970,600_PT0_SX970_V1___.png\">                                                                    <\/p>\n<p>                                                                             <img decoding=\"async\" alt=\"faites entrer votre corps dans le corps avec ces tisanes\" src=\"https:\/\/images-na.ssl-images-amazon.com\/images\/G\/01\/x-locale\/common\/grey-pixel.gif\" class=\"a-spacing-base a-lazy-loaded\" data-src=\"https:\/\/m.media-amazon.com\/images\/S\/aplus-media-library-service-media\/b8648f56-c236-4bcf-84d8-963871cce0f9.__CR0,0,970,600_PT0_SX970_V1___.png\"><img decoding=\"async\" alt=\"faites entrer votre corps dans le corps avec ces tisanes\" src=\"https:\/\/m.media-amazon.com\/images\/S\/aplus-media-library-service-media\/b8648f56-c236-4bcf-84d8-963871cce0f9.__CR0,0,970,600_PT0_SX970_V1___.png\">                                                                    <\/p>\n<p> Package Dimensions                                            \u200f                                            :                                            \u200e                                            16.21 x 12.29 x 10.21 cm; 1.52 kg   <br \/> Manufacturer                                            \u200f                                            :                                            \u200e                                            Fighter Shots   <br \/> ASIN                                            \u200f                                            :                                            \u200e                                            B08X7D84ZB   <br \/> Manufacturer reference                                            \u200f                                            :                                            \u200e                                            Fighter shots juice   <br \/> Country of origin                                            \u200f                                            :                                            \u200e                                            Poland   <br \/>  Customer reviews:                                                                                            4.2               4.2 out of 5 stars                                  (95)                                              var dpAcrHasRegisteredArcLinkClickAction;                    P.when(&#8216;A&#8217;, &#8216;ready&#8217;).execute(function(A) {                        if (dpAcrHasRegisteredArcLinkClickAction !== true) {                            dpAcrHasRegisteredArcLinkClickAction = true;                            A.declarative(                                &#8216;acrLink-click-metrics&#8217;, &#8216;click&#8217;,                                { &#8220;allowLinkDefault&#8221;: true },                                function (event) {                                    if (window.ue) {                                        ue.count(&#8220;acrLinkClickCount&#8221;, (ue.count(&#8220;acrLinkClickCount&#8221;) || 0) + 1);                                    }                                }                            );                        }                    });                                             P.when(&#8216;A&#8217;, &#8216;cf&#8217;).execute(function(A) {                A.declarative(&#8216;acrStarsLink-click-metrics&#8217;, &#8216;click&#8217;, { &#8220;allowLinkDefault&#8221; : true },  function(event){                    if(window.ue) {                        ue.count(&#8220;acrStarsLinkWithPopoverClickCount&#8221;, (ue.count(&#8220;acrStarsLinkWithPopoverClickCount&#8221;) || 0) + 1);                    }                });            });                          <br \/>The Fighter Shots are designed to strengthen your immune system and increase your energy levels. The perfect alarm clock to give your body a nutritional boost or to enjoy a gentler, pill-free medicinal approach. The Fighter Shots have a range of shots for everyone, so don&#8217;t miss yours!<br \/>In 2021, we launched our first vegan ginger beet shot. Beet juice delivers a punch with a natural boost of energy. It&#8217;s a great supplement for fitness enthusiasts who want to push their performance beyond. Our ginger beet shot can be taken anytime as needed, whether it&#8217;s before or after training or in the morning for an extra boost.<br \/>We only select and use natural, non-GMO ingredients, ethically sourced, with no added sugars, dyes, additives or preservatives. We use glass bottles and aluminum cans to ensure no harmful chemicals in our drinks. In addition, they are recyclable.<br \/>Email us Fighter Shots contains organic cold pressed ginger combined with honey and lemon, known for their antiseptic properties, as well as plenty of vitamin C. We offer a range of powerful health shots, so why not decide for yourself which one is right for you? Fighter Shots has a shot for everyone, so don&#8217;t miss yours!<br \/>In 2019, our founder, Anna, discovered ginger drinks during a trip abroad. Impressed by the benefits she felt, she embarked on a mission: to create a delicious ginger shot in the bottle. Several months of intensive research later, Fighter Shots was born. Thanks to Anna&#8217;s blend, consisting of only the finest natural ingredients, bottled in recyclable glass, these invigorating shots offer a convenient way to stock up on much-needed nutrients.<\/p>\n\n","protected":false},"excerpt":{"rendered":"<p> Product Description Package Dimensions \u200f : \u200e 16.21 x 12.29 x 10.21 cm; 1.52 kg Manufacturer \u200f : \u200e Fighter Shots ASIN \u200f : \u200e B08X7D84ZB Manufacturer reference \u200f : \u200e Fighter shots juice Country of origin \u200f : \u200e Poland Customer reviews: 4.2 4.2 out of 5 stars (95) [&hellip;]<\/p>\n","protected":false},"featured_media":27656,"comment_status":"open","ping_status":"closed","template":"","meta":{"_gspb_post_css":"","om_disable_all_campaigns":false,"_monsterinsights_skip_tracking":false,"_monsterinsights_sitenote_active":false,"_monsterinsights_sitenote_note":"","_monsterinsights_sitenote_category":0},"store":[],"product_brand":[],"product_cat":[147],"product_tag":[6876,6875,3113,6639,2746,364,260,2951,4112],"class_list":{"0":"post-27655","1":"product","2":"type-product","3":"status-publish","4":"has-post-thumbnail","6":"product_cat-racines-adaptogenes","7":"product_tag-12x60","8":"product_tag-beetroot","9":"product_tag-energizing","10":"product_tag-fighter","11":"product_tag-fresh","12":"product_tag-ginger","13":"product_tag-natural","14":"product_tag-preservatives","15":"product_tag-shots","17":"first","18":"instock","19":"shipping-taxable","20":"product-type-external"},"aioseo_notices":[],"jetpack_sharing_enabled":true,"_links":{"self":[{"href":"https:\/\/www.zolattitude.com\/index.php\/wp-json\/wp\/v2\/product\/27655","targetHints":{"allow":["GET"]}}],"collection":[{"href":"https:\/\/www.zolattitude.com\/index.php\/wp-json\/wp\/v2\/product"}],"about":[{"href":"https:\/\/www.zolattitude.com\/index.php\/wp-json\/wp\/v2\/types\/product"}],"replies":[{"embeddable":true,"href":"https:\/\/www.zolattitude.com\/index.php\/wp-json\/wp\/v2\/comments?post=27655"}],"wp:featuredmedia":[{"embeddable":true,"href":"https:\/\/www.zolattitude.com\/index.php\/wp-json\/wp\/v2\/media\/27656"}],"wp:attachment":[{"href":"https:\/\/www.zolattitude.com\/index.php\/wp-json\/wp\/v2\/media?parent=27655"}],"wp:term":[{"taxonomy":"store","embeddable":true,"href":"https:\/\/www.zolattitude.com\/index.php\/wp-json\/wp\/v2\/store?post=27655"},{"taxonomy":"product_brand","embeddable":true,"href":"https:\/\/www.zolattitude.com\/index.php\/wp-json\/wp\/v2\/product_brand?post=27655"},{"taxonomy":"product_cat","embeddable":true,"href":"https:\/\/www.zolattitude.com\/index.php\/wp-json\/wp\/v2\/product_cat?post=27655"},{"taxonomy":"product_tag","embeddable":true,"href":"https:\/\/www.zolattitude.com\/index.php\/wp-json\/wp\/v2\/product_tag?post=27655"}],"curies":[{"name":"wp","href":"https:\/\/api.w.org\/{rel}","templated":true}]}}