{"id":27664,"date":"2026-04-14T01:16:38","date_gmt":"2026-04-14T01:16:38","guid":{"rendered":"https:\/\/www.zolattitude.com\/index.php\/product\/low-cortisolo-phosphatidylserine-450-mg-moringa-oleifera-organic-to-lower-cortisol-stress-belly-memory-and-concentration-supplement-150-vegetable-capsules-made-in-italy-redmoringa\/"},"modified":"2026-04-14T01:16:50","modified_gmt":"2026-04-14T01:16:50","slug":"low-cortisolo-phosphatidylserine-450-mg-moringa-oleifera-organic-to-lower-cortisol-stress-belly-memory-and-concentration-supplement-150-vegetable-capsules-made-in-italy-redmoringa","status":"publish","type":"product","link":"https:\/\/www.zolattitude.com\/index.php\/product\/low-cortisolo-phosphatidylserine-450-mg-moringa-oleifera-organic-to-lower-cortisol-stress-belly-memory-and-concentration-supplement-150-vegetable-capsules-made-in-italy-redmoringa\/","title":{"rendered":"LOW CORTISOLO \u2013 Phosphatidylserine 450 mg + Moringa Oleifera ORGANIC | To Lower Cortisol, Stress Belly | Memory and Concentration Supplement | 150 Vegetable Capsules Made in Italy | RedMoringa"},"content":{"rendered":"<p>Price: <span style=\"color:#b12704\">\u20ac40.90<\/span><br \/><i><small>(as of Apr 14, 2026 01:16:38 UTC &#8211; <span class=\"wp_automatic_amazon_disclaimer\" title=\"Product prices and availability are accurate as of the date\/time indicated and are subject to change. Any price and availability information displayed on [relevant Amazon Site(s), as applicable] at the time of purchase will apply to the purchase of this product.\">Details<\/span>)<\/small><\/i><br \/><a href=\"https:\/\/amazon.fr\/dp\/B0G34S6HZ2?tag=onamzmoukoubl-21\"><img decoding=\"async\" src=\"https:\/\/valvepress.s3.amazonaws.com\/imgs\/buy_now.png\"><\/a><br \/>\n<\/p>\n<p>                                             Product Description   <\/p>\n<p>                                                         <img decoding=\"async\" alt=\"logo\" src=\"https:\/\/images-na.ssl-images-amazon.com\/images\/G\/01\/x-locale\/common\/grey-pixel.gif\" class=\"a-lazy-loaded\" data-src=\"https:\/\/m.media-amazon.com\/images\/S\/aplus-media-library-service-media\/0d04f6c5-83d2-438e-abb5-e2a460b44087.__CR0,0,600,180_PT0_SX600_V1___.jpg\"><img decoding=\"async\" alt=\"logo\" src=\"https:\/\/m.media-amazon.com\/images\/S\/aplus-media-library-service-media\/0d04f6c5-83d2-438e-abb5-e2a460b44087.__CR0,0,600,180_PT0_SX600_V1___.jpg\">      <\/p>\n<p>                                                      <img decoding=\"async\" alt=\"aplus content image\" src=\"https:\/\/images-na.ssl-images-amazon.com\/images\/G\/01\/x-locale\/common\/grey-pixel.gif\" class=\"a-spacing-mini a-lazy-loaded\" data-src=\"https:\/\/m.media-amazon.com\/images\/S\/aplus-media-library-service-media\/5f62b8e2-685f-4f2e-89cb-8966364e153a.__CR250,0,1500,2000_PT0_SX300_V1___.jpg\"><img decoding=\"async\" alt=\"aplus content image\" src=\"https:\/\/m.media-amazon.com\/images\/S\/aplus-media-library-service-media\/5f62b8e2-685f-4f2e-89cb-8966364e153a.__CR250,0,1500,2000_PT0_SX300_V1___.jpg\">  <\/p>\n<p>                                                              <img decoding=\"async\" alt=\"le drapeau des \u00c9tats-Unis\" src=\"https:\/\/images-na.ssl-images-amazon.com\/images\/G\/01\/x-locale\/common\/grey-pixel.gif\" class=\"a-spacing-mini a-lazy-loaded\" data-src=\"https:\/\/m.media-amazon.com\/images\/S\/aplus-media-library-service-media\/e175a85f-603f-4e93-b668-00b8ad17a23c.__CR0,0,350,175_PT0_SX350_V1___.png\"><img decoding=\"async\" alt=\"le drapeau des \u00c9tats-Unis\" src=\"https:\/\/m.media-amazon.com\/images\/S\/aplus-media-library-service-media\/e175a85f-603f-4e93-b668-00b8ad17a23c.__CR0,0,350,175_PT0_SX350_V1___.png\">                                          MORINGA D\u2019ORIGINE BIOLOGIQUE                                 <\/p>\n<p class=\"a-spacing-small a-size-small a-color-secondary\"> La Moringa que nous utilisons provient de cultures biologiques s\u00e9lectionn\u00e9es, o\u00f9 le respect de l\u2019environnement et la qualit\u00e9 sont au c\u0153ur de chaque \u00e9tape du processus. La production est enti\u00e8rement r\u00e9alis\u00e9e en Italie, dans le respect des plus hauts standards de qualit\u00e9 et conform\u00e9ment aux strictes r\u00e9glementations de l\u2019Union Europ\u00e9enne. Nous \u00e9vitons l\u2019utilisation de pesticides et d\u2019engrais chimiques afin d\u2019offrir un produit pur, s\u00fbr et durable. <\/p>\n<h3 class=\"a-spacing-mini\"> Pack Low Cortisol &#8211; Phosphatidyls\u00e9rine + Moringa Oleifera BIO &#8211; R\u00e9duit le Cortisol &#8211; Favorise la Relaxation &#8211; M\u00e9moire et Concentration <\/h3>\n<p>                                          150 G\u00e9lules V\u00e9g\u00e9tales Made in Italy                                     <\/p>\n<p class=\"a-spacing-base\"> RedMoringa a cr\u00e9\u00e9 le pack LOW CORTISOL pour offrir un soutien naturel complet contre les d\u00e9s\u00e9quilibres du cortisol. Cette combinaison associe la phosphatidyls\u00e9rine (450 mg par g\u00e9lule) \u00e0 la Moringa Oleifera, un super-aliment riche en antioxydants, vitamines et min\u00e9raux. La phosphatidyls\u00e9rine contribue \u00e0 r\u00e9guler le cortisol, am\u00e9liorer la m\u00e9moire, la concentration et la clart\u00e9 d\u2019esprit, tandis que la Moringa renforce l\u2019effet gr\u00e2ce \u00e0 son action r\u00e9\u00e9quilibrante, antioxydante et de soutien m\u00e9tabolique. <\/p>\n<p>                                                          Moringa BIO       450 mg de Phosphatidyls\u00e9rine      <\/p>\n<p>                                                                             <img decoding=\"async\" alt=\"aplus content image\" src=\"https:\/\/images-na.ssl-images-amazon.com\/images\/G\/01\/x-locale\/common\/grey-pixel.gif\" class=\"a-spacing-base a-lazy-loaded\" data-src=\"https:\/\/m.media-amazon.com\/images\/S\/aplus-media-library-service-media\/d0bcb2aa-8cab-41bd-8a28-1f0902cc0460.__CR0,0,970,600_PT0_SX970_V1___.jpg\"><img decoding=\"async\" alt=\"aplus content image\" src=\"https:\/\/m.media-amazon.com\/images\/S\/aplus-media-library-service-media\/d0bcb2aa-8cab-41bd-8a28-1f0902cc0460.__CR0,0,970,600_PT0_SX970_V1___.jpg\">                                         <\/p>\n<h3 class=\"a-spacing-mini\"> Stress constant, difficult\u00e9s de concentration, sensation d\u2019\u00e9puisement mental ? <\/h3>\n<p class=\"a-spacing-base\"> Rythmes effr\u00e9n\u00e9s, pressions quotidiennes et charges cognitives \u00e9lev\u00e9es peuvent entra\u00eener une augmentation du cortisol, l\u2019hormone du stress, compromettant la m\u00e9moire, l\u2019\u00e9nergie mentale, la motivation et la qualit\u00e9 du sommeil. Lorsque le cortisol reste \u00e9lev\u00e9 trop longtemps, il devient plus difficile de maintenir la clart\u00e9 d\u2019esprit, l\u2019\u00e9quilibre \u00e9motionnel et la capacit\u00e9 de concentration. <\/p>\n<p class=\"a-spacing-base\"> Le pack LOW CORTISOL de RedMoringa combine deux produits compl\u00e9mentaires con\u00e7us pour interrompre ce cercle vicieux : Phosphatidyls\u00e9rine 450 mg, l\u2019une des doses les plus \u00e9lev\u00e9es disponibles, essentielle pour la r\u00e9gulation du cortisol et la protection des fonctions cognitives, et Moringa Oleifera Biologique, l\u2019un des superaliments les plus riches en antioxydants, vitamines et min\u00e9raux utiles pour contrer le stress oxydatif et soutenir le m\u00e9tabolisme. <\/p>\n<p class=\"a-spacing-base\"> Cette synergie unique aide \u00e0 normaliser les niveaux de cortisol, favoriser une relaxation mentale profonde et am\u00e9liorer la m\u00e9moire, la concentration et la clart\u00e9 mentale. Si vous vous sentez mentalement fatigu\u00e9, \u00e9puis\u00e9 ou d\u00e9pass\u00e9, le pack LOW CORTISOL est le soutien naturel et quotidien qui vous aide \u00e0 retrouver \u00e9quilibre, \u00e9nergie et lucidit\u00e9. <\/p>\n<p class=\"apm-text-center\">\n                                                      <img decoding=\"async\" alt=\"les bienfaits du th\u00e9 vert\" src=\"https:\/\/images-na.ssl-images-amazon.com\/images\/G\/01\/x-locale\/common\/grey-pixel.gif\" class=\"a-spacing-mini a-lazy-loaded\" data-src=\"https:\/\/m.media-amazon.com\/images\/S\/aplus-media-library-service-media\/b5f04ada-41ba-43f9-a178-91509c67c722.__CR0,0,300,300_PT0_SX300_V1___.png\"><\/p>\n<p><img decoding=\"async\" alt=\"les bienfaits du th\u00e9 vert\" src=\"https:\/\/m.media-amazon.com\/images\/S\/aplus-media-library-service-media\/b5f04ada-41ba-43f9-a178-91509c67c722.__CR0,0,300,300_PT0_SX300_V1___.png\"><br \/>\n                                                    MORINGA OLEIFERA                                       <\/p>\n<p> La Moringa Oleifera est riche en vitamines, min\u00e9raux et antioxydants qui soutiennent le syst\u00e8me nerveux, favorisant la clart\u00e9 mentale, la r\u00e9sistance au stress et l\u2019am\u00e9lioration de l\u2019humeur. En synergie avec la Phosphatidyls\u00e9rine, elle contribue \u00e0 soutenir la m\u00e9moire et la concentration. <\/p>\n<p class=\"apm-text-center\">\n                                                      <img decoding=\"async\" alt=\"aplus content image\" src=\"https:\/\/images-na.ssl-images-amazon.com\/images\/G\/01\/x-locale\/common\/grey-pixel.gif\" class=\"a-spacing-mini a-lazy-loaded\" data-src=\"https:\/\/m.media-amazon.com\/images\/S\/aplus-media-library-service-media\/1eb8bd88-6d33-4f0e-bd1c-92f60493699d.__CR0,0,2000,2000_PT0_SX300_V1___.png\"><\/p>\n<p><img decoding=\"async\" alt=\"aplus content image\" src=\"https:\/\/m.media-amazon.com\/images\/S\/aplus-media-library-service-media\/1eb8bd88-6d33-4f0e-bd1c-92f60493699d.__CR0,0,2000,2000_PT0_SX300_V1___.png\"><br \/>\n                                                    PHOSPHATIDYLS\u00c9RINE                                       <\/p>\n<p> La Phosphatidyl-s\u00e9rine est un phospholipide essentiel pour la sant\u00e9 du cerveau : elle favorise la m\u00e9moire, la concentration et aide \u00e0 r\u00e9duire les niveaux de cortisol, am\u00e9liorant ainsi la r\u00e9ponse au stress et le bien-\u00eatre mental global. <\/p>\n<p class=\"apm-text-center\">\n                                                      <img decoding=\"async\" alt=\"aplus content image\" src=\"https:\/\/images-na.ssl-images-amazon.com\/images\/G\/01\/x-locale\/common\/grey-pixel.gif\" class=\"a-spacing-mini a-lazy-loaded\" data-src=\"https:\/\/m.media-amazon.com\/images\/S\/aplus-media-library-service-media\/f9d59254-5923-4572-bf5c-68f45a9d9962.__CR0,0,2000,2000_PT0_SX300_V1___.jpg\"><\/p>\n<p><img decoding=\"async\" alt=\"aplus content image\" src=\"https:\/\/m.media-amazon.com\/images\/S\/aplus-media-library-service-media\/f9d59254-5923-4572-bf5c-68f45a9d9962.__CR0,0,2000,2000_PT0_SX300_V1___.jpg\"><br \/>\n                                                    MIX NATUREL UNIQUE                                       <\/p>\n<p> Le m\u00e9lange de Phosphatidyl-s\u00e9rine et de Moringa combine les bienfaits de deux ingr\u00e9dients naturels pour un bien-\u00eatre mental complet : la phosphatidyl-s\u00e9rine soutient les fonctions cognitives, la m\u00e9moire et la r\u00e9duction du cortisol, tandis que la Moringa apporte des antioxydants et des nutriments qui prot\u00e8gent les cellules c\u00e9r\u00e9brales et favorisent la clart\u00e9 mentale. Une combinaison id\u00e9ale contre le stress et la fatigue mentale. <\/p>\n<p>                                                      <img decoding=\"async\" alt=\"un bol de feuilles et une cuill\u00e8re\" src=\"https:\/\/images-na.ssl-images-amazon.com\/images\/G\/01\/x-locale\/common\/grey-pixel.gif\" class=\"a-spacing-mini a-lazy-loaded\" data-src=\"https:\/\/m.media-amazon.com\/images\/S\/aplus-media-library-service-media\/7d088653-4498-4498-abed-423a6a4fe37b.__CR0,0,300,400_PT0_SX300_V1___.jpg\"><img decoding=\"async\" alt=\"un bol de feuilles et une cuill\u00e8re\" src=\"https:\/\/m.media-amazon.com\/images\/S\/aplus-media-library-service-media\/7d088653-4498-4498-abed-423a6a4fe37b.__CR0,0,300,400_PT0_SX300_V1___.jpg\">  <\/p>\n<p>                                                              <img decoding=\"async\" alt=\"capsule moringa\" src=\"https:\/\/images-na.ssl-images-amazon.com\/images\/G\/01\/x-locale\/common\/grey-pixel.gif\" class=\"a-spacing-mini a-lazy-loaded\" data-src=\"https:\/\/m.media-amazon.com\/images\/S\/aplus-media-library-service-media\/be501a33-c11a-49f3-8839-989d33081426.__CR0,408,4896,2448_PT0_SX350_V1___.jpg\"><img decoding=\"async\" alt=\"capsule moringa\" src=\"https:\/\/m.media-amazon.com\/images\/S\/aplus-media-library-service-media\/be501a33-c11a-49f3-8839-989d33081426.__CR0,408,4896,2448_PT0_SX350_V1___.jpg\">                                                                 <\/p>\n<p class=\"a-spacing-small a-size-small a-color-secondary\"> Composition correspondant \u00e0 la dose quotidienne recommand\u00e9e de 4 g\u00e9lules par jour : <\/p>\n<p>                                       Fosfatidilserina &#8211; 450mg       Moringa &#8211; 1410mg       <\/p>\n<p class=\"a-spacing-base\"> De l\u2019union entre Science et Nature na\u00eet la formulation de nos compl\u00e9ments alimentaires 100 % naturels et v\u00e9ganes. Ils sont \u00e0 la fois tr\u00e8s efficaces et offrent d\u2019excellents r\u00e9sultats. <\/p>\n<p class=\"a-spacing-base\"> Dans nos formules, vous trouverez toujours des extraits secs titr\u00e9s, et non de simples poudres de feuilles ou de racines. <\/p>\n<p>                                                          OGM       Ingr\u00e9dients d\u2019origine animale       Gluten       Lactose       Autres allerg\u00e8nes       Autres substances nocives      <\/p>\n<p>                         Add To Basket  <\/p>\n<p>                         Add To Basket  <\/p>\n<p>                         Add To Basket  <\/p>\n<p>                         Add To Basket  <\/p>\n<p>                             Customer Reviews  <\/p>\n<p>                    4.2 out of 5 stars  237  <\/p>\n<p>                    4.7 out of 5 stars  6  <\/p>\n<p>                    4.3 out of 5 stars  893  <\/p>\n<p>                    3.9 out of 5 stars  11  <\/p>\n<p>                    4.2 out of 5 stars  152  <\/p>\n<p>                             Price  <\/p>\n<p>                                    \u20ac25.90\u20ac25.90<br \/>\n                                            \u2014 no data<br \/>\n                                                       \u20ac21.90\u20ac21.90                  \u20ac25.90\u20ac25.90                  \u20ac24.90\u20ac24.90           <\/p>\n<p>                             Quantit\u00e9 par bo\u00eete<br \/>\n                                60 g\u00e9lules               60 g\u00e9lules               90 g\u00e9lules               60 g\u00e9lules               60 g\u00e9lules           <\/p>\n<p>                             Dose quotidienne<br \/>\n                                2 g\u00e9lules par jour               1 g\u00e9lules par jour               3 g\u00e9lules par jour               2 g\u00e9lules par jour               2 g\u00e9lules par jour           <\/p>\n<p>                             Bienfaits<br \/>\n                                Stimule la microcirculation               R\u00e9duit le cortisol               Antioxydant               Aide \u00e0 att\u00e9nuer les troubles de la m\u00e9nopause               Favorise la croissance des cheveux et limite leur chute           <\/p>\n<p>                             Avec Moringa Biologique  <\/p>\n<p>                                              \u2713<\/p>\n<p>                                              \u2713<\/p>\n<p>                                              \u2713<\/p>\n<p>                                              \u2713<\/p>\n<p>                                              \u2713<\/p>\n<p>                             Vegan  <\/p>\n<p>                                              \u2713<\/p>\n<p>                                              \u2713<\/p>\n<p>                                              \u2713<\/p>\n<p>                                              \u2713<\/p>\n<p>                                              \u2713<\/p>\n<p>                             Sans additifs artificiels  <\/p>\n<p>                                              \u2713<\/p>\n<p>                                              \u2713<\/p>\n<p>                                              \u2713<\/p>\n<p>                                              \u2713<\/p>\n<p>                                              \u2713<\/p>\n<p>                             Made in Italy  <\/p>\n<p>                                              \u2713<\/p>\n<p>                                              \u2713<\/p>\n<p>                                              \u2713<\/p>\n<p>                                              \u2713<\/p>\n<p>                                              \u2713<\/p>\n<p> Package Dimensions                                            \u200f                                            :                                            \u200e                                            11 x 10.9 x 5.4 cm; 140 g   <br \/> Manufacturer                                            \u200f                                            :                                            \u200e                                            RedMoringa srl   <br \/> ASIN                                            \u200f                                            :                                            \u200e                                            B0G34S6HZ2   <br \/>  Customer reviews:                                                                                            4.2               4.2 out of 5 stars                                  (18)                                              var dpAcrHasRegisteredArcLinkClickAction;                    P.when(&#8216;A&#8217;, &#8216;ready&#8217;).execute(function(A) {                        if (dpAcrHasRegisteredArcLinkClickAction !== true) {                            dpAcrHasRegisteredArcLinkClickAction = true;                            A.declarative(                                &#8216;acrLink-click-metrics&#8217;, &#8216;click&#8217;,                                { &#8220;allowLinkDefault&#8221;: true },                                function (event) {                                    if (window.ue) {                                        ue.count(&#8220;acrLinkClickCount&#8221;, (ue.count(&#8220;acrLinkClickCount&#8221;) || 0) + 1);                                    }                                }                            );                        }                    });                                             P.when(&#8216;A&#8217;, &#8216;cf&#8217;).execute(function(A) {                A.declarative(&#8216;acrStarsLink-click-metrics&#8217;, &#8216;click&#8217;, { &#8220;allowLinkDefault&#8221; : true },  function(event){                    if(window.ue) {                        ue.count(&#8220;acrStarsLinkWithPopoverClickCount&#8221;, (ue.count(&#8220;acrStarsLinkWithPopoverClickCount&#8221;) || 0) + 1);                    }                });            });                          <br \/>Natural combo to help lower cortisol: Low Cortisol is the RedMoringa pack designed for those looking for a natural solution to help lower cortisol, better manage stress and regain mental and physical balance. Phosphatidylserine (450 mg per capsule) helps regulate the stress hormone, while organic Moringa Oleifera provides micronutrients, vitamins and antioxidants to support energy, digestion and vitality.<br \/>PHOSPHATIDYLSERIN 450 mg \u2013 HIGH DOSAGE: Each capsule contains 450 mg of vegetable phosphatidylserine derived from soy (tit. 20%), a higher dosage than many competing supplements. Essential support for memory, concentration, mental clarity and daily stress management. Ideal for mental overload and cognitive fatigue.<br \/>HELPS REDUCE CORTISOL AND &#8220;STRESS BELLY&#8221;: High cortisol levels can stimulate appetite, slow metabolism and promote the accumulation of abdominal fat (visceral fat). Phosphatidylserine contributes to natural regulation, while Moringa supports lipid metabolism. A natural help against bloating, nervous hunger and accumulated stress.<br \/>Moringa oleifera organic: DIGESTION, ENERGY, ANTIOXIDANTS: The Moringa contained in this pack is 100% organic, certified and naturally rich in vitamins, minerals and antioxidants. It promotes digestion, supports metabolism, helps reduce the feeling of heaviness and improves overall vitality. In perfect synergy with phosphatidylserine for overall mind-body support.<br \/>SIMPLE DOSAGE \u2013 45 DAY CURE: 1 capsule per day of phosphatidylserine (even if the label mistakenly states &#8220;2 capsules&#8221;) and 2 capsules per day of Moringa Oleifera Organic, one in the morning and one in the evening. A complete 45-day course of anti-cortisol supplements to support metabolism, concentration and mental well-being.<br \/>\ufe0f ITALIAN QUALITY &#8211; MADE IN PIEMONTE: Both supplements are made in Italy according to strict quality standards. Vegetable capsules, gluten-free, lactose-free, non-GMO or unnecessary additives. Safe, natural and certified products.<br \/>REDMORINGA \u2013 THE SPECIALISTS OF THE MORINGA: RedMoringa is the only company specialized exclusively in food supplements, superfoods and cosmetics based on Moringa Oleifera. We grow, process and value this exceptional plant with care and expertise, from Piedmont to the rest of the world.<\/p>\n\n","protected":false},"excerpt":{"rendered":"<p> Product Description MORINGA D\u2019ORIGINE BIOLOGIQUE La Moringa que nous utilisons provient de cultures biologiques s\u00e9lectionn\u00e9es, o\u00f9 le respect de l\u2019environnement et la qualit\u00e9 sont au c\u0153ur de chaque \u00e9tape du processus. La production est enti\u00e8rement r\u00e9alis\u00e9e en Italie, dans le respect des plus hauts standards de qualit\u00e9 et conform\u00e9ment aux [&hellip;]<\/p>\n","protected":false},"featured_media":27665,"comment_status":"open","ping_status":"closed","template":"","meta":{"_gspb_post_css":"","om_disable_all_campaigns":false,"_monsterinsights_skip_tracking":false,"_monsterinsights_sitenote_active":false,"_monsterinsights_sitenote_note":"","_monsterinsights_sitenote_category":0},"store":[],"product_brand":[],"product_cat":[146],"product_tag":[1781,198,321,494,6877,3058,424,373,374,238,6878,5456,278,200,197],"class_list":{"0":"post-27664","1":"product","2":"type-product","3":"status-publish","4":"has-post-thumbnail","6":"product_cat-superaliments-verts","7":"product_tag-belly","8":"product_tag-capsules","9":"product_tag-concentration","10":"product_tag-cortisol","11":"product_tag-cortisolo","12":"product_tag-italy","13":"product_tag-memory","14":"product_tag-moringa","15":"product_tag-oleifera","16":"product_tag-organic","17":"product_tag-phosphatidylserine","18":"product_tag-redmoringa","19":"product_tag-stress","20":"product_tag-supplement","21":"product_tag-vegetable","23":"first","24":"instock","25":"shipping-taxable","26":"product-type-external"},"aioseo_notices":[],"jetpack_sharing_enabled":true,"_links":{"self":[{"href":"https:\/\/www.zolattitude.com\/index.php\/wp-json\/wp\/v2\/product\/27664","targetHints":{"allow":["GET"]}}],"collection":[{"href":"https:\/\/www.zolattitude.com\/index.php\/wp-json\/wp\/v2\/product"}],"about":[{"href":"https:\/\/www.zolattitude.com\/index.php\/wp-json\/wp\/v2\/types\/product"}],"replies":[{"embeddable":true,"href":"https:\/\/www.zolattitude.com\/index.php\/wp-json\/wp\/v2\/comments?post=27664"}],"wp:featuredmedia":[{"embeddable":true,"href":"https:\/\/www.zolattitude.com\/index.php\/wp-json\/wp\/v2\/media\/27665"}],"wp:attachment":[{"href":"https:\/\/www.zolattitude.com\/index.php\/wp-json\/wp\/v2\/media?parent=27664"}],"wp:term":[{"taxonomy":"store","embeddable":true,"href":"https:\/\/www.zolattitude.com\/index.php\/wp-json\/wp\/v2\/store?post=27664"},{"taxonomy":"product_brand","embeddable":true,"href":"https:\/\/www.zolattitude.com\/index.php\/wp-json\/wp\/v2\/product_brand?post=27664"},{"taxonomy":"product_cat","embeddable":true,"href":"https:\/\/www.zolattitude.com\/index.php\/wp-json\/wp\/v2\/product_cat?post=27664"},{"taxonomy":"product_tag","embeddable":true,"href":"https:\/\/www.zolattitude.com\/index.php\/wp-json\/wp\/v2\/product_tag?post=27664"}],"curies":[{"name":"wp","href":"https:\/\/api.w.org\/{rel}","templated":true}]}}