{"id":27675,"date":"2026-04-14T01:27:37","date_gmt":"2026-04-14T01:27:37","guid":{"rendered":"https:\/\/www.zolattitude.com\/index.php\/product\/longlife-cal-mag-zinc-calcium-magnesium-zinc-with-vitamin-d-high-bioavailability-helps-nervous-system-bone-health-60-tablets-vegetarian-gluten-free\/"},"modified":"2026-04-14T01:27:42","modified_gmt":"2026-04-14T01:27:42","slug":"longlife-cal-mag-zinc-calcium-magnesium-zinc-with-vitamin-d-high-bioavailability-helps-nervous-system-bone-health-60-tablets-vegetarian-gluten-free","status":"publish","type":"product","link":"https:\/\/www.zolattitude.com\/index.php\/product\/longlife-cal-mag-zinc-calcium-magnesium-zinc-with-vitamin-d-high-bioavailability-helps-nervous-system-bone-health-60-tablets-vegetarian-gluten-free\/","title":{"rendered":"LongLife Cal-Mag-Zinc | Calcium Magnesium &#038; Zinc with Vitamin D | High Bioavailability | Helps Nervous System &#038; Bone Health | 60 Tablets | Vegetarian &#038; Gluten Free"},"content":{"rendered":"<p>Price: <span style=\"color:#b12704\">\u20ac20.00<\/span><br \/><i><small>(as of Apr 14, 2026 01:27:37 UTC &#8211; <span class=\"wp_automatic_amazon_disclaimer\" title=\"Product prices and availability are accurate as of the date\/time indicated and are subject to change. Any price and availability information displayed on [relevant Amazon Site(s), as applicable] at the time of purchase will apply to the purchase of this product.\">Details<\/span>)<\/small><\/i><br \/><a href=\"https:\/\/amazon.fr\/dp\/B0FXGV1GQ5?tag=onamzmoukoubl-21\"><img decoding=\"async\" src=\"https:\/\/valvepress.s3.amazonaws.com\/imgs\/buy_now.png\"><\/a><br \/>\n<\/p>\n<p>                                             Product Description   <\/p>\n<p>                                                                                                       <img decoding=\"async\" alt=\"aplus content image\" src=\"https:\/\/images-na.ssl-images-amazon.com\/images\/G\/01\/x-locale\/common\/grey-pixel.gif\" class=\"a-lazy-loaded\" data-src=\"https:\/\/m.media-amazon.com\/images\/S\/aplus-media-library-service-media\/162b569c-7095-4774-b75a-838066e68f83.__CR0,0,1464,600_PT0_SX1464_V1___.jpg\"><img decoding=\"async\" alt=\"aplus content image\" src=\"https:\/\/m.media-amazon.com\/images\/S\/aplus-media-library-service-media\/162b569c-7095-4774-b75a-838066e68f83.__CR0,0,1464,600_PT0_SX1464_V1___.jpg\">                                               <\/p>\n<p>                                                                                                       <img decoding=\"async\" alt=\"aplus content image\" src=\"https:\/\/images-na.ssl-images-amazon.com\/images\/G\/01\/x-locale\/common\/grey-pixel.gif\" class=\"a-lazy-loaded\" data-src=\"https:\/\/m.media-amazon.com\/images\/S\/aplus-media-library-service-media\/5c17a6fa-2b93-4858-acf7-bb33fb452bae.__CR0,0,1464,600_PT0_SX1464_V1___.jpg\"><img decoding=\"async\" alt=\"aplus content image\" src=\"https:\/\/m.media-amazon.com\/images\/S\/aplus-media-library-service-media\/5c17a6fa-2b93-4858-acf7-bb33fb452bae.__CR0,0,1464,600_PT0_SX1464_V1___.jpg\">                                               <\/p>\n<p>                                                                                                       <img decoding=\"async\" alt=\"Informations sur les produits en fran\u00e7ais avec trois ic\u00f4nes indiquant les bienfaits pour la sant\u00e9 des os, le soutien musculaire et le fonctionnement du syst\u00e8me nerveux.\" src=\"https:\/\/images-na.ssl-images-amazon.com\/images\/G\/01\/x-locale\/common\/grey-pixel.gif\" class=\"a-lazy-loaded\" data-src=\"https:\/\/m.media-amazon.com\/images\/S\/aplus-media-library-service-media\/861e6c5b-8e68-4b71-9c9e-50c948cc9244.__CR0,0,1464,600_PT0_SX1464_V1___.jpg\"><img decoding=\"async\" alt=\"Informations sur les produits en fran\u00e7ais avec trois ic\u00f4nes indiquant les bienfaits pour la sant\u00e9 des os, le soutien musculaire et le fonctionnement du syst\u00e8me nerveux.\" src=\"https:\/\/m.media-amazon.com\/images\/S\/aplus-media-library-service-media\/861e6c5b-8e68-4b71-9c9e-50c948cc9244.__CR0,0,1464,600_PT0_SX1464_V1___.jpg\">                                               <\/p>\n<p>                                                                                                                  <img decoding=\"async\" alt=\"systeme nerveux; immunitaire; sant\u00e9 des os et muscles;\" src=\"https:\/\/m.media-amazon.com\/images\/S\/aplus-media-library-service-media\/a97fd92d-efe9-4bee-9f1e-925faf593ec7.__CR0,0,1464,600_PT0_SX1464_V1___.jpg\">                                                    <img decoding=\"async\" alt=\"Pilule ou comprim\u00e9 ovale blanc unique affich\u00e9 sur fond bleu clair avec indicateur d&amp;#39;\u00e9chelle de mesure.\" src=\"https:\/\/m.media-amazon.com\/images\/S\/aplus-media-library-service-media\/ad381bd5-faf8-4f92-a176-5291b1f8c1bf.__CR0,0,1464,600_PT0_SX1464_V1___.jpg\">                                                    <img decoding=\"async\" alt=\"traitement; conseill\u00e9; tablet; comprim\u00e9s;\" src=\"https:\/\/m.media-amazon.com\/images\/S\/aplus-media-library-service-media\/33800082-2a88-4430-8d99-2c78aea6349c.__CR0,0,1464,600_PT0_SX1464_V1___.jpg\">                                                    <img decoding=\"async\" alt=\"traitement; conseill\u00e9; tablet; comprim\u00e9s;\" src=\"https:\/\/m.media-amazon.com\/images\/S\/aplus-media-library-service-media\/4735bfcd-8610-4aa9-b26c-512aa716a812.__CR0,0,1464,600_PT0_SX1464_V1___.jpg\"><br \/>\n                            1 Formule <\/p>\n<p>                            2 Plus <\/p>\n<p>                            3 Traitement <\/p>\n<p>                            4 Adapt\u00e9 pour <\/p>\n<p>The video showcases the product in use.The video guides you through product setup.The video compares multiple products.The video shows the product being unpacked. LongLife Cal Mag Zinc video Merchant video<\/p>\n<p>                                                                                                                  <img decoding=\"async\" alt=\"entreprise italienne; complements alimentaires; longlife; italie;\" src=\"https:\/\/m.media-amazon.com\/images\/S\/aplus-media-library-service-media\/99017ce8-f940-4e4d-af8c-804d83c59f59.__CR0,0,1464,600_PT0_SX1464_V1___.jpg\">                                                    <img decoding=\"async\" alt=\"Gros plan de composants de machines industrielles, avec une partie circulaire jaune et m\u00e9tallique. Texte partiel visible mentionnant \u00ab Technologies \u00bb\" src=\"https:\/\/m.media-amazon.com\/images\/S\/aplus-media-library-service-media\/1ae10d12-ecde-4df9-85f7-83e53ba7a74c.__CR0,0,1464,600_PT0_SX1464_V1___.jpg\">                                                    <img decoding=\"async\" alt=\"Image divis\u00e9e de l&amp;#39;int\u00e9rieur d&amp;#39;un laboratoire m\u00e9dical avec un \u00e9quipement \u00e0 gauche et un triangle bleu clair avec le texte fran\u00e7ais \u00ab \u00c9quipe \u00bb \u00e0 droite.\" src=\"https:\/\/m.media-amazon.com\/images\/S\/aplus-media-library-service-media\/2aae2372-c129-43d2-ac98-4b2a9e1bbeda.__CR0,0,1464,600_PT0_SX1464_V1___.jpg\">                                                    <img decoding=\"async\" alt=\"Gros plan d&amp;#39;une poudre magenta \u00e9clatante ou d&amp;#39;une texture pigmentaire avec une superposition de texte en fran\u00e7ais sur les mesures de s\u00e9curit\u00e9\" src=\"https:\/\/m.media-amazon.com\/images\/S\/aplus-media-library-service-media\/c7a36ea1-e166-41f6-bed2-33bdfd9fcfd7.__CR0,0,1464,600_PT0_SX1464_V1___.jpg\"><br \/>\n                            1 Enterprise <\/p>\n<p>                            2 Technologies <\/p>\n<p>                            3 \u00c9quipe <\/p>\n<p>                            4 S\u00e9curit\u00e9 <\/p>\n<p> Package Dimensions                                            \u200f                                            :                                            \u200e                                            11 x 5 x 5 cm; 150 g   <br \/> Manufacturer                                            \u200f                                            :                                            \u200e                                            LongLife   <br \/> ASIN                                            \u200f                                            :                                            \u200e                                            B0FXGV1GQ5   <br \/> Country of origin                                            \u200f                                            :                                            \u200e                                            Italy   <br \/>  Customer reviews:                                                                                            4.6               4.6 out of 5 stars                                  (7)                                              var dpAcrHasRegisteredArcLinkClickAction;                    P.when(&#8216;A&#8217;, &#8216;ready&#8217;).execute(function(A) {                        if (dpAcrHasRegisteredArcLinkClickAction !== true) {                            dpAcrHasRegisteredArcLinkClickAction = true;                            A.declarative(                                &#8216;acrLink-click-metrics&#8217;, &#8216;click&#8217;,                                { &#8220;allowLinkDefault&#8221;: true },                                function (event) {                                    if (window.ue) {                                        ue.count(&#8220;acrLinkClickCount&#8221;, (ue.count(&#8220;acrLinkClickCount&#8221;) || 0) + 1);                                    }                                }                            );                        }                    });                                             P.when(&#8216;A&#8217;, &#8216;cf&#8217;).execute(function(A) {                A.declarative(&#8216;acrStarsLink-click-metrics&#8217;, &#8216;click&#8217;, { &#8220;allowLinkDefault&#8221; : true },  function(event){                    if(window.ue) {                        ue.count(&#8220;acrStarsLinkWithPopoverClickCount&#8221;, (ue.count(&#8220;acrStarsLinkWithPopoverClickCount&#8221;) || 0) + 1);                    }                });            });                          <br \/>Italy quality: Longlife is the leading Italian company in the production of high-quality food supplements. Its food safety management system, based on the HACCP method, is certified to extremely rigorous international standards such as Good Manufacturing Practice (US FDA) and Food Safety System Certification 22000. Our products are also Play Sure Doping Free certified.<br \/>SYNERGIC FORMULA AND HIGH BIOAVAILABILITY: 7 calcium salts, 7 magnesium salts and 6 zinc salts with vitamin D-3. Calcium salts are: calcium carbonate, ascorbate, bisglycinate, calcium citrate, malate, gluconate and succinate. Magnesium salts are: oxide, magnesium bisglycinate, magnesium citrate, gluconate, magnesium malate and succinate. Finally, zinc salts are: citrate, aspartate, zinc bisglycinate, picolinate, ascorbate and zinc gluconate.<br \/>THREE MINERALS, MANY BENEFITS: The 3 minerals contained in the Longlife Cal-Mag-Zinc dietary supplement are important for bone health, musculoskeletal support, nervous and immune system, energy metabolism and acid-base balance.<br \/>VEGETARIAN AND EASY TO SWALL: Cal-Mag-Zinc Longlife is formulated with 22mm coated tablets, easy to swallow. This supplement is ideal for vegetarian diets and is gluten-free. It is advisable to take one (1) tablet daily with a glass of water during the meal.<br \/>SUSTAINABILITY AND SAFETY: All our food supplements are produced with energy from 100% renewable sources. The Longlife R-PET plastic bottle is 100% recyclable and 100% post-consumer recycled, with the exception of pigment. Each package is protected by three times more efficient technology: a seal to insulate external agents, a tamper evident cap and a protective film against dust and moisture.<\/p>\n\n","protected":false},"excerpt":{"rendered":"<p> Product Description 1 Formule 2 Plus 3 Traitement 4 Adapt\u00e9 pour The video showcases the product in use.The video guides you through product setup.The video compares multiple products.The video shows the product being unpacked. LongLife Cal Mag Zinc video Merchant video 1 Enterprise 2 Technologies 3 \u00c9quipe 4 S\u00e9curit\u00e9 Package [&hellip;]<\/p>\n","protected":false},"featured_media":27676,"comment_status":"open","ping_status":"closed","template":"","meta":{"_gspb_post_css":"","om_disable_all_campaigns":false,"_monsterinsights_skip_tracking":false,"_monsterinsights_sitenote_active":false,"_monsterinsights_sitenote_note":"","_monsterinsights_sitenote_category":0},"store":[],"product_brand":[],"product_cat":[143],"product_tag":[1119,993,945,6879,263,310,245,907,294,2342,287,290,401,179,1062,178,172],"class_list":{"0":"post-27675","1":"product","2":"type-product","3":"status-publish","4":"has-post-thumbnail","6":"product_cat-mineraux","7":"product_tag-bioavailability","8":"product_tag-bone","9":"product_tag-calcium","10":"product_tag-calmagzinc","11":"product_tag-free","12":"product_tag-gluten","13":"product_tag-health","14":"product_tag-helps","15":"product_tag-high","16":"product_tag-longlife","17":"product_tag-magnesium","18":"product_tag-nervous","19":"product_tag-system","20":"product_tag-tablets","21":"product_tag-vegetarian","22":"product_tag-vitamin","23":"product_tag-zinc","25":"first","26":"instock","27":"shipping-taxable","28":"product-type-external"},"aioseo_notices":[],"jetpack_sharing_enabled":true,"_links":{"self":[{"href":"https:\/\/www.zolattitude.com\/index.php\/wp-json\/wp\/v2\/product\/27675","targetHints":{"allow":["GET"]}}],"collection":[{"href":"https:\/\/www.zolattitude.com\/index.php\/wp-json\/wp\/v2\/product"}],"about":[{"href":"https:\/\/www.zolattitude.com\/index.php\/wp-json\/wp\/v2\/types\/product"}],"replies":[{"embeddable":true,"href":"https:\/\/www.zolattitude.com\/index.php\/wp-json\/wp\/v2\/comments?post=27675"}],"wp:featuredmedia":[{"embeddable":true,"href":"https:\/\/www.zolattitude.com\/index.php\/wp-json\/wp\/v2\/media\/27676"}],"wp:attachment":[{"href":"https:\/\/www.zolattitude.com\/index.php\/wp-json\/wp\/v2\/media?parent=27675"}],"wp:term":[{"taxonomy":"store","embeddable":true,"href":"https:\/\/www.zolattitude.com\/index.php\/wp-json\/wp\/v2\/store?post=27675"},{"taxonomy":"product_brand","embeddable":true,"href":"https:\/\/www.zolattitude.com\/index.php\/wp-json\/wp\/v2\/product_brand?post=27675"},{"taxonomy":"product_cat","embeddable":true,"href":"https:\/\/www.zolattitude.com\/index.php\/wp-json\/wp\/v2\/product_cat?post=27675"},{"taxonomy":"product_tag","embeddable":true,"href":"https:\/\/www.zolattitude.com\/index.php\/wp-json\/wp\/v2\/product_tag?post=27675"}],"curies":[{"name":"wp","href":"https:\/\/api.w.org\/{rel}","templated":true}]}}