{"id":27711,"date":"2026-04-14T22:10:29","date_gmt":"2026-04-14T22:10:29","guid":{"rendered":"https:\/\/www.zolattitude.com\/index.php\/product\/la-roche-posay-hyalu-b5-anti-wrinkle-serum-30ml\/"},"modified":"2026-04-14T22:10:37","modified_gmt":"2026-04-14T22:10:37","slug":"la-roche-posay-hyalu-b5-anti-wrinkle-serum-30ml","status":"publish","type":"product","link":"https:\/\/www.zolattitude.com\/index.php\/product\/la-roche-posay-hyalu-b5-anti-wrinkle-serum-30ml\/","title":{"rendered":"La Roche Posay Hyalu B5 Anti-wrinkle Serum 30ml"},"content":{"rendered":"<p>Price: <span style=\"color:#b12704\"><del>\u20ac30.86<\/del> - \u20ac45.66<\/span><br \/><i><small>(as of Apr 14, 2026 22:10:29 UTC &#8211; <span class=\"wp_automatic_amazon_disclaimer\" title=\"Product prices and availability are accurate as of the date\/time indicated and are subject to change. Any price and availability information displayed on [relevant Amazon Site(s), as applicable] at the time of purchase will apply to the purchase of this product.\">Details<\/span>)<\/small><\/i><br \/><a href=\"https:\/\/amazon.fr\/dp\/B075VX4QVM?tag=onamzmoukoubl-21\"><img decoding=\"async\" src=\"https:\/\/valvepress.s3.amazonaws.com\/imgs\/buy_now.png\"><\/a><br \/>\n<\/p>\n<p>                                             From the manufacturer   <\/p>\n<p>                                                                                                       <img decoding=\"async\" alt=\"S\u00e9rum hyalu B5\" src=\"https:\/\/images-na.ssl-images-amazon.com\/images\/G\/01\/x-locale\/common\/grey-pixel.gif\" class=\"a-lazy-loaded\" data-src=\"https:\/\/m.media-amazon.com\/images\/S\/aplus-media-library-service-media\/808998d9-4e17-45d9-b5ab-e0a16255194e.__CR0,0,1464,600_PT0_SX1464_V1___.jpg\"><img decoding=\"async\" alt=\"S\u00e9rum hyalu B5\" src=\"https:\/\/m.media-amazon.com\/images\/S\/aplus-media-library-service-media\/808998d9-4e17-45d9-b5ab-e0a16255194e.__CR0,0,1464,600_PT0_SX1464_V1___.jpg\">                                               <\/p>\n<p>                                                                                                       <img decoding=\"async\" alt=\"S\u00e9rum hyalu B5\" src=\"https:\/\/images-na.ssl-images-amazon.com\/images\/G\/01\/x-locale\/common\/grey-pixel.gif\" class=\"a-lazy-loaded\" data-src=\"https:\/\/m.media-amazon.com\/images\/S\/aplus-media-library-service-media\/7317cfee-5f3d-4613-a49b-0c0017249548.__CR0,0,1464,600_PT0_SX1464_V1___.jpg\"><img decoding=\"async\" alt=\"S\u00e9rum hyalu B5\" src=\"https:\/\/m.media-amazon.com\/images\/S\/aplus-media-library-service-media\/7317cfee-5f3d-4613-a49b-0c0017249548.__CR0,0,1464,600_PT0_SX1464_V1___.jpg\">                                               <\/p>\n<p>                                                                                  <img decoding=\"async\" alt=\"gel absorption rapide\" src=\"https:\/\/m.media-amazon.com\/images\/S\/aplus-media-library-service-media\/1c113b09-3cea-4964-bdc8-97f585b92a69.__CR0,0,1464,600_PT0_SX1464_V1___.jpg\">       <\/p>\n<p>                                                                                  <img decoding=\"async\" alt=\"acide hyaluronique vitamine b5\" src=\"https:\/\/m.media-amazon.com\/images\/S\/aplus-media-library-service-media\/edae4b8a-c391-48cc-ad7f-83742ffc2400.__CR0,0,1464,600_PT0_SX1464_V1___.jpg\">       <\/p>\n<p>                                                                                                                   La gamme Hyalu B5<br \/>\n                                                                                     <img decoding=\"async\" alt=\"aplus content image\" src=\"https:\/\/m.media-amazon.com\/images\/S\/aplus-media-library-service-media\/d693eae9-47cc-40f1-803c-2d80d86685ad.__CR0,0,1464,600_PT0_SX1464_V1___.jpg\">                                                    Hyalu B5 S\u00e9rum                                         <\/p>\n<p class=\"aplus-p3\"> S\u00e9rum visage concentr\u00e9 r\u00e9parateur et repulpant, \u00e0 l&#8217;action anti-rides. Pour tous les types de peaux. <\/p>\n<p>                                                                                     <img decoding=\"async\" alt=\"aplus content image\" src=\"https:\/\/m.media-amazon.com\/images\/S\/aplus-media-library-service-media\/cd5958ac-3da9-46f6-a0c4-ae081e387ba8.__CR0,0,1464,600_PT0_SX1464_V1___.jpg\">                                                    Hyalu B5 Aquagel SPF30                                         <\/p>\n<p class=\"aplus-p3\"> Soin visage haute protection UV et pollution. R\u00e9pare, repulpe et hydrate la peau. <\/p>\n<p>                                                                                     <img decoding=\"async\" alt=\"aplus content image\" src=\"https:\/\/m.media-amazon.com\/images\/S\/aplus-media-library-service-media\/4d741bc8-3586-41f3-bad6-2d798ea5950f.__CR0,0,1464,600_PT0_SX1464_V1___.jpg\">                                                    Hyalu B5 Soin cr\u00e8me                                         <\/p>\n<p class=\"aplus-p3\"> Soin r\u00e9parateur et repulpant, \u00e0 l&#8217;action anti-rides. Hydrate tous les types de peaux. <\/p>\n<p>                                                                                     <img decoding=\"async\" alt=\"aplus content image\" src=\"https:\/\/m.media-amazon.com\/images\/S\/aplus-media-library-service-media\/d4ae0667-4cf4-4b8f-9896-6b309b3ec0f7.__CR0,0,1464,600_PT0_SX1464_V1___.jpg\">                                                    Hyalu B5 Soin cr\u00e8me Riche                                         <\/p>\n<p class=\"aplus-p3\"> Soin r\u00e9parateur et repulpant, \u00e0 l&#8217;action anti-rides. Hydrate, nourrit et r\u00e9pare intens\u00e9ment. <\/p>\n<p>                                                                                     <img decoding=\"async\" alt=\"aplus content image\" src=\"https:\/\/m.media-amazon.com\/images\/S\/aplus-media-library-service-media\/a2561d5c-c0b1-4e0b-8a19-85d82d89eaf7.__CR0,0,1464,600_PT0_SX1464_V1___.jpg\">                                                    Hyalu B5 Yeux                                         <\/p>\n<p class=\"aplus-p3\"> Soin pour le contour des yeux, r\u00e9parateur et repulpant, \u00e0 l&#8217;action anti-rides. Pour tous les types de peaux. <\/p>\n<p class=\"aplus-description aplus-container-3 aplus-p1\"> D\u00e9couvrir plus <\/p>\n<h3 class=\"a-text-center aplus-h1 a-text-bold\"> Autres produits qui pouraient vous int\u00e9resser <\/h3>\n<p>                         Add To Basket  <\/p>\n<p>                         Add To Basket  <\/p>\n<p>                                     Customer Reviews  <\/p>\n<p>                    4.5 out of 5 stars  970  <\/p>\n<p>                    4.6 out of 5 stars  1,619  <\/p>\n<p>                    4.7 out of 5 stars  1,552  <\/p>\n<p>                    4.6 out of 5 stars  1,954  <\/p>\n<p>                    4.5 out of 5 stars  18,262  <\/p>\n<p>                    4.7 out of 5 stars  5,212  <\/p>\n<p>                    4.6 out of 5 stars  17,536  <\/p>\n<p>                                     Price  <\/p>\n<p>                                                        \u2014    <\/p>\n<p>                                                        \u20ac29.27\u20ac29.27     <\/p>\n<p>                                                        \u20ac30.96\u20ac30.96     <\/p>\n<p>                                                        \u2014    <\/p>\n<p>                                                        \u2014    <\/p>\n<p>                                                        \u2014    <\/p>\n<p>                                                        \u2014    <\/p>\n<p>                                     Gamme  <\/p>\n<p>                                                Hyalu B5    <\/p>\n<p>                                                Hydraphase    <\/p>\n<p>                                                Hydraphase    <\/p>\n<p>                                                Pure Vitamin C10    <\/p>\n<p>                                                Pure Vitamin C10    <\/p>\n<p>                                                Anthelios    <\/p>\n<p>                                                Retinol B3    <\/p>\n<p>                                     Application  <\/p>\n<p>                                                Visage    <\/p>\n<p>                                                Visage    <\/p>\n<p>                                                Visage    <\/p>\n<p>                                                Visage    <\/p>\n<p>                                                Visage    <\/p>\n<p>                                                Visage    <\/p>\n<p>                                                Visage    <\/p>\n<p>                                     Type de peau  <\/p>\n<p>                                                Tous types    <\/p>\n<p>                                                Normale \u00e0 mixte    <\/p>\n<p>                                                Normale \u00e0 s\u00e8che    <\/p>\n<p>                                                Sensible\/Terne    <\/p>\n<p>                                                Sensible\/Terne    <\/p>\n<p>                                                Tous types    <\/p>\n<p>                                                Tous types    <\/p>\n<p>                                     Texture  <\/p>\n<p>                                                Liquide    <\/p>\n<p>                                                Cr\u00e8me    <\/p>\n<p>                                                Cr\u00e8me    <\/p>\n<p>                                                Cr\u00e8me    <\/p>\n<p>                                                Liquide    <\/p>\n<p>                                                Cr\u00e8me    <\/p>\n<p>                                                Liquide    <\/p>\n<p>                                     B\u00e9n\u00e9fices  <\/p>\n<p>                                                Anti-Cernes    <\/p>\n<p>                                                Hydratation 72H    <\/p>\n<p>                                                Hydratation 72H    <\/p>\n<p>                                                Hydrate &amp; Illumine    <\/p>\n<p>                                                Hydrate &amp; Illumine    <\/p>\n<p>                                                SPF50+\/Anti-taches    <\/p>\n<p>                                                Anti-Rides profondes    <\/p>\n<p>                                     R\u00e9sultat  <\/p>\n<p>                                                Contour yeux liss\u00e9    <\/p>\n<p>                                                Peau repulp\u00e9e\/\u00c9clat    <\/p>\n<p>                                                Peau repulp\u00e9e\/\u00c9clat    <\/p>\n<p>                                                Peau repulp\u00e9e\/\u00c9clat    <\/p>\n<p>                                                Peau repulp\u00e9e\/\u00c9clat    <\/p>\n<p>                                                Lisse &amp; unifie    <\/p>\n<p>                                                Peau repulp\u00e9e    <\/p>\n<p>                                     Contenance  <\/p>\n<p>                                                15ml    <\/p>\n<p>                                                50ml    <\/p>\n<p>                                                50ml    <\/p>\n<p>                                                40ml    <\/p>\n<p>                                                30ml    <\/p>\n<p>                                                50ml    <\/p>\n<p>                                                30ml    <\/p>\n<h3>\n<p class=\"aplus-question aplus-p1\"> Quelle est la particularit\u00e9 de la gamme Hyalu B5 ? <\/p>\n<\/h3>\n<p class=\"aplus-answer aplus-p2\"> La gamme Hyalu B5 de La Roche Posay allie dans ses soins l&#8217;Acide Hyaluronique et la Vitamine B5 pour r\u00e9parer la barri\u00e8re cutan\u00e9e, corriger les rides et repulper la peau. <\/p>\n<h3>\n<p class=\"aplus-question aplus-p1\"> Pourquoi utiliser le S\u00e9rum Hyalu B5 ? <\/p>\n<\/h3>\n<p class=\"aplus-answer aplus-p2\"> Le S\u00e9rum Hyalu B5 hydrate et repulpe la peau du visage afin de lisser les rides, ridules, pr\u00e9venir la perte de volume et d&#8217;\u00e9lasticit\u00e9 de la peau tout en illuminant le teint. <\/p>\n<h3>\n<p class=\"aplus-question aplus-p1\"> Quand utiliser ce s\u00e9rum ? <\/p>\n<\/h3>\n<p class=\"aplus-answer aplus-p2\"> Ce s\u00e9rum s&#8217;utilise matin et\/ou soir sur l&#8217;ensemble du visage et du cou, sur une peau propre et s\u00e8che, avant votre soin habituel. Il peut aussi \u00eatre utilis\u00e9 m\u00e9lang\u00e9 \u00e0 votre soin quotidien pour une touche d&#8217;hydratation et de fra\u00eecheur suppl\u00e9mentaire. <\/p>\n<p> Is discontinued by manufacturer                                            \u200f                                            :                                            \u200e                                            No   <br \/> Language                                            \u200f                                            :                                            \u200e                                            English   <br \/> Product Dimensions                                            \u200f                                            :                                            \u200e                                            3.81 x 5.72 x 10.8 cm; 30 g   <br \/> Date First Available                                            \u200f                                            :                                            \u200e                                            23 Sept. 2017   <br \/> Manufacturer                                            \u200f                                            :                                            \u200e                                            La Roche-Posay   <br \/> ASIN                                            \u200f                                            :                                            \u200e                                            B075VX4QVM   <br \/> Item model number                                            \u200f                                            :                                            \u200e                                            3337875583626   <br \/> Country of origin                                            \u200f                                            :                                            \u200e                                            France   <br \/>       Best Sellers Rank:  4,881 in Beauty (See Top 100 in Beauty)    268 in Day Creams      <br \/>  Customer reviews:                                                                                            4.6               4.6 out of 5 stars                                  (30,779)                                              var dpAcrHasRegisteredArcLinkClickAction;                    P.when(&#8216;A&#8217;, &#8216;ready&#8217;).execute(function(A) {                        if (dpAcrHasRegisteredArcLinkClickAction !== true) {                            dpAcrHasRegisteredArcLinkClickAction = true;                            A.declarative(                                &#8216;acrLink-click-metrics&#8217;, &#8216;click&#8217;,                                { &#8220;allowLinkDefault&#8221;: true },                                function (event) {                                    if (window.ue) {                                        ue.count(&#8220;acrLinkClickCount&#8221;, (ue.count(&#8220;acrLinkClickCount&#8221;) || 0) + 1);                                    }                                }                            );                        }                    });                                             P.when(&#8216;A&#8217;, &#8216;cf&#8217;).execute(function(A) {                A.declarative(&#8216;acrStarsLink-click-metrics&#8217;, &#8216;click&#8217;, { &#8220;allowLinkDefault&#8221; : true },  function(event){                    if(window.ue) {                        ue.count(&#8220;acrStarsLinkWithPopoverClickCount&#8221;, (ue.count(&#8220;acrStarsLinkWithPopoverClickCount&#8221;) || 0) + 1);                    }                });            });                          <br \/>Anti-wrinkle restorative serum, plumping and moisturizing enriched with Hyaluronic Acid and Vitamin B5. Prevents loss of volume and restores skin elasticity. For dull and tired skin.<br \/>The skin is plumper and more supple. Wrinkles are reduced. It is toned and regains its elasticity. The complexion is fresh and radiant.<br \/>Apply morning and\/or evening to the entire face and neck on clean, dry skin. For a refreshing effect, keep the serum in your fridge.<\/p>\n\n","protected":false},"excerpt":{"rendered":"<p> From the manufacturer La gamme Hyalu B5 Hyalu B5 S\u00e9rum S\u00e9rum visage concentr\u00e9 r\u00e9parateur et repulpant, \u00e0 l&#8217;action anti-rides. Pour tous les types de peaux. Hyalu B5 Aquagel SPF30 Soin visage haute protection UV et pollution. R\u00e9pare, repulpe et hydrate la peau. Hyalu B5 Soin cr\u00e8me Soin r\u00e9parateur et repulpant, [&hellip;]<\/p>\n","protected":false},"featured_media":27712,"comment_status":"open","ping_status":"closed","template":"","meta":{"_gspb_post_css":"","om_disable_all_campaigns":false,"_monsterinsights_skip_tracking":false,"_monsterinsights_sitenote_active":false,"_monsterinsights_sitenote_note":"","_monsterinsights_sitenote_category":0},"store":[],"product_brand":[],"product_cat":[138],"product_tag":[1577,1144,6901,6900,6899,1392],"class_list":{"0":"post-27711","1":"product","2":"type-product","3":"status-publish","4":"has-post-thumbnail","6":"product_cat-acide-hyaluronique-msm","7":"product_tag-30ml","8":"product_tag-antiwrinkle","9":"product_tag-hyalu","10":"product_tag-posay","11":"product_tag-roche","12":"product_tag-serum","14":"first","15":"instock","16":"shipping-taxable","17":"product-type-external"},"aioseo_notices":[],"jetpack_sharing_enabled":true,"_links":{"self":[{"href":"https:\/\/www.zolattitude.com\/index.php\/wp-json\/wp\/v2\/product\/27711","targetHints":{"allow":["GET"]}}],"collection":[{"href":"https:\/\/www.zolattitude.com\/index.php\/wp-json\/wp\/v2\/product"}],"about":[{"href":"https:\/\/www.zolattitude.com\/index.php\/wp-json\/wp\/v2\/types\/product"}],"replies":[{"embeddable":true,"href":"https:\/\/www.zolattitude.com\/index.php\/wp-json\/wp\/v2\/comments?post=27711"}],"wp:featuredmedia":[{"embeddable":true,"href":"https:\/\/www.zolattitude.com\/index.php\/wp-json\/wp\/v2\/media\/27712"}],"wp:attachment":[{"href":"https:\/\/www.zolattitude.com\/index.php\/wp-json\/wp\/v2\/media?parent=27711"}],"wp:term":[{"taxonomy":"store","embeddable":true,"href":"https:\/\/www.zolattitude.com\/index.php\/wp-json\/wp\/v2\/store?post=27711"},{"taxonomy":"product_brand","embeddable":true,"href":"https:\/\/www.zolattitude.com\/index.php\/wp-json\/wp\/v2\/product_brand?post=27711"},{"taxonomy":"product_cat","embeddable":true,"href":"https:\/\/www.zolattitude.com\/index.php\/wp-json\/wp\/v2\/product_cat?post=27711"},{"taxonomy":"product_tag","embeddable":true,"href":"https:\/\/www.zolattitude.com\/index.php\/wp-json\/wp\/v2\/product_tag?post=27711"}],"curies":[{"name":"wp","href":"https:\/\/api.w.org\/{rel}","templated":true}]}}