{"id":27734,"date":"2026-04-14T23:57:55","date_gmt":"2026-04-14T23:57:55","guid":{"rendered":"https:\/\/www.zolattitude.com\/index.php\/product\/lee-holmes-love-your-gut-fulvic-humic-concentrate-gut-health-nutrient-absorption-overloaded-foods-60ml\/"},"modified":"2026-04-14T23:57:55","modified_gmt":"2026-04-14T23:57:55","slug":"lee-holmes-love-your-gut-fulvic-humic-concentrate-gut-health-nutrient-absorption-overloaded-foods-60ml","status":"publish","type":"product","link":"https:\/\/www.zolattitude.com\/index.php\/product\/lee-holmes-love-your-gut-fulvic-humic-concentrate-gut-health-nutrient-absorption-overloaded-foods-60ml\/","title":{"rendered":"Lee Holmes Love Your Gut Fulvic Humic Concentrate &#8211; Gut Health &#038; Nutrient Absorption &#8211; Overloaded Foods (60ml)"},"content":{"rendered":"<p>Price: <span style=\"color:#b12704\"><\/span><br \/><i><small>(as of  &#8211; <span class=\"wp_automatic_amazon_disclaimer\" title=\"Product prices and availability are accurate as of the date\/time indicated and are subject to change. Any price and availability information displayed on [relevant Amazon Site(s), as applicable] at the time of purchase will apply to the purchase of this product.\">Details<\/span>)<\/small><\/i><br \/><a href=\"https:\/\/amazon.fr\/dp\/B0CNH5N878?tag=onamzmoukoubl-21\"><img decoding=\"async\" src=\"https:\/\/valvepress.s3.amazonaws.com\/imgs\/buy_now.png\"><\/a><br \/>\n<\/p>\n<p>                                             From the brand   <\/p>\n<p>                                              <img decoding=\"async\" alt=\"\" src=\"https:\/\/images-na.ssl-images-amazon.com\/images\/G\/01\/x-locale\/common\/grey-pixel.gif\" class=\"a-lazy-loaded\" data-src=\"https:\/\/m.media-amazon.com\/images\/S\/aplus-media-library-service-media\/6645b855-3a97-4e2d-8f7f-47b4318d88b1.__CR0,33,1576,673_PT0_SX1464_V1___.jpg\"><img decoding=\"async\" alt=\"\" src=\"https:\/\/m.media-amazon.com\/images\/S\/aplus-media-library-service-media\/6645b855-3a97-4e2d-8f7f-47b4318d88b1.__CR0,33,1576,673_PT0_SX1464_V1___.jpg\">  <\/p>\n<h3> Loving British Guts Since 2010 <\/h3>\n<p> Hello I&#8217;m Lee Holmes, nutritionniste clinique britannique\/australien, 11 fois auteur \u00e0 succ\u00e8s et cr\u00e9ateur de la gamme Love Your Gut. <\/p>\n<h3> Aimez votre intestin  <\/h3>\n<p class=\"apm-brand-story-stores-link\">\n<p>                                                         Nos produits contiennent-ils quelque chose de synth\u00e9tique ?                                        <\/p>\n<p> Non, absolument jamais ! Tous nos produits sont 100 % naturels, des solutions alimentaires enti\u00e8res. Doux, naturel et efficace est le nom de notre jeu. Nous sommes aussi abordables <\/p>\n<p>                                                         Comment commencons-nous ?                                       <\/p>\n<p> Supercharged Food a \u00e9t\u00e9 lanc\u00e9 par Lee Holmes en 2010. Elle a ensuite publi\u00e9 11 livres les plus vendus, y compris Heal Your Gut. Lee a cr\u00e9\u00e9 la gamme Love Your Gut de sa clinique de nutrition \u00e0 Sydney.  <\/p>\n<p>                                                         Quelles sont vos valeurs ?                                        <\/p>\n<p> Nutrition naturelle, abordable, efficace <\/p>\n<p> Package Dimensions                                            \u200f                                            :                                            \u200e                                            11.8 x 3.7 x 3.5 cm; 120 g   <br \/> Manufacturer                                            \u200f                                            :                                            \u200e                                            Supercharged Food   <br \/> ASIN                                            \u200f                                            :                                            \u200e                                            B0CNH5N878   <br \/> Manufacturer reference                                            \u200f                                            :                                            \u200e                                            FHC60N   <br \/>Suitable for vegan and non-GMO diets<\/p>\n\n","protected":false},"excerpt":{"rendered":"<p> From the brand Loving British Guts Since 2010 Hello I&#8217;m Lee Holmes, nutritionniste clinique britannique\/australien, 11 fois auteur \u00e0 succ\u00e8s et cr\u00e9ateur de la gamme Love Your Gut. Aimez votre intestin Nos produits contiennent-ils quelque chose de synth\u00e9tique ? Non, absolument jamais ! Tous nos produits sont 100 % naturels, [&hellip;]<\/p>\n","protected":false},"featured_media":27735,"comment_status":"open","ping_status":"closed","template":"","meta":{"_gspb_post_css":"","om_disable_all_campaigns":false,"_monsterinsights_skip_tracking":false,"_monsterinsights_sitenote_active":false,"_monsterinsights_sitenote_note":"","_monsterinsights_sitenote_category":0},"store":[],"product_brand":[],"product_cat":[154],"product_tag":[2017,295,1469,204,3524,1429,245,6909,3525,6908,2722,2422,6910],"class_list":{"0":"post-27734","1":"product","2":"type-product","3":"status-publish","4":"has-post-thumbnail","6":"product_cat-sante-intestinale","7":"product_tag-60ml","8":"product_tag-absorption","9":"product_tag-concentrate","10":"product_tag-foods","11":"product_tag-fulvic","12":"product_tag-gut","13":"product_tag-health","14":"product_tag-holmes","15":"product_tag-humic","16":"product_tag-lee","17":"product_tag-love","18":"product_tag-nutrient","19":"product_tag-overloaded","21":"first","22":"instock","23":"shipping-taxable","24":"product-type-simple"},"aioseo_notices":[],"jetpack_sharing_enabled":true,"_links":{"self":[{"href":"https:\/\/www.zolattitude.com\/index.php\/wp-json\/wp\/v2\/product\/27734","targetHints":{"allow":["GET"]}}],"collection":[{"href":"https:\/\/www.zolattitude.com\/index.php\/wp-json\/wp\/v2\/product"}],"about":[{"href":"https:\/\/www.zolattitude.com\/index.php\/wp-json\/wp\/v2\/types\/product"}],"replies":[{"embeddable":true,"href":"https:\/\/www.zolattitude.com\/index.php\/wp-json\/wp\/v2\/comments?post=27734"}],"wp:featuredmedia":[{"embeddable":true,"href":"https:\/\/www.zolattitude.com\/index.php\/wp-json\/wp\/v2\/media\/27735"}],"wp:attachment":[{"href":"https:\/\/www.zolattitude.com\/index.php\/wp-json\/wp\/v2\/media?parent=27734"}],"wp:term":[{"taxonomy":"store","embeddable":true,"href":"https:\/\/www.zolattitude.com\/index.php\/wp-json\/wp\/v2\/store?post=27734"},{"taxonomy":"product_brand","embeddable":true,"href":"https:\/\/www.zolattitude.com\/index.php\/wp-json\/wp\/v2\/product_brand?post=27734"},{"taxonomy":"product_cat","embeddable":true,"href":"https:\/\/www.zolattitude.com\/index.php\/wp-json\/wp\/v2\/product_cat?post=27734"},{"taxonomy":"product_tag","embeddable":true,"href":"https:\/\/www.zolattitude.com\/index.php\/wp-json\/wp\/v2\/product_tag?post=27734"}],"curies":[{"name":"wp","href":"https:\/\/api.w.org\/{rel}","templated":true}]}}