{"id":27754,"date":"2026-04-15T00:53:09","date_gmt":"2026-04-15T00:53:09","guid":{"rendered":"https:\/\/www.zolattitude.com\/index.php\/product\/marine-collagen-hyaluronic-acid-chelated-magnesium-omega-3-rhodiola-rosea-cellular-resilience-management-4-supplements-in-1-pack-for-health-and-wellness-i-28-dosis-diarios\/"},"modified":"2026-04-15T00:53:19","modified_gmt":"2026-04-15T00:53:19","slug":"marine-collagen-hyaluronic-acid-chelated-magnesium-omega-3-rhodiola-rosea-cellular-resilience-management-4-supplements-in-1-pack-for-health-and-wellness-i-28-dosis-diarios","status":"publish","type":"product","link":"https:\/\/www.zolattitude.com\/index.php\/product\/marine-collagen-hyaluronic-acid-chelated-magnesium-omega-3-rhodiola-rosea-cellular-resilience-management-4-supplements-in-1-pack-for-health-and-wellness-i-28-dosis-diarios\/","title":{"rendered":"Marine Collagen Hyaluronic Acid + Chelated Magnesium + Omega 3 + Rhodiola Rosea \u2013 Cellular Resilience Management \u2013 4 Supplements in 1 Pack for Health and Wellness I 28 Dosis Diarios"},"content":{"rendered":"<p>Price: <span style=\"color:#b12704\">\u20ac39.00<\/span><br \/><i><small>(as of Apr 15, 2026 00:53:09 UTC &#8211; <span class=\"wp_automatic_amazon_disclaimer\" title=\"Product prices and availability are accurate as of the date\/time indicated and are subject to change. Any price and availability information displayed on [relevant Amazon Site(s), as applicable] at the time of purchase will apply to the purchase of this product.\">Details<\/span>)<\/small><\/i><br \/><a href=\"https:\/\/amazon.fr\/dp\/B0DKDC4KC7?tag=onamzmoukoubl-21\"><img decoding=\"async\" src=\"https:\/\/valvepress.s3.amazonaws.com\/imgs\/buy_now.png\"><\/a><br \/>\n<\/p>\n<p>                                             From the brand   <\/p>\n<p>                                              <img decoding=\"async\" alt=\"brand_basa\" src=\"https:\/\/images-na.ssl-images-amazon.com\/images\/G\/01\/x-locale\/common\/grey-pixel.gif\" class=\"a-lazy-loaded\" data-src=\"https:\/\/m.media-amazon.com\/images\/S\/aplus-media-library-service-media\/de4182c7-ca78-4779-a058-917fae126ce2.__CR0,0,1464,625_PT0_SX1464_V1___.png\"><img decoding=\"async\" alt=\"brand_basa\" src=\"https:\/\/m.media-amazon.com\/images\/S\/aplus-media-library-service-media\/de4182c7-ca78-4779-a058-917fae126ce2.__CR0,0,1464,625_PT0_SX1464_V1___.png\">  <\/p>\n<p>                                              <img decoding=\"async\" alt=\"Une forme g\u00e9om\u00e9trique simple compos\u00e9e de trois segments color\u00e9s : bleu, jaune et rouge, dispos\u00e9s horizontalement sur un fond noir.\" src=\"https:\/\/images-na.ssl-images-amazon.com\/images\/G\/01\/x-locale\/common\/grey-pixel.gif\" class=\"a-lazy-loaded\" data-src=\"https:\/\/m.media-amazon.com\/images\/S\/aplus-media-library-service-media\/7a4850c9-bb6e-47a1-9902-5fe9ba630c4d.__CR0,0,362,453_PT0_SX362_V1___.png\"><img decoding=\"async\" alt=\"Une forme g\u00e9om\u00e9trique simple compos\u00e9e de trois segments color\u00e9s : bleu, jaune et rouge, dispos\u00e9s horizontalement sur un fond noir.\" src=\"https:\/\/m.media-amazon.com\/images\/S\/aplus-media-library-service-media\/7a4850c9-bb6e-47a1-9902-5fe9ba630c4d.__CR0,0,362,453_PT0_SX362_V1___.png\">  <\/p>\n<p>                                              <img decoding=\"async\" alt=\"it_jmqn\" src=\"https:\/\/images-na.ssl-images-amazon.com\/images\/G\/01\/x-locale\/common\/grey-pixel.gif\" class=\"a-lazy-loaded\" data-src=\"https:\/\/m.media-amazon.com\/images\/S\/aplus-media-library-service-media\/11c2e8f5-0e11-46fb-80ab-aa521372a0ac.__CR0,0,362,453_PT0_SX362_V1___.png\"><img decoding=\"async\" alt=\"it_jmqn\" src=\"https:\/\/m.media-amazon.com\/images\/S\/aplus-media-library-service-media\/11c2e8f5-0e11-46fb-80ab-aa521372a0ac.__CR0,0,362,453_PT0_SX362_V1___.png\">  <\/p>\n<h3> D\u00e9couvrez nos produits <\/h3>\n<p>                                              <img decoding=\"async\" alt=\"it_nmqn\" src=\"https:\/\/images-na.ssl-images-amazon.com\/images\/G\/01\/x-locale\/common\/grey-pixel.gif\" class=\"a-lazy-loaded\" data-src=\"https:\/\/m.media-amazon.com\/images\/S\/aplus-media-library-service-media\/b6d17bbd-8e74-4660-aa48-7e969e8d6c3a.__CR0,0,362,453_PT0_SX362_V1___.png\"><img decoding=\"async\" alt=\"it_nmqn\" src=\"https:\/\/m.media-amazon.com\/images\/S\/aplus-media-library-service-media\/b6d17bbd-8e74-4660-aa48-7e969e8d6c3a.__CR0,0,362,453_PT0_SX362_V1___.png\">  <\/p>\n<h3> D\u00e9couvrez nos produits <\/h3>\n<p>                                              <img decoding=\"async\" alt=\"Affiche inspirante avec le texte vert \u00ab La vita, ma mai \u00bb sur fond chaud de coucher de soleil\" src=\"https:\/\/images-na.ssl-images-amazon.com\/images\/G\/01\/x-locale\/common\/grey-pixel.gif\" class=\"a-lazy-loaded\" data-src=\"https:\/\/m.media-amazon.com\/images\/S\/aplus-media-library-service-media\/300c8c9e-8605-42c7-8dd1-4d18d19eee45.__CR0,0,362,453_PT0_SX362_V1___.png\"><img decoding=\"async\" alt=\"Affiche inspirante avec le texte vert \u00ab La vita, ma mai \u00bb sur fond chaud de coucher de soleil\" src=\"https:\/\/m.media-amazon.com\/images\/S\/aplus-media-library-service-media\/300c8c9e-8605-42c7-8dd1-4d18d19eee45.__CR0,0,362,453_PT0_SX362_V1___.png\">  <\/p>\n<h3> D\u00e9couvrez nos produits <\/h3>\n<p>                                              <img decoding=\"async\" alt=\"Texte informatif en italien sur la qualit\u00e9 des produits, mettant en avant les ingr\u00e9dients naturels et des tests rigoureux. Comprend quatre ic\u00f4nes de certification en bas.\" src=\"https:\/\/images-na.ssl-images-amazon.com\/images\/G\/01\/x-locale\/common\/grey-pixel.gif\" class=\"a-lazy-loaded\" data-src=\"https:\/\/m.media-amazon.com\/images\/S\/aplus-media-library-service-media\/9cc5e7c0-feaa-406b-abd4-c25db810f375.__CR0,0,362,453_PT0_SX362_V1___.png\"><img decoding=\"async\" alt=\"Texte informatif en italien sur la qualit\u00e9 des produits, mettant en avant les ingr\u00e9dients naturels et des tests rigoureux. Comprend quatre ic\u00f4nes de certification en bas.\" src=\"https:\/\/m.media-amazon.com\/images\/S\/aplus-media-library-service-media\/9cc5e7c0-feaa-406b-abd4-c25db810f375.__CR0,0,362,453_PT0_SX362_V1___.png\">  <\/p>\n<p> Product Dimensions                                            \u200f                                            :                                            \u200e                                            20 x 10 x 15 cm; 300 g   <br \/> Manufacturer                                            \u200f                                            :                                            \u200e                                            Bright Naturo   <br \/> ASIN                                            \u200f                                            :                                            \u200e                                            B0DKDC4KC7   <br \/> Manufacturer reference                                            \u200f                                            :                                            \u200e                                            1   <br \/> Country of origin                                            \u200f                                            :                                            \u200e                                            Andorra   <br \/>  Customer reviews:                                                                                            3.2               3.2 out of 5 stars                                  (10)                                              var dpAcrHasRegisteredArcLinkClickAction;                    P.when(&#8216;A&#8217;, &#8216;ready&#8217;).execute(function(A) {                        if (dpAcrHasRegisteredArcLinkClickAction !== true) {                            dpAcrHasRegisteredArcLinkClickAction = true;                            A.declarative(                                &#8216;acrLink-click-metrics&#8217;, &#8216;click&#8217;,                                { &#8220;allowLinkDefault&#8221;: true },                                function (event) {                                    if (window.ue) {                                        ue.count(&#8220;acrLinkClickCount&#8221;, (ue.count(&#8220;acrLinkClickCount&#8221;) || 0) + 1);                                    }                                }                            );                        }                    });                                             P.when(&#8216;A&#8217;, &#8216;cf&#8217;).execute(function(A) {                A.declarative(&#8216;acrStarsLink-click-metrics&#8217;, &#8216;click&#8217;, { &#8220;allowLinkDefault&#8221; : true },  function(event){                    if(window.ue) {                        ue.count(&#8220;acrStarsLinkWithPopoverClickCount&#8221;, (ue.count(&#8220;acrStarsLinkWithPopoverClickCount&#8221;) || 0) + 1);                    }                });            });                          <br \/>Omega-3 &#8211; The basis of health and longevity &#8211; an essential element for cells. It strengthens membranes, supports the heart, brain and joints, reduces inflammation and helps the body stay in balance. The key to an active life and protection against aging. Omega-3 TG &#8211; Natural Form for Maximum Benefits &#8211; Omega-3 Triglycerides with High Bioavailability Supports the heart, brain and joints, reduces inflammation and improves cognitive function. Optimal absorption for maximum efficiency<br \/>DstgrhhRhodiola Rosea &#8211; Energy and Resistance in Any Situation &#8211; a natural adaptogen that improves endurance, mental focus and stress resistance. Supports the nervous system, fights fatigue and helps the body adapt to challenges<br \/>Magnesio Chelato \u2013 Bioavailabilit\u00e0 assoluta per il massimo effetto. Il magnesio \u00e8 uno dei minerali pi\u00f9 importanti per la salute, ma non tutte le sue forme vengono assorbite allo stesso modo. Il magnesio chelato \u00e8 lo standard d&#8217;oro della biodisponibilit\u00e0, nettamente superiore all&#8217;ossido, al solfato e ad altri composti inorganici. Legato agli amminoacidi, penetra facilmente nelle cellule, fornendo al sistema nervoso, ai muscoli, alle ossa e all&#8217;equilibrio energetico tutto ci\u00f2 di cui hanno bisogno per funzionare al meglio.<br \/>\u200d\u2640\ufe0fMarine Collagen with Hyaluronic Acid &#8211; Young and firm skin &#8211; Supports skin elasticity, strengthens hair and nails, and promotes joint health. Deeply moisturizes and slows down aging. Enriched with hyaluronic acid for optimal effectiveness<\/p>\n\n","protected":false},"excerpt":{"rendered":"<p> From the brand D\u00e9couvrez nos produits D\u00e9couvrez nos produits D\u00e9couvrez nos produits Product Dimensions \u200f : \u200e 20 x 10 x 15 cm; 300 g Manufacturer \u200f : \u200e Bright Naturo ASIN \u200f : \u200e B0DKDC4KC7 Manufacturer reference \u200f : \u200e 1 Country of origin \u200f : \u200e Andorra Customer [&hellip;]<\/p>\n","protected":false},"featured_media":27755,"comment_status":"open","ping_status":"closed","template":"","meta":{"_gspb_post_css":"","om_disable_all_campaigns":false,"_monsterinsights_skip_tracking":false,"_monsterinsights_sitenote_active":false,"_monsterinsights_sitenote_note":"","_monsterinsights_sitenote_category":0},"store":[],"product_brand":[],"product_cat":[150],"product_tag":[188,1755,2919,168,6915,6914,245,187,287,576,167,259,316,4058,419,420,275,250],"class_list":{"0":"post-27754","1":"product","2":"type-product","3":"status-publish","4":"has-post-thumbnail","6":"product_cat-anti-stress-adaptogenes","7":"product_tag-acid","8":"product_tag-cellular","9":"product_tag-chelated","10":"product_tag-collagen","11":"product_tag-diarios","12":"product_tag-dosis","13":"product_tag-health","14":"product_tag-hyaluronic","15":"product_tag-magnesium","16":"product_tag-management","17":"product_tag-marine","18":"product_tag-omega","19":"product_tag-pack","20":"product_tag-resilience","21":"product_tag-rhodiola","22":"product_tag-rosea","23":"product_tag-supplements","24":"product_tag-wellness","26":"first","27":"instock","28":"shipping-taxable","29":"product-type-external"},"aioseo_notices":[],"jetpack_sharing_enabled":true,"_links":{"self":[{"href":"https:\/\/www.zolattitude.com\/index.php\/wp-json\/wp\/v2\/product\/27754","targetHints":{"allow":["GET"]}}],"collection":[{"href":"https:\/\/www.zolattitude.com\/index.php\/wp-json\/wp\/v2\/product"}],"about":[{"href":"https:\/\/www.zolattitude.com\/index.php\/wp-json\/wp\/v2\/types\/product"}],"replies":[{"embeddable":true,"href":"https:\/\/www.zolattitude.com\/index.php\/wp-json\/wp\/v2\/comments?post=27754"}],"wp:featuredmedia":[{"embeddable":true,"href":"https:\/\/www.zolattitude.com\/index.php\/wp-json\/wp\/v2\/media\/27755"}],"wp:attachment":[{"href":"https:\/\/www.zolattitude.com\/index.php\/wp-json\/wp\/v2\/media?parent=27754"}],"wp:term":[{"taxonomy":"store","embeddable":true,"href":"https:\/\/www.zolattitude.com\/index.php\/wp-json\/wp\/v2\/store?post=27754"},{"taxonomy":"product_brand","embeddable":true,"href":"https:\/\/www.zolattitude.com\/index.php\/wp-json\/wp\/v2\/product_brand?post=27754"},{"taxonomy":"product_cat","embeddable":true,"href":"https:\/\/www.zolattitude.com\/index.php\/wp-json\/wp\/v2\/product_cat?post=27754"},{"taxonomy":"product_tag","embeddable":true,"href":"https:\/\/www.zolattitude.com\/index.php\/wp-json\/wp\/v2\/product_tag?post=27754"}],"curies":[{"name":"wp","href":"https:\/\/api.w.org\/{rel}","templated":true}]}}