{"id":27783,"date":"2026-04-15T01:18:36","date_gmt":"2026-04-15T01:18:36","guid":{"rendered":"https:\/\/www.zolattitude.com\/index.php\/product\/matcha-co-organic-ceremonial-matcha-tea-pesticide-free-superior-quality-japanese-green-tea-powder-80g\/"},"modified":"2026-04-15T01:18:41","modified_gmt":"2026-04-15T01:18:41","slug":"matcha-co-organic-ceremonial-matcha-tea-pesticide-free-superior-quality-japanese-green-tea-powder-80g","status":"publish","type":"product","link":"https:\/\/www.zolattitude.com\/index.php\/product\/matcha-co-organic-ceremonial-matcha-tea-pesticide-free-superior-quality-japanese-green-tea-powder-80g\/","title":{"rendered":"Matcha &#038; CO | Organic Ceremonial Matcha Tea \u2013 Pesticide Free \u2013 Superior Quality \u2013 Japanese Green Tea Powder \u2013 80g"},"content":{"rendered":"<p>Price: <span style=\"color:#b12704\">\u20ac32.95<\/span><br \/><i><small>(as of Apr 15, 2026 01:18:36 UTC &#8211; <span class=\"wp_automatic_amazon_disclaimer\" title=\"Product prices and availability are accurate as of the date\/time indicated and are subject to change. Any price and availability information displayed on [relevant Amazon Site(s), as applicable] at the time of purchase will apply to the purchase of this product.\">Details<\/span>)<\/small><\/i><br \/><a href=\"https:\/\/amazon.fr\/dp\/B0882ZCHMW?tag=onamzmoukoubl-21\"><img decoding=\"async\" src=\"https:\/\/valvepress.s3.amazonaws.com\/imgs\/buy_now.png\"><\/a><br \/>\n<\/p>\n<p>                                             From the brand   <\/p>\n<p>                                              <img decoding=\"async\" alt=\"\" src=\"https:\/\/images-na.ssl-images-amazon.com\/images\/G\/01\/x-locale\/common\/grey-pixel.gif\" class=\"a-lazy-loaded\" data-src=\"https:\/\/m.media-amazon.com\/images\/S\/aplus-media-library-service-media\/0e5ea8da-801f-4b74-ad13-ca00ee1b4762.__CR0,406,5989,2557_PT0_SX1464_V1___.jpg\"><img decoding=\"async\" alt=\"\" src=\"https:\/\/m.media-amazon.com\/images\/S\/aplus-media-library-service-media\/0e5ea8da-801f-4b74-ad13-ca00ee1b4762.__CR0,406,5989,2557_PT0_SX1464_V1___.jpg\">  <\/p>\n<h3> Notre Histoire <\/h3>\n<p> Des produits au th\u00e9 matcha pour am\u00e9liorer votre bien-\u00eatre de l\u2019int\u00e9rieur. <\/p>\n<p>                                              <img decoding=\"async\" alt=\"\" src=\"https:\/\/images-na.ssl-images-amazon.com\/images\/G\/01\/x-locale\/common\/grey-pixel.gif\" class=\"a-lazy-loaded\" data-src=\"https:\/\/m.media-amazon.com\/images\/S\/aplus-media-library-service-media\/9cef32d5-e474-42ea-99be-fd3689462155.__CR0,0,315,145_PT0_SX315_V1___.png\"><img decoding=\"async\" alt=\"\" src=\"https:\/\/m.media-amazon.com\/images\/S\/aplus-media-library-service-media\/9cef32d5-e474-42ea-99be-fd3689462155.__CR0,0,315,145_PT0_SX315_V1___.png\">  <\/p>\n<p> Chez Matcha &amp; CO, nous sommes passionn\u00e9s par le matcha et c&#8217;est pourquoi notre objectif est de fournir un produit de la plus haute qualit\u00e9 100% naturel et \u00e9cologique. <\/p>\n<p> Nous voulons faire conna\u00eetre ce produit avec un pouvoir antioxydant \u00e9lev\u00e9 et de multiples avantages pour l&#8217;introduire dans la routine des gens et ainsi am\u00e9liorer leur qualit\u00e9 de vie, comme le matcha a am\u00e9lior\u00e9 la n\u00f4tre. <\/p>\n<p>                                                         Produits de haute qualit\u00e9                                       <\/p>\n<p> Nous travaillons avec des agriculteurs japonais qui cultivent et produisent du matcha depuis plus de cinq g\u00e9n\u00e9rations et qui ont adapt\u00e9 leurs plantations pour produire de mani\u00e8re \u00e9cologique et durable. <\/p>\n<p>                                                         Le th\u00e9 en poudre : une nouvelle fa\u00e7on de boire du th\u00e9                                       <\/p>\n<p> Contrairement au th\u00e9 infus\u00e9, lorsque vous buvez du th\u00e9 en poudre, vous \u00e9vitez de consommer des microplastiques et vous absorbez tous les nutriments et antioxydants contenus dans la feuille de th\u00e9 moulue. <\/p>\n<p>                                              <img decoding=\"async\" alt=\"\" src=\"https:\/\/images-na.ssl-images-amazon.com\/images\/G\/01\/x-locale\/common\/grey-pixel.gif\" class=\"a-lazy-loaded\" data-src=\"https:\/\/m.media-amazon.com\/images\/S\/aplus-media-library-service-media\/bd5f8cbc-bb71-4222-b218-396a46ac2ce2.__CR159,0,962,1204_PT0_SX362_V1___.jpg\"><img decoding=\"async\" alt=\"\" src=\"https:\/\/m.media-amazon.com\/images\/S\/aplus-media-library-service-media\/bd5f8cbc-bb71-4222-b218-396a46ac2ce2.__CR159,0,962,1204_PT0_SX362_V1___.jpg\">  <\/p>\n<h3> Produits 100% naturels <\/h3>\n<\/p>\n<p>Certificat biologiquePas de colorants ni de conservateurs.Sans gluten ni allerg\u00e8nes.     <\/p>\n<h3> D\u00e9couvrez nos produits <\/h3>\n<p class=\"apm-brand-story-stores-link\">\n<p>PREMIUM CEREMONIAL QUALITY: Our 100% organic Matcha tea comes from Uji (Japan). This ceremonial grade matcha is a powerful antioxidant without sugar, dyes or preservatives. It provides you with natural energy, speeds up metabolism and helps control blood sugar levels in the blood.<br \/>CONCENTRATION AND WELLNESS: With each dose, improve your brain functions to get more attention, focus and a better mood. It can also help in weight loss and maintain a healthy weight, as a complement to a balanced diet and regular exercise.<br \/>Traditional cultivation and pure taste: Ecologically grown in Kyoto, our matcha comes from the finest green tea leaves. Harvested manually and ground on stone, they offer a texture, aroma and taste of maximum purity, ideal for the tea ceremony or your premium lattes.<br \/>Eco-friendly and sustainable commitment: For Matcha &#038; CO, quality and durability go hand in hand. All of our products are ecologically certified (pesticide and GMO free). Plus, our packaging is 100% recyclable to take care of you and the planet.<\/p>\n\n","protected":false},"excerpt":{"rendered":"<p> From the brand Notre Histoire Des produits au th\u00e9 matcha pour am\u00e9liorer votre bien-\u00eatre de l\u2019int\u00e9rieur. Chez Matcha &amp; CO, nous sommes passionn\u00e9s par le matcha et c&#8217;est pourquoi notre objectif est de fournir un produit de la plus haute qualit\u00e9 100% naturel et \u00e9cologique. Nous voulons faire conna\u00eetre ce [&hellip;]<\/p>\n","protected":false},"featured_media":27784,"comment_status":"open","ping_status":"closed","template":"","meta":{"_gspb_post_css":"","om_disable_all_campaigns":false,"_monsterinsights_skip_tracking":false,"_monsterinsights_sitenote_active":false,"_monsterinsights_sitenote_note":"","_monsterinsights_sitenote_category":0},"store":[],"product_brand":[],"product_cat":[146],"product_tag":[2627,3825,263,826,2778,785,238,4657,214,376,535,562],"class_list":{"0":"post-27783","1":"product","2":"type-product","3":"status-publish","4":"has-post-thumbnail","6":"product_cat-superaliments-verts","7":"product_tag-80g","8":"product_tag-ceremonial","9":"product_tag-free","10":"product_tag-green","11":"product_tag-japanese","12":"product_tag-matcha","13":"product_tag-organic","14":"product_tag-pesticide","15":"product_tag-powder","16":"product_tag-quality","17":"product_tag-superior","18":"product_tag-tea","20":"first","21":"instock","22":"shipping-taxable","23":"product-type-external"},"aioseo_notices":[],"jetpack_sharing_enabled":true,"_links":{"self":[{"href":"https:\/\/www.zolattitude.com\/index.php\/wp-json\/wp\/v2\/product\/27783","targetHints":{"allow":["GET"]}}],"collection":[{"href":"https:\/\/www.zolattitude.com\/index.php\/wp-json\/wp\/v2\/product"}],"about":[{"href":"https:\/\/www.zolattitude.com\/index.php\/wp-json\/wp\/v2\/types\/product"}],"replies":[{"embeddable":true,"href":"https:\/\/www.zolattitude.com\/index.php\/wp-json\/wp\/v2\/comments?post=27783"}],"wp:featuredmedia":[{"embeddable":true,"href":"https:\/\/www.zolattitude.com\/index.php\/wp-json\/wp\/v2\/media\/27784"}],"wp:attachment":[{"href":"https:\/\/www.zolattitude.com\/index.php\/wp-json\/wp\/v2\/media?parent=27783"}],"wp:term":[{"taxonomy":"store","embeddable":true,"href":"https:\/\/www.zolattitude.com\/index.php\/wp-json\/wp\/v2\/store?post=27783"},{"taxonomy":"product_brand","embeddable":true,"href":"https:\/\/www.zolattitude.com\/index.php\/wp-json\/wp\/v2\/product_brand?post=27783"},{"taxonomy":"product_cat","embeddable":true,"href":"https:\/\/www.zolattitude.com\/index.php\/wp-json\/wp\/v2\/product_cat?post=27783"},{"taxonomy":"product_tag","embeddable":true,"href":"https:\/\/www.zolattitude.com\/index.php\/wp-json\/wp\/v2\/product_tag?post=27783"}],"curies":[{"name":"wp","href":"https:\/\/api.w.org\/{rel}","templated":true}]}}