{"id":27817,"date":"2026-04-15T22:11:07","date_gmt":"2026-04-15T22:11:07","guid":{"rendered":"https:\/\/www.zolattitude.com\/index.php\/product\/feminature-turbo-draineur-2-in-1-deep-detox-elimination-clean-skin-dandelion-burdock-wild-thought-60-tablets-made-in-france\/"},"modified":"2026-04-15T22:11:13","modified_gmt":"2026-04-15T22:11:13","slug":"feminature-turbo-draineur-2-in-1-deep-detox-elimination-clean-skin-dandelion-burdock-wild-thought-60-tablets-made-in-france","status":"publish","type":"product","link":"https:\/\/www.zolattitude.com\/index.php\/product\/feminature-turbo-draineur-2-in-1-deep-detox-elimination-clean-skin-dandelion-burdock-wild-thought-60-tablets-made-in-france\/","title":{"rendered":"Feminature | Turbo Draineur 2-in-1 \u2013 Deep Detox, Elimination &#038; Clean Skin \u2013 Dandelion, Burdock, Wild Thought \u2013 60 Tablets \u2013 Made in France"},"content":{"rendered":"<p>Price: <span style=\"color:#b12704\"><del>\u20ac11.50<\/del> - \u20ac9.95<\/span><br \/><i><small>(as of Apr 15, 2026 22:11:07 UTC &#8211; <span class=\"wp_automatic_amazon_disclaimer\" title=\"Product prices and availability are accurate as of the date\/time indicated and are subject to change. Any price and availability information displayed on [relevant Amazon Site(s), as applicable] at the time of purchase will apply to the purchase of this product.\">Details<\/span>)<\/small><\/i><br \/><a href=\"https:\/\/amazon.fr\/dp\/B0BNLKXY8F?tag=onamzmoukoubl-21\"><img decoding=\"async\" src=\"https:\/\/valvepress.s3.amazonaws.com\/imgs\/buy_now.png\"><\/a><br \/>\n<\/p>\n<p>                                             Product Description   <\/p>\n<p>                                                  <img decoding=\"async\" alt=\"Cette image peut contenir des cosm\u00e9tiques et une bouteille\" src=\"https:\/\/images-na.ssl-images-amazon.com\/images\/G\/01\/x-locale\/common\/grey-pixel.gif\" class=\"a-spacing-mini a-lazy-loaded\" data-src=\"https:\/\/m.media-amazon.com\/images\/S\/aplus-media-library-service-media\/d0f9c804-2200-4cb8-987e-deb875c90af8.__CR0,0,300,300_PT0_SX300_V1___.jpg\"><img decoding=\"async\" alt=\"Cette image peut contenir des cosm\u00e9tiques et une bouteille\" src=\"https:\/\/m.media-amazon.com\/images\/S\/aplus-media-library-service-media\/d0f9c804-2200-4cb8-987e-deb875c90af8.__CR0,0,300,300_PT0_SX300_V1___.jpg\">  <\/p>\n<h3 class=\"a-spacing-mini\"> Detox  R\u00e9tention d&#8217;Eau &#8211; Diur\u00e9tique 100% Naturel \u2013 Bardane Pissenlit Fumeterre \u2013 Elimination Drainage \u2013 Br\u00fbleur D\u00e9puratif &#8211; 60 comprim\u00e9s  V\u00e9gan  <\/h3>\n<\/p>\n<p>FUMETERRE : La Fumeterre permettrait de lutter contre les affections du foie. Elle est connue pour ses vertus d\u00e9puratives. Elle serait conseill\u00e9e comme r\u00e9gulateur du foie et pour son action sur la v\u00e9sicule biliaire.GRANDE BARDANE : La Bardane serait diur\u00e9tique et sudorifique, elle agirait en portant son action d\u00e9purative et en favorisant l\u2019\u00e9limination des \u00e9l\u00e9ments r\u00e9siduels de l\u2019organisme. Elle aide \u00e0 purifier de l&#8217;int\u00e9rieur la peau pour une peau plus saine. Elle est utilis\u00e9e pour lutter contre l\u2019acn\u00e9.PISSENLIT : Le pissenlit poss\u00e8derait comme propri\u00e9t\u00e9s d&#8217;\u00eatre d\u00e9puratif et diur\u00e9tique.SAUGE : Elle contribue au confort et au bien-\u00eatre pendant la m\u00e9nopause et aide \u00e0 diminuer les sueurs nocturnes. Digestive, elle r\u00e9gule la transpiration li\u00e9e aux cycles menstruels.PENSEE SAUVAGE : La Pens\u00e9e sauvage poss\u00e8derait des propri\u00e9t\u00e9s d\u00e9puratives, laxatives et diur\u00e9tiques.     <\/p>\n<h3 class=\"a-spacing-mini\"> Pour conserver une belle silhouette et maintenir un ventre plat ; Un draineur minceur + un br\u00fbleur gestion du poids + un nettoyant colon et intestins. <\/h3>\n<p>                                          <img decoding=\"async\" alt=\"le guide des soins de la peau pour les soins de la peau\" src=\"https:\/\/images-na.ssl-images-amazon.com\/images\/G\/01\/x-locale\/common\/grey-pixel.gif\" class=\"a-spacing-base a-lazy-loaded\" data-src=\"https:\/\/m.media-amazon.com\/images\/S\/aplus-media-library-service-media\/77ef9fa2-eca0-490e-a5c0-aa0c530e6c5d.__CR0,0,970,600_PT0_SX970_V1___.png\"><img decoding=\"async\" alt=\"le guide des soins de la peau pour les soins de la peau\" src=\"https:\/\/m.media-amazon.com\/images\/S\/aplus-media-library-service-media\/77ef9fa2-eca0-490e-a5c0-aa0c530e6c5d.__CR0,0,970,600_PT0_SX970_V1___.png\">                                                                     <\/p>\n<p class=\"a-spacing-base\"> Turbo draineur est un compl\u00e9ment alimentaire d\u00e9puratif qui contribue \u00e0 \u00e9liminer l\u2019exc\u00e8s d\u2019eau dans l\u2019organisme. Il aide \u00e0 purifier l\u2019organisme en \u00e9vacuant les d\u00e9chets. Il contribue \u00e0 d\u00e9gonfler les parties du corps particuli\u00e8rement touch\u00e9s par la r\u00e9tention d\u2019eau (visage, jambes, bras). <\/p>\n<p class=\"a-spacing-base\"> Calories Slim est appr\u00e9ci\u00e9 comme activateur de la combustion des corps gras et pour r\u00e9duire la sensation de faim lors des r\u00e9gimes alimentaires. Il favorise ainsi un ventre plat et contribue \u00e0 chasser la cellulite et les bourrelets. <\/p>\n<p class=\"a-spacing-base\"> Confort digestif maintien une flore intestinale performante, il assure une meilleure digestion et un bien-\u00eatre au quotidien. Ce compl\u00e9ment alimentaire  favorise l\u2019\u00e9vacuation des d\u00e9chets. Il contribue au fonctionnement normal du tractus intestinal. <\/p>\n<p>                                                                             <img decoding=\"async\" alt=\"le pouvoir de l&amp;#39;eau\" src=\"https:\/\/images-na.ssl-images-amazon.com\/images\/G\/01\/x-locale\/common\/grey-pixel.gif\" class=\"a-spacing-base a-lazy-loaded\" data-src=\"https:\/\/m.media-amazon.com\/images\/S\/aplus-media-library-service-media\/1474542c-bc72-4a9c-96be-0c478a158b8e.__CR0,0,970,600_PT0_SX970_V1___.jpg\"><img decoding=\"async\" alt=\"le pouvoir de l&amp;#39;eau\" src=\"https:\/\/m.media-amazon.com\/images\/S\/aplus-media-library-service-media\/1474542c-bc72-4a9c-96be-0c478a158b8e.__CR0,0,970,600_PT0_SX970_V1___.jpg\">                                                                       <\/p>\n<h3 class=\"a-spacing-mini\"> F\u00e9minature, La nature \u00e0 choisie sa marque. <\/h3>\n<p>                                          <img decoding=\"async\" alt=\"Sept bouteilles blanches de comprim\u00e9s de suppl\u00e9ments naturels sur fond vert avec du bambou et de l&amp;#39;eau. Chaque bouteille poss\u00e8de une \u00e9tiquette verte avec des noms de produits diff\u00e9rents.\" src=\"https:\/\/images-na.ssl-images-amazon.com\/images\/G\/01\/x-locale\/common\/grey-pixel.gif\" class=\"a-spacing-base a-lazy-loaded\" data-src=\"https:\/\/m.media-amazon.com\/images\/S\/aplus-media-library-service-media\/60f3a6fc-01a7-4570-b38f-0f9772e32ab0.__CR0,0,970,600_PT0_SX970_V1___.jpg\"><img decoding=\"async\" alt=\"Sept bouteilles blanches de comprim\u00e9s de suppl\u00e9ments naturels sur fond vert avec du bambou et de l&amp;#39;eau. Chaque bouteille poss\u00e8de une \u00e9tiquette verte avec des noms de produits diff\u00e9rents.\" src=\"https:\/\/m.media-amazon.com\/images\/S\/aplus-media-library-service-media\/60f3a6fc-01a7-4570-b38f-0f9772e32ab0.__CR0,0,970,600_PT0_SX970_V1___.jpg\">                                                                     <\/p>\n<p class=\"a-spacing-base\"> Calories Slim est \u00e0 base de guarana \u00e0 fort dosage. Il agit comme br\u00fbleur naturel gr\u00e2ce \u00e0 sa richesse en caf\u00e9ine. Ce compl\u00e9ment alimentaire minceur participe \u00e0 la d\u00e9pense organique en calories et favorise la perte de poids en compl\u00e9ment d\u2019une cure minceur contr\u00f4l\u00e9e. <\/p>\n<p class=\"a-spacing-base\"> Turbo Draineur est un compl\u00e9ment alimentaire d\u00e9puratif qui contribue \u00e0 \u00e9liminer l\u2019exc\u00e8s d\u2019eau dans l\u2019organisme. Il aide \u00e0 purifier l\u2019organisme en \u00e9vacuant les d\u00e9chets. Il contribue \u00e0 d\u00e9gonfler les parties du corps particuli\u00e8rement touch\u00e9s par la r\u00e9tention d\u2019eau (visage, jambes, bras). <\/p>\n<p class=\"a-spacing-base\"> Confort Digestif assure une meilleure sant\u00e9 et un bien-\u00eatre au quotidien. Ce compl\u00e9ment alimentaire digestion favorise l\u2019\u00e9vacuation des d\u00e9chets. Il contribue au fonctionnement normal du tractus intestinal. <\/p>\n<p class=\"a-spacing-base\"> Transalax est un laxatif v\u00e9gan qui ramollit les selles pour une \u00e9vacuation en douceur. Les jus de pruneaux et les probiotiques ne vous conviennent plus ? Les infusions de th\u00e9 et les laxatifs puissants ne sont pas adapt\u00e9s \u00e0 votre probl\u00e8me de transit ? Transalax est la solution. <\/p>\n<p class=\"a-spacing-base\"> Collag\u00e8ne Marin et Vitamines est un hydrolysat d\u2019origine marine, \u00e0 faible poids mol\u00e9culaire, qui vise \u00e0 apporter de la coh\u00e9sion et de la r\u00e9sistance aux tissus cutan\u00e9s et conjonctifs de l\u2019organisme, dans le but d\u2019att\u00e9nuer les effets du vieillissement. <\/p>\n<p class=\"a-spacing-base\"> Nettoyage du Colon contribue \u00e0 r\u00e9guler les selles et participe \u00e0 diminuer les inconforts de la digestion comme les gaz intestinaux et les ballonnements. <\/p>\n<p class=\"a-spacing-base\"> Ventre Plat Vos rondeurs du ventre ne partiront pas en un clin d\u2019\u0153il et avouez qu\u2019elles ne sont pas venues d\u2019un seul coup. Ce compl\u00e9ment alimentaire ventre plat contient tous les ingr\u00e9dients pour vous aider \u00e0 d\u00e9gonfler le ventre, il n\u2019en manque qu\u2019un seul ; Votre volont\u00e9. Si vous consentez aux efforts n\u00e9cessaires (gainage, abdominaux et alimentation saine) vous avez trouv\u00e9 le compl\u00e9ment minceur que vous cherchez depuis toujours. <\/p>\n<p> Product Dimensions                                            \u200f                                            :                                            \u200e                                            5 x 5 x 7 cm; 28 g   <br \/> Manufacturer                                            \u200f                                            :                                            \u200e                                            Exceldiet Pharma   <br \/> ASIN                                            \u200f                                            :                                            \u200e                                            B0BNLKXY8F   <br \/> Item model number                                            \u200f                                            :                                            \u200e                                            TURBO DRAINEUR   <br \/> Country of origin                                            \u200f                                            :                                            \u200e                                            France   <br \/>  Customer reviews:                                                                                            3.4               3.4 out of 5 stars                                  (73)                                              var dpAcrHasRegisteredArcLinkClickAction;                    P.when(&#8216;A&#8217;, &#8216;ready&#8217;).execute(function(A) {                        if (dpAcrHasRegisteredArcLinkClickAction !== true) {                            dpAcrHasRegisteredArcLinkClickAction = true;                            A.declarative(                                &#8216;acrLink-click-metrics&#8217;, &#8216;click&#8217;,                                { &#8220;allowLinkDefault&#8221;: true },                                function (event) {                                    if (window.ue) {                                        ue.count(&#8220;acrLinkClickCount&#8221;, (ue.count(&#8220;acrLinkClickCount&#8221;) || 0) + 1);                                    }                                }                            );                        }                    });                                             P.when(&#8216;A&#8217;, &#8216;cf&#8217;).execute(function(A) {                A.declarative(&#8216;acrStarsLink-click-metrics&#8217;, &#8216;click&#8217;, { &#8220;allowLinkDefault&#8221; : true },  function(event){                    if(window.ue) {                        ue.count(&#8220;acrStarsLinkWithPopoverClickCount&#8221;, (ue.count(&#8220;acrStarsLinkWithPopoverClickCount&#8221;) || 0) + 1);                    }                });            });                          <br \/>TURBO DRAINEUR is a depurative food supplement that helps to eliminate excess water in the body. It helps to purify the body by evacuating waste. It helps to deflate parts of the body particularly affected by fluid retention (face, legs, arms).<br \/>SMOKING: Fumeterre would help fight against liver ailments. It is known for its depurative virtues. It would be advised as a liver regulator and for its action on the gallbladder.<br \/>GRANDE BARDANE: Burdock is diuretic and sweaty, it would act by carrying its depurative action and promoting the elimination of residual elements from the body. It helps purify the skin from the inside for healthier skin. It is used to combat acne.<br \/>Dandelion: Dandelion is believed to have the properties of being depurative and diuretic.<br \/>SAGE: It contributes to comfort and well-being during menopause and helps to reduce night sweats. Digestive, it regulates perspiration related to menstrual cycles.<br \/>CONSULT OUR RANGE of vegan tablets, you will find natural dietary supplements to relieve constipation, Replace irritating laxatives, Improve digestive comfort, Contribute to weight loss, Eliminate toxins, Drain excess water or cleanse the colon. 100% vegan products.<br \/>These tablets are to swallow with a large glass of water. Do not crunch.<\/p>\n\n","protected":false},"excerpt":{"rendered":"<p> Product Description Detox R\u00e9tention d&#8217;Eau &#8211; Diur\u00e9tique 100% Naturel \u2013 Bardane Pissenlit Fumeterre \u2013 Elimination Drainage \u2013 Br\u00fbleur D\u00e9puratif &#8211; 60 comprim\u00e9s V\u00e9gan FUMETERRE : La Fumeterre permettrait de lutter contre les affections du foie. Elle est connue pour ses vertus d\u00e9puratives. Elle serait conseill\u00e9e comme r\u00e9gulateur du foie et [&hellip;]<\/p>\n","protected":false},"featured_media":27818,"comment_status":"open","ping_status":"closed","template":"","meta":{"_gspb_post_css":"","om_disable_all_campaigns":false,"_monsterinsights_skip_tracking":false,"_monsterinsights_sitenote_active":false,"_monsterinsights_sitenote_note":"","_monsterinsights_sitenote_category":0},"store":[],"product_brand":[],"product_cat":[138],"product_tag":[4204,447,1101,568,2185,442,6929,449,6927,201,176,179,6930,6928,319],"class_list":{"0":"post-27817","1":"product","2":"type-product","3":"status-publish","4":"has-post-thumbnail","6":"product_cat-acide-hyaluronique-msm","7":"product_tag-2in1","8":"product_tag-burdock","9":"product_tag-clean","10":"product_tag-dandelion","11":"product_tag-deep","12":"product_tag-detox","13":"product_tag-draineur","14":"product_tag-elimination","15":"product_tag-feminature","16":"product_tag-france","17":"product_tag-skin","18":"product_tag-tablets","19":"product_tag-thought","20":"product_tag-turbo","21":"product_tag-wild","23":"first","24":"instock","25":"sale","26":"shipping-taxable","27":"product-type-external"},"aioseo_notices":[],"jetpack_sharing_enabled":true,"_links":{"self":[{"href":"https:\/\/www.zolattitude.com\/index.php\/wp-json\/wp\/v2\/product\/27817","targetHints":{"allow":["GET"]}}],"collection":[{"href":"https:\/\/www.zolattitude.com\/index.php\/wp-json\/wp\/v2\/product"}],"about":[{"href":"https:\/\/www.zolattitude.com\/index.php\/wp-json\/wp\/v2\/types\/product"}],"replies":[{"embeddable":true,"href":"https:\/\/www.zolattitude.com\/index.php\/wp-json\/wp\/v2\/comments?post=27817"}],"wp:featuredmedia":[{"embeddable":true,"href":"https:\/\/www.zolattitude.com\/index.php\/wp-json\/wp\/v2\/media\/27818"}],"wp:attachment":[{"href":"https:\/\/www.zolattitude.com\/index.php\/wp-json\/wp\/v2\/media?parent=27817"}],"wp:term":[{"taxonomy":"store","embeddable":true,"href":"https:\/\/www.zolattitude.com\/index.php\/wp-json\/wp\/v2\/store?post=27817"},{"taxonomy":"product_brand","embeddable":true,"href":"https:\/\/www.zolattitude.com\/index.php\/wp-json\/wp\/v2\/product_brand?post=27817"},{"taxonomy":"product_cat","embeddable":true,"href":"https:\/\/www.zolattitude.com\/index.php\/wp-json\/wp\/v2\/product_cat?post=27817"},{"taxonomy":"product_tag","embeddable":true,"href":"https:\/\/www.zolattitude.com\/index.php\/wp-json\/wp\/v2\/product_tag?post=27817"}],"curies":[{"name":"wp","href":"https:\/\/api.w.org\/{rel}","templated":true}]}}