{"id":27827,"date":"2026-04-15T23:58:53","date_gmt":"2026-04-15T23:58:53","guid":{"rendered":"https:\/\/www.zolattitude.com\/index.php\/product\/artichoke-horse-natural-draining-900g\/"},"modified":"2026-04-15T23:58:57","modified_gmt":"2026-04-15T23:58:57","slug":"artichoke-horse-natural-draining-900g","status":"publish","type":"product","link":"https:\/\/www.zolattitude.com\/index.php\/product\/artichoke-horse-natural-draining-900g\/","title":{"rendered":"Artichoke Horse &#8211; Natural Draining &#8211; 900g"},"content":{"rendered":"<p>Price: <span style=\"color:#b12704\">\u20ac19.79<\/span><br \/><i><small>(as of Apr 15, 2026 23:58:53 UTC &#8211; <span class=\"wp_automatic_amazon_disclaimer\" title=\"Product prices and availability are accurate as of the date\/time indicated and are subject to change. Any price and availability information displayed on [relevant Amazon Site(s), as applicable] at the time of purchase will apply to the purchase of this product.\">Details<\/span>)<\/small><\/i><br \/><a href=\"https:\/\/amazon.fr\/dp\/B07VLNVN7S?tag=onamzmoukoubl-21\"><img decoding=\"async\" src=\"https:\/\/valvepress.s3.amazonaws.com\/imgs\/buy_now.png\"><\/a><br \/>\n<\/p>\n<p>                                             Product Description   <\/p>\n<p>                                                  <img decoding=\"async\" alt=\"Le texte se lit comme suit : \u00ab L&amp;#39;expertise du soin naturel \u00e9quin \u00bb, \u00ab Plantes, compl\u00e9ments et soins \u00bb et \u00ab Fabrication fran\u00e7aise depuis 2008 \u00bb. La banni\u00e8re pr\u00e9sente des images de chevaux sur fond vert.\" src=\"https:\/\/images-na.ssl-images-amazon.com\/images\/G\/01\/x-locale\/common\/grey-pixel.gif\" class=\"a-lazy-loaded\" data-src=\"https:\/\/m.media-amazon.com\/images\/S\/aplus-media-library-service-media\/84b3c42c-3fa9-4bbb-a52a-1ec94559c1b0.__CR0,0,970,300_PT0_SX970_V1___.png\"><img decoding=\"async\" alt=\"Le texte se lit comme suit : \u00ab L&amp;#39;expertise du soin naturel \u00e9quin \u00bb, \u00ab Plantes, compl\u00e9ments et soins \u00bb et \u00ab Fabrication fran\u00e7aise depuis 2008 \u00bb. La banni\u00e8re pr\u00e9sente des images de chevaux sur fond vert.\" src=\"https:\/\/m.media-amazon.com\/images\/S\/aplus-media-library-service-media\/84b3c42c-3fa9-4bbb-a52a-1ec94559c1b0.__CR0,0,970,300_PT0_SX970_V1___.png\">  <\/p>\n<p>                                                      <img decoding=\"async\" alt=\"Le texte indique \u00ab Phytoth\u00e9rapie \u00e9quine \u00bb. S\u00e9rie de photos montrant des chevaux dans un environnement gazonn\u00e9 ext\u00e9rieur, ax\u00e9e sur la th\u00e9rapie ou le traitement \u00e9quin.\" src=\"https:\/\/images-na.ssl-images-amazon.com\/images\/G\/01\/x-locale\/common\/grey-pixel.gif\" class=\"a-spacing-mini a-lazy-loaded\" data-src=\"https:\/\/m.media-amazon.com\/images\/S\/aplus-media-library-service-media\/b6dc8942-1b70-4467-9f3c-24700fb42ee4.__CR0,50,300,400_PT0_SX300_V1___.png\"><img decoding=\"async\" alt=\"Le texte indique \u00ab Phytoth\u00e9rapie \u00e9quine \u00bb. S\u00e9rie de photos montrant des chevaux dans un environnement gazonn\u00e9 ext\u00e9rieur, ax\u00e9e sur la th\u00e9rapie ou le traitement \u00e9quin.\" src=\"https:\/\/m.media-amazon.com\/images\/S\/aplus-media-library-service-media\/b6dc8942-1b70-4467-9f3c-24700fb42ee4.__CR0,50,300,400_PT0_SX300_V1___.png\">  <\/p>\n<p>                                                              <img decoding=\"async\" alt=\"le logo ou l&amp;#39;enseigne de l&amp;#39;h\u00f4tel\" src=\"https:\/\/images-na.ssl-images-amazon.com\/images\/G\/01\/x-locale\/common\/grey-pixel.gif\" class=\"a-spacing-mini a-lazy-loaded\" data-src=\"https:\/\/m.media-amazon.com\/images\/S\/aplus-media-library-service-media\/4a31830f-f617-4713-8a0d-2c7232e54533.__CR0,197,463,231_PT0_SX350_V1___.png\"><img decoding=\"async\" alt=\"le logo ou l&amp;#39;enseigne de l&amp;#39;h\u00f4tel\" src=\"https:\/\/m.media-amazon.com\/images\/S\/aplus-media-library-service-media\/4a31830f-f617-4713-8a0d-2c7232e54533.__CR0,197,463,231_PT0_SX350_V1___.png\">                                          Soutien h\u00e9patique &amp; drainage naturel                                 <\/p>\n<p class=\"a-spacing-small a-size-small a-color-secondary\"> L\u2019artichaut (Cynara scolymus) est reconnu pour accompagner le fonctionnement h\u00e9patique et favoriser l\u2019\u00e9limination naturelle des toxines. <\/p>\n<p>                                       Id\u00e9al en cure saisonni\u00e8re       Soutien foie &amp; reins       Plante pure sans additif       Certifi\u00e9e qualit\u00e9 FCA       <\/p>\n<h3 class=\"a-spacing-mini\"> Distri\u2019Artichaut \u2013 Plante Pure pour Cheval <\/h3>\n<p>                                          Accompagner les fonctions d\u2019\u00e9limination                                     <\/p>\n<p class=\"a-spacing-base\"> Riche en potassium et magn\u00e9sium, l\u2019artichaut est traditionnellement utilis\u00e9 pour : <\/p>\n<p class=\"a-spacing-base\">\n<p>Favoriser le drainage naturel par voie biliaire et urinaireSoutenir le fonctionnement du foieContribuer \u00e0 la protection cellulaire gr\u00e2ce \u00e0 ses propri\u00e9t\u00e9s antioxydantesParticiper \u00e0 l\u2019\u00e9quilibre lipidique      <\/p>\n<p class=\"a-spacing-base\"> Une plante id\u00e9ale pour accompagner l\u2019organisme lors des p\u00e9riodes de surcharge ou de transition. <\/p>\n<p class=\"apm-text-center\">\n                                                      <img decoding=\"async\" alt=\"aplus content image\" src=\"https:\/\/images-na.ssl-images-amazon.com\/images\/G\/01\/x-locale\/common\/grey-pixel.gif\" class=\"a-lazy-loaded\" data-src=\"https:\/\/m.media-amazon.com\/images\/S\/aplus-media-library-service-media\/0adca954-6b56-4563-8e77-4989a2f82597.__CR0,0,300,300_PT0_SX220_V1___.png\"><\/p>\n<p><img decoding=\"async\" alt=\"aplus content image\" src=\"https:\/\/m.media-amazon.com\/images\/S\/aplus-media-library-service-media\/0adca954-6b56-4563-8e77-4989a2f82597.__CR0,0,300,300_PT0_SX220_V1___.png\">  <\/p>\n<p class=\"apm-text-center\">\n                                                      <img decoding=\"async\" alt=\"aplus content image\" src=\"https:\/\/images-na.ssl-images-amazon.com\/images\/G\/01\/x-locale\/common\/grey-pixel.gif\" class=\"a-lazy-loaded\" data-src=\"https:\/\/m.media-amazon.com\/images\/S\/aplus-media-library-service-media\/00cdd5fd-9781-4cd0-a607-a1a98fdcd4c2.__CR0,0,300,300_PT0_SX220_V1___.png\"><\/p>\n<p><img decoding=\"async\" alt=\"aplus content image\" src=\"https:\/\/m.media-amazon.com\/images\/S\/aplus-media-library-service-media\/00cdd5fd-9781-4cd0-a607-a1a98fdcd4c2.__CR0,0,300,300_PT0_SX220_V1___.png\">  <\/p>\n<p class=\"apm-text-center\">\n                                                      <img decoding=\"async\" alt=\"aplus content image\" src=\"https:\/\/images-na.ssl-images-amazon.com\/images\/G\/01\/x-locale\/common\/grey-pixel.gif\" class=\"a-lazy-loaded\" data-src=\"https:\/\/m.media-amazon.com\/images\/S\/aplus-media-library-service-media\/21061254-868f-40eb-a317-aa27d7d02268.__CR0,0,300,300_PT0_SX220_V1___.png\"><\/p>\n<p><img decoding=\"async\" alt=\"aplus content image\" src=\"https:\/\/m.media-amazon.com\/images\/S\/aplus-media-library-service-media\/21061254-868f-40eb-a317-aa27d7d02268.__CR0,0,300,300_PT0_SX220_V1___.png\">  <\/p>\n<p class=\"apm-text-center\">\n                                                      <img decoding=\"async\" alt=\"aplus content image\" src=\"https:\/\/images-na.ssl-images-amazon.com\/images\/G\/01\/x-locale\/common\/grey-pixel.gif\" class=\"a-lazy-loaded\" data-src=\"https:\/\/m.media-amazon.com\/images\/S\/aplus-media-library-service-media\/5d67580e-3c0d-4d12-858a-e9ffbc5cc427.__CR0,0,300,300_PT0_SX220_V1___.png\"><\/p>\n<p><img decoding=\"async\" alt=\"aplus content image\" src=\"https:\/\/m.media-amazon.com\/images\/S\/aplus-media-library-service-media\/5d67580e-3c0d-4d12-858a-e9ffbc5cc427.__CR0,0,300,300_PT0_SX220_V1___.png\">  <\/p>\n<p>                                                          <img decoding=\"async\" alt=\"S\u00e9rie d&amp;#39;images de produits montrant des pochettes en papier kraft brun avec des illustrations de chardons violets ou de fleurs d&amp;#39;artichaut et des \u00e9tiquettes textuelles.\" src=\"https:\/\/images-na.ssl-images-amazon.com\/images\/G\/01\/x-locale\/common\/grey-pixel.gif\" class=\"a-spacing-mini a-lazy-loaded\" data-src=\"https:\/\/m.media-amazon.com\/images\/S\/aplus-media-library-service-media\/40d8f962-7027-4239-9a57-a40e5f4822a4.__CR0,0,500,500_PT0_SX300_V1___.jpg\"><img decoding=\"async\" alt=\"S\u00e9rie d&amp;#39;images de produits montrant des pochettes en papier kraft brun avec des illustrations de chardons violets ou de fleurs d&amp;#39;artichaut et des \u00e9tiquettes textuelles.\" src=\"https:\/\/m.media-amazon.com\/images\/S\/aplus-media-library-service-media\/40d8f962-7027-4239-9a57-a40e5f4822a4.__CR0,0,500,500_PT0_SX300_V1___.jpg\">  <\/p>\n<p>                                                             Les p\u00e9riodes recommand\u00e9es                                                                            En cure 2 fois par an : printemps et automne       Apr\u00e8s un vermifuge chimique       Apr\u00e8s un traitement m\u00e9dicamenteux       En r\u00e9cup\u00e9ration apr\u00e8s maladie       En alternance avec d\u2019autres plantes de soutien m\u00e9tabolique                                                                        <\/p>\n<p>                                                        Conseils d&#8217;utilisation &amp; dosage                                             Administration simple                                     <\/p>\n<p class=\"a-spacing-base\"> Poudre pure \u00e0 int\u00e9grer progressivement dans la ration (humidifier l\u00e9g\u00e8rement si n\u00e9cessaire). <\/p>\n<p class=\"a-spacing-base\"> 1 mesure de 30 ml \u2248 15 g <\/p>\n<p>                                                      Dosage recommand\u00e9 :                                     <\/p>\n<p class=\"a-spacing-base\">\n<p>Cheval adulte : 10 \u00e0 15 g \/ jour pendant 20 joursPoulain &#8211; Poney : 5 \u00e0 10 g \/ jour pendant 20 jours      <\/p>\n<p class=\"a-spacing-base\"> \u2714 En entretien longue dur\u00e9e : 10 g \/ jour avec pause mensuelle d\u2019observation. <\/p>\n<p>                                                  <img decoding=\"async\" alt=\"Le texte se lit comme suit : \u00ab Compl\u00e9ments naturels \u00bb et \u00ab Formules uniques et originales pour le bien-\u00eatre de votre cheval \u00bb. Banni\u00e8re marketing verte avec des images de chevaux.\" src=\"https:\/\/images-na.ssl-images-amazon.com\/images\/G\/01\/x-locale\/common\/grey-pixel.gif\" class=\"a-spacing-mini a-lazy-loaded\" data-src=\"https:\/\/m.media-amazon.com\/images\/S\/aplus-media-library-service-media\/426285fb-4200-41de-8457-4e9599a7ce14.__CR0,0,300,300_PT0_SX300_V1___.png\"><img decoding=\"async\" alt=\"Le texte se lit comme suit : \u00ab Compl\u00e9ments naturels \u00bb et \u00ab Formules uniques et originales pour le bien-\u00eatre de votre cheval \u00bb. Banni\u00e8re marketing verte avec des images de chevaux.\" src=\"https:\/\/m.media-amazon.com\/images\/S\/aplus-media-library-service-media\/426285fb-4200-41de-8457-4e9599a7ce14.__CR0,0,300,300_PT0_SX300_V1___.png\">  <\/p>\n<h3 class=\"a-spacing-mini\"> Engagement Distri\u2019Horse33 <\/h3>\n<p> Plante pure \u2013 Origine France &#8211; Sans support \u2013 Sans conservateur <\/p>\n<p> \u2714 Tra\u00e7abilit\u00e9 compl\u00e8te <\/p>\n<p> \u2714 Contr\u00f4les ind\u00e9pendants <\/p>\n<p> \u2714 S\u00e9curit\u00e9 tout au long de la cha\u00eene <\/p>\n<p> Emballage Ecoresponsable : <\/p>\n<p> Sac kraft 500 g ou 900 g \u2013 100 % compostable <\/p>\n<p>                                                  <img decoding=\"async\" alt=\"Cheval brun debout dans une prairie ou un p\u00e2turage verdoyant sur fond de ciel bleu avec des nuages blancs. Affiche plusieurs angles et vues de l&amp;#39;animal.\" src=\"https:\/\/images-na.ssl-images-amazon.com\/images\/G\/01\/x-locale\/common\/grey-pixel.gif\" class=\"a-lazy-loaded\" data-src=\"https:\/\/m.media-amazon.com\/images\/S\/aplus-media-library-service-media\/a711de01-1990-481f-b756-d3c1689fb1fe.__CR84,0,1196,370_PT0_SX970_V1___.png\"><img decoding=\"async\" alt=\"Cheval brun debout dans une prairie ou un p\u00e2turage verdoyant sur fond de ciel bleu avec des nuages blancs. Affiche plusieurs angles et vues de l&amp;#39;animal.\" src=\"https:\/\/m.media-amazon.com\/images\/S\/aplus-media-library-service-media\/a711de01-1990-481f-b756-d3c1689fb1fe.__CR84,0,1196,370_PT0_SX970_V1___.png\">  <\/p>\n<p>Compl\u00e9ment alimentaire pour chevaux \u00e0 base d\u2019artichaut (Cynara scolymus), plante reconnue pour ses propri\u00e9t\u00e9s drainantes et h\u00e9patiques, favorisant l\u2019\u00e9limination des toxines et le bon fonctionnement du foie.<br \/>Adapt\u00e9 aux chevaux ayant besoin d\u2019un soutien h\u00e9patique et digestif : chevaux fatigu\u00e9s, apr\u00e8s traitement, vermifuge, maladie ou pr\u00e9sentant des signes de surcharge du foie.<br \/>Id\u00e9al en cure au printemps et \u00e0 l\u2019automne, ou apr\u00e8s un effort m\u00e9tabolique important (m\u00e9dicaments, infection, changement d\u2019alimentation) pour relancer les fonctions d\u2019\u00e9limination.<br \/>\u00c0 m\u00e9langer \u00e0 la ration : 10 \u00e0 15 g\/jour pour un cheval pendant 20 jours. Introduire progressivement et humidifier la ration pour une meilleure prise. Cure renouvelable avec pause.<br \/>En choisissant un produit Distri&#8217;Horse33, vous s\u00e9lectionnez l&#8217;expertise du soin \u00e9quin depuis 2008. Egalement des produits rigoureusement s\u00e9lectionn\u00e9s pour le bien-\u00eatre de votre cheval.<\/p>\n\n","protected":false},"excerpt":{"rendered":"<p> Product Description Soutien h\u00e9patique &amp; drainage naturel L\u2019artichaut (Cynara scolymus) est reconnu pour accompagner le fonctionnement h\u00e9patique et favoriser l\u2019\u00e9limination naturelle des toxines. Id\u00e9al en cure saisonni\u00e8re Soutien foie &amp; reins Plante pure sans additif Certifi\u00e9e qualit\u00e9 FCA Distri\u2019Artichaut \u2013 Plante Pure pour Cheval Accompagner les fonctions d\u2019\u00e9limination Riche en [&hellip;]<\/p>\n","protected":false},"featured_media":27828,"comment_status":"open","ping_status":"closed","template":"","meta":{"_gspb_post_css":"","om_disable_all_campaigns":false,"_monsterinsights_skip_tracking":false,"_monsterinsights_sitenote_active":false,"_monsterinsights_sitenote_note":"","_monsterinsights_sitenote_category":0},"store":[],"product_brand":[],"product_cat":[156],"product_tag":[5392,445,2309,4365,260],"class_list":{"0":"post-27827","1":"product","2":"type-product","3":"status-publish","4":"has-post-thumbnail","6":"product_cat-foie-drainage","7":"product_tag-900g","8":"product_tag-artichoke","9":"product_tag-draining","10":"product_tag-horse","11":"product_tag-natural","13":"first","14":"instock","15":"shipping-taxable","16":"product-type-external"},"aioseo_notices":[],"jetpack_sharing_enabled":true,"_links":{"self":[{"href":"https:\/\/www.zolattitude.com\/index.php\/wp-json\/wp\/v2\/product\/27827","targetHints":{"allow":["GET"]}}],"collection":[{"href":"https:\/\/www.zolattitude.com\/index.php\/wp-json\/wp\/v2\/product"}],"about":[{"href":"https:\/\/www.zolattitude.com\/index.php\/wp-json\/wp\/v2\/types\/product"}],"replies":[{"embeddable":true,"href":"https:\/\/www.zolattitude.com\/index.php\/wp-json\/wp\/v2\/comments?post=27827"}],"wp:featuredmedia":[{"embeddable":true,"href":"https:\/\/www.zolattitude.com\/index.php\/wp-json\/wp\/v2\/media\/27828"}],"wp:attachment":[{"href":"https:\/\/www.zolattitude.com\/index.php\/wp-json\/wp\/v2\/media?parent=27827"}],"wp:term":[{"taxonomy":"store","embeddable":true,"href":"https:\/\/www.zolattitude.com\/index.php\/wp-json\/wp\/v2\/store?post=27827"},{"taxonomy":"product_brand","embeddable":true,"href":"https:\/\/www.zolattitude.com\/index.php\/wp-json\/wp\/v2\/product_brand?post=27827"},{"taxonomy":"product_cat","embeddable":true,"href":"https:\/\/www.zolattitude.com\/index.php\/wp-json\/wp\/v2\/product_cat?post=27827"},{"taxonomy":"product_tag","embeddable":true,"href":"https:\/\/www.zolattitude.com\/index.php\/wp-json\/wp\/v2\/product_tag?post=27827"}],"curies":[{"name":"wp","href":"https:\/\/api.w.org\/{rel}","templated":true}]}}