{"id":27860,"date":"2026-04-16T00:53:57","date_gmt":"2026-04-16T00:53:57","guid":{"rendered":"https:\/\/www.zolattitude.com\/index.php\/product\/erbotech-soothing-mix-anxiety-mother-tincture-alcohol-free-dilutable-drops-fights-anxiety-and-stress-and-increases-mental-well-being-vegan-non-gmo-made-in-italy-100-ml\/"},"modified":"2026-04-16T00:53:57","modified_gmt":"2026-04-16T00:53:57","slug":"erbotech-soothing-mix-anxiety-mother-tincture-alcohol-free-dilutable-drops-fights-anxiety-and-stress-and-increases-mental-well-being-vegan-non-gmo-made-in-italy-100-ml","status":"publish","type":"product","link":"https:\/\/www.zolattitude.com\/index.php\/product\/erbotech-soothing-mix-anxiety-mother-tincture-alcohol-free-dilutable-drops-fights-anxiety-and-stress-and-increases-mental-well-being-vegan-non-gmo-made-in-italy-100-ml\/","title":{"rendered":"ERBOTECH, Soothing Mix-Anxiety+ Mother Tincture, Alcohol Free Dilutable Drops, Fights Anxiety and Stress and Increases Mental Well-Being, Vegan, Non-GMO, Made in Italy, 100 ml"},"content":{"rendered":"<p>Price: <span style=\"color:#b12704\"><\/span><br \/><i><small>(as of  &#8211; <span class=\"wp_automatic_amazon_disclaimer\" title=\"Product prices and availability are accurate as of the date\/time indicated and are subject to change. Any price and availability information displayed on [relevant Amazon Site(s), as applicable] at the time of purchase will apply to the purchase of this product.\">Details<\/span>)<\/small><\/i><br \/><a href=\"https:\/\/amazon.fr\/dp\/B0C6F4DQ81?tag=onamzmoukoubl-21\"><img decoding=\"async\" src=\"https:\/\/valvepress.s3.amazonaws.com\/imgs\/buy_now.png\"><\/a><br \/>\n<\/p>\n<p>                                             Product Description   <\/p>\n<p>                                                                             <img decoding=\"async\" alt=\"tinture \" src=\"https:\/\/images-na.ssl-images-amazon.com\/images\/G\/01\/x-locale\/common\/grey-pixel.gif\" class=\"a-spacing-base a-lazy-loaded\" data-src=\"https:\/\/m.media-amazon.com\/images\/S\/aplus-media-library-service-media\/47323e6c-1eb6-4336-a229-523bd7d56150.__CR0,0,970,600_PT0_SX970_V1___.jpg\"><img decoding=\"async\" alt=\"tinture \" src=\"https:\/\/m.media-amazon.com\/images\/S\/aplus-media-library-service-media\/47323e6c-1eb6-4336-a229-523bd7d56150.__CR0,0,970,600_PT0_SX970_V1___.jpg\">                                         <\/p>\n<h3 class=\"a-spacing-mini\"> Teintures m\u00e8res Erbotech <\/h3>\n<p class=\"a-spacing-base\"> Les teintures m\u00e8res ont la particularit\u00e9 d&#8217;enfermer les propri\u00e9t\u00e9s des plantes sous forme liquide, dans des gouttes pratiques. Les teintures Erbotech sont issues d&#8217;une double distillation et chaque solution est caract\u00e9ris\u00e9e par la concentration botanique de r\u00e9f\u00e9rence : pour le calme, la purification et les troubles menstruels et m\u00e9nopausiques. <\/p>\n<h3 class=\"a-spacing-small\"> D\u00e9couvrez-les tous <\/h3>\n<p class=\"apm-text-center\">\n                                                      <img decoding=\"async\" alt=\"1\" src=\"https:\/\/images-na.ssl-images-amazon.com\/images\/G\/01\/x-locale\/common\/grey-pixel.gif\" class=\"a-spacing-mini a-lazy-loaded\" data-src=\"https:\/\/m.media-amazon.com\/images\/S\/aplus-media-library-service-media\/e58b50ea-675a-4061-8df1-d2fe0eede0eb.__CR0,0,300,300_PT0_SX300_V1___.jpg\"><\/p>\n<p><img decoding=\"async\" alt=\"1\" src=\"https:\/\/m.media-amazon.com\/images\/S\/aplus-media-library-service-media\/e58b50ea-675a-4061-8df1-d2fe0eede0eb.__CR0,0,300,300_PT0_SX300_V1___.jpg\"><br \/>\n                                                    &#8211; Anxi\u00e9t\u00e9 + Calme                                       <\/p>\n<p> Cette teinture aide \u00e0 la relaxation et au bien-\u00eatre mental, normalisant l&#8217;humeur gr\u00e2ce \u00e0 Melissa. La passiflore favorise la relaxation, facilite le sommeil en cas de stress et apporte des bienfaits \u00e0 l&#8217;esprit et enfin la lavande favorise la relaxation et normalise l&#8217;humeur. <\/p>\n<p class=\"apm-text-center\">\n                                                      <img decoding=\"async\" alt=\"2\" src=\"https:\/\/images-na.ssl-images-amazon.com\/images\/G\/01\/x-locale\/common\/grey-pixel.gif\" class=\"a-spacing-mini a-lazy-loaded\" data-src=\"https:\/\/m.media-amazon.com\/images\/S\/aplus-media-library-service-media\/f4a04471-6d57-42c4-bfc3-96fad862d6bc.__CR0,0,400,400_PT0_SX300_V1___.jpg\"><\/p>\n<p><img decoding=\"async\" alt=\"2\" src=\"https:\/\/m.media-amazon.com\/images\/S\/aplus-media-library-service-media\/f4a04471-6d57-42c4-bfc3-96fad862d6bc.__CR0,0,400,400_PT0_SX300_V1___.jpg\"><br \/>\n                                                    -Le Cholest\u00e9rol Purifie+                                       <\/p>\n<p> Utile pour favoriser le m\u00e9tabolisme du cholest\u00e9rol et des triglyc\u00e9rides. Gr\u00e2ce \u00e0 l&#8217;olivier qui aide au m\u00e9tabolisme des glucides et des lipides, favorise la circulation sanguine et r\u00e9gule la tension art\u00e9rielle. l&#8217;amarante favorise le m\u00e9tabolisme du cholest\u00e9rol tandis que la bergamote stimule le m\u00e9tabolisme des lipides. L&#8217;artichaut favorise les fonctions digestives et h\u00e9patiques et purifie l&#8217;organisme. <\/p>\n<p class=\"apm-text-center\">\n                                                      <img decoding=\"async\" alt=\"1\" src=\"https:\/\/images-na.ssl-images-amazon.com\/images\/G\/01\/x-locale\/common\/grey-pixel.gif\" class=\"a-spacing-mini a-lazy-loaded\" data-src=\"https:\/\/m.media-amazon.com\/images\/S\/aplus-media-library-service-media\/d40d0f8b-59bd-4bbc-9550-cf6080ac726a.__CR0,0,300,300_PT0_SX300_V1___.jpg\"><\/p>\n<p><img decoding=\"async\" alt=\"1\" src=\"https:\/\/m.media-amazon.com\/images\/S\/aplus-media-library-service-media\/d40d0f8b-59bd-4bbc-9550-cf6080ac726a.__CR0,0,300,300_PT0_SX300_V1___.jpg\"><br \/>\n                                                    -Pause Dame+                                       <\/p>\n<p> A base de gattilier, de sauge, de houblon et de tr\u00e8fle rouge utiles pour contrer les troubles de la m\u00e9nopause. Le gattilier combat les troubles du cycle menstruel. La sauge r\u00e9gule le processus de sudation et r\u00e9duit la fatigue physique et mentale. Le houblon favorise la d\u00e9tente en cas de stress. Le tr\u00e8fle rouge aide \u00e0 r\u00e9duire les sympt\u00f4mes de la m\u00e9nopause, \u00e0 maintenir la fonction physiologique de la peau et \u00e0 purifier le corps <\/p>\n<p>                                                                             <img decoding=\"async\" alt=\"t\" src=\"https:\/\/images-na.ssl-images-amazon.com\/images\/G\/01\/x-locale\/common\/grey-pixel.gif\" class=\"a-spacing-base a-lazy-loaded\" data-src=\"https:\/\/m.media-amazon.com\/images\/S\/aplus-media-library-service-media\/a52bf8ad-73a2-439e-a22b-b27f74727015.__CR0,0,970,600_PT0_SX970_V1___.jpg\"><img decoding=\"async\" alt=\"t\" src=\"https:\/\/m.media-amazon.com\/images\/S\/aplus-media-library-service-media\/a52bf8ad-73a2-439e-a22b-b27f74727015.__CR0,0,970,600_PT0_SX970_V1___.jpg\">                                         <\/p>\n<h3 class=\"a-spacing-mini\"> Comment le prendre ? <\/h3>\n<p class=\"a-spacing-base\"> Les couleurs doivent \u00eatre dilu\u00e9es dans de l&#8217;eau, en ajoutant comme dose recommand\u00e9e de 30 gouttes 1 \u00e0 3 fois par jour. <\/p>\n<p>                                                                             <img decoding=\"async\" alt=\"plus\" src=\"https:\/\/images-na.ssl-images-amazon.com\/images\/G\/01\/x-locale\/common\/grey-pixel.gif\" class=\"a-spacing-base a-lazy-loaded\" data-src=\"https:\/\/m.media-amazon.com\/images\/S\/aplus-media-library-service-media\/9e131e9b-c65b-4bc9-8849-5ce31c560547.__CR0,0,970,600_PT0_SX970_V1___.jpg\"><img decoding=\"async\" alt=\"plus\" src=\"https:\/\/m.media-amazon.com\/images\/S\/aplus-media-library-service-media\/9e131e9b-c65b-4bc9-8849-5ce31c560547.__CR0,0,970,600_PT0_SX970_V1___.jpg\">                                         <\/p>\n<h3 class=\"a-spacing-mini\"> Questions fr\u00e9quentes <\/h3>\n<p class=\"a-spacing-base\">\n<p>Les teintures m\u00e8res Ebotech sont-elles vegan ?      <\/p>\n<p class=\"a-spacing-base\"> Oui, toutes les teintures Erbotech repr\u00e9sentent des extraits de plantes, donc 100% vegan. <\/p>\n<p class=\"a-spacing-base\">\n<p>O\u00f9 le produit doit-il \u00eatre stock\u00e9 ?      <\/p>\n<p class=\"a-spacing-base\"> Conservez le produit hors du r\u00e9frig\u00e9rateur, dans un endroit frais et sec, \u00e0 l&#8217;abri de la lumi\u00e8re du soleil. <\/p>\n<p class=\"a-spacing-base\">\n<p>Les enfants peuvent-ils aussi les emporter ?      <\/p>\n<p class=\"a-spacing-base\"> Pour les enfants de plus de 3 ans, 10 gouttes \u00e0 diluer dans l&#8217;eau 1 \u00e0 3 fois par jour. <\/p>\n<h3 class=\"a-spacing-small\"> Erbotech: prot\u00e9ger les dons de la nature <\/h3>\n<p class=\"apm-text-center\">\n                                                      <img decoding=\"async\" alt=\"1\" src=\"https:\/\/images-na.ssl-images-amazon.com\/images\/G\/01\/x-locale\/common\/grey-pixel.gif\" class=\"a-spacing-mini a-lazy-loaded\" data-src=\"https:\/\/m.media-amazon.com\/images\/S\/aplus-media-library-service-media\/ba5138a6-8e10-4437-bed2-c899af115628.__CR0,0,400,400_PT0_SX300_V1___.jpg\"><\/p>\n<p><img decoding=\"async\" alt=\"1\" src=\"https:\/\/m.media-amazon.com\/images\/S\/aplus-media-library-service-media\/ba5138a6-8e10-4437-bed2-c899af115628.__CR0,0,400,400_PT0_SX300_V1___.jpg\"><br \/>\n                                                    Entreprise italienne                                       <\/p>\n<p> Des ruches aux plantations, Erbotech est aujourd&#8217;hui une entreprise en pleine croissance dans la vall\u00e9e de Camonica, dans la province de Brescia. Nous sommes des entrepreneurs qui avons r\u00e9alis\u00e9 un r\u00eave : pr\u00e9server les dons de la nature par l&#8217;innovation. <\/p>\n<p class=\"apm-text-center\">\n                                                      <img decoding=\"async\" alt=\"2\" src=\"https:\/\/images-na.ssl-images-amazon.com\/images\/G\/01\/x-locale\/common\/grey-pixel.gif\" class=\"a-spacing-mini a-lazy-loaded\" data-src=\"https:\/\/m.media-amazon.com\/images\/S\/aplus-media-library-service-media\/219fa880-0b6d-4d70-bf0e-13441848a32c.__CR0,0,400,400_PT0_SX300_V1___.jpg\"><\/p>\n<p><img decoding=\"async\" alt=\"2\" src=\"https:\/\/m.media-amazon.com\/images\/S\/aplus-media-library-service-media\/219fa880-0b6d-4d70-bf0e-13441848a32c.__CR0,0,400,400_PT0_SX300_V1___.jpg\"><br \/>\n                                                    La passion                                       <\/p>\n<p> Beaucoup d&#8217;effort! Nous chez Erbotech l&#8217;avons mis l\u00e0, les abeilles l&#8217;ont mis l\u00e0, la terre cultiv\u00e9e, le soleil et la pluie l&#8217;ont mis l\u00e0\u2026 bref, un beau travail d&#8217;\u00e9quipe ! <\/p>\n<p class=\"apm-text-center\">\n                                                      <img decoding=\"async\" alt=\"3\" src=\"https:\/\/images-na.ssl-images-amazon.com\/images\/G\/01\/x-locale\/common\/grey-pixel.gif\" class=\"a-spacing-mini a-lazy-loaded\" data-src=\"https:\/\/m.media-amazon.com\/images\/S\/aplus-media-library-service-media\/ff954bcf-d7c8-4298-8e64-1458579ec6fa.__CR0,0,400,400_PT0_SX300_V1___.jpg\"><\/p>\n<p><img decoding=\"async\" alt=\"3\" src=\"https:\/\/m.media-amazon.com\/images\/S\/aplus-media-library-service-media\/ff954bcf-d7c8-4298-8e64-1458579ec6fa.__CR0,0,400,400_PT0_SX300_V1___.jpg\"><br \/>\n                                                    Recherche et innovation                                       <\/p>\n<p> Notre passion pour la nature est n\u00e9e des abeilles. Garder &#8220;ses&#8221; cadeaux est devenu notre m\u00e9tier et notre philosophie de vie. Nos produits sont vraiment authentiques et authentiques, et vous le reconnaissez tout de suite. <\/p>\n<p>                                                         <img decoding=\"async\" alt=\"erbotech\" src=\"https:\/\/images-na.ssl-images-amazon.com\/images\/G\/01\/x-locale\/common\/grey-pixel.gif\" class=\"a-lazy-loaded\" data-src=\"https:\/\/m.media-amazon.com\/images\/S\/aplus-media-library-service-media\/a00e8b4f-9e96-4acd-9a3b-95b0435a5d4a.__CR0,0,2501,750_PT0_SX600_V1___.jpg\"><img decoding=\"async\" alt=\"erbotech\" src=\"https:\/\/m.media-amazon.com\/images\/S\/aplus-media-library-service-media\/a00e8b4f-9e96-4acd-9a3b-95b0435a5d4a.__CR0,0,2501,750_PT0_SX600_V1___.jpg\">      <\/p>\n<p> Package Dimensions                                            \u200f                                            :                                            \u200e                                            14 x 5 x 5 cm; 220 g   <br \/> Manufacturer                                            \u200f                                            :                                            \u200e                                            Erbotech   <br \/> ASIN                                            \u200f                                            :                                            \u200e                                            B0C6F4DQ81   <br \/> Manufacturer reference                                            \u200f                                            :                                            \u200e                                            ERBOTECH.TINTURA.CALMA   <br \/> Country of origin                                            \u200f                                            :                                            \u200e                                            Italy   <br \/>  Customer reviews:                                                                                            4.1               4.1 out of 5 stars                                  (35)                                              var dpAcrHasRegisteredArcLinkClickAction;                    P.when(&#8216;A&#8217;, &#8216;ready&#8217;).execute(function(A) {                        if (dpAcrHasRegisteredArcLinkClickAction !== true) {                            dpAcrHasRegisteredArcLinkClickAction = true;                            A.declarative(                                &#8216;acrLink-click-metrics&#8217;, &#8216;click&#8217;,                                { &#8220;allowLinkDefault&#8221;: true },                                function (event) {                                    if (window.ue) {                                        ue.count(&#8220;acrLinkClickCount&#8221;, (ue.count(&#8220;acrLinkClickCount&#8221;) || 0) + 1);                                    }                                }                            );                        }                    });                                             P.when(&#8216;A&#8217;, &#8216;cf&#8217;).execute(function(A) {                A.declarative(&#8216;acrStarsLink-click-metrics&#8217;, &#8216;click&#8217;, { &#8220;allowLinkDefault&#8221; : true },  function(event){                    if(window.ue) {                        ue.count(&#8220;acrStarsLinkWithPopoverClickCount&#8221;, (ue.count(&#8220;acrStarsLinkWithPopoverClickCount&#8221;) || 0) + 1);                    }                });            });                          <br \/>Contents &#8211; You will receive a 100 ml sachet of Calm Anxiety+ mother tincture useful to combat anxiety and stress to improve mental well-being. All mother tinctures are made from 100% pure, mild taste and low calorie glycerin extract, vegetable origin, double distillation. The product is alcohol-free, vegan and does not come from GMO plants.<br \/>\ud83d\udc99 FIGHT ANXIETY &#8211; The combination of ingredients in the -Anxiety Calm+ tincture blend is designed to combat anxiety and stress and bring greater mental well-being. MELISSA promotes relaxation and mental well-being by helping to normalize mood. PASSIFLORA promotes relaxation and regulates the sleep cycle, even in times of intense stress. LAVENDER promotes relaxation and normalization of mood.<br \/>\ud83c\udf89 INGREDIENTS &#8211; Vegetable glycerin, pure water, lemon balm (Melissa officinalis L.) leaves (5%), pasiflora (Passiflora incarnata L.) grass con flores (5%), lavender (Lavandula angustifolia Mill.) flower (5%), acidity regulator: citric acid, preservatives: potassium sorbate, sodium benzoate.<br \/>How to use \u2013 Calm+ Anxiety Mix is a non-alcoholic liquid product to be taken in the form of drops to be diluted in water. For adults: take 30 drops (2 ml) diluted in water 1-3 times a day. For children over 3 years: take 10 drops diluted in water 1-3 times a day. Store the product out of the refrigerator, in a cool, dry place and away from direct sunlight.<br \/>ERBOTECH &#8211; Erbotech is a short chain company, where phyto pickers and specialized staff take care of every step of the production process, from cultivation to harvest, from processing to packaging of the finished product. The local origin of the raw materials allows them to be processed within a few hours after harvesting, so that quantitative, phytochemical and organoleptic characteristics can be preserved.<\/p>\n\n","protected":false},"excerpt":{"rendered":"<p> Product Description Teintures m\u00e8res Erbotech Les teintures m\u00e8res ont la particularit\u00e9 d&#8217;enfermer les propri\u00e9t\u00e9s des plantes sous forme liquide, dans des gouttes pratiques. Les teintures Erbotech sont issues d&#8217;une double distillation et chaque solution est caract\u00e9ris\u00e9e par la concentration botanique de r\u00e9f\u00e9rence : pour le calme, la purification et les [&hellip;]<\/p>\n","protected":false},"featured_media":27861,"comment_status":"open","ping_status":"closed","template":"","meta":{"_gspb_post_css":"","om_disable_all_campaigns":false,"_monsterinsights_skip_tracking":false,"_monsterinsights_sitenote_active":false,"_monsterinsights_sitenote_note":"","_monsterinsights_sitenote_category":0},"store":[],"product_brand":[],"product_cat":[150],"product_tag":[2631,570,6937,1806,1289,508,263,4540,3058,590,6936,1802,362,1883,278,1803,261,1223],"class_list":{"0":"post-27860","1":"product","2":"type-product","3":"status-publish","4":"has-post-thumbnail","6":"product_cat-anti-stress-adaptogenes","7":"product_tag-alcohol","8":"product_tag-anxiety","9":"product_tag-dilutable","10":"product_tag-drops","11":"product_tag-erbotech","12":"product_tag-fights","13":"product_tag-free","14":"product_tag-increases","15":"product_tag-italy","16":"product_tag-mental","17":"product_tag-mixanxiety","18":"product_tag-mother","19":"product_tag-nongmo","20":"product_tag-soothing","21":"product_tag-stress","22":"product_tag-tincture","23":"product_tag-vegan","24":"product_tag-wellbeing","26":"first","27":"instock","28":"shipping-taxable","29":"product-type-simple"},"aioseo_notices":[],"jetpack_sharing_enabled":true,"_links":{"self":[{"href":"https:\/\/www.zolattitude.com\/index.php\/wp-json\/wp\/v2\/product\/27860","targetHints":{"allow":["GET"]}}],"collection":[{"href":"https:\/\/www.zolattitude.com\/index.php\/wp-json\/wp\/v2\/product"}],"about":[{"href":"https:\/\/www.zolattitude.com\/index.php\/wp-json\/wp\/v2\/types\/product"}],"replies":[{"embeddable":true,"href":"https:\/\/www.zolattitude.com\/index.php\/wp-json\/wp\/v2\/comments?post=27860"}],"wp:featuredmedia":[{"embeddable":true,"href":"https:\/\/www.zolattitude.com\/index.php\/wp-json\/wp\/v2\/media\/27861"}],"wp:attachment":[{"href":"https:\/\/www.zolattitude.com\/index.php\/wp-json\/wp\/v2\/media?parent=27860"}],"wp:term":[{"taxonomy":"store","embeddable":true,"href":"https:\/\/www.zolattitude.com\/index.php\/wp-json\/wp\/v2\/store?post=27860"},{"taxonomy":"product_brand","embeddable":true,"href":"https:\/\/www.zolattitude.com\/index.php\/wp-json\/wp\/v2\/product_brand?post=27860"},{"taxonomy":"product_cat","embeddable":true,"href":"https:\/\/www.zolattitude.com\/index.php\/wp-json\/wp\/v2\/product_cat?post=27860"},{"taxonomy":"product_tag","embeddable":true,"href":"https:\/\/www.zolattitude.com\/index.php\/wp-json\/wp\/v2\/product_tag?post=27860"}],"curies":[{"name":"wp","href":"https:\/\/api.w.org\/{rel}","templated":true}]}}