{"id":27899,"date":"2026-04-16T01:37:06","date_gmt":"2026-04-16T01:37:06","guid":{"rendered":"https:\/\/www.zolattitude.com\/index.php\/product\/jr-farm-grainless-plus-onagre-et-pissenlit-100-g\/"},"modified":"2026-04-16T01:37:10","modified_gmt":"2026-04-16T01:37:10","slug":"jr-farm-grainless-plus-onagre-et-pissenlit-100-g","status":"publish","type":"product","link":"https:\/\/www.zolattitude.com\/index.php\/product\/jr-farm-grainless-plus-onagre-et-pissenlit-100-g\/","title":{"rendered":"JR Farm Grainless Plus &#8211; Onagre et Pissenlit &#8211; 100 g"},"content":{"rendered":"<p>Price: <span style=\"color:#b12704\">\u20ac12.25<\/span><br \/><i><small>(as of Apr 16, 2026 01:37:06 UTC &#8211; <span class=\"wp_automatic_amazon_disclaimer\" title=\"Product prices and availability are accurate as of the date\/time indicated and are subject to change. Any price and availability information displayed on [relevant Amazon Site(s), as applicable] at the time of purchase will apply to the purchase of this product.\">Details<\/span>)<\/small><\/i><br \/><a href=\"https:\/\/amazon.fr\/dp\/B07XYD3NJY?tag=onamzmoukoubl-21\"><img decoding=\"async\" src=\"https:\/\/valvepress.s3.amazonaws.com\/imgs\/buy_now.png\"><\/a><br \/>\n<br \/>\n    <span>Pissenlit d\u00e9licatement s\u00e9ch\u00e9 et savoureux en combinaison avec une onagre apaisante, c&#8217;est une pure d\u00e9tente pour tous les rongeurs. Les ingr\u00e9dients sp\u00e9ciaux de l&#8217;onagre peuvent avoir un effet positif sur la peau et le pelage de votre animal et les fleurs de paille aromatiques sont un r\u00e9gal tr\u00e8s sp\u00e9cial. Le compl\u00e9ment parfait pour une alimentation sans c\u00e9r\u00e9ales. La menthe poivr\u00e9e et le pissenlit stimulent \u00e9galement le m\u00e9tabolisme et soutiennent les organes digestifs.<\/span>    <br \/>Naturel pur \u2013 Pissenlit savoureux en combinaison avec une onagre apaisante \u2013 Pure d\u00e9tente.<br \/>Naturellement sans c\u00e9r\u00e9ales \u2013 sans c\u00e9r\u00e9ales, additifs artificiels ou ingr\u00e9dients riches en sucre \u2013 riche en vitamines naturelles, min\u00e9raux, prot\u00e9ines et fibres.<br \/>Pour le pelage \u2013 L&#8217;onagre peut avoir un effet apaisant et anti-inflammatoire sur la peau de votre animal et la menthe poivr\u00e9e rafra\u00eechissante d\u00e9ploie un effet b\u00e9n\u00e9fique sur l&#8217;estomac et les intestins ainsi que sur les voies respiratoires.<br \/>Favorise les fonctions vitales \u2013 Enrichi avec une s\u00e9lection harmonieuse d&#8217;herbes m\u00e9dicinales, comme par exemple l&#8217;onagre, le pissenlit et la menthe poivr\u00e9e.<br \/>Fabriqu\u00e9 en Allemagne \u2013 Dans notre exploitation agricole, nous cultivons nous-m\u00eames de nombreuses mati\u00e8res premi\u00e8res dans les prairies et les champs et pouvons ainsi garantir la meilleure qualit\u00e9 en Bavi\u00e8re.<\/p>\n\n","protected":false},"excerpt":{"rendered":"<p> Pissenlit d\u00e9licatement s\u00e9ch\u00e9 et savoureux en combinaison avec une onagre apaisante, c&#8217;est une pure d\u00e9tente pour tous les rongeurs. Les ingr\u00e9dients sp\u00e9ciaux de l&#8217;onagre peuvent avoir un effet positif sur la peau et le pelage de votre animal et les fleurs de paille aromatiques sont un r\u00e9gal tr\u00e8s sp\u00e9cial. Le [&hellip;]<\/p>\n","protected":false},"featured_media":27900,"comment_status":"open","ping_status":"closed","template":"","meta":{"_gspb_post_css":"","om_disable_all_campaigns":false,"_monsterinsights_skip_tracking":false,"_monsterinsights_sitenote_active":false,"_monsterinsights_sitenote_note":"","_monsterinsights_sitenote_category":0},"store":[],"product_brand":[],"product_cat":[140],"product_tag":[2618,6627,794,4676],"class_list":{"0":"post-27899","1":"product","2":"type-product","3":"status-publish","4":"has-post-thumbnail","6":"product_cat-huiles-de-bourrache-onagre","7":"product_tag-farm","8":"product_tag-grainless","9":"product_tag-onagre","10":"product_tag-pissenlit","12":"first","13":"instock","14":"shipping-taxable","15":"product-type-external"},"aioseo_notices":[],"jetpack_sharing_enabled":true,"_links":{"self":[{"href":"https:\/\/www.zolattitude.com\/index.php\/wp-json\/wp\/v2\/product\/27899","targetHints":{"allow":["GET"]}}],"collection":[{"href":"https:\/\/www.zolattitude.com\/index.php\/wp-json\/wp\/v2\/product"}],"about":[{"href":"https:\/\/www.zolattitude.com\/index.php\/wp-json\/wp\/v2\/types\/product"}],"replies":[{"embeddable":true,"href":"https:\/\/www.zolattitude.com\/index.php\/wp-json\/wp\/v2\/comments?post=27899"}],"wp:featuredmedia":[{"embeddable":true,"href":"https:\/\/www.zolattitude.com\/index.php\/wp-json\/wp\/v2\/media\/27900"}],"wp:attachment":[{"href":"https:\/\/www.zolattitude.com\/index.php\/wp-json\/wp\/v2\/media?parent=27899"}],"wp:term":[{"taxonomy":"store","embeddable":true,"href":"https:\/\/www.zolattitude.com\/index.php\/wp-json\/wp\/v2\/store?post=27899"},{"taxonomy":"product_brand","embeddable":true,"href":"https:\/\/www.zolattitude.com\/index.php\/wp-json\/wp\/v2\/product_brand?post=27899"},{"taxonomy":"product_cat","embeddable":true,"href":"https:\/\/www.zolattitude.com\/index.php\/wp-json\/wp\/v2\/product_cat?post=27899"},{"taxonomy":"product_tag","embeddable":true,"href":"https:\/\/www.zolattitude.com\/index.php\/wp-json\/wp\/v2\/product_tag?post=27899"}],"curies":[{"name":"wp","href":"https:\/\/api.w.org\/{rel}","templated":true}]}}