{"id":27928,"date":"2026-04-16T22:11:57","date_gmt":"2026-04-16T22:11:57","guid":{"rendered":"https:\/\/www.zolattitude.com\/index.php\/product\/msm-horse-willow-bark-horse-equi-p-vitamin-paste-plus-glucosamine-chondroitin-high-dose-horse-vitamin-c-brewers-yeast-musculoskeletal-system-joints-tendons-ligaments-cartilage-3pc\/"},"modified":"2026-04-16T22:12:11","modified_gmt":"2026-04-16T22:12:11","slug":"msm-horse-willow-bark-horse-equi-p-vitamin-paste-plus-glucosamine-chondroitin-high-dose-horse-vitamin-c-brewers-yeast-musculoskeletal-system-joints-tendons-ligaments-cartilage-3pc","status":"publish","type":"product","link":"https:\/\/www.zolattitude.com\/index.php\/product\/msm-horse-willow-bark-horse-equi-p-vitamin-paste-plus-glucosamine-chondroitin-high-dose-horse-vitamin-c-brewers-yeast-musculoskeletal-system-joints-tendons-ligaments-cartilage-3pc\/","title":{"rendered":"MSM Horse Willow Bark Horse Equi P Vitamin Paste Plus Glucosamine Chondroitin High Dose Horse Vitamin C Brewer&#8217;s Yeast &#8211; Musculoskeletal System Joints Tendons Ligaments Cartilage 3pc"},"content":{"rendered":"<p>Price: <span style=\"color:#b12704\">\u20ac27.90<\/span><br \/><i><small>(as of Apr 16, 2026 22:11:57 UTC &#8211; <span class=\"wp_automatic_amazon_disclaimer\" title=\"Product prices and availability are accurate as of the date\/time indicated and are subject to change. Any price and availability information displayed on [relevant Amazon Site(s), as applicable] at the time of purchase will apply to the purchase of this product.\">Details<\/span>)<\/small><\/i><br \/><a href=\"https:\/\/amazon.fr\/dp\/B07JQYWB8N?tag=onamzmoukoubl-21\"><img decoding=\"async\" src=\"https:\/\/valvepress.s3.amazonaws.com\/imgs\/buy_now.png\"><\/a><br \/>\n<\/p>\n<p>                                             From the brand   <\/p>\n<p>                                              <img decoding=\"async\" alt=\"Trois chevaux marchent dans un champ brumeux \u00e0 l&amp;#39;aube ou au cr\u00e9puscule, avec des arbres en silhouette en arri\u00e8re-plan. Logo EMMA visible dans les coins.\" src=\"https:\/\/images-na.ssl-images-amazon.com\/images\/G\/01\/x-locale\/common\/grey-pixel.gif\" class=\"a-lazy-loaded\" data-src=\"https:\/\/m.media-amazon.com\/images\/S\/aplus-media-library-service-media\/dc202446-4896-4109-a438-e4672121531e.__CR0,0,1464,625_PT0_SX1464_V1___.png\"><img decoding=\"async\" alt=\"Trois chevaux marchent dans un champ brumeux \u00e0 l&amp;#39;aube ou au cr\u00e9puscule, avec des arbres en silhouette en arri\u00e8re-plan. Logo EMMA visible dans les coins.\" src=\"https:\/\/m.media-amazon.com\/images\/S\/aplus-media-library-service-media\/dc202446-4896-4109-a438-e4672121531e.__CR0,0,1464,625_PT0_SX1464_V1___.png\">  <\/p>\n<p>                                              <img decoding=\"async\" alt=\"\" src=\"https:\/\/images-na.ssl-images-amazon.com\/images\/G\/01\/x-locale\/common\/grey-pixel.gif\" class=\"a-lazy-loaded\" data-src=\"https:\/\/m.media-amazon.com\/images\/S\/aplus-media-library-service-media\/d6545d58-6cd0-46eb-88b0-48f34ba17dbf.__CR0,0,724,906_PT0_SX362_V1___.png\"><img decoding=\"async\" alt=\"\" src=\"https:\/\/m.media-amazon.com\/images\/S\/aplus-media-library-service-media\/d6545d58-6cd0-46eb-88b0-48f34ba17dbf.__CR0,0,724,906_PT0_SX362_V1___.png\">  <\/p>\n<h3> Soutenir les jeunes start-up <\/h3>\n<p> Vous souhaitez soutenir une jeune start-up ? Chez nous, vous \u00eates au bon endroit, nous sommes une entreprise familiale fond\u00e9e en 2016 de Bippen <\/p>\n<h3> EMMA Best Sellers pour chevaux <\/h3>\n<p class=\"apm-brand-story-stores-link\">\n<p>                                              <img decoding=\"async\" alt=\"\" src=\"https:\/\/images-na.ssl-images-amazon.com\/images\/G\/01\/x-locale\/common\/grey-pixel.gif\" class=\"a-lazy-loaded\" data-src=\"https:\/\/m.media-amazon.com\/images\/S\/aplus-media-library-service-media\/71e43c66-ead0-4c74-b3a3-c557fb402e1a.__CR0,0,315,145_PT0_SX315_V1___.png\"><img decoding=\"async\" alt=\"\" src=\"https:\/\/m.media-amazon.com\/images\/S\/aplus-media-library-service-media\/71e43c66-ead0-4c74-b3a3-c557fb402e1a.__CR0,0,315,145_PT0_SX315_V1___.png\">  <\/p>\n<p> Choisissez EMMA, car le bien-\u00eatre de votre animal est important pour nous <\/p>\n<p> Unser Ziel ist es, Deinem geliebten Begleiter zu einem ges\u00fcnderen und gl\u00fccklicheren Leben zu verhelfen, damit Du jeden Moment Eurer gemeinsamen Reise genie\u00dfen kannst. <\/p>\n<p> EMMA est bas\u00e9 sur la conviction que chaque animal devrait vivre une vie heureuse, pleine d&#8217;amour et de bien-\u00eatre optimal. <\/p>\n<h3> EMMA Best Sellers pour chiens <\/h3>\n<p class=\"apm-brand-story-stores-link\">\n<p>                                                         Qu&#8217;est-ce qui rend notre produit unique ?                                       <\/p>\n<p> Le respect des normes de qualit\u00e9 (GMP+ \/ QS \/ Eco) est notre priorit\u00e9 absolue. Des fournisseurs et des mati\u00e8res premi\u00e8res s\u00e9lectionn\u00e9s, un traitement minutieux, une mise en \u0153uvre rapide et une grande adaptabilit\u00e9 caract\u00e9risent notre production. <\/p>\n<p>                                                         Pourquoi choisir les produits EMMA ?                                       <\/p>\n<p> Notre cheval EMMA, le &#8220;propri\u00e9taire&#8221; de cette marque, aime ses friandises naturelles pour chevaux, et nous sommes s\u00fbrs que votre cheval les adorera aussi.  <\/p>\n<p>                                                         O\u00f9 est fabriqu\u00e9 l&#8217;EMMA ?                                       <\/p>\n<p> Nos compl\u00e9ments alimentaires pour chevaux, chiens et chats sont fabriqu\u00e9s en Allemagne uniquement avec les ingr\u00e9dients de la plus haute qualit\u00e9. <\/p>\n<h3> EMMA Best Sellers pour chat <\/h3>\n<p class=\"apm-brand-story-stores-link\">\n<p>MSM for horses with joint problems I Emma Equi P Booster with a carefully selected combination of natural herbs known for their antioxidant effect I natural alternative to painkillers and medications, EQUI P promotes the reduction of painful conditions I for elastic, relaxed and relaxed movement I optimal natural support for the entire musculoskeletal system of the horse I Glucosamine Chondroitin MSM heavily dosed<br \/>\u2665 Sulfur compound MSM is considered to have an anti-inflammatory effect. Organically bound sulfur provides the body with support to restore destroyed tissue structures and cells I If your horse suffers acutely from unexplained pain, lameness &#038; inflammation in bones, joints, tendons &#038; muscles caused by osteoarthritis, spath, hip dysplasia or other joint problems &#038; joint wear<br \/>I Emma MSM joint complex, spirulina, chondroitin sulfate, glucosamine horse, brewer&#8217;s yeast horse, turmeric root, willow bark, incense I MSM sulfur compound + turmeric root is also known as anti-inflammatory. It stimulates the horse&#8217;s digestion, the complete immune system &#038; metabolism &#038; blood circulation I Frankincense: composed of essential oils, resins, mucilage and proteins<br \/>Glucosamine MSM + meadowsweet horse is used against inflammation and pain I Glucosamine serves to improve the protection of stressed joints. I In equestrian sports, there can be easily overuse I We expressly distance ourselves from the promises of healing, because our products are not medicines. If the horse is sick &#8211; osteoarthritis horse, injuries &#038; inflammation are under veterinary treatment<br \/>MSM organic sulfur paste, also available in the form of MSM horse powder for feeding in phases of increased performance and animal training I Horse feed for support of the musculoskeletal system I Top for agility in senior horses I You can use this complementary feed by giving one booster per animal per day in the mouths of large horses (half-dose pony)<\/p>\n\n","protected":false},"excerpt":{"rendered":"<p> From the brand Soutenir les jeunes start-up Vous souhaitez soutenir une jeune start-up ? Chez nous, vous \u00eates au bon endroit, nous sommes une entreprise familiale fond\u00e9e en 2016 de Bippen EMMA Best Sellers pour chevaux Choisissez EMMA, car le bien-\u00eatre de votre animal est important pour nous Unser Ziel [&hellip;]<\/p>\n","protected":false},"featured_media":27929,"comment_status":"open","ping_status":"closed","template":"","meta":{"_gspb_post_css":"","om_disable_all_campaigns":false,"_monsterinsights_skip_tracking":false,"_monsterinsights_sitenote_active":false,"_monsterinsights_sitenote_note":"","_monsterinsights_sitenote_category":0},"store":[],"product_brand":[],"product_cat":[138],"product_tag":[6303,6957,3884,1850,1440,306,6958,1439,294,4365,416,4669,205,6959,3383,401,4023,178,6956,837],"class_list":{"0":"post-27928","1":"product","2":"type-product","3":"status-publish","4":"has-post-thumbnail","6":"product_cat-acide-hyaluronique-msm","7":"product_tag-3pc","8":"product_tag-bark","9":"product_tag-brewers","10":"product_tag-cartilage","11":"product_tag-chondroitin","12":"product_tag-dose","13":"product_tag-equi","14":"product_tag-glucosamine","15":"product_tag-high","16":"product_tag-horse","17":"product_tag-joints","18":"product_tag-ligaments","19":"product_tag-msm","20":"product_tag-musculoskeletal","21":"product_tag-paste","22":"product_tag-system","23":"product_tag-tendons","24":"product_tag-vitamin","25":"product_tag-willow","26":"product_tag-yeast","28":"first","29":"instock","30":"shipping-taxable","31":"product-type-external"},"aioseo_notices":[],"jetpack_sharing_enabled":true,"_links":{"self":[{"href":"https:\/\/www.zolattitude.com\/index.php\/wp-json\/wp\/v2\/product\/27928","targetHints":{"allow":["GET"]}}],"collection":[{"href":"https:\/\/www.zolattitude.com\/index.php\/wp-json\/wp\/v2\/product"}],"about":[{"href":"https:\/\/www.zolattitude.com\/index.php\/wp-json\/wp\/v2\/types\/product"}],"replies":[{"embeddable":true,"href":"https:\/\/www.zolattitude.com\/index.php\/wp-json\/wp\/v2\/comments?post=27928"}],"wp:featuredmedia":[{"embeddable":true,"href":"https:\/\/www.zolattitude.com\/index.php\/wp-json\/wp\/v2\/media\/27929"}],"wp:attachment":[{"href":"https:\/\/www.zolattitude.com\/index.php\/wp-json\/wp\/v2\/media?parent=27928"}],"wp:term":[{"taxonomy":"store","embeddable":true,"href":"https:\/\/www.zolattitude.com\/index.php\/wp-json\/wp\/v2\/store?post=27928"},{"taxonomy":"product_brand","embeddable":true,"href":"https:\/\/www.zolattitude.com\/index.php\/wp-json\/wp\/v2\/product_brand?post=27928"},{"taxonomy":"product_cat","embeddable":true,"href":"https:\/\/www.zolattitude.com\/index.php\/wp-json\/wp\/v2\/product_cat?post=27928"},{"taxonomy":"product_tag","embeddable":true,"href":"https:\/\/www.zolattitude.com\/index.php\/wp-json\/wp\/v2\/product_tag?post=27928"}],"curies":[{"name":"wp","href":"https:\/\/api.w.org\/{rel}","templated":true}]}}