{"id":27951,"date":"2026-04-17T00:00:00","date_gmt":"2026-04-17T00:00:00","guid":{"rendered":"https:\/\/www.zolattitude.com\/index.php\/product\/chardon-marie-premifood-jarad-400-gr\/"},"modified":"2026-04-17T00:00:01","modified_gmt":"2026-04-17T00:00:01","slug":"chardon-marie-premifood-jarad-400-gr","status":"publish","type":"product","link":"https:\/\/www.zolattitude.com\/index.php\/product\/chardon-marie-premifood-jarad-400-gr\/","title":{"rendered":"Chardon-Marie PREMIFOOD Jarad 400 GR"},"content":{"rendered":"<p>Price: <span style=\"color:#b12704\">\u20ac11.99<\/span><br \/><i><small>(as of Apr 17, 2026 00:00:00 UTC &#8211; <span class=\"wp_automatic_amazon_disclaimer\" title=\"Product prices and availability are accurate as of the date\/time indicated and are subject to change. Any price and availability information displayed on [relevant Amazon Site(s), as applicable] at the time of purchase will apply to the purchase of this product.\">Details<\/span>)<\/small><\/i><br \/><a href=\"https:\/\/amazon.fr\/dp\/B06XGKY969?tag=onamzmoukoubl-21\"><img decoding=\"async\" src=\"https:\/\/valvepress.s3.amazonaws.com\/imgs\/buy_now.png\"><\/a><br \/>\n<br \/>\n    <br \/><span>Les graines de chardon-Marie sont tr\u00e8s riches en flavono\u00efdes qui sont des pigments naturels qui prot\u00e8gent les plantes mais qui ont des propri\u00e9t\u00e9s b\u00e9n\u00e9fiques pour les animaux et dans ce cas pour les oiseaux. <br \/>Propri\u00e9t\u00e9s du chardon-Marie : <\/span><br \/><span>Action antioxydante qui prot\u00e8ge les cellules des dommages caus\u00e9s par les radicaux libres qui ont tendance \u00e0 oxyder les structures cellulaires. <br \/>Propri\u00e9t\u00e9s anti-canc\u00e9reuses <br \/>Favorisent la circulation sanguine et le fonctionnement du c\u0153ur. <br \/>Diminue le taux de cholest\u00e9rol <br \/>Prot\u00e8ge le foie, l&#8217;estomac et la v\u00e9sicule biliaire des toxines. <br \/>Source d&#8217;acides gras qui sont une source d&#8217;\u00e9nergie importante. <\/span><br \/><span>Chez les canaris et les chardonnerets, l&#8217;utilisation du chardon-Marie stimule l&#8217;app\u00e9tit, aide \u00e0 r\u00e9tablir et \u00e0 maintenir l&#8217;\u00e9quilibre intestinal et est un protecteur naturel du foie lors de l&#8217;administration de colorants pour accentuer les tons rouges du plumage. <\/span><br \/><span>S&#8217;il n&#8217;\u00e9tait pas en stock, le format souhait\u00e9 sera r\u00e9cup\u00e9r\u00e9 dans le sac de 20 kg et emball\u00e9 par notre entreprise dans la m\u00eame qualit\u00e9 et format que vous souhaitez. <\/span><br \/>Type de r\u00e9cipient : sachet de granul\u00e9s<br \/>Am\u00e9liore la sant\u00e9 et le bien-\u00eatre des oiseaux<br \/>Riche en flavono\u00efdes aux propri\u00e9t\u00e9s b\u00e9n\u00e9fiques<br \/>Prot\u00e8ge le foie et le syst\u00e8me digestif<br \/>Stimule l&#8217;app\u00e9tit et r\u00e9gule l&#8217;\u00e9quilibre intestinal<\/p>\n\n","protected":false},"excerpt":{"rendered":"<p> Les graines de chardon-Marie sont tr\u00e8s riches en flavono\u00efdes qui sont des pigments naturels qui prot\u00e8gent les plantes mais qui ont des propri\u00e9t\u00e9s b\u00e9n\u00e9fiques pour les animaux et dans ce cas pour les oiseaux. Propri\u00e9t\u00e9s du chardon-Marie : Action antioxydante qui prot\u00e8ge les cellules des dommages caus\u00e9s par les radicaux [&hellip;]<\/p>\n","protected":false},"featured_media":27952,"comment_status":"open","ping_status":"closed","template":"","meta":{"_gspb_post_css":"","om_disable_all_campaigns":false,"_monsterinsights_skip_tracking":false,"_monsterinsights_sitenote_active":false,"_monsterinsights_sitenote_note":"","_monsterinsights_sitenote_category":0},"store":[],"product_brand":[],"product_cat":[156],"product_tag":[4241,6961,6960],"class_list":{"0":"post-27951","1":"product","2":"type-product","3":"status-publish","4":"has-post-thumbnail","6":"product_cat-foie-drainage","7":"product_tag-chardonmarie","8":"product_tag-jarad","9":"product_tag-premifood","11":"first","12":"instock","13":"shipping-taxable","14":"product-type-external"},"aioseo_notices":[],"jetpack_sharing_enabled":true,"_links":{"self":[{"href":"https:\/\/www.zolattitude.com\/index.php\/wp-json\/wp\/v2\/product\/27951","targetHints":{"allow":["GET"]}}],"collection":[{"href":"https:\/\/www.zolattitude.com\/index.php\/wp-json\/wp\/v2\/product"}],"about":[{"href":"https:\/\/www.zolattitude.com\/index.php\/wp-json\/wp\/v2\/types\/product"}],"replies":[{"embeddable":true,"href":"https:\/\/www.zolattitude.com\/index.php\/wp-json\/wp\/v2\/comments?post=27951"}],"wp:featuredmedia":[{"embeddable":true,"href":"https:\/\/www.zolattitude.com\/index.php\/wp-json\/wp\/v2\/media\/27952"}],"wp:attachment":[{"href":"https:\/\/www.zolattitude.com\/index.php\/wp-json\/wp\/v2\/media?parent=27951"}],"wp:term":[{"taxonomy":"store","embeddable":true,"href":"https:\/\/www.zolattitude.com\/index.php\/wp-json\/wp\/v2\/store?post=27951"},{"taxonomy":"product_brand","embeddable":true,"href":"https:\/\/www.zolattitude.com\/index.php\/wp-json\/wp\/v2\/product_brand?post=27951"},{"taxonomy":"product_cat","embeddable":true,"href":"https:\/\/www.zolattitude.com\/index.php\/wp-json\/wp\/v2\/product_cat?post=27951"},{"taxonomy":"product_tag","embeddable":true,"href":"https:\/\/www.zolattitude.com\/index.php\/wp-json\/wp\/v2\/product_tag?post=27951"}],"curies":[{"name":"wp","href":"https:\/\/api.w.org\/{rel}","templated":true}]}}