{"id":27968,"date":"2026-04-17T00:13:52","date_gmt":"2026-04-17T00:13:52","guid":{"rendered":"https:\/\/www.zolattitude.com\/index.php\/product\/urtekram-chamomile-shampoo-500-ml\/"},"modified":"2026-04-17T00:14:00","modified_gmt":"2026-04-17T00:14:00","slug":"urtekram-chamomile-shampoo-500-ml","status":"publish","type":"product","link":"https:\/\/www.zolattitude.com\/index.php\/product\/urtekram-chamomile-shampoo-500-ml\/","title":{"rendered":"URTEKRAM: Chamomile Shampoo 500 ml"},"content":{"rendered":"<p>Price: <span style=\"color:#b12704\">\u20ac14.99<\/span><br \/><i><small>(as of Apr 17, 2026 00:13:52 UTC &#8211; <span class=\"wp_automatic_amazon_disclaimer\" title=\"Product prices and availability are accurate as of the date\/time indicated and are subject to change. Any price and availability information displayed on [relevant Amazon Site(s), as applicable] at the time of purchase will apply to the purchase of this product.\">Details<\/span>)<\/small><\/i><br \/><a href=\"https:\/\/amazon.fr\/dp\/B00IZN2HSW?tag=onamzmoukoubl-21\"><img decoding=\"async\" src=\"https:\/\/valvepress.s3.amazonaws.com\/imgs\/buy_now.png\"><\/a><br \/>\n<\/p>\n<p>                                             From the brand   <\/p>\n<p>                                              <img decoding=\"async\" alt=\"Cadre ext\u00e9rieur avec hautes herbes. Deux personnes en tenue d\u00e9contract\u00e9e s&amp;#39;embrassant et riant ensemble \u00e0 la lumi\u00e8re naturelle.\" src=\"https:\/\/images-na.ssl-images-amazon.com\/images\/G\/01\/x-locale\/common\/grey-pixel.gif\" class=\"a-lazy-loaded\" data-src=\"https:\/\/m.media-amazon.com\/images\/S\/aplus-media-library-service-media\/ec268cdb-3abd-4242-a0c7-dbca97a8a2da.__CR0,0,1464,625_PT0_SX1464_V1___.png\"><img decoding=\"async\" alt=\"Cadre ext\u00e9rieur avec hautes herbes. Deux personnes en tenue d\u00e9contract\u00e9e s&amp;#39;embrassant et riant ensemble \u00e0 la lumi\u00e8re naturelle.\" src=\"https:\/\/m.media-amazon.com\/images\/S\/aplus-media-library-service-media\/ec268cdb-3abd-4242-a0c7-dbca97a8a2da.__CR0,0,1464,625_PT0_SX1464_V1___.png\">  <\/p>\n<h3> S\u00e9rie sans parfum <\/h3>\n<p class=\"apm-brand-story-stores-link\">\n<p>                                              <img decoding=\"async\" alt=\"aplus content image\" src=\"https:\/\/images-na.ssl-images-amazon.com\/images\/G\/01\/x-locale\/common\/grey-pixel.gif\" class=\"a-lazy-loaded\" data-src=\"https:\/\/m.media-amazon.com\/images\/S\/aplus-media-library-service-media\/846acc8f-76ea-4033-b421-5a1d27685160.__CR0,0,362,453_PT0_SX362_V1___.png\"><img decoding=\"async\" alt=\"aplus content image\" src=\"https:\/\/m.media-amazon.com\/images\/S\/aplus-media-library-service-media\/846acc8f-76ea-4033-b421-5a1d27685160.__CR0,0,362,453_PT0_SX362_V1___.png\">  <\/p>\n<p>                                              <img decoding=\"async\" alt=\"aplus content image\" src=\"https:\/\/images-na.ssl-images-amazon.com\/images\/G\/01\/x-locale\/common\/grey-pixel.gif\" class=\"a-lazy-loaded\" data-src=\"https:\/\/m.media-amazon.com\/images\/S\/aplus-media-library-service-media\/0ec3bc52-9ea8-4ff2-9893-00821f381847.__CR0,0,362,453_PT0_SX362_V1___.png\"><img decoding=\"async\" alt=\"aplus content image\" src=\"https:\/\/m.media-amazon.com\/images\/S\/aplus-media-library-service-media\/0ec3bc52-9ea8-4ff2-9893-00821f381847.__CR0,0,362,453_PT0_SX362_V1___.png\">  <\/p>\n<p>                                              <img decoding=\"async\" alt=\"aplus content image\" src=\"https:\/\/images-na.ssl-images-amazon.com\/images\/G\/01\/x-locale\/common\/grey-pixel.gif\" class=\"a-lazy-loaded\" data-src=\"https:\/\/m.media-amazon.com\/images\/S\/aplus-media-library-service-media\/f9bf007d-67b1-4c9c-8c38-42ee925f1370.__CR0,0,362,453_PT0_SX362_V1___.png\"><img decoding=\"async\" alt=\"aplus content image\" src=\"https:\/\/m.media-amazon.com\/images\/S\/aplus-media-library-service-media\/f9bf007d-67b1-4c9c-8c38-42ee925f1370.__CR0,0,362,453_PT0_SX362_V1___.png\">  <\/p>\n<h3> S\u00e9rie de lignes sp\u00e9ciales <\/h3>\n<p class=\"apm-brand-story-stores-link\">\n<p>                                              <img decoding=\"async\" alt=\"aplus content image\" src=\"https:\/\/images-na.ssl-images-amazon.com\/images\/G\/01\/x-locale\/common\/grey-pixel.gif\" class=\"a-lazy-loaded\" data-src=\"https:\/\/m.media-amazon.com\/images\/S\/aplus-media-library-service-media\/8e216d34-81c2-45da-abac-69547ad32748.__CR0,0,362,453_PT0_SX362_V1___.png\"><img decoding=\"async\" alt=\"aplus content image\" src=\"https:\/\/m.media-amazon.com\/images\/S\/aplus-media-library-service-media\/8e216d34-81c2-45da-abac-69547ad32748.__CR0,0,362,453_PT0_SX362_V1___.png\">  <\/p>\n<h3> S\u00e9rie de baies nordiques <\/h3>\n<p class=\"apm-brand-story-stores-link\">\n<p>                                              <img decoding=\"async\" alt=\"aplus content image\" src=\"https:\/\/images-na.ssl-images-amazon.com\/images\/G\/01\/x-locale\/common\/grey-pixel.gif\" class=\"a-lazy-loaded\" data-src=\"https:\/\/m.media-amazon.com\/images\/S\/aplus-media-library-service-media\/6663b408-c32b-4f03-a4eb-f6716bd43bc9.__CR0,0,362,453_PT0_SX362_V1___.png\"><img decoding=\"async\" alt=\"aplus content image\" src=\"https:\/\/m.media-amazon.com\/images\/S\/aplus-media-library-service-media\/6663b408-c32b-4f03-a4eb-f6716bd43bc9.__CR0,0,362,453_PT0_SX362_V1___.png\">  <\/p>\n<p>                                              <img decoding=\"async\" alt=\"aplus content image\" src=\"https:\/\/images-na.ssl-images-amazon.com\/images\/G\/01\/x-locale\/common\/grey-pixel.gif\" class=\"a-lazy-loaded\" data-src=\"https:\/\/m.media-amazon.com\/images\/S\/aplus-media-library-service-media\/b518b4ba-f11a-4ab4-8f8a-f4347f96575f.__CR0,0,362,453_PT0_SX362_V1___.png\"><img decoding=\"async\" alt=\"aplus content image\" src=\"https:\/\/m.media-amazon.com\/images\/S\/aplus-media-library-service-media\/b518b4ba-f11a-4ab4-8f8a-f4347f96575f.__CR0,0,362,453_PT0_SX362_V1___.png\">  <\/p>\n<h3> S\u00e9rie Aloe Vera <\/h3>\n<p class=\"apm-brand-story-stores-link\">\n<p> Is discontinued by manufacturer                                            \u200f                                            :                                            \u200e                                            No   <br \/> Language                                            \u200f                                            :                                            \u200e                                            English   <br \/> Product Dimensions                                            \u200f                                            :                                            \u200e                                            6.8 x 6.8 x 18.7 cm; 500 g   <br \/> Manufacturer                                            \u200f                                            :                                            \u200e                                            Urtekram   <br \/> ASIN                                            \u200f                                            :                                            \u200e                                            B00IZN2HSW   <br \/> Item model number                                            \u200f                                            :                                            \u200e                                            1083744   <br \/> Country of origin                                            \u200f                                            :                                            \u200e                                            Denmark   <br \/>  Customer reviews:                                                                                            4.3               4.3 out of 5 stars                                  (658)                                              var dpAcrHasRegisteredArcLinkClickAction;                    P.when(&#8216;A&#8217;, &#8216;ready&#8217;).execute(function(A) {                        if (dpAcrHasRegisteredArcLinkClickAction !== true) {                            dpAcrHasRegisteredArcLinkClickAction = true;                            A.declarative(                                &#8216;acrLink-click-metrics&#8217;, &#8216;click&#8217;,                                { &#8220;allowLinkDefault&#8221;: true },                                function (event) {                                    if (window.ue) {                                        ue.count(&#8220;acrLinkClickCount&#8221;, (ue.count(&#8220;acrLinkClickCount&#8221;) || 0) + 1);                                    }                                }                            );                        }                    });                                             P.when(&#8216;A&#8217;, &#8216;cf&#8217;).execute(function(A) {                A.declarative(&#8216;acrStarsLink-click-metrics&#8217;, &#8216;click&#8217;, { &#8220;allowLinkDefault&#8221; : true },  function(event){                    if(window.ue) {                        ue.count(&#8220;acrStarsLinkWithPopoverClickCount&#8221;, (ue.count(&#8220;acrStarsLinkWithPopoverClickCount&#8221;) || 0) + 1);                    }                });            });                          <br \/>Bring life and wonderful shine to your blonde hair with our effective herbal decoction made from chamomile flowers and wild chamomile oils<br \/>Apply to damp hair and rinse. Extra care and hydration provided by nature&#8217;s own moisturizers, aloe vera and glycerin<br \/>Certified organic, naturally<br \/>Vegan and natural origin<br \/>85% of our range is now in plant-based packaging<br \/>Package volume: 500 ml<br \/>Delivery weight: 0.5 kg<\/p>\n\n","protected":false},"excerpt":{"rendered":"<p> From the brand S\u00e9rie sans parfum S\u00e9rie de lignes sp\u00e9ciales S\u00e9rie de baies nordiques S\u00e9rie Aloe Vera Is discontinued by manufacturer \u200f : \u200e No Language \u200f : \u200e English Product Dimensions \u200f : \u200e 6.8 x 6.8 x 18.7 cm; 500 g Manufacturer \u200f : \u200e Urtekram ASIN \u200f [&hellip;]<\/p>\n","protected":false},"featured_media":27969,"comment_status":"open","ping_status":"closed","template":"","meta":{"_gspb_post_css":"","om_disable_all_campaigns":false,"_monsterinsights_skip_tracking":false,"_monsterinsights_sitenote_active":false,"_monsterinsights_sitenote_note":"","_monsterinsights_sitenote_category":0},"store":[],"product_brand":[],"product_cat":[151],"product_tag":[564,2134,6965],"class_list":{"0":"post-27968","1":"product","2":"type-product","3":"status-publish","4":"has-post-thumbnail","6":"product_cat-sommeil-relaxation","7":"product_tag-chamomile","8":"product_tag-shampoo","9":"product_tag-urtekram","11":"first","12":"instock","13":"shipping-taxable","14":"product-type-external"},"aioseo_notices":[],"jetpack_sharing_enabled":true,"_links":{"self":[{"href":"https:\/\/www.zolattitude.com\/index.php\/wp-json\/wp\/v2\/product\/27968","targetHints":{"allow":["GET"]}}],"collection":[{"href":"https:\/\/www.zolattitude.com\/index.php\/wp-json\/wp\/v2\/product"}],"about":[{"href":"https:\/\/www.zolattitude.com\/index.php\/wp-json\/wp\/v2\/types\/product"}],"replies":[{"embeddable":true,"href":"https:\/\/www.zolattitude.com\/index.php\/wp-json\/wp\/v2\/comments?post=27968"}],"wp:featuredmedia":[{"embeddable":true,"href":"https:\/\/www.zolattitude.com\/index.php\/wp-json\/wp\/v2\/media\/27969"}],"wp:attachment":[{"href":"https:\/\/www.zolattitude.com\/index.php\/wp-json\/wp\/v2\/media?parent=27968"}],"wp:term":[{"taxonomy":"store","embeddable":true,"href":"https:\/\/www.zolattitude.com\/index.php\/wp-json\/wp\/v2\/store?post=27968"},{"taxonomy":"product_brand","embeddable":true,"href":"https:\/\/www.zolattitude.com\/index.php\/wp-json\/wp\/v2\/product_brand?post=27968"},{"taxonomy":"product_cat","embeddable":true,"href":"https:\/\/www.zolattitude.com\/index.php\/wp-json\/wp\/v2\/product_cat?post=27968"},{"taxonomy":"product_tag","embeddable":true,"href":"https:\/\/www.zolattitude.com\/index.php\/wp-json\/wp\/v2\/product_tag?post=27968"}],"curies":[{"name":"wp","href":"https:\/\/api.w.org\/{rel}","templated":true}]}}