{"id":27978,"date":"2026-04-17T00:56:26","date_gmt":"2026-04-17T00:56:26","guid":{"rendered":"https:\/\/www.zolattitude.com\/index.php\/product\/bol-en-coquille-de-coco-bois-naturel-poli-materiau-durable-et-respectueux-de-lenvironnement-design-leger-bol-de-service-decoratif-pour-salades-noix-fruits-smoothies-acai-maison-bu\/"},"modified":"2026-04-17T00:56:40","modified_gmt":"2026-04-17T00:56:40","slug":"bol-en-coquille-de-coco-bois-naturel-poli-materiau-durable-et-respectueux-de-lenvironnement-design-leger-bol-de-service-decoratif-pour-salades-noix-fruits-smoothies-acai-maison-bu","status":"publish","type":"product","link":"https:\/\/www.zolattitude.com\/index.php\/product\/bol-en-coquille-de-coco-bois-naturel-poli-materiau-durable-et-respectueux-de-lenvironnement-design-leger-bol-de-service-decoratif-pour-salades-noix-fruits-smoothies-acai-maison-bu\/","title":{"rendered":"Bol en coquille de coco \u2013 Bois naturel poli, mat\u00e9riau durable et respectueux de l&#8217;environnement, design l\u00e9ger | Bol de service d\u00e9coratif pour salades, noix, fruits, smoothies, a\u00e7ai, maison, bureau"},"content":{"rendered":"<p>Price: <span style=\"color:#b12704\">\u20ac10.59<\/span><br \/><i><small>(as of Apr 17, 2026 00:56:26 UTC &#8211; <span class=\"wp_automatic_amazon_disclaimer\" title=\"Product prices and availability are accurate as of the date\/time indicated and are subject to change. Any price and availability information displayed on [relevant Amazon Site(s), as applicable] at the time of purchase will apply to the purchase of this product.\">Details<\/span>)<\/small><\/i><br \/><a href=\"https:\/\/amazon.fr\/dp\/B0GKQ8NLBN?tag=onamzmoukoubl-21\"><img decoding=\"async\" src=\"https:\/\/valvepress.s3.amazonaws.com\/imgs\/buy_now.png\"><\/a><br \/>\n<\/p>\n<p>                                             Product Description   <\/p>\n<h3 class=\"a-spacing-mini\"> Bol \u00e0 boisson Coco <\/h3>\n<p>                                          <img decoding=\"async\" alt=\"Bol ou plat rouge avec un motif d&amp;#39;\u00e9toile d\u00e9coratif repr\u00e9sent\u00e9 sur la surface de la table en bois \u00e0 c\u00f4t\u00e9 d&amp;#39;un vase blanc avec des fleurs.\" src=\"https:\/\/images-na.ssl-images-amazon.com\/images\/G\/01\/x-locale\/common\/grey-pixel.gif\" class=\"a-spacing-base a-lazy-loaded\" data-src=\"https:\/\/m.media-amazon.com\/images\/S\/aplus-media-library-service-media\/a87f0134-dbba-4804-bd94-462edb9748a8.__CR0,0,970,600_PT0_SX970_V1___.jpg\"><img decoding=\"async\" alt=\"Bol ou plat rouge avec un motif d&amp;#39;\u00e9toile d\u00e9coratif repr\u00e9sent\u00e9 sur la surface de la table en bois \u00e0 c\u00f4t\u00e9 d&amp;#39;un vase blanc avec des fleurs.\" src=\"https:\/\/m.media-amazon.com\/images\/S\/aplus-media-library-service-media\/a87f0134-dbba-4804-bd94-462edb9748a8.__CR0,0,970,600_PT0_SX970_V1___.jpg\">                                         <\/p>\n<h3 class=\"a-spacing-mini\"> Mat\u00e9riau fiable <\/h3>\n<p class=\"a-spacing-base\"> Ces bols en coco sont fabriqu\u00e9s \u00e0 partir de coquille de coco naturelle de haute qualit\u00e9 et durable, offrant un excellent confort et stabilit\u00e9. Avec une texture fine et une couleur unique, ils garantissent une exp\u00e9rience culinaire \u00e9l\u00e9gante et \u00e9l\u00e9gante. <\/p>\n<h3 class=\"a-spacing-small\"> Bol Coco <\/h3>\n<p class=\"apm-text-center\">\n                                                      <img decoding=\"async\" alt=\"Mat\u00e9riau durable\" src=\"https:\/\/images-na.ssl-images-amazon.com\/images\/G\/01\/x-locale\/common\/grey-pixel.gif\" class=\"a-spacing-mini a-lazy-loaded\" data-src=\"https:\/\/m.media-amazon.com\/images\/S\/aplus-media-library-service-media\/381ce109-8a31-4d6b-8625-e9607da83b68.__CR0,0,1600,1600_PT0_SX300_V1___.jpg\"><\/p>\n<p><img decoding=\"async\" alt=\"Mat\u00e9riau durable\" src=\"https:\/\/m.media-amazon.com\/images\/S\/aplus-media-library-service-media\/381ce109-8a31-4d6b-8625-e9607da83b68.__CR0,0,1600,1600_PT0_SX300_V1___.jpg\"><br \/>\n                                                    Mat\u00e9riau durable                                       <\/p>\n<p> Fabriqu\u00e9s \u00e0 partir de coquille de coco naturelle de haute qualit\u00e9, ces bols ne se d\u00e9forment pas facilement et ont une texture fine. Ils sont sains et chacun a une forme et une couleur uniques. <\/p>\n<p class=\"apm-text-center\">\n                                                      <img decoding=\"async\" alt=\"Expression artistique\" src=\"https:\/\/images-na.ssl-images-amazon.com\/images\/G\/01\/x-locale\/common\/grey-pixel.gif\" class=\"a-spacing-mini a-lazy-loaded\" data-src=\"https:\/\/m.media-amazon.com\/images\/S\/aplus-media-library-service-media\/fca02f1c-8f07-47de-b5a6-0f7059116575.__CR0,0,1600,1600_PT0_SX300_V1___.jpg\"><\/p>\n<p><img decoding=\"async\" alt=\"Expression artistique\" src=\"https:\/\/m.media-amazon.com\/images\/S\/aplus-media-library-service-media\/fca02f1c-8f07-47de-b5a6-0f7059116575.__CR0,0,1600,1600_PT0_SX300_V1___.jpg\"><br \/>\n                                                    Expression artistique                                       <\/p>\n<p> Transformez votre table de salle \u00e0 manger avec la superbe cr\u00e9ativit\u00e9 peinte de notre bol en coco. Les motifs complexes et les couleurs vives \u00e9voquent une touche artistique, rendant vos repas plus attrayants et m\u00e9morables. <\/p>\n<p class=\"apm-text-center\">\n                                                      <img decoding=\"async\" alt=\"Collage d&amp;#39;espaces int\u00e9rieurs modernes comprenant des salons et des cuisines avec un mobilier contemporain, des murs blancs et un \u00e9clairage naturel.\" src=\"https:\/\/images-na.ssl-images-amazon.com\/images\/G\/01\/x-locale\/common\/grey-pixel.gif\" class=\"a-spacing-mini a-lazy-loaded\" data-src=\"https:\/\/m.media-amazon.com\/images\/S\/aplus-media-library-service-media\/54e5c248-d06a-4f0c-b175-3f18ca33d0b1.__CR0,0,1600,1600_PT0_SX300_V1___.jpg\"><\/p>\n<p><img decoding=\"async\" alt=\"Collage d&amp;#39;espaces int\u00e9rieurs modernes comprenant des salons et des cuisines avec un mobilier contemporain, des murs blancs et un \u00e9clairage naturel.\" src=\"https:\/\/m.media-amazon.com\/images\/S\/aplus-media-library-service-media\/54e5c248-d06a-4f0c-b175-3f18ca33d0b1.__CR0,0,1600,1600_PT0_SX300_V1___.jpg\"><br \/>\n                                                    Design spacieux                                       <\/p>\n<p> Notre bol en coco dispose d&#8217;un design spacieux avec une plus grande ouverture et une capacit\u00e9 plus profonde pour r\u00e9pondre \u00e0 vos diff\u00e9rents besoins. Il vous permet de ranger et d&#8217;acc\u00e9der facilement \u00e0 plus d&#8217;articles tels que des cl\u00e9s, des t\u00e9l\u00e9commandes, des collations et d&#8217;autres accessoires. <\/p>\n<p>                                                  <img decoding=\"async\" alt=\"Bols Coco Shell\" src=\"https:\/\/images-na.ssl-images-amazon.com\/images\/G\/01\/x-locale\/common\/grey-pixel.gif\" class=\"a-lazy-loaded\" data-src=\"https:\/\/m.media-amazon.com\/images\/S\/aplus-media-library-service-media\/5c41c95c-5102-4de3-b7be-942d752f47c3.__CR0,0,1600,1600_PT0_SX300_V1___.jpg\"><img decoding=\"async\" alt=\"Bols Coco Shell\" src=\"https:\/\/m.media-amazon.com\/images\/S\/aplus-media-library-service-media\/5c41c95c-5102-4de3-b7be-942d752f47c3.__CR0,0,1600,1600_PT0_SX300_V1___.jpg\">  <\/p>\n<h3 class=\"a-spacing-mini\"> Bols Coco Shell <\/h3>\n<p> Chaque bol dispose d&#8217;un motif exquis, ce qui en fait la d\u00e9coration parfaite pour n&#8217;importe quelle pi\u00e8ce. Nos bols sont polyvalents, vous permettant de placer des cl\u00e9s, des t\u00e9l\u00e9commandes, des collations et d&#8217;autres accessoires. Ils font \u00e9galement un excellent cadeau pour vos amis et votre amoureux. Caract\u00e9ristiques : Mat\u00e9riau : coquille de coco naturelle. Poids : 100 g. Dimensions du produit : diam\u00e8tre d&#8217;environ 12 \u00e0 14 cm. Contenu : 1 bol en coco <\/p>\n<p>Mat\u00e9riau durable : fabriqu\u00e9 \u00e0 partir de coquille de coco naturelle de haute qualit\u00e9, les bols ne se d\u00e9forment pas facilement et ont une texture fine. Ils sont respectueux de l&#8217;environnement et sains, et chacun a une forme et une couleur uniques.<br \/>Embellissement artistique : am\u00e9liorez votre exp\u00e9rience culinaire en coco. Les motifs complexes et les couleurs vives ajoutent une touche artistique et unique \u00e0 votre table, ce qui la rend plus attrayante.<br \/>Organisez-vous : notre bol en coco pr\u00e9sente un design plus pratique et plus spacieux, offrant une plus grande ouverture et une capacit\u00e9 plus profonde pour r\u00e9pondre \u00e0 vos diff\u00e9rents besoins de stockage.<br \/>Utilisation polyvalente : rehaussez l&#8217;ambiance de votre entr\u00e9e, salon, salle \u00e0 manger, espace avec notre bol en coco. Sa beaut\u00e9 naturelle et sa fonction de rangement pratique en font le d\u00e9cor fonctionnel parfait qui laissera une impression durable sur vos invit\u00e9s.<br \/>Excellent cadeau : chaque bol en coco est peint avec de beaux motifs, ce qui en fait un cadeau parfait pour les amis, en particulier ceux qui aiment les bols en bois de coquille de coco et l&#8217;art peint.<\/p>\n\n","protected":false},"excerpt":{"rendered":"<p> Product Description Bol \u00e0 boisson Coco Mat\u00e9riau fiable Ces bols en coco sont fabriqu\u00e9s \u00e0 partir de coquille de coco naturelle de haute qualit\u00e9 et durable, offrant un excellent confort et stabilit\u00e9. Avec une texture fine et une couleur unique, ils garantissent une exp\u00e9rience culinaire \u00e9l\u00e9gante et \u00e9l\u00e9gante. Bol Coco [&hellip;]<\/p>\n","protected":false},"featured_media":27979,"comment_status":"open","ping_status":"closed","template":"","meta":{"_gspb_post_css":"","om_disable_all_campaigns":false,"_monsterinsights_skip_tracking":false,"_monsterinsights_sitenote_active":false,"_monsterinsights_sitenote_note":"","_monsterinsights_sitenote_category":0},"store":[],"product_brand":[],"product_cat":[148],"product_tag":[386,6967,6140,6975,6142,6966,6973,4509,3241,1217,6971,6970,6873,6968,1084,6141,6145,302,6969,6974,6972,389],"class_list":{"0":"post-27978","1":"product","2":"type-product","3":"status-publish","4":"has-post-thumbnail","6":"product_cat-superaliments-exotiques","7":"product_tag-acai","8":"product_tag-bois","9":"product_tag-bol","10":"product_tag-bureau","11":"product_tag-coco","12":"product_tag-coquille","13":"product_tag-decoratif","14":"product_tag-design","15":"product_tag-durable","16":"product_tag-fruits","17":"product_tag-leger","18":"product_tag-lenvironnement","19":"product_tag-maison","20":"product_tag-materiau","21":"product_tag-naturel","22":"product_tag-noix","23":"product_tag-poli","24":"product_tag-pour","25":"product_tag-respectueux","26":"product_tag-salades","27":"product_tag-service","28":"product_tag-smoothies","30":"first","31":"instock","32":"shipping-taxable","33":"product-type-external"},"aioseo_notices":[],"jetpack_sharing_enabled":true,"_links":{"self":[{"href":"https:\/\/www.zolattitude.com\/index.php\/wp-json\/wp\/v2\/product\/27978","targetHints":{"allow":["GET"]}}],"collection":[{"href":"https:\/\/www.zolattitude.com\/index.php\/wp-json\/wp\/v2\/product"}],"about":[{"href":"https:\/\/www.zolattitude.com\/index.php\/wp-json\/wp\/v2\/types\/product"}],"replies":[{"embeddable":true,"href":"https:\/\/www.zolattitude.com\/index.php\/wp-json\/wp\/v2\/comments?post=27978"}],"wp:featuredmedia":[{"embeddable":true,"href":"https:\/\/www.zolattitude.com\/index.php\/wp-json\/wp\/v2\/media\/27979"}],"wp:attachment":[{"href":"https:\/\/www.zolattitude.com\/index.php\/wp-json\/wp\/v2\/media?parent=27978"}],"wp:term":[{"taxonomy":"store","embeddable":true,"href":"https:\/\/www.zolattitude.com\/index.php\/wp-json\/wp\/v2\/store?post=27978"},{"taxonomy":"product_brand","embeddable":true,"href":"https:\/\/www.zolattitude.com\/index.php\/wp-json\/wp\/v2\/product_brand?post=27978"},{"taxonomy":"product_cat","embeddable":true,"href":"https:\/\/www.zolattitude.com\/index.php\/wp-json\/wp\/v2\/product_cat?post=27978"},{"taxonomy":"product_tag","embeddable":true,"href":"https:\/\/www.zolattitude.com\/index.php\/wp-json\/wp\/v2\/product_tag?post=27978"}],"curies":[{"name":"wp","href":"https:\/\/api.w.org\/{rel}","templated":true}]}}