{"id":28038,"date":"2026-04-17T22:12:58","date_gmt":"2026-04-17T22:12:58","guid":{"rendered":"https:\/\/www.zolattitude.com\/index.php\/product\/soin-concentre-anti-imperfections-40-ml-enrichi-aux-aha-bha-et-aux-3-ceramides-essentiels-pour-peaux-a-imperfections-et-a-tendance-acneique\/"},"modified":"2026-04-17T22:13:06","modified_gmt":"2026-04-17T22:13:06","slug":"soin-concentre-anti-imperfections-40-ml-enrichi-aux-aha-bha-et-aux-3-ceramides-essentiels-pour-peaux-a-imperfections-et-a-tendance-acneique","status":"publish","type":"product","link":"https:\/\/www.zolattitude.com\/index.php\/product\/soin-concentre-anti-imperfections-40-ml-enrichi-aux-aha-bha-et-aux-3-ceramides-essentiels-pour-peaux-a-imperfections-et-a-tendance-acneique\/","title":{"rendered":"Soin Concentr\u00e9 Anti-Imperfections 40 ml enrichi aux AHA BHA et aux 3 C\u00e9ramides Essentiels pour peaux \u00e0 imperfections et \u00e0 tendance acn\u00e9ique"},"content":{"rendered":"<p>Price: <span style=\"color:#b12704\"><del>\u20ac14.65<\/del> - \u20ac8.87<\/span><br \/><i><small>(as of Apr 17, 2026 22:12:58 UTC &#8211; <span class=\"wp_automatic_amazon_disclaimer\" title=\"Product prices and availability are accurate as of the date\/time indicated and are subject to change. Any price and availability information displayed on [relevant Amazon Site(s), as applicable] at the time of purchase will apply to the purchase of this product.\">Details<\/span>)<\/small><\/i><br \/><a href=\"https:\/\/amazon.fr\/dp\/B0B7RQC9N4?tag=onamzmoukoubl-21\"><img decoding=\"async\" src=\"https:\/\/valvepress.s3.amazonaws.com\/imgs\/buy_now.png\"><\/a><br \/>\n<\/p>\n<p>                                             From the manufacturer   <\/p>\n<p>                                                                                                       <img decoding=\"async\" alt=\"Soin concentr\u00e9 acn\u00e9\" src=\"https:\/\/images-na.ssl-images-amazon.com\/images\/G\/01\/x-locale\/common\/grey-pixel.gif\" class=\"a-lazy-loaded\" data-src=\"https:\/\/m.media-amazon.com\/images\/S\/aplus-media-library-service-media\/5591416a-bcbd-4b30-96cc-fabd69e296de.__CR0,0,1464,600_PT0_SX1464_V1___.jpg\"><img decoding=\"async\" alt=\"Soin concentr\u00e9 acn\u00e9\" src=\"https:\/\/m.media-amazon.com\/images\/S\/aplus-media-library-service-media\/5591416a-bcbd-4b30-96cc-fabd69e296de.__CR0,0,1464,600_PT0_SX1464_V1___.jpg\">                                               <\/p>\n<p>                                                                <img decoding=\"async\" alt=\"Soin concentr\u00e9 acn\u00e9\" src=\"https:\/\/images-na.ssl-images-amazon.com\/images\/G\/01\/x-locale\/common\/grey-pixel.gif\" class=\"a-lazy-loaded\" data-src=\"https:\/\/m.media-amazon.com\/images\/S\/aplus-media-library-service-media\/00723013-9a6d-4053-8748-87a552be4543.__CR0,0,800,600_PT0_SX800_V1___.jpg\"><img decoding=\"async\" alt=\"Soin concentr\u00e9 acn\u00e9\" src=\"https:\/\/m.media-amazon.com\/images\/S\/aplus-media-library-service-media\/00723013-9a6d-4053-8748-87a552be4543.__CR0,0,800,600_PT0_SX800_V1___.jpg\">                                    Pour les peaux \u00e0 tendance acn\u00e9ique                                          <\/p>\n<h3 class=\"aplus-h1 aplus-module-1-heading a-text-bold\"> Cerave Soin Concentr\u00e9 Anti-Imperfections <\/h3>\n<p class=\"aplus-p2 aplus-module-1-description\"> D\u00e9velopp\u00e9 avec des dermatologues, le Soin Concentr\u00e9 Anti-Imperfections CeraVe r\u00e9duit les boutons et les imperfections des peaux \u00e0 tendance acn\u00e9ique tout en hydratant, apaisant et restaurant la barri\u00e8re cutan\u00e9e. Formul\u00e9e \u00e0 partir d&#8217;une concentration puissante traitante d&#8217;AHA-BHA (acides alpha hydroxyl\u00e9s &#8211; acides b\u00eata hydroxyl\u00e9s connus pour leurs propri\u00e9t\u00e9s exfoliantes), il agit en profondeur et en surface pour combattre les imperfections. <\/p>\n<p>                                                                                                                  <img decoding=\"async\" alt=\"Soin concentr\u00e9 acn\u00e9\" src=\"https:\/\/m.media-amazon.com\/images\/S\/aplus-media-library-service-media\/0d8ec79d-39ac-4fc1-9af6-ba3a40d1d788.__CR0,0,1464,600_PT0_SX1464_V1___.jpg\">                                                      <\/p>\n<p class=\"aplus-p3\"> Formule \u00e0 partir <\/p>\n<p>                                             d&#8217;AHA-BHA                                       <\/p>\n<p class=\"description aplus-p1\"> et enrichie aux 3 C\u00e9ramides essentiels, Niacinamide, &amp; Acide Hyaluronique. <\/p>\n<p>                                                      <img decoding=\"async\" alt=\"Soin concentr\u00e9 acn\u00e9\" src=\"https:\/\/m.media-amazon.com\/images\/S\/aplus-media-library-service-media\/1bb368bb-d8e3-4ff7-a3a5-292a3b6f39f8.__CR0,0,1464,600_PT0_SX1464_V1___.jpg\">                                                      <\/p>\n<p class=\"aplus-p3\"> Efficacit\u00e9 prouv\u00e9e <\/p>\n<p>                                             -40% de boutons d\u00e8s 3 jours*                                       <\/p>\n<p class=\"description aplus-p1\"> Hydrate 8h**, apaise et r\u00e9duit les imperfections tout en restaurant la barri\u00e8re cutan\u00e9e. <\/p>\n<p>                                                      <img decoding=\"async\" alt=\"Soin concentr\u00e9 acn\u00e9 texture\" src=\"https:\/\/m.media-amazon.com\/images\/S\/aplus-media-library-service-media\/163607bf-4b1a-46e6-8fbf-bc7237517d52.__CR0,0,1464,600_PT0_SX1464_V1___.jpg\">                                                                                           Texture gel frais                                       <\/p>\n<p class=\"description aplus-p1\"> P\u00e9n\u00e8tre rapidement la peau pour un effet non-gras, non collant. <\/p>\n<p>                                                      <img decoding=\"async\" alt=\"Soin concentr\u00e9 acn\u00e9 application\" src=\"https:\/\/m.media-amazon.com\/images\/S\/aplus-media-library-service-media\/c3e128d1-9657-4da2-9f17-a44403933329.__CR0,0,1464,600_PT0_SX1464_V1___.jpg\">                                                                                           Utilisation quotidienne le soir                                       <\/p>\n<p class=\"description aplus-p1\"> Utiliser un \u00e9cran solaire (SPF) en journ\u00e9e et limiter l&#8217;exposition au soleil. <\/p>\n<p>                            1 Ingr\u00e9dients <\/p>\n<p>                            2 B\u00e9n\u00e9fices <\/p>\n<p>                            3 Texture <\/p>\n<p>                            4 Application <\/p>\n<p>                        Soin Concentr\u00e9   <\/p>\n<h3 class=\"a-text-center aplus-h3 a-text-bold\"> Comparer les soins  <\/h3>\n<h3 class=\"a-text-center aplus-p2\"> Peau \u00e0 imperfections <\/h3>\n<h3 class=\"a-text-center aplus-p2\"> Peau s\u00e8che <\/h3>\n<h3 class=\"a-text-center aplus-p2\"> Anti-boutons <\/h3>\n<h3 class=\"a-text-center aplus-p2\"> Anti-marques <\/h3>\n<h3 class=\"a-text-center aplus-p2\"> Acide Salicylique <\/h3>\n<h3 class=\"a-text-center aplus-p2\"> R\u00e9tinol <\/h3>\n<h3 class=\"a-text-center aplus-p2\"> C\u00e9ramides <\/h3>\n<h3 class=\"a-text-center aplus-p2\"> Peau \u00e0 imperfections <\/h3>\n<h3 class=\"a-text-center aplus-p2\"> Peau s\u00e8che <\/h3>\n<h3 class=\"a-text-center aplus-p2\"> Anti-boutons <\/h3>\n<h3 class=\"a-text-center aplus-p2\"> Anti-marques <\/h3>\n<h3 class=\"a-text-center aplus-p2\"> Acide Salicylique <\/h3>\n<h3 class=\"a-text-center aplus-p2\"> R\u00e9tinol <\/h3>\n<h3 class=\"a-text-center aplus-p2\"> C\u00e9ramides <\/h3>\n<p>                                                                                                                        S\u00e9rum R\u00e9tinol                                        <img decoding=\"async\" alt=\"S\u00e9rum r\u00e9tinol acn\u00e9\" src=\"https:\/\/m.media-amazon.com\/images\/S\/aplus-media-library-service-media\/b4b5e08b-987e-4353-8b60-b5c1e79b832e.__CR0,0,488,700_PT0_SX488_V1___.jpg\">    <\/p>\n<p>                                                       Cr\u00e8me Hydratante Visage                                       <img decoding=\"async\" alt=\"Cr\u00e8me hydratante visage\" src=\"https:\/\/m.media-amazon.com\/images\/S\/aplus-media-library-service-media\/ea7159f2-1bcd-4489-a0cc-ca9d13cbc3eb.__CR0,0,488,700_PT0_SX488_V1___.jpg\">    <\/p>\n<h3 class=\"a-text-center aplus-h1 a-text-bold\"> Routine Anti-Imperfections Cerave <\/h3>\n<p>                         Add To Basket  <\/p>\n<p>                         Add To Basket  <\/p>\n<p>                         Add To Basket  <\/p>\n<p>                                     Customer Reviews  <\/p>\n<p>                    4.6 out of 5 stars  31,710  <\/p>\n<p>                    4.5 out of 5 stars  9,675  <\/p>\n<p>                    4.2 out of 5 stars  43,043  <\/p>\n<p>                    4.5 out of 5 stars  8,371  <\/p>\n<p>                                     Price  <\/p>\n<p>                                                        \u20ac8.81\u20ac8.81     <\/p>\n<p>                                                        \u20ac8.87\u20ac8.87     <\/p>\n<p>                                                        \u20ac9.99\u20ac9.99     <\/p>\n<p>                                                        \u2014    <\/p>\n<p>                                     Indications  <\/p>\n<p>                                                Visage &amp; Corps    <\/p>\n<p>                                                Visage    <\/p>\n<p>                                                Contour des yeux    <\/p>\n<p>                                                Visage    <\/p>\n<p>                                     Type de peau  <\/p>\n<p>                                                \u00e0 tendance acn\u00e9ique    <\/p>\n<p>                                                \u00e0 tendance acn\u00e9ique    <\/p>\n<p>                                                Tout type de peau    <\/p>\n<p>                                                Peau normale \u00e0 s\u00e8che    <\/p>\n<p>                                     Ingr\u00e9dients  <\/p>\n<p>                                                Acide Salicylique    <\/p>\n<p>                                                Acide Salicylique    <\/p>\n<p>                                                C\u00e9ramides, Acide Hyaluronique    <\/p>\n<p>                                                C\u00e9ramides, Acide Hyaluronique    <\/p>\n<p>                                     B\u00e9n\u00e9fices  <\/p>\n<p>                                                Nettoie en douceur &amp; purifie    <\/p>\n<p>                                                R\u00e9duit les boutons    <\/p>\n<p>                                                Hydrate 24H &amp; apaise    <\/p>\n<p>                                                Prot\u00e8ge SPF30 &amp; hydrate 24H    <\/p>\n<p>                                     Texture  <\/p>\n<p>                                                Gel moussant    <\/p>\n<p>                                                Gel frais    <\/p>\n<p>                                                Cr\u00e8me    <\/p>\n<p>                                                Cr\u00e8me    <\/p>\n<h3>\n<p class=\"aplus-question aplus-p1\"> Doit-on appliquer une cr\u00e8me solaire pendant la dur\u00e9e d&#8217;utilisation du produit ? <\/p>\n<\/h3>\n<p class=\"aplus-answer aplus-p2\"> Oui, sa formule aux AHA (acides alpha hydroxyl\u00e9s) peut augmenter la sensibilit\u00e9 de la peau \u00e0 l&#8217;exposition au soleil et les risques de coups de soleil. Dans ce cas, utiliser un \u00e9cran solaire (SPF) en journ\u00e9e et limiter l&#8217;exposition au soleil. <\/p>\n<h3>\n<p class=\"aplus-question aplus-p1\"> Quels sont les r\u00e9sultats du soin concentr\u00e9 anti-imperfections Cerave ?  <\/p>\n<\/h3>\n<p class=\"aplus-answer aplus-p2\"> Son efficacit\u00e9 anti-imperfections a \u00e9t\u00e9 cliniquement prouv\u00e9e. Des r\u00e9sultats significatifs d\u00e8s 3 jours* : -40% de boutons. 90% d\u00e9clarent avoir une peau plus douce &amp; 78% d\u00e9clarent avoir une peau plus lisse et un grain de peau affin\u00e9***. <\/p>\n<h3>\n<p class=\"aplus-question aplus-p1\"> Pour quel type de peau le soin concentr\u00e9 anti-imperfections Cerave convient-il ? <\/p>\n<\/h3>\n<p class=\"aplus-answer aplus-p2\"> Pour peaux \u00e0 imperfections et \u00e0 tendance acn\u00e9ique. Convient pour les adolescents et les adultes. Convient pour les peaux sensibles. <\/p>\n<p class=\"description\"> *Etude clinique en monoth\u00e9rapie, F&amp;H, 13-45 ans, peaux grasses, peaux acn\u00e9iques (l\u00e9g\u00e8re \u00e0 mod\u00e9r\u00e9e), 1 utilisation par jour le soir sur le visage + 1 utilisation d\u2019une cr\u00e8me SPF 30 chaque matin. Evaluation clinique par grade. <\/p>\n<p class=\"description\"> **Test instrumental, mesure de l&#8217;hydratation au corn\u00e9om\u00e8tre <\/p>\n<p class=\"description\"> ***Auto-\u00e9valuation patients <\/p>\n<p> Is discontinued by manufacturer                                            \u200f                                            :                                            \u200e                                            No   <br \/> Language                                            \u200f                                            :                                            \u200e                                            English   <br \/> Product Dimensions                                            \u200f                                            :                                            \u200e                                            3 x 3 x 16 cm; 40 g   <br \/> Date First Available                                            \u200f                                            :                                            \u200e                                            13 Aug. 2022   <br \/> Manufacturer                                            \u200f                                            :                                            \u200e                                            L&#8217;Oreal   <br \/> ASIN                                            \u200f                                            :                                            \u200e                                            B0B7RQC9N4   <br \/> Item model number                                            \u200f                                            :                                            \u200e                                            3337875782357   <br \/> Country of origin                                            \u200f                                            :                                            \u200e                                            France   <br \/>       Best Sellers Rank:  93 in Beauty (See Top 100 in Beauty)    4 in Day Creams      <br \/>  Customer reviews:                                                                                            4.5               4.5 out of 5 stars                                  (9,675)                                              var dpAcrHasRegisteredArcLinkClickAction;                    P.when(&#8216;A&#8217;, &#8216;ready&#8217;).execute(function(A) {                        if (dpAcrHasRegisteredArcLinkClickAction !== true) {                            dpAcrHasRegisteredArcLinkClickAction = true;                            A.declarative(                                &#8216;acrLink-click-metrics&#8217;, &#8216;click&#8217;,                                { &#8220;allowLinkDefault&#8221;: true },                                function (event) {                                    if (window.ue) {                                        ue.count(&#8220;acrLinkClickCount&#8221;, (ue.count(&#8220;acrLinkClickCount&#8221;) || 0) + 1);                                    }                                }                            );                        }                    });                                             P.when(&#8216;A&#8217;, &#8216;cf&#8217;).execute(function(A) {                A.declarative(&#8216;acrStarsLink-click-metrics&#8217;, &#8216;click&#8217;, { &#8220;allowLinkDefault&#8221; : true },  function(event){                    if(window.ue) {                        ue.count(&#8220;acrStarsLinkWithPopoverClickCount&#8221;, (ue.count(&#8220;acrStarsLinkWithPopoverClickCount&#8221;) || 0) + 1);                    }                });            });                          <br \/>CONCENTRATED ANTI-IMPERFECTION CARE: Tested and approved by the French Association of Acne, this treatment eliminates imperfections and tightens the pores of acne-prone skin, while moisturizing them and restoring the natural skin barrier.<br \/>EXFOLIATING ACTION: This face gel contains an AHA-BHA complex that removes dead cells, unclogs pores and reduces imperfections while reducing inflammation, smoothing and improving skin texture.<br \/>VISIBLE RESULTS FROM 3 DAYS: This anti-blemish treatment developed by dermatologists offers results as early as 3 days with -40% of pimples. * Its hypoallergenic and non-comedogenic formula is formulated without perfume and alcohol.<br \/>YOUR ANTI-IMPERFECTION ROUTINE: In the evening, after cleansing with CeraVE anti-blemish foaming gel, apply the concentrated treatment on the skin of the face. During the day, use a moisturizer with SPF 30 or higher protection.<br \/>TARGETED DERMATOLOGICAL CARE: CeraVe offers skin care developed with dermatologists from 3 essential ceramides, with a revolutionary diffusion system, to help restore the skin&#8217;s protective natural barrier.<\/p>\n\n","protected":false},"excerpt":{"rendered":"<p> From the manufacturer Pour les peaux \u00e0 tendance acn\u00e9ique Cerave Soin Concentr\u00e9 Anti-Imperfections D\u00e9velopp\u00e9 avec des dermatologues, le Soin Concentr\u00e9 Anti-Imperfections CeraVe r\u00e9duit les boutons et les imperfections des peaux \u00e0 tendance acn\u00e9ique tout en hydratant, apaisant et restaurant la barri\u00e8re cutan\u00e9e. Formul\u00e9e \u00e0 partir d&#8217;une concentration puissante traitante d&#8217;AHA-BHA [&hellip;]<\/p>\n","protected":false},"featured_media":28039,"comment_status":"open","ping_status":"closed","template":"","meta":{"_gspb_post_css":"","om_disable_all_campaigns":false,"_monsterinsights_skip_tracking":false,"_monsterinsights_sitenote_active":false,"_monsterinsights_sitenote_note":"","_monsterinsights_sitenote_category":0},"store":[],"product_brand":[],"product_cat":[138],"product_tag":[6986,3629,6982,904,6984,5228,5425,6983,2923,5974,6374,302,3134,6985],"class_list":{"0":"post-28038","1":"product","2":"type-product","3":"status-publish","4":"has-post-thumbnail","6":"product_cat-acide-hyaluronique-msm","7":"product_tag-acneique","8":"product_tag-aha","9":"product_tag-antiimperfections","10":"product_tag-aux","11":"product_tag-bha","12":"product_tag-ceramides","13":"product_tag-concentre","14":"product_tag-enrichi","15":"product_tag-essentiels","16":"product_tag-imperfections","17":"product_tag-peaux","18":"product_tag-pour","19":"product_tag-soin","20":"product_tag-tendance","22":"first","23":"instock","24":"sale","25":"shipping-taxable","26":"product-type-external"},"aioseo_notices":[],"jetpack_sharing_enabled":true,"_links":{"self":[{"href":"https:\/\/www.zolattitude.com\/index.php\/wp-json\/wp\/v2\/product\/28038","targetHints":{"allow":["GET"]}}],"collection":[{"href":"https:\/\/www.zolattitude.com\/index.php\/wp-json\/wp\/v2\/product"}],"about":[{"href":"https:\/\/www.zolattitude.com\/index.php\/wp-json\/wp\/v2\/types\/product"}],"replies":[{"embeddable":true,"href":"https:\/\/www.zolattitude.com\/index.php\/wp-json\/wp\/v2\/comments?post=28038"}],"wp:featuredmedia":[{"embeddable":true,"href":"https:\/\/www.zolattitude.com\/index.php\/wp-json\/wp\/v2\/media\/28039"}],"wp:attachment":[{"href":"https:\/\/www.zolattitude.com\/index.php\/wp-json\/wp\/v2\/media?parent=28038"}],"wp:term":[{"taxonomy":"store","embeddable":true,"href":"https:\/\/www.zolattitude.com\/index.php\/wp-json\/wp\/v2\/store?post=28038"},{"taxonomy":"product_brand","embeddable":true,"href":"https:\/\/www.zolattitude.com\/index.php\/wp-json\/wp\/v2\/product_brand?post=28038"},{"taxonomy":"product_cat","embeddable":true,"href":"https:\/\/www.zolattitude.com\/index.php\/wp-json\/wp\/v2\/product_cat?post=28038"},{"taxonomy":"product_tag","embeddable":true,"href":"https:\/\/www.zolattitude.com\/index.php\/wp-json\/wp\/v2\/product_tag?post=28038"}],"curies":[{"name":"wp","href":"https:\/\/api.w.org\/{rel}","templated":true}]}}