{"id":28067,"date":"2026-04-18T00:01:52","date_gmt":"2026-04-18T00:01:52","guid":{"rendered":"https:\/\/www.zolattitude.com\/index.php\/product\/le-regime-anti-inflammatoire-pour-la-detoxification-du-cortisol-et-la-sante-intestinale-recettes-faciles-et-rapides-pour-equilibrer-les-hormones-et-restaurer-lenergie-le-sommeil-et-la-diges\/"},"modified":"2026-04-18T00:01:52","modified_gmt":"2026-04-18T00:01:52","slug":"le-regime-anti-inflammatoire-pour-la-detoxification-du-cortisol-et-la-sante-intestinale-recettes-faciles-et-rapides-pour-equilibrer-les-hormones-et-restaurer-lenergie-le-sommeil-et-la-diges","status":"publish","type":"product","link":"https:\/\/www.zolattitude.com\/index.php\/product\/le-regime-anti-inflammatoire-pour-la-detoxification-du-cortisol-et-la-sante-intestinale-recettes-faciles-et-rapides-pour-equilibrer-les-hormones-et-restaurer-lenergie-le-sommeil-et-la-diges\/","title":{"rendered":"Le r\u00e9gime anti-inflammatoire pour la d\u00e9toxification du cortisol et la sant\u00e9 intestinale: Recettes faciles et rapides pour \u00e9quilibrer les hormones et restaurer l\u2019\u00e9nergie, le sommeil et la digestion"},"content":{"rendered":"<p>Price: <span style=\"color:#b12704\">\u20ac15.81<\/span><br \/><i><small>(as of Apr 18, 2026 00:01:52 UTC &#8211; <span class=\"wp_automatic_amazon_disclaimer\" title=\"Product prices and availability are accurate as of the date\/time indicated and are subject to change. Any price and availability information displayed on [relevant Amazon Site(s), as applicable] at the time of purchase will apply to the purchase of this product.\">Details<\/span>)<\/small><\/i><br \/><a href=\"https:\/\/amazon.fr\/dp\/B0GHPSNNFJ?tag=onamzmoukoubl-21\"><img decoding=\"async\" src=\"https:\/\/valvepress.s3.amazonaws.com\/imgs\/buy_now.png\"><\/a><br \/>\n<\/p>\n<p>Boostez votre \u00e9nergie et soulagez la douleur gr\u00e2ce au r\u00e9gime anti-inflammatoireVous en avez assez de vous r\u00e9veiller \u00e9puis\u00e9(e), m\u00eame apr\u00e8s une nuit de sommeil compl\u00e8te ? Luttez-vous contre un \u00ab ventre de stress \u00bb qui ne dispara\u00eet pas, ou contre des troubles digestifs qui rendent chaque repas incertain ? Si vous avez l\u2019impression que votre corps est constamment bloqu\u00e9 en mode \u00ab combat ou fuite \u00bb, vous n\u2019\u00eates pas simplement stress\u00e9(e) \u2014 vous \u00eates probablement pris(e) dans un cycle d\u2019inflammation chronique et de surcharge en cortisol.<\/p>\n<p>Lorsque vous \u00eates soumis(e) \u00e0 une pression constante, vos glandes surr\u00e9nales inondent votre organisme de cortisol. Bien que cette hormone soit essentielle \u00e0 la survie, des niveaux de cortisol constamment \u00e9lev\u00e9s agissent comme une alarme qui ne s\u2019\u00e9teint jamais. Cela perturbe votre microbiote intestinal, ralentit votre m\u00e9tabolisme et d\u00e9clenche une inflammation syst\u00e9mique qui vous laisse ballonn\u00e9(e), irritable et vid\u00e9(e) de votre \u00e9nergie.<br \/>Un r\u00e9gime anti-inflammatoire est la solution ultime, et Le r\u00e9gime anti-inflammatoire pour la d\u00e9tox du cortisol et la sant\u00e9 intestinale est votre feuille de route pr\u00e9cise pour y parvenir. Ce guide est sp\u00e9cialement con\u00e7u pour r\u00e9pondre aux besoins biologiques de votre corps en s\u2019attaquant aux causes profondes de vos sympt\u00f4mes, plut\u00f4t que de simplement les masquer.<br \/>En mettant l\u2019accent sur des aliments riches en nutriments et en enzymes qui stabilisent votre chimie interne, vous allez :<br \/>Apaiser votre syst\u00e8me digestif : \u00e9liminer les d\u00e9clencheurs des ballonnements et des gaz tout en r\u00e9parant la muqueuse intestinale pour une meilleure absorption des nutriments.<br \/>\u00c9quilibrer vos hormones : utiliser des ingr\u00e9dients sp\u00e9cifiques \u00ab compatibles avec le cortisol \u00bb pour signaler \u00e0 votre cerveau qu\u2019il peut se d\u00e9tendre et lib\u00e9rer les graisses stock\u00e9es.<br \/>Raviver votre \u00e9nergie : remplacer les chutes li\u00e9es \u00e0 la caf\u00e9ine par une vitalit\u00e9 naturelle et durable, gr\u00e2ce \u00e0 une glyc\u00e9mie stable et \u00e0 une r\u00e9duction du stress cellulaire.<br \/>R\u00e9initialiser votre m\u00e9tabolisme : sortir votre corps du \u00ab mode survie \u00bb en diminuant les marqueurs inflammatoires qui freinent souvent la perte de poids.<br \/>\u00c0 l\u2019int\u00e9rieur, vous trouverez des recettes savoureuses et faciles \u00e0 pr\u00e9parer, con\u00e7ues pour r\u00e9duire les marqueurs de stress et nourrir votre microbiote. Des petits-d\u00e9jeuners r\u00e9parateurs aux d\u00eeners apaisants, chaque bouch\u00e9e est un pas intentionnel vers une version de vous plus calme, plus mince et plus \u00e9nergique.<br \/>Images vibrantes et de haute qualit\u00e9 : de magnifiques photos en couleur pour visualiser clairement votre parcours de gu\u00e9rison.<br \/>Un plan de repas complet sur 30 jours : \u00e9liminez toute h\u00e9sitation gr\u00e2ce \u00e0 une feuille de route structur\u00e9e sur un mois. Chaque journ\u00e9e est planifi\u00e9e pour vous, afin de vous apporter les bons nutriments au bon moment et de d\u00e9toxifier votre organisme tout en gu\u00e9rissant votre intestin, sans effort.<br \/>Faites d\u00e9filer vers le haut et cliquez sur \u00ab Acheter maintenant \u00bb pour commencer votre transformation avec Le r\u00e9gime anti-inflammatoire pour la d\u00e9tox du cortisol et la sant\u00e9 intestinale !    <br \/>ASIN                                            \u200f                                            :                                            \u200e                                                        B0GHPSNNFJ       <br \/> Publisher                                            \u200f                                            :                                            \u200e                                                        Independently published       <br \/> Publication date                                            \u200f                                            :                                            \u200e                                                        19 Jan. 2026       <br \/> Language                                            \u200f                                            :                                            \u200e                                            French   <br \/> Print length                                            \u200f                                            :                                            \u200e                                                        99 pages       <br \/> ISBN-13                                            \u200f                                            :                                            \u200e                                                        979-8244244533       <br \/> Item weight                                            \u200f                                            :                                            \u200e                                            204 g   <br \/> Dimensions                                            \u200f                                            :                                            \u200e                                                        15.24 x 0.58 x 22.86 cm       <br \/>       Best Sellers Rank:  186,483 in Books (See Top 100 in Books)    78 in Chronic Pain   85 in Purify &#038; Detox   187 in Weight Control Nutrition      <br \/><\/p>\n","protected":false},"excerpt":{"rendered":"<p> Boostez votre \u00e9nergie et soulagez la douleur gr\u00e2ce au r\u00e9gime anti-inflammatoireVous en avez assez de vous r\u00e9veiller \u00e9puis\u00e9(e), m\u00eame apr\u00e8s une nuit de sommeil compl\u00e8te ? Luttez-vous contre un \u00ab ventre de stress \u00bb qui ne dispara\u00eet pas, ou contre des troubles digestifs qui rendent chaque repas incertain ? Si [&hellip;]<\/p>\n","protected":false},"featured_media":28068,"comment_status":"open","ping_status":"closed","template":"","meta":{"_gspb_post_css":"","om_disable_all_campaigns":false,"_monsterinsights_skip_tracking":false,"_monsterinsights_sitenote_active":false,"_monsterinsights_sitenote_note":"","_monsterinsights_sitenote_category":0},"store":[],"product_brand":[],"product_cat":[154],"product_tag":[4408,494,890,437,6987,4410,6988,889,6989,1073,302,4409,4406,4407,4411,888,4803],"class_list":{"0":"post-28067","1":"product","2":"type-product","3":"status-publish","4":"has-post-thumbnail","6":"product_cat-sante-intestinale","7":"product_tag-antiinflammatoire","8":"product_tag-cortisol","9":"product_tag-detoxification","10":"product_tag-digestion","11":"product_tag-equilibrer","12":"product_tag-faciles","13":"product_tag-hormones","14":"product_tag-intestinale","15":"product_tag-lenergie","16":"product_tag-les","17":"product_tag-pour","18":"product_tag-rapides","19":"product_tag-recettes","20":"product_tag-regime","21":"product_tag-restaurer","22":"product_tag-sante","23":"product_tag-sommeil","25":"first","26":"instock","27":"shipping-taxable","28":"product-type-external"},"aioseo_notices":[],"jetpack_sharing_enabled":true,"_links":{"self":[{"href":"https:\/\/www.zolattitude.com\/index.php\/wp-json\/wp\/v2\/product\/28067","targetHints":{"allow":["GET"]}}],"collection":[{"href":"https:\/\/www.zolattitude.com\/index.php\/wp-json\/wp\/v2\/product"}],"about":[{"href":"https:\/\/www.zolattitude.com\/index.php\/wp-json\/wp\/v2\/types\/product"}],"replies":[{"embeddable":true,"href":"https:\/\/www.zolattitude.com\/index.php\/wp-json\/wp\/v2\/comments?post=28067"}],"wp:featuredmedia":[{"embeddable":true,"href":"https:\/\/www.zolattitude.com\/index.php\/wp-json\/wp\/v2\/media\/28068"}],"wp:attachment":[{"href":"https:\/\/www.zolattitude.com\/index.php\/wp-json\/wp\/v2\/media?parent=28067"}],"wp:term":[{"taxonomy":"store","embeddable":true,"href":"https:\/\/www.zolattitude.com\/index.php\/wp-json\/wp\/v2\/store?post=28067"},{"taxonomy":"product_brand","embeddable":true,"href":"https:\/\/www.zolattitude.com\/index.php\/wp-json\/wp\/v2\/product_brand?post=28067"},{"taxonomy":"product_cat","embeddable":true,"href":"https:\/\/www.zolattitude.com\/index.php\/wp-json\/wp\/v2\/product_cat?post=28067"},{"taxonomy":"product_tag","embeddable":true,"href":"https:\/\/www.zolattitude.com\/index.php\/wp-json\/wp\/v2\/product_tag?post=28067"}],"curies":[{"name":"wp","href":"https:\/\/api.w.org\/{rel}","templated":true}]}}