{"id":28069,"date":"2026-04-18T00:03:49","date_gmt":"2026-04-18T00:03:49","guid":{"rendered":"https:\/\/www.zolattitude.com\/index.php\/product\/bleu-marine-bretania-epsom-salt-garden-fertilizer-universal-ecological-2-5kg-fertilizer-vegetable-garden-nutrient-indoor-plants-yellow-leaves-tomatoes-lawn\/"},"modified":"2026-04-18T00:03:59","modified_gmt":"2026-04-18T00:03:59","slug":"bleu-marine-bretania-epsom-salt-garden-fertilizer-universal-ecological-2-5kg-fertilizer-vegetable-garden-nutrient-indoor-plants-yellow-leaves-tomatoes-lawn","status":"publish","type":"product","link":"https:\/\/www.zolattitude.com\/index.php\/product\/bleu-marine-bretania-epsom-salt-garden-fertilizer-universal-ecological-2-5kg-fertilizer-vegetable-garden-nutrient-indoor-plants-yellow-leaves-tomatoes-lawn\/","title":{"rendered":"bleu &#038; marine Bretania Epsom Salt Garden Fertilizer Universal Ecological 2.5kg Fertilizer Vegetable Garden Nutrient Indoor Plants, Yellow Leaves, Tomatoes, Lawn"},"content":{"rendered":"<p>Price: <span style=\"color:#b12704\">\u20ac20.40<\/span><br \/><i><small>(as of Apr 18, 2026 00:03:50 UTC &#8211; <span class=\"wp_automatic_amazon_disclaimer\" title=\"Product prices and availability are accurate as of the date\/time indicated and are subject to change. Any price and availability information displayed on [relevant Amazon Site(s), as applicable] at the time of purchase will apply to the purchase of this product.\">Details<\/span>)<\/small><\/i><br \/><a href=\"https:\/\/amazon.fr\/dp\/B07PZZF21D?tag=onamzmoukoubl-21\"><img decoding=\"async\" src=\"https:\/\/valvepress.s3.amazonaws.com\/imgs\/buy_now.png\"><\/a><br \/>\n<\/p>\n<p>                                             Product Description   <\/p>\n<p>                                                  <img decoding=\"async\" alt=\"bmb bleu&amp;amp;marine Bretania EPSOM SALT\" src=\"https:\/\/images-na.ssl-images-amazon.com\/images\/G\/01\/x-locale\/common\/grey-pixel.gif\" class=\"a-lazy-loaded\" data-src=\"https:\/\/m.media-amazon.com\/images\/S\/aplus-media-library-service-media\/6aa92e1f-63d2-4334-af28-470b2ec6a552.__CR0,0,970,300_PT0_SX970_V1___.jpg\"><img decoding=\"async\" alt=\"bmb bleu&amp;amp;marine Bretania EPSOM SALT\" src=\"https:\/\/m.media-amazon.com\/images\/S\/aplus-media-library-service-media\/6aa92e1f-63d2-4334-af28-470b2ec6a552.__CR0,0,970,300_PT0_SX970_V1___.jpg\">  <\/p>\n<p class=\"description\"> Originaire de la r\u00e9gion fran\u00e7aise de Bretagne, bleu &amp; marine est une marque de cosm\u00e9tiques forte de plus de 20 ans d&#8217;exp\u00e9rience, d&#8217;innovation et de d\u00e9veloppement dans le secteur de la beaut\u00e9 et des soins de la peau, dans le but d&#8217;offrir des solutions efficaces aux professionnels du secteur. <\/p>\n<p class=\"description\"> Nous combinons l&#8217;essence de la mer dans nos produits. Le collag\u00e8ne marin et les algues apportent les bio\u00e9l\u00e9ments essentiels dont notre peau a besoin, qui agissent comme un fil conducteur facilitant l&#8217;absorption du reste des nutriments. <\/p>\n<p class=\"description\"> Nous combinons nos actifs marins avec de l&#8217;Aloe Vera du d\u00e9sert espagnol, des huiles v\u00e9g\u00e9tales press\u00e9es \u00e0 froid, des extraits de plantes, des boues et des argiles afin d&#8217;obtenir les traitements les plus efficaces pour la beaut\u00e9 et la sant\u00e9. <\/p>\n<p>                                                  <img decoding=\"async\" alt=\"Engrais au sel d&amp;#39;Epsom\" src=\"https:\/\/images-na.ssl-images-amazon.com\/images\/G\/01\/x-locale\/common\/grey-pixel.gif\" class=\"a-lazy-loaded\" data-src=\"https:\/\/m.media-amazon.com\/images\/S\/aplus-media-library-service-media\/b54fad53-f16d-4696-9053-5cabbf72ac44.__CR0,0,970,300_PT0_SX970_V1___.jpg\"><img decoding=\"async\" alt=\"Engrais au sel d&amp;#39;Epsom\" src=\"https:\/\/m.media-amazon.com\/images\/S\/aplus-media-library-service-media\/b54fad53-f16d-4696-9053-5cabbf72ac44.__CR0,0,970,300_PT0_SX970_V1___.jpg\">  <\/p>\n<h3 class=\"a-spacing-small\"> CONVIENT POUR : <\/h3>\n<p class=\"apm-text-center\">\n                                                      <img decoding=\"async\" alt=\"Engrais au sel d&amp;#39;Epsom\" src=\"https:\/\/images-na.ssl-images-amazon.com\/images\/G\/01\/x-locale\/common\/grey-pixel.gif\" class=\"a-spacing-mini a-lazy-loaded\" data-src=\"https:\/\/m.media-amazon.com\/images\/S\/aplus-media-library-service-media\/e8dd8a8a-3d4d-4aca-9231-d6286eb4a85d.__CR0,0,300,300_PT0_SX300_V1___.jpg\"><\/p>\n<p><img decoding=\"async\" alt=\"Engrais au sel d&amp;#39;Epsom\" src=\"https:\/\/m.media-amazon.com\/images\/S\/aplus-media-library-service-media\/e8dd8a8a-3d4d-4aca-9231-d6286eb4a85d.__CR0,0,300,300_PT0_SX300_V1___.jpg\"><br \/>\n                                                    JUNGLE INT\u00c9RIEURE PRIV\u00c9E                                       <\/p>\n<p> Profitez de vos plantes \u00e0 la maison et prot\u00e9gez-les des parasites en leur fournissant tous les \u00e9l\u00e9ments nutritifs dont elles ont besoin pour se d\u00e9velopper de mani\u00e8re forte et saine.  Combat le fl\u00e9trissement et am\u00e9liore la couleur des plantes \u00e0 fleurs. <\/p>\n<p class=\"apm-text-center\">\n                                                      <img decoding=\"async\" alt=\"Engrais au sel d&amp;#39;Epsom\" src=\"https:\/\/images-na.ssl-images-amazon.com\/images\/G\/01\/x-locale\/common\/grey-pixel.gif\" class=\"a-spacing-mini a-lazy-loaded\" data-src=\"https:\/\/m.media-amazon.com\/images\/S\/aplus-media-library-service-media\/fcea2c10-e8d9-40d3-9933-40b6090bb7ab.__CR0,0,300,300_PT0_SX300_V1___.jpg\"><\/p>\n<p><img decoding=\"async\" alt=\"Engrais au sel d&amp;#39;Epsom\" src=\"https:\/\/m.media-amazon.com\/images\/S\/aplus-media-library-service-media\/fcea2c10-e8d9-40d3-9933-40b6090bb7ab.__CR0,0,300,300_PT0_SX300_V1___.jpg\"><br \/>\n                                                    TOUS LES TYPES DE CULTURES                                       <\/p>\n<p> Donnez \u00e0 vos cultures un coup de pouce suppl\u00e9mentaire avec notre engrais 100% naturel, il favorise la croissance et la germination des graines, offrant ainsi un meilleur rendement. <\/p>\n<p class=\"apm-text-center\">\n                                                      <img decoding=\"async\" alt=\"Engrais au sel d&amp;#39;Epsom\" src=\"https:\/\/images-na.ssl-images-amazon.com\/images\/G\/01\/x-locale\/common\/grey-pixel.gif\" class=\"a-spacing-mini a-lazy-loaded\" data-src=\"https:\/\/m.media-amazon.com\/images\/S\/aplus-media-library-service-media\/8b065fdf-5f64-4606-a4c8-96afcbd3dd35.__CR0,0,300,300_PT0_SX300_V1___.jpg\"><\/p>\n<p><img decoding=\"async\" alt=\"Engrais au sel d&amp;#39;Epsom\" src=\"https:\/\/m.media-amazon.com\/images\/S\/aplus-media-library-service-media\/8b065fdf-5f64-4606-a4c8-96afcbd3dd35.__CR0,0,300,300_PT0_SX300_V1___.jpg\"><br \/>\n                                                    JARDIN EXT\u00c9RIEUR                                       <\/p>\n<p> Avec cet engrais, votre jardin sera prot\u00e9g\u00e9, car c&#8217;est un traitement efficace pour lutter contre : la chlorose, les craquelures, la r\u00e9duction de la quantit\u00e9 de feuilles vertes, l&#8217;apparition de taches, la d\u00e9formation et la chute pr\u00e9matur\u00e9e des feuilles. <\/p>\n<p>                                                                             <img decoding=\"async\" alt=\"Engrais au sel d&amp;#39;Epsom\" src=\"https:\/\/images-na.ssl-images-amazon.com\/images\/G\/01\/x-locale\/common\/grey-pixel.gif\" class=\"a-spacing-base a-lazy-loaded\" data-src=\"https:\/\/m.media-amazon.com\/images\/S\/aplus-media-library-service-media\/9c7513f0-5e2b-4c51-966d-7d063fadf833.__CR0,0,970,600_PT0_SX970_V1___.jpg\"><img decoding=\"async\" alt=\"Engrais au sel d&amp;#39;Epsom\" src=\"https:\/\/m.media-amazon.com\/images\/S\/aplus-media-library-service-media\/9c7513f0-5e2b-4c51-966d-7d063fadf833.__CR0,0,970,600_PT0_SX970_V1___.jpg\">                                                                     <\/p>\n<p class=\"a-spacing-base\"> HAUTE SOLUBILIT\u00c9 Le sel d&#8217;Epsom Bleumarine Bretania peut \u00eatre facilement dilu\u00e9 dans l&#8217;eau et ensuite appliqu\u00e9 par pulv\u00e9risation. Il est facile \u00e0 utiliser et \u00e0 doser gr\u00e2ce \u00e0 sa cuill\u00e8re doseuse de 30 grammes.  USAGE UNIVERSEL Gr\u00e2ce \u00e0 sa formule min\u00e9rale unique, ce sel d&#8217;Epsom convient \u00e0 tous les types de cultures : p\u00e9rennes, transitoires ou en serre. Vergers, cultures, arbres fruitiers, jardins, plantes d&#8217;int\u00e9rieur et d&#8217;ext\u00e9rieur peuvent \u00e9galement profiter de ses multiples avantages. Il ne s&#8217;accumule pas dans le substrat lorsqu&#8217;il est utilis\u00e9, et peut donc \u00eatre utilis\u00e9 de mani\u00e8re s\u00fbre et efficace \u00e0 n&#8217;importe quel stade de la vie de la plante.  Comprend un godet doseur de 30 g.  Solution nutritive, engrais pour rosiers, plants de tomates, agrumes et autres arbres fruitiers. <\/p>\n<p class=\"a-spacing-base\"> Favorise et stimule la croissance des cultures, des jardins, des plantes d&#8217;ext\u00e9rieur et d&#8217;int\u00e9rieur. <\/p>\n<p>                                                  <img decoding=\"async\" alt=\"epsom salt fertilizante\" src=\"https:\/\/images-na.ssl-images-amazon.com\/images\/G\/01\/x-locale\/common\/grey-pixel.gif\" class=\"a-lazy-loaded\" data-src=\"https:\/\/m.media-amazon.com\/images\/S\/aplus-media-library-service-media\/b8e8405d-628c-4ece-bdcb-ce480ffcb7dd.__CR0,0,970,300_PT0_SX970_V1___.jpg\"><img decoding=\"async\" alt=\"epsom salt fertilizante\" src=\"https:\/\/m.media-amazon.com\/images\/S\/aplus-media-library-service-media\/b8e8405d-628c-4ece-bdcb-ce480ffcb7dd.__CR0,0,970,300_PT0_SX970_V1___.jpg\">  <\/p>\n<p>                         Add To Basket  <\/p>\n<p>                         Add To Basket  <\/p>\n<p>                         Add To Basket  <\/p>\n<p>                         Add To Basket  <\/p>\n<p>                         Add To Basket  <\/p>\n<p>                             Customer Reviews  <\/p>\n<p>                    4.1 out of 5 stars  56  <\/p>\n<p>                    4.3 out of 5 stars  252  <\/p>\n<p>                    4.6 out of 5 stars  204  <\/p>\n<p>                    4.4 out of 5 stars  164  <\/p>\n<p>                    4.3 out of 5 stars  68  <\/p>\n<p>                             Price  <\/p>\n<p>                                    \u20ac18.99\u20ac18.99                  \u20ac12.46\u20ac12.46                  \u20ac20.40\u20ac20.40                  \u20ac29.99\u20ac29.99                  \u20ac37.08\u20ac37.08           <\/p>\n<p>                             FORMAT<br \/>\n                                1,2 Kg               1,5 Kg               2,5 Kg               3,5 Kg               7 Kg           <\/p>\n<p>Purity (as MgSO4) 99.5%. Rich in magnesium, Epsom salt is a natural nutrient that gives a real boost to your plantations. It does wonders in the garden.<br \/>Prevents magnesium (Mg) deficiency &#8211; yellow leaves, fallen leaves, leaf blight and terminal flower rot. Suitable for all growing methods &#8211; hydroponics, DWC, potted plants, open ground. It is a natural nutrient that strengthens the roots and helps plants absorb chlorophyll and regenerate in a very short time. The seedlings are then stronger, more supplied, their leaves do not turn yellow and the fruits are larger.<br \/>In the vegetable garden, Epsom salt promotes germination. Sprinkle about a cup over an area of 10 m2 and then turn the soil over before sowing the seeds.<br \/>Epsom salt can be used as Foliary Fertilizer (sprinkling on leaves). Dilute a large teaspoon of salt in 1L of water and spray the mixture on the leaves of your green plants, about 1-2 times a month. They will be more vigorous and greener because salt activates photosynthesis.<br \/>The Green Lawn- Epsom salt is ideal for having a green lawn. To enjoy its benefits, apply 1.5 kg of Epsom salt on a plot of 25 m\u00b2. This treatment is preferably applied in the spring.<\/p>\n\n","protected":false},"excerpt":{"rendered":"<p> Product Description Originaire de la r\u00e9gion fran\u00e7aise de Bretagne, bleu &amp; marine est une marque de cosm\u00e9tiques forte de plus de 20 ans d&#8217;exp\u00e9rience, d&#8217;innovation et de d\u00e9veloppement dans le secteur de la beaut\u00e9 et des soins de la peau, dans le but d&#8217;offrir des solutions efficaces aux professionnels du [&hellip;]<\/p>\n","protected":false},"featured_media":28070,"comment_status":"open","ping_status":"closed","template":"","meta":{"_gspb_post_css":"","om_disable_all_campaigns":false,"_monsterinsights_skip_tracking":false,"_monsterinsights_sitenote_active":false,"_monsterinsights_sitenote_note":"","_monsterinsights_sitenote_category":0},"store":[],"product_brand":[],"product_cat":[152],"product_tag":[6993,6990,6991,3066,5949,6992,3687,1791,6995,377,167,2422,593,5464,6994,2614,197,360],"class_list":{"0":"post-28069","1":"product","2":"type-product","3":"status-publish","4":"has-post-thumbnail","6":"product_cat-magnesium-marin","7":"product_tag-2-5kg","8":"product_tag-bleu","9":"product_tag-bretania","10":"product_tag-ecological","11":"product_tag-epsom","12":"product_tag-fertilizer","13":"product_tag-garden","14":"product_tag-indoor","15":"product_tag-lawn","16":"product_tag-leaves","17":"product_tag-marine","18":"product_tag-nutrient","19":"product_tag-plants","20":"product_tag-salt","21":"product_tag-tomatoes","22":"product_tag-universal","23":"product_tag-vegetable","24":"product_tag-yellow","26":"first","27":"instock","28":"shipping-taxable","29":"product-type-external"},"aioseo_notices":[],"jetpack_sharing_enabled":true,"_links":{"self":[{"href":"https:\/\/www.zolattitude.com\/index.php\/wp-json\/wp\/v2\/product\/28069","targetHints":{"allow":["GET"]}}],"collection":[{"href":"https:\/\/www.zolattitude.com\/index.php\/wp-json\/wp\/v2\/product"}],"about":[{"href":"https:\/\/www.zolattitude.com\/index.php\/wp-json\/wp\/v2\/types\/product"}],"replies":[{"embeddable":true,"href":"https:\/\/www.zolattitude.com\/index.php\/wp-json\/wp\/v2\/comments?post=28069"}],"wp:featuredmedia":[{"embeddable":true,"href":"https:\/\/www.zolattitude.com\/index.php\/wp-json\/wp\/v2\/media\/28070"}],"wp:attachment":[{"href":"https:\/\/www.zolattitude.com\/index.php\/wp-json\/wp\/v2\/media?parent=28069"}],"wp:term":[{"taxonomy":"store","embeddable":true,"href":"https:\/\/www.zolattitude.com\/index.php\/wp-json\/wp\/v2\/store?post=28069"},{"taxonomy":"product_brand","embeddable":true,"href":"https:\/\/www.zolattitude.com\/index.php\/wp-json\/wp\/v2\/product_brand?post=28069"},{"taxonomy":"product_cat","embeddable":true,"href":"https:\/\/www.zolattitude.com\/index.php\/wp-json\/wp\/v2\/product_cat?post=28069"},{"taxonomy":"product_tag","embeddable":true,"href":"https:\/\/www.zolattitude.com\/index.php\/wp-json\/wp\/v2\/product_tag?post=28069"}],"curies":[{"name":"wp","href":"https:\/\/api.w.org\/{rel}","templated":true}]}}