{"id":28078,"date":"2026-04-18T00:14:51","date_gmt":"2026-04-18T00:14:51","guid":{"rendered":"https:\/\/www.zolattitude.com\/index.php\/product\/neck-massager-and-back-massager-portable-electric-relaxation-device-8-adjustable-programs-wireless-usb-rechargeable-for-neck-massage-at-gym-car-and-sleep\/"},"modified":"2026-04-18T00:15:07","modified_gmt":"2026-04-18T00:15:07","slug":"neck-massager-and-back-massager-portable-electric-relaxation-device-8-adjustable-programs-wireless-usb-rechargeable-for-neck-massage-at-gym-car-and-sleep","status":"publish","type":"product","link":"https:\/\/www.zolattitude.com\/index.php\/product\/neck-massager-and-back-massager-portable-electric-relaxation-device-8-adjustable-programs-wireless-usb-rechargeable-for-neck-massage-at-gym-car-and-sleep\/","title":{"rendered":"Neck Massager and Back Massager &#8211; Portable Electric Relaxation Device | 8 Adjustable Programs Wireless USB Rechargeable for Neck Massage at Gym, Car and Sleep"},"content":{"rendered":"<p>Price: <span style=\"color:#b12704\">\u20ac10.64<\/span><br \/><i><small>(as of Apr 18, 2026 00:14:52 UTC &#8211; <span class=\"wp_automatic_amazon_disclaimer\" title=\"Product prices and availability are accurate as of the date\/time indicated and are subject to change. Any price and availability information displayed on [relevant Amazon Site(s), as applicable] at the time of purchase will apply to the purchase of this product.\">Details<\/span>)<\/small><\/i><br \/><a href=\"https:\/\/amazon.fr\/dp\/B0FDCDB757?tag=onamzmoukoubl-21\"><img decoding=\"async\" src=\"https:\/\/valvepress.s3.amazonaws.com\/imgs\/buy_now.png\"><\/a><br \/>\n<\/p>\n<p>                                             Product Description   <\/p>\n<p>                                                  <img decoding=\"async\" alt=\"Adaptabilit\u00e9 quotidienne\" src=\"https:\/\/images-na.ssl-images-amazon.com\/images\/G\/01\/x-locale\/common\/grey-pixel.gif\" class=\"a-lazy-loaded\" data-src=\"https:\/\/m.media-amazon.com\/images\/S\/aplus-media-library-service-media\/fe81a272-306d-4ae7-b905-cde5d00c0f76.__CR0,0,1600,1600_PT0_SX300_V1___.jpg\"><img decoding=\"async\" alt=\"Adaptabilit\u00e9 quotidienne\" src=\"https:\/\/m.media-amazon.com\/images\/S\/aplus-media-library-service-media\/fe81a272-306d-4ae7-b905-cde5d00c0f76.__CR0,0,1600,1600_PT0_SX300_V1___.jpg\">  <\/p>\n<h3 class=\"a-spacing-mini\"> Adaptabilit\u00e9 quotidienne <\/h3>\n<p> La combinaison unique de modes multiples et de niveaux d&#8217;intensit\u00e9 personnalisables permet une utilisation adapt\u00e9e \u00e0 diff\u00e9rents moments de la journ\u00e9e (le sport, apr\u00e8s le travail ou pendant la d\u00e9tente) pour une relaxation cibl\u00e9e <\/p>\n<p>                                                  <img decoding=\"async\" alt=\"Fonctionnalit\u00e9s multit\u00e2ches\" src=\"https:\/\/images-na.ssl-images-amazon.com\/images\/G\/01\/x-locale\/common\/grey-pixel.gif\" class=\"a-spacing-mini a-lazy-loaded\" data-src=\"https:\/\/m.media-amazon.com\/images\/S\/aplus-media-library-service-media\/fe81a272-306d-4ae7-b905-cde5d00c0f76.__CR0,0,1600,1600_PT0_SX300_V1___.jpg\"><img decoding=\"async\" alt=\"Fonctionnalit\u00e9s multit\u00e2ches\" src=\"https:\/\/m.media-amazon.com\/images\/S\/aplus-media-library-service-media\/fe81a272-306d-4ae7-b905-cde5d00c0f76.__CR0,0,1600,1600_PT0_SX300_V1___.jpg\">  <\/p>\n<p> Soulagez les tensions profond\u00e9ment avec un masseur de cou sans fil innovant qui am\u00e9liore la relaxation. \u00c9quip\u00e9 de 8 modes et de r\u00e9glages ajustables, il offre un soutien polyvalent pour la r\u00e9cup\u00e9ration physique et un sommeil r\u00e9parateur. Son design rechargeable via USB le rend id\u00e9al pour les voyages, les exercices physiques ou une utilisation en voiture, apportant un confort spa o\u00f9 que vous soyez. <\/p>\n<p> Sp\u00e9cification: <\/p>\n<p> Mat\u00e9riel: ABS + cuir artificiel + gel <\/p>\n<p> Taille du produit: environ 13&#215;13 cm \/ 5.12&#215;5,12 pouces <\/p>\n<p> Capacit\u00e9 de la batterie: 180 mAh <\/p>\n<p> Tension \/ puissance: 3,7 V \/ 0,2W <\/p>\n<p> Temps de charge: environ 2 heures <\/p>\n<p> Autorisation de la batterie: environ 3 heures <\/p>\n<p> Liste des produits: <\/p>\n<p> 1 * masseur de cou <\/p>\n<p> 1 * C\u00e2ble USB <\/p>\n<p> 1 * Instruction <\/p>\n<p> Notes: <\/p>\n<p> En raison de diff\u00e9rents param\u00e8tres d&#8217;\u00e9clairage et d&#8217;\u00e9cran, la couleur du produit peut \u00eatre l\u00e9g\u00e8rement diff\u00e9rente de l&#8217;image. <\/p>\n<p> En raison de la diff\u00e9rence de mesure manuelle, veuillez permettre une diff\u00e9rence de taille de 1 \u00e0 3 cm. <\/p>\n<p class=\"apm-text-center\">\n                                                      <img decoding=\"async\" alt=\"Fonctionnalit\u00e9s multit\u00e2ches\" src=\"https:\/\/images-na.ssl-images-amazon.com\/images\/G\/01\/x-locale\/common\/grey-pixel.gif\" class=\"a-spacing-mini a-lazy-loaded\" data-src=\"https:\/\/m.media-amazon.com\/images\/S\/aplus-media-library-service-media\/9a939677-6675-42d3-9244-b313c1a8f2e1.__CR0,0,1600,1600_PT0_SX300_V1___.jpg\"><\/p>\n<p><img decoding=\"async\" alt=\"Fonctionnalit\u00e9s multit\u00e2ches\" src=\"https:\/\/m.media-amazon.com\/images\/S\/aplus-media-library-service-media\/9a939677-6675-42d3-9244-b313c1a8f2e1.__CR0,0,1600,1600_PT0_SX300_V1___.jpg\">  <\/p>\n<p class=\"apm-text-center\">\n                                                      <img decoding=\"async\" alt=\"Apaisement musculaire\" src=\"https:\/\/images-na.ssl-images-amazon.com\/images\/G\/01\/x-locale\/common\/grey-pixel.gif\" class=\"a-spacing-mini a-lazy-loaded\" data-src=\"https:\/\/m.media-amazon.com\/images\/S\/aplus-media-library-service-media\/12a45741-8bf7-4f86-a578-161468333c03.__CR0,0,1600,1600_PT0_SX300_V1___.jpg\"><\/p>\n<p><img decoding=\"async\" alt=\"Apaisement musculaire\" src=\"https:\/\/m.media-amazon.com\/images\/S\/aplus-media-library-service-media\/12a45741-8bf7-4f86-a578-161468333c03.__CR0,0,1600,1600_PT0_SX300_V1___.jpg\">  <\/p>\n<p class=\"apm-text-center\">\n                                                      <img decoding=\"async\" alt=\"Utilisation nomade\" src=\"https:\/\/images-na.ssl-images-amazon.com\/images\/G\/01\/x-locale\/common\/grey-pixel.gif\" class=\"a-spacing-mini a-lazy-loaded\" data-src=\"https:\/\/m.media-amazon.com\/images\/S\/aplus-media-library-service-media\/d0502d78-1b0a-4e70-a2ce-613f6e1044c3.__CR0,0,1600,1600_PT0_SX300_V1___.jpg\"><\/p>\n<p><img decoding=\"async\" alt=\"Utilisation nomade\" src=\"https:\/\/m.media-amazon.com\/images\/S\/aplus-media-library-service-media\/d0502d78-1b0a-4e70-a2ce-613f6e1044c3.__CR0,0,1600,1600_PT0_SX300_V1___.jpg\">  <\/p>\n<p> Product Dimensions                                            \u200f                                            :                                            \u200e                                            14.7 x 14.4 x 3.2 cm; 99.79 g   <br \/> Manufacturer                                            \u200f                                            :                                            \u200e                                            SVCEQZE   <br \/> ASIN                                            \u200f                                            :                                            \u200e                                            B0FDCDB757   <br \/> Item model number                                            \u200f                                            :                                            \u200e                                            US8IDJ59AD70EIGA   <br \/> Country of origin                                            \u200f                                            :                                            \u200e                                            China   <br \/>Application Flexibility: Built-in multi-zone technology allows switching between 8 therapeutic modes and 19 pressure levels to meet the specific needs of cervical, back and lumbar muscles accurately<br \/>Enhanced Mobility: Realistic massage method imitating manual therapeutic gestures, specially designed to reduce stiffness and promote natural muscle recovery<br \/>Compact and lightweight: Small size (18 x 15 x 6 cm) for discreet storage in a desk drawer or pocket. Silent mechanism (40dB). OEKO-TEX certified hypoallergenic coating.<br \/>Intuitive operation: Simplified one-button control for instant start-up, age-appropriate ergonomic design without complex adjustments &#8211; immediate operation from the first use with intuitive touch guidance<br \/>Wellness gift: An ingenious gift solution to show your tenderness, this ergonomic cervical massager effectively relieves cervical tension. Its low profile design allows for everyday use, making each use a tangible reminder of your affection on birthdays or family celebrations.<\/p>\n\n","protected":false},"excerpt":{"rendered":"<p> Product Description Adaptabilit\u00e9 quotidienne La combinaison unique de modes multiples et de niveaux d&#8217;intensit\u00e9 personnalisables permet une utilisation adapt\u00e9e \u00e0 diff\u00e9rents moments de la journ\u00e9e (le sport, apr\u00e8s le travail ou pendant la d\u00e9tente) pour une relaxation cibl\u00e9e Soulagez les tensions profond\u00e9ment avec un masseur de cou sans fil innovant [&hellip;]<\/p>\n","protected":false},"featured_media":28079,"comment_status":"open","ping_status":"closed","template":"","meta":{"_gspb_post_css":"","om_disable_all_campaigns":false,"_monsterinsights_skip_tracking":false,"_monsterinsights_sitenote_active":false,"_monsterinsights_sitenote_note":"","_monsterinsights_sitenote_category":0},"store":[],"product_brand":[],"product_cat":[151],"product_tag":[4512,7001,4622,6997,7000,2085,6996,2260,2316,6998,6126,288,405,5414,6999],"class_list":{"0":"post-28078","1":"product","2":"type-product","3":"status-publish","4":"has-post-thumbnail","6":"product_cat-sommeil-relaxation","7":"product_tag-adjustable","8":"product_tag-car","9":"product_tag-device","10":"product_tag-electric","11":"product_tag-gym","12":"product_tag-massage","13":"product_tag-massager","14":"product_tag-neck","15":"product_tag-portable","16":"product_tag-programs","17":"product_tag-rechargeable","18":"product_tag-relaxation","19":"product_tag-sleep","20":"product_tag-usb","21":"product_tag-wireless","23":"first","24":"instock","25":"shipping-taxable","26":"product-type-external"},"aioseo_notices":[],"jetpack_sharing_enabled":true,"_links":{"self":[{"href":"https:\/\/www.zolattitude.com\/index.php\/wp-json\/wp\/v2\/product\/28078","targetHints":{"allow":["GET"]}}],"collection":[{"href":"https:\/\/www.zolattitude.com\/index.php\/wp-json\/wp\/v2\/product"}],"about":[{"href":"https:\/\/www.zolattitude.com\/index.php\/wp-json\/wp\/v2\/types\/product"}],"replies":[{"embeddable":true,"href":"https:\/\/www.zolattitude.com\/index.php\/wp-json\/wp\/v2\/comments?post=28078"}],"wp:featuredmedia":[{"embeddable":true,"href":"https:\/\/www.zolattitude.com\/index.php\/wp-json\/wp\/v2\/media\/28079"}],"wp:attachment":[{"href":"https:\/\/www.zolattitude.com\/index.php\/wp-json\/wp\/v2\/media?parent=28078"}],"wp:term":[{"taxonomy":"store","embeddable":true,"href":"https:\/\/www.zolattitude.com\/index.php\/wp-json\/wp\/v2\/store?post=28078"},{"taxonomy":"product_brand","embeddable":true,"href":"https:\/\/www.zolattitude.com\/index.php\/wp-json\/wp\/v2\/product_brand?post=28078"},{"taxonomy":"product_cat","embeddable":true,"href":"https:\/\/www.zolattitude.com\/index.php\/wp-json\/wp\/v2\/product_cat?post=28078"},{"taxonomy":"product_tag","embeddable":true,"href":"https:\/\/www.zolattitude.com\/index.php\/wp-json\/wp\/v2\/product_tag?post=28078"}],"curies":[{"name":"wp","href":"https:\/\/api.w.org\/{rel}","templated":true}]}}