{"id":28089,"date":"2026-04-18T00:57:14","date_gmt":"2026-04-18T00:57:14","guid":{"rendered":"https:\/\/www.zolattitude.com\/index.php\/product\/unik-emotional-wellness-anxiety-stress-mood-supplement-ashwagandha-ksm-66-saffron-tryptophan-chrome-vitamin-b6-60-capsules-lab-unik-health-nutrition\/"},"modified":"2026-04-18T00:57:26","modified_gmt":"2026-04-18T00:57:26","slug":"unik-emotional-wellness-anxiety-stress-mood-supplement-ashwagandha-ksm-66-saffron-tryptophan-chrome-vitamin-b6-60-capsules-lab-unik-health-nutrition","status":"publish","type":"product","link":"https:\/\/www.zolattitude.com\/index.php\/product\/unik-emotional-wellness-anxiety-stress-mood-supplement-ashwagandha-ksm-66-saffron-tryptophan-chrome-vitamin-b6-60-capsules-lab-unik-health-nutrition\/","title":{"rendered":"Unik Emotional Wellness | Anxiety, Stress, Mood Supplement | Ashwagandha KSM-66 + Saffron + Tryptophan + Chrome Vitamin B6 | 60 Capsules | Lab Unik Health &#038; Nutrition"},"content":{"rendered":"<p>Price: <span style=\"color:#b12704\">\u20ac29.90<\/span><br \/><i><small>(as of Apr 18, 2026 00:57:14 UTC &#8211; <span class=\"wp_automatic_amazon_disclaimer\" title=\"Product prices and availability are accurate as of the date\/time indicated and are subject to change. Any price and availability information displayed on [relevant Amazon Site(s), as applicable] at the time of purchase will apply to the purchase of this product.\">Details<\/span>)<\/small><\/i><br \/><a href=\"https:\/\/amazon.fr\/dp\/B084WW347L?tag=onamzmoukoubl-21\"><img decoding=\"async\" src=\"https:\/\/valvepress.s3.amazonaws.com\/imgs\/buy_now.png\"><\/a><br \/>\n<\/p>\n<p>                                             Product Description   <\/p>\n<p>                                                            <img decoding=\"async\" alt=\"\" src=\"https:\/\/images-na.ssl-images-amazon.com\/images\/G\/01\/x-locale\/common\/grey-pixel.gif\" class=\"a-lazy-loaded\" data-src=\"https:\/\/m.media-amazon.com\/images\/S\/aplus-media\/boost\/EMC\/launchpad-logo._.png\"><img decoding=\"async\" alt=\"\" src=\"https:\/\/m.media-amazon.com\/images\/S\/aplus-media\/boost\/EMC\/launchpad-logo._.png\">       <\/p>\n<p>                                                                                                                 De la marque<br \/>\n                                                                                     <img decoding=\"async\" alt=\"Ingr\u00e9dients  Unik Health\" src=\"https:\/\/m.media-amazon.com\/images\/S\/aplus-media-library-service-media\/4c0f87b4-799d-4325-b535-e3b813527619.__CR0,7,1920,787_PT0_SX1464_V1___.jpg\">                                                    NOUS RAPPROCHONS LA SCIENCE ET LA NATURE                                         <\/p>\n<p class=\"aplus-p3\"> Le laboratoire Unik Health vous propose une gamme de compl\u00e9ments alimentaires et de nutricosm\u00e9tiques aux formules uniques qui allient science et nature pour vous transformer de l&#8217;int\u00e9rieur. <\/p>\n<p>                                                                                     <img decoding=\"async\" alt=\"Unik Bien-\u00eatre Emotionnel\" src=\"https:\/\/m.media-amazon.com\/images\/S\/aplus-media-library-service-media\/d1989a97-c3b8-42de-ae01-14230ebaccb5.__CR0,0,1464,600_PT0_SX1464_V1___.png\">                                                    BIEN-\u00caTRE EMOTIONNEL                                         <\/p>\n<p class=\"aplus-p3\"> Compl\u00e9ment alimentaire formul\u00e9 avec des ingr\u00e9dients naturels de haute qualit\u00e9, sp\u00e9cialement s\u00e9lectionn\u00e9s pour aider \u00e0 maintenir l&#8217;\u00e9quilibre \u00e9motionnel. <\/p>\n<p>                                                                                     <img decoding=\"async\" alt=\"Gamme Unik Health\" src=\"https:\/\/m.media-amazon.com\/images\/S\/aplus-media-library-service-media\/2e0835d0-5089-4a0c-a93a-47882fa83041.__CR0,0,1464,600_PT0_SX1464_V1___.png\">                                                    NOTRE GAMME                                          <\/p>\n<p class=\"aplus-p3\"> Beaut\u00e9, bien-\u00eatre \u00e9motionnel, sommeil, sant\u00e9, d\u00e9tox, \u00e9quilibre&#8230; <\/p>\n<p>                                                                                        <img decoding=\"async\" alt=\"mod\u00e8le avec les 3 produits de la gamme unik health\" src=\"https:\/\/m.media-amazon.com\/images\/S\/aplus-media-library-service-media\/36d2bb82-5e7b-45ea-abd3-0019679637e2.__CR0,0,1464,600_PT0_SX1464_V1___.png\">                                                    BIENVENUE \u00c0 VOTRE FUTUR MOI                                         <\/p>\n<p class=\"aplus-p3\"> &#8220;La fa\u00e7on dont vous vous sentez et dont vous vous voyez commence \u00e0 l&#8217;int\u00e9rieur de vous-m\u00eame&#8221; <\/p>\n<p class=\"aplus-p3\"> Formul\u00e9 pour optimiser votre corps, votre beaut\u00e9 et votre esprit <\/p>\n<h3 class=\"aplus-h1 aplus-module-1-heading a-text-bold\"> Bien-\u00eatre Emotionnel <\/h3>\n<p class=\"aplus-p2 aplus-module-1-description\"> Compl\u00e9ment alimentaire formul\u00e9 avec des ingr\u00e9dients naturels de haute qualit\u00e9, sp\u00e9cialement s\u00e9lectionn\u00e9s pour aider \u00e0 maintenir l&#8217;\u00e9quilibre \u00e9motionnel. <\/p>\n<p class=\"aplus-p2 aplus-module-1-description\"> Sa formule comprend de l&#8217;extrait sec d&#8217;Ashwagandha KSM-66 (Withania somnifera), de l&#8217;extrait sec de safran, du tryptophane, du picolinate de chrome et de la vitamine B6. <\/p>\n<p class=\"aplus-p2 aplus-module-1-description\"> Prendre 2 \u00e0 3 g\u00e9lules par jour selon les besoins, une p\u00e9riode minimale de 2 \u00e0 3 mois et r\u00e9p\u00e9ter ce sch\u00e9ma p\u00e9riodiquement si n\u00e9cessaire. Prendre de pr\u00e9f\u00e9rence au moment des repas. <\/p>\n<p>                                           <img decoding=\"async\" alt=\"UNIK BIEN-\u00caTRE \u00c9MOTIONNEL \" src=\"https:\/\/images-na.ssl-images-amazon.com\/images\/G\/01\/x-locale\/common\/grey-pixel.gif\" class=\"a-lazy-loaded\" data-src=\"https:\/\/m.media-amazon.com\/images\/S\/aplus-media-library-service-media\/f4ebf0b9-faba-43ef-b5a4-f16f2f0a5f72.__CR0,605,1202,902_PT0_SX800_V1___.jpg\"><img decoding=\"async\" alt=\"UNIK BIEN-\u00caTRE \u00c9MOTIONNEL \" src=\"https:\/\/m.media-amazon.com\/images\/S\/aplus-media-library-service-media\/f4ebf0b9-faba-43ef-b5a4-f16f2f0a5f72.__CR0,605,1202,902_PT0_SX800_V1___.jpg\">          <\/p>\n<p>The video showcases the product in use.The video guides you through product setup.The video compares multiple products.The video shows the product being unpacked.<\/p>\n<h3 class=\"aplus-h1 a-text-bold\"> Les indications <\/h3>\n<p><\/p>\n<p class=\"aplus-p2\">\n<p>Moins de stress et de nervosit\u00e9Am\u00e9liore les sympt\u00f4mes de la m\u00e9nopause : r\u00e9duit les bouff\u00e9es de chaleurIl am\u00e9liore la qualit\u00e9 du sommeilAm\u00e9liore la m\u00e9moire, la concentration et l&#8217;\u00e9nergie             <\/p>\n<p>                                                                                                                   Les ingr\u00e9dients de la formule<br \/>\n                                                                                     <img decoding=\"async\" alt=\"Ashwagandha KSM-66\" src=\"https:\/\/m.media-amazon.com\/images\/S\/aplus-media-library-service-media\/6a89cfbe-51f4-4a52-91ca-2f1500a2d77c.__CR0,176,1464,600_PT0_SX1464_V1___.png\">                                                    Ashwagandha KSM-66                                         <\/p>\n<p class=\"aplus-p3\"> Propri\u00e9t\u00e9s adaptog\u00e8nes aidant \u00e0 maintenir l&#8217;\u00e9quilibre \u00e9motionnel: r\u00e9duction du stress, am\u00e9lioration de la qualit\u00e9 du sommeil, relaxation et am\u00e9lioration de l&#8217;\u00e9nergie. KSM66 scientifiquement prouv\u00e9. <\/p>\n<p>                                                                                     <img decoding=\"async\" alt=\"Extrait de safran\" src=\"https:\/\/m.media-amazon.com\/images\/S\/aplus-media-library-service-media\/993f69b9-524c-4a77-81e9-d054d76e0c94.__CR0,220,1560,639_PT0_SX1464_V1___.png\">                                                    Extrait de safran                                         <\/p>\n<p class=\"aplus-p3\"> Augmente le taux de s\u00e9rotonine dans le cerveau en agissant sur l&#8217;humeur. Diminue l&#8217;app\u00e9tit et r\u00e9duit les envies de sucre entre les repas, ce qui contribue \u00e0 une perte de poids r\u00e9guli\u00e8re. <\/p>\n<p>                                                                                     <img decoding=\"async\" alt=\"L-tryptophane\" src=\"https:\/\/m.media-amazon.com\/images\/S\/aplus-media-library-service-media\/7739061d-396e-4e31-bb11-1c14672088fd.__CR0,772,3456,1416_PT0_SX1464_V1___.jpg\">                                                    L-tryptophane                                         <\/p>\n<p class=\"aplus-p3\"> Agit comme un pr\u00e9curseur de la s\u00e9rotonine, contribuant \u00e0 r\u00e9guler l&#8217;humeur, le stress et l&#8217;app\u00e9tit. <\/p>\n<p>                                                                                     <img decoding=\"async\" alt=\"Chrome\" src=\"https:\/\/m.media-amazon.com\/images\/S\/aplus-media-library-service-media\/be8b8973-9c5d-413a-924a-d2ff00c9778b.__CR0,893,6000,2459_PT0_SX1464_V1___.jpg\">                                                    Chrome                                         <\/p>\n<p class=\"aplus-p3\"> Contribue au m\u00e9tabolisme normal des macronutriments (graisses, glucides et prot\u00e9ines) et au maintien d&#8217;une glyc\u00e9mie normale. <\/p>\n<p>                                                                                     <img decoding=\"async\" alt=\"Vitamine B6\" src=\"https:\/\/m.media-amazon.com\/images\/S\/aplus-media-library-service-media\/3104d2e0-bd44-4f45-808b-063558f863cf.__CR0,647,5472,2243_PT0_SX1464_V1___.jpg\">                                                    Vitamine B6                                         <\/p>\n<p class=\"aplus-p3\"> Contribue au fonctionnement normal du syst\u00e8me nerveux et \u00e0 une fonction psychologique normale. R\u00e9duit la fatigue et aide \u00e0 r\u00e9guler l&#8217;activit\u00e9 hormonale. <\/p>\n<p class=\"aplus-description aplus-container-3 aplus-p1\"> Une \u00e9tude prospective, randomis\u00e9e, en double aveugle et contr\u00f4l\u00e9e par placebo sur la s\u00e9curit\u00e9 et l&#8217;efficacit\u00e9 d&#8217;un extrait \u00e0 haute concentration et \u00e0 spectre complet de racine d&#8217;Ashwagandha dans la r\u00e9duction du stress et de l&#8217;anxi\u00e9t\u00e9 chez les adultes. Indian Journal of Psychological Medicine, 2012. <\/p>\n<h3>\n<p class=\"aplus-question aplus-p1\"> Combien de g\u00e9lules dois-je prendre par jour ? <\/p>\n<\/h3>\n<p class=\"aplus-answer aplus-p2\"> Il est recommand\u00e9 de prendre 2 \u00e0 3 g\u00e9lules par jour, selon les besoins. <\/p>\n<h3>\n<p class=\"aplus-question aplus-p1\"> A quel moment de la journ\u00e9e est-il pr\u00e9f\u00e9rable de le prendre ? <\/p>\n<\/h3>\n<p class=\"aplus-answer aplus-p2\"> Il est recommand\u00e9 de prendre une g\u00e9lule le matin et l&#8217;autre l&#8217;apr\u00e8s-midi avant le d\u00eener. <\/p>\n<p class=\"aplus-answer aplus-p2\"> Si les g\u00e9lules sont prises ensemble, il est recommand\u00e9 de prendre une g\u00e9lule le matin et l&#8217;autre l&#8217;apr\u00e8s-midi avant le d\u00eener. <\/p>\n<h3>\n<p class=\"aplus-question aplus-p1\"> Combien de temps faut-il pour que le produit fasse effet ? <\/p>\n<\/h3>\n<p class=\"aplus-answer aplus-p2\"> Accompagn\u00e9e d&#8217;un mode de vie sain, la formule Unik Emotional Wellness, compos\u00e9e d&#8217;une combinaison d&#8217;ingr\u00e9dients naturels, peut commencer \u00e0 avoir un impact b\u00e9n\u00e9fique sur l&#8217;organisme en 2 \u00e0 3 semaines. Cet effet peut varier d&#8217;une personne \u00e0 l&#8217;autre. <\/p>\n<h3>\n<p class=\"aplus-question aplus-p1\"> Pendant combien de temps est-il recommand\u00e9 de prendre le produit ? <\/p>\n<\/h3>\n<p class=\"aplus-answer aplus-p2\"> Bien-\u00eatre Emotionnel est un produit que vous pouvez continuer \u00e0 prendre jusqu&#8217;\u00e0 ce que vous sentiez que vous avez retrouv\u00e9 votre \u00e9quilibre \u00e9motionnel. La dur\u00e9e minimale de prise recommand\u00e9e est de 3 mois. <\/p>\n<h3>\n<p class=\"aplus-question aplus-p1\"> Le produit a-t-il un go\u00fbt ou une odeur ? <\/p>\n<\/h3>\n<p class=\"aplus-answer aplus-p2\"> Le produit se pr\u00e9sente sous forme de g\u00e9lules et son go\u00fbt n&#8217;est donc pas perceptible. Cependant, comme il s&#8217;agit d&#8217;ingr\u00e9dients naturels, la combinaison du safran et de l&#8217;ashwagandha peut d\u00e9gager une l\u00e9g\u00e8re odeur caract\u00e9ristique \u00e0 l&#8217;ouverture du flacon <\/p>\n<h3 class=\"a-text-center aplus-heading aplus-h1 a-text-bold\"> Notre gamme <\/h3>\n<p class=\"aplus-p3 a-text-bold\"> Br\u00e8ve description <\/p>\n<p class=\"aplus-p3\"> Compl\u00e9ment alimentaire pour le bien-\u00eatre intime <\/p>\n<p class=\"aplus-p3 a-text-bold\"> Br\u00e8ve description <\/p>\n<p class=\"aplus-p3\"> Compl\u00e9ment alimentaire pour la beaut\u00e9 de la peau, des cheveux et des ongles <\/p>\n<p class=\"aplus-p3 a-text-bold\"> Br\u00e8ve description <\/p>\n<p class=\"aplus-p3\"> Combinaison d&#8217;extraits de plantes pour la d\u00e9toxication et la r\u00e9tention d&#8217;eau <\/p>\n<p class=\"aplus-p3 a-text-bold\"> Indications \/ Action <\/p>\n<p class=\"aplus-p3\"> S\u00e9cheresse, \u00e9nergie, am\u00e9lioration du d\u00e9sir et des relations <\/p>\n<p class=\"aplus-p3 a-text-bold\"> Indications \/ Action <\/p>\n<p class=\"aplus-p3\"> Retarde les signes du vieillissement, antirides, cheveux et ongles sains <\/p>\n<p class=\"aplus-p3 a-text-bold\"> Indications \/ Action <\/p>\n<p class=\"aplus-p3\"> D\u00e9toxification de l&#8217;organisme, action antioxydante, \u00e9limination des liquides <\/p>\n<p class=\"aplus-p3 a-text-bold\"> Principaux ingr\u00e9dients <\/p>\n<p class=\"aplus-p3\"> Argousier Omegia, Maca des Andes, Zinc, Vit B6, C, E <\/p>\n<p class=\"aplus-p3 a-text-bold\"> Principaux ingr\u00e9dients <\/p>\n<p class=\"aplus-p3\"> Collag\u00e8ne Verisol, acide hyaluronique, grenade, a\u00e7a\u00ed, biotine et vitamine C <\/p>\n<p class=\"aplus-p3 a-text-bold\"> Principaux ingr\u00e9dients <\/p>\n<p class=\"aplus-p3\"> Cactinea, artichaut, chardon-marie, p\u00e9pins de raisin, gingembre, th\u00e9 vert <\/p>\n<p class=\"aplus-p3 a-text-bold\"> Format <\/p>\n<p class=\"aplus-p3\"> Bo\u00eete de 28 sticks (poudre \u00e0 dissoudre dans le liquide) <\/p>\n<p class=\"aplus-p3 a-text-bold\"> Format <\/p>\n<p class=\"aplus-p3\"> Bo\u00eete de 30 sticks (poudre \u00e0 dissoudre dans le liquide) <\/p>\n<p class=\"aplus-p3 a-text-bold\"> Format <\/p>\n<p class=\"aplus-p3\"> Bo\u00eete de 20 sticks (poudre \u00e0 dissoudre dans le liquide) <\/p>\n<p class=\"aplus-p3 a-text-bold\"> Dose journali\u00e8re conseill\u00e9e <\/p>\n<p class=\"aplus-p3\"> Prendre 1 \u00e0 2 sticks\/jour pendant une p\u00e9riode minimale de 3 mois. <\/p>\n<p class=\"aplus-p3 a-text-bold\"> Dose journali\u00e8re conseill\u00e9e <\/p>\n<p class=\"aplus-p3\"> Prendre 1 stick par jour pendant une p\u00e9riode minimale de 3 mois. <\/p>\n<p class=\"aplus-p3 a-text-bold\"> Dose journali\u00e8re conseill\u00e9e <\/p>\n<p class=\"aplus-p3\"> Prendre 1 \u00e0 2 sticks\/jour pendant une p\u00e9riode minimale de 20 \u00e0 30 jours. <\/p>\n<p> Product Dimensions                                            \u200f                                            :                                            \u200e                                            4.9 x 4.9 x 9.3 cm; 60 g   <br \/> Manufacturer                                            \u200f                                            :                                            \u200e                                            UNIK   <br \/> ASIN                                            \u200f                                            :                                            \u200e                                            B084WW347L   <br \/> Item model number                                            \u200f                                            :                                            \u200e                                            196494.6   <br \/> Country of origin                                            \u200f                                            :                                            \u200e                                            Spain   <br \/>  Customer reviews:                                                                                            4.1               4.1 out of 5 stars                                  (173)                                              var dpAcrHasRegisteredArcLinkClickAction;                    P.when(&#8216;A&#8217;, &#8216;ready&#8217;).execute(function(A) {                        if (dpAcrHasRegisteredArcLinkClickAction !== true) {                            dpAcrHasRegisteredArcLinkClickAction = true;                            A.declarative(                                &#8216;acrLink-click-metrics&#8217;, &#8216;click&#8217;,                                { &#8220;allowLinkDefault&#8221;: true },                                function (event) {                                    if (window.ue) {                                        ue.count(&#8220;acrLinkClickCount&#8221;, (ue.count(&#8220;acrLinkClickCount&#8221;) || 0) + 1);                                    }                                }                            );                        }                    });                                             P.when(&#8216;A&#8217;, &#8216;cf&#8217;).execute(function(A) {                A.declarative(&#8216;acrStarsLink-click-metrics&#8217;, &#8216;click&#8217;, { &#8220;allowLinkDefault&#8221; : true },  function(event){                    if(window.ue) {                        ue.count(&#8220;acrStarsLinkWithPopoverClickCount&#8221;, (ue.count(&#8220;acrStarsLinkWithPopoverClickCount&#8221;) || 0) + 1);                    }                });            });                          <br \/>SUPERIOR QUALITY INGREDIENTS: Ashwagandha KSM-66, saffron extract, tryptophan, vitamin B6 and chromium. Unik Emotional Wellness Dietary Supplement.<br \/>BENEFITS: Its formula includes natural ingredients specially selected to help maintain emotional balance. STRESS, ANXIETY, MOOD, IRRITABILITY, INSOMNIA, FOOD SHRINKING ANXIETY, FATIGUE and SPRING ASTENIA. Ashwagandha has been shown to improve stress resistance, bring tranquility and energy in a natural way, helps improve the quality of sleep and relaxation.<br \/>RECOMMENDED DAILY DOSE: Take 2 to 3 capsules daily for a minimum period of 2 to 3 months, rest for one or two months and repeat this pattern if necessary. To achieve optimal results, it is essential to constantly adhere to the daily treatment regimen. This product should be considered as part of a general health plan, so it is recommended to combine it with a balanced diet and the practice of physical activity.<br \/>FORMAT: Case with bottle of 60 vegetable capsules. Net Weight: 1oz Easy to swallow capsule size. Suitable for vegetarians and vegans Made in Europe.<br \/>Unik Health &#038; Nutrition is a laboratory with a range of dietary supplements with unique and natural formulas to take care of health and prevent aging. Our products are manufactured with scientific rigor, high quality standards and incorporating the most innovative ingredients on the market. Our manufacturing meets the highest manufacturing standards, including Good Manufacturing Practices (GMP)<\/p>\n\n","protected":false},"excerpt":{"rendered":"<p> Product Description De la marque NOUS RAPPROCHONS LA SCIENCE ET LA NATURE Le laboratoire Unik Health vous propose une gamme de compl\u00e9ments alimentaires et de nutricosm\u00e9tiques aux formules uniques qui allient science et nature pour vous transformer de l&#8217;int\u00e9rieur. BIEN-\u00caTRE EMOTIONNEL Compl\u00e9ment alimentaire formul\u00e9 avec des ingr\u00e9dients naturels de haute [&hellip;]<\/p>\n","protected":false},"featured_media":28090,"comment_status":"open","ping_status":"closed","template":"","meta":{"_gspb_post_css":"","om_disable_all_campaigns":false,"_monsterinsights_skip_tracking":false,"_monsterinsights_sitenote_active":false,"_monsterinsights_sitenote_note":"","_monsterinsights_sitenote_category":0},"store":[],"product_brand":[],"product_cat":[150],"product_tag":[570,493,198,1234,1764,245,496,587,575,925,1225,278,200,1451,7002,178,250],"class_list":{"0":"post-28089","1":"product","2":"type-product","3":"status-publish","4":"has-post-thumbnail","6":"product_cat-anti-stress-adaptogenes","7":"product_tag-anxiety","8":"product_tag-ashwagandha","9":"product_tag-capsules","10":"product_tag-chrome","11":"product_tag-emotional","12":"product_tag-health","13":"product_tag-ksm66","14":"product_tag-lab","15":"product_tag-mood","16":"product_tag-nutrition","17":"product_tag-saffron","18":"product_tag-stress","19":"product_tag-supplement","20":"product_tag-tryptophan","21":"product_tag-unik","22":"product_tag-vitamin","23":"product_tag-wellness","25":"first","26":"instock","27":"shipping-taxable","28":"product-type-external"},"aioseo_notices":[],"jetpack_sharing_enabled":true,"_links":{"self":[{"href":"https:\/\/www.zolattitude.com\/index.php\/wp-json\/wp\/v2\/product\/28089","targetHints":{"allow":["GET"]}}],"collection":[{"href":"https:\/\/www.zolattitude.com\/index.php\/wp-json\/wp\/v2\/product"}],"about":[{"href":"https:\/\/www.zolattitude.com\/index.php\/wp-json\/wp\/v2\/types\/product"}],"replies":[{"embeddable":true,"href":"https:\/\/www.zolattitude.com\/index.php\/wp-json\/wp\/v2\/comments?post=28089"}],"wp:featuredmedia":[{"embeddable":true,"href":"https:\/\/www.zolattitude.com\/index.php\/wp-json\/wp\/v2\/media\/28090"}],"wp:attachment":[{"href":"https:\/\/www.zolattitude.com\/index.php\/wp-json\/wp\/v2\/media?parent=28089"}],"wp:term":[{"taxonomy":"store","embeddable":true,"href":"https:\/\/www.zolattitude.com\/index.php\/wp-json\/wp\/v2\/store?post=28089"},{"taxonomy":"product_brand","embeddable":true,"href":"https:\/\/www.zolattitude.com\/index.php\/wp-json\/wp\/v2\/product_brand?post=28089"},{"taxonomy":"product_cat","embeddable":true,"href":"https:\/\/www.zolattitude.com\/index.php\/wp-json\/wp\/v2\/product_cat?post=28089"},{"taxonomy":"product_tag","embeddable":true,"href":"https:\/\/www.zolattitude.com\/index.php\/wp-json\/wp\/v2\/product_tag?post=28089"}],"curies":[{"name":"wp","href":"https:\/\/api.w.org\/{rel}","templated":true}]}}