{"id":28109,"date":"2026-04-18T01:07:53","date_gmt":"2026-04-18T01:07:53","guid":{"rendered":"https:\/\/www.zolattitude.com\/index.php\/product\/biojoy-organic-turmeric-powder-1kg-ground-turmeric-root-curcuma-longa\/"},"modified":"2026-04-18T01:08:02","modified_gmt":"2026-04-18T01:08:02","slug":"biojoy-organic-turmeric-powder-1kg-ground-turmeric-root-curcuma-longa","status":"publish","type":"product","link":"https:\/\/www.zolattitude.com\/index.php\/product\/biojoy-organic-turmeric-powder-1kg-ground-turmeric-root-curcuma-longa\/","title":{"rendered":"Biojoy Organic Turmeric Powder (1kg), Ground Turmeric Root (Curcuma longa)"},"content":{"rendered":"<p>Price: <span style=\"color:#b12704\">\u20ac18.99<\/span><br \/><i><small>(as of Apr 18, 2026 01:07:53 UTC &#8211; <span class=\"wp_automatic_amazon_disclaimer\" title=\"Product prices and availability are accurate as of the date\/time indicated and are subject to change. Any price and availability information displayed on [relevant Amazon Site(s), as applicable] at the time of purchase will apply to the purchase of this product.\">Details<\/span>)<\/small><\/i><br \/><a href=\"https:\/\/amazon.fr\/dp\/B071NKZT7N?tag=onamzmoukoubl-21\"><img decoding=\"async\" src=\"https:\/\/valvepress.s3.amazonaws.com\/imgs\/buy_now.png\"><\/a><br \/>\n<\/p>\n<p>                                             Product Description   <\/p>\n<p>The video showcases the product in use.The video guides you through product setup.The video compares multiple products.The video shows the product being unpacked.<\/p>\n<p>                                                                <img decoding=\"async\" alt=\"\" src=\"https:\/\/images-na.ssl-images-amazon.com\/images\/G\/01\/x-locale\/common\/grey-pixel.gif\" class=\"a-lazy-loaded\" data-src=\"https:\/\/m.media-amazon.com\/images\/S\/aplus-media-library-service-media\/802fb81d-8c32-48f1-bb97-dea1e9fef5ab.__CR0,0,1464,600_PT0_SX1464_V1___.jpg\"><img decoding=\"async\" alt=\"\" src=\"https:\/\/m.media-amazon.com\/images\/S\/aplus-media-library-service-media\/802fb81d-8c32-48f1-bb97-dea1e9fef5ab.__CR0,0,1464,600_PT0_SX1464_V1___.jpg\">        <\/p>\n<p>                                                                                                       <img decoding=\"async\" alt=\"pimenter pip\u00e9rine late epice  turmeric powder cuisine visage pure racine finement moulue biologique\" src=\"https:\/\/images-na.ssl-images-amazon.com\/images\/G\/01\/x-locale\/common\/grey-pixel.gif\" class=\"a-lazy-loaded\" data-src=\"https:\/\/m.media-amazon.com\/images\/S\/aplus-media-library-service-media\/9e0a4fc4-802d-4f0b-8c08-bf67e2f2244f.__CR0,0,1464,600_PT0_SX1464_V1___.jpg\"><img decoding=\"async\" alt=\"pimenter pip\u00e9rine late epice  turmeric powder cuisine visage pure racine finement moulue biologique\" src=\"https:\/\/m.media-amazon.com\/images\/S\/aplus-media-library-service-media\/9e0a4fc4-802d-4f0b-8c08-bf67e2f2244f.__CR0,0,1464,600_PT0_SX1464_V1___.jpg\">                                               <\/p>\n<p>                                                                                                       <img decoding=\"async\" alt=\"test\u00e9 personnellement sans pesticide aliments qualit\u00e9 prime bio produits biologique\" src=\"https:\/\/images-na.ssl-images-amazon.com\/images\/G\/01\/x-locale\/common\/grey-pixel.gif\" class=\"a-lazy-loaded\" data-src=\"https:\/\/m.media-amazon.com\/images\/S\/aplus-media-library-service-media\/a514457a-4ab9-49a2-9955-6638355ba266.__CR0,0,1464,600_PT0_SX1464_V1___.jpg\"><img decoding=\"async\" alt=\"test\u00e9 personnellement sans pesticide aliments qualit\u00e9 prime bio produits biologique\" src=\"https:\/\/m.media-amazon.com\/images\/S\/aplus-media-library-service-media\/a514457a-4ab9-49a2-9955-6638355ba266.__CR0,0,1464,600_PT0_SX1464_V1___.jpg\">                                               <\/p>\n<p>                                                                <img decoding=\"async\" alt=\"\" src=\"https:\/\/images-na.ssl-images-amazon.com\/images\/G\/01\/x-locale\/common\/grey-pixel.gif\" class=\"a-lazy-loaded\" data-src=\"https:\/\/m.media-amazon.com\/images\/S\/aplus-media-library-service-media\/756e95ae-e0a9-40a7-9c91-140212560384.__CR0,0,1464,600_PT0_SX1464_V1___.jpg\"><img decoding=\"async\" alt=\"\" src=\"https:\/\/m.media-amazon.com\/images\/S\/aplus-media-library-service-media\/756e95ae-e0a9-40a7-9c91-140212560384.__CR0,0,1464,600_PT0_SX1464_V1___.jpg\">        <\/p>\n<h3>\n<p class=\"aplus-question aplus-p1\"> Que veut dire bio? <\/p>\n<\/h3>\n<p class=\"aplus-answer aplus-p2\"> La production biologique utilise des m\u00e9thodes agricoles qui ne nuisent pas \u00e0 l\u00b4environnement. Les aliments biologiques ne sont pas trait\u00e9s avec des pesticides et des engrais artificiels.  <\/p>\n<h3>\n<p class=\"aplus-question aplus-p1\"> Que signifie analys\u00e9 par un laboratoire allemand ind\u00e9pendant selon DIN EN ISO \/ IEC 17025 : 2005 ? <\/p>\n<\/h3>\n<p class=\"aplus-answer aplus-p2\"> Nos produits sont analys\u00e9s par un laboratoire allemand accr\u00e9dit\u00e9 qui respecte les exigences g\u00e9n\u00e9rales en mati\u00e8re de comp\u00e9tence technique, d\u00b4impartialit\u00e9 et de travail cons\u00e9quent. <\/p>\n<h3>\n<p class=\"aplus-question aplus-p1\"> Que signifie certifi\u00e9 selon ISO 22000:2018 ? <\/p>\n<\/h3>\n<p class=\"aplus-answer aplus-p2\"> ISO 22000:2018 garantit la s\u00e9curit\u00e9 et la qualit\u00e9 des aliments tout au long de la cha\u00eene d&#8217;approvisionnement &#8211; du producteur primaire au consommateur fin\u0430l. <\/p>\n<h3>\n<p class=\"aplus-question aplus-p1\"> Convient-il aux v\u00e9g\u00e9taliens et aux personnes qui suivent une alimentation \u00e9quilibr\u00e9e ? <\/p>\n<\/h3>\n<p class=\"aplus-answer aplus-p2\"> Nos produits ne contiennent pas d\u00b4ingr\u00e9dients d\u00b4origine animale et conviennent \u00e0 un r\u00e9gime v\u00e9g\u00e9talien complet et \u00e0 une alimentation \u00e9quilibr\u00e9e. <\/p>\n<p> Is discontinued by manufacturer                                            \u200f                                            :                                            \u200e                                            No   <br \/> Package Dimensions                                            \u200f                                            :                                            \u200e                                            29.3 x 19.9 x 7.3 cm; 1 kg   <br \/> Manufacturer                                            \u200f                                            :                                            \u200e                                            Biojoy   <br \/> ASIN                                            \u200f                                            :                                            \u200e                                            B071NKZT7N   <br \/> Manufacturer reference                                            \u200f                                            :                                            \u200e                                            Biojoy   <br \/> Country of origin                                            \u200f                                            :                                            \u200e                                            India   <br \/>  Customer reviews:                                                                                            4.6               4.6 out of 5 stars                                  (713)                                              var dpAcrHasRegisteredArcLinkClickAction;                    P.when(&#8216;A&#8217;, &#8216;ready&#8217;).execute(function(A) {                        if (dpAcrHasRegisteredArcLinkClickAction !== true) {                            dpAcrHasRegisteredArcLinkClickAction = true;                            A.declarative(                                &#8216;acrLink-click-metrics&#8217;, &#8216;click&#8217;,                                { &#8220;allowLinkDefault&#8221;: true },                                function (event) {                                    if (window.ue) {                                        ue.count(&#8220;acrLinkClickCount&#8221;, (ue.count(&#8220;acrLinkClickCount&#8221;) || 0) + 1);                                    }                                }                            );                        }                    });                                             P.when(&#8216;A&#8217;, &#8216;cf&#8217;).execute(function(A) {                A.declarative(&#8216;acrStarsLink-click-metrics&#8217;, &#8216;click&#8217;, { &#8220;allowLinkDefault&#8221; : true },  function(event){                    if(window.ue) {                        ue.count(&#8220;acrStarsLinkWithPopoverClickCount&#8221;, (ue.count(&#8220;acrStarsLinkWithPopoverClickCount&#8221;) || 0) + 1);                    }                });            });                          <br \/>\u27a4 TURMERIC POWDER B\u00cdO | Our natural turmeric powder is of premium quality. It is produced carefully from dried turmeric, without flavor enhancers and without other additions.<br \/>\u27a4 WHY? | Like ginger, turmeric-plant is also known as yellow root or saffron root. In the kitchen, the powder of intense and pungent color is clean, but it can be part of curry or other spice mixtures.<br \/>\u27a4 HOW? | Our organic turmeric powder can spice up dishes and is suitable with all curry meals, with poultry, soups and of course is the main ingredient of &#8220;golden milk&#8221;, the favorite mixture of turmeric and milk and also for the preparation of turmeric latte or pasta.<br \/>\u27a4 OUR PROPOSAL | Finely ground turmeric can be used as a classic condiment to flavor various dishes such as rice, chicken, soup and many other Oriental-exotic dishes.<br \/>\u27a4 SATISFACTION | We try to provide you with proven high quality turmeric powder quickly and reliably. Show us by your evaluation, if everything is in order and if you are satisfied with us. Thank you very much!<\/p>\n\n","protected":false},"excerpt":{"rendered":"<p> Product Description The video showcases the product in use.The video guides you through product setup.The video compares multiple products.The video shows the product being unpacked. Que veut dire bio? La production biologique utilise des m\u00e9thodes agricoles qui ne nuisent pas \u00e0 l\u00b4environnement. Les aliments biologiques ne sont pas trait\u00e9s avec [&hellip;]<\/p>\n","protected":false},"featured_media":28110,"comment_status":"open","ping_status":"closed","template":"","meta":{"_gspb_post_css":"","om_disable_all_campaigns":false,"_monsterinsights_skip_tracking":false,"_monsterinsights_sitenote_active":false,"_monsterinsights_sitenote_note":"","_monsterinsights_sitenote_category":0},"store":[],"product_brand":[],"product_cat":[147],"product_tag":[1115,1405,6313,1499,7009,238,214,359,935],"class_list":{"0":"post-28109","1":"product","2":"type-product","3":"status-publish","4":"has-post-thumbnail","6":"product_cat-racines-adaptogenes","7":"product_tag-1kg","8":"product_tag-biojoy","9":"product_tag-curcuma","10":"product_tag-ground","11":"product_tag-longa","12":"product_tag-organic","13":"product_tag-powder","14":"product_tag-root","15":"product_tag-turmeric","17":"first","18":"instock","19":"shipping-taxable","20":"product-type-external"},"aioseo_notices":[],"jetpack_sharing_enabled":true,"_links":{"self":[{"href":"https:\/\/www.zolattitude.com\/index.php\/wp-json\/wp\/v2\/product\/28109","targetHints":{"allow":["GET"]}}],"collection":[{"href":"https:\/\/www.zolattitude.com\/index.php\/wp-json\/wp\/v2\/product"}],"about":[{"href":"https:\/\/www.zolattitude.com\/index.php\/wp-json\/wp\/v2\/types\/product"}],"replies":[{"embeddable":true,"href":"https:\/\/www.zolattitude.com\/index.php\/wp-json\/wp\/v2\/comments?post=28109"}],"wp:featuredmedia":[{"embeddable":true,"href":"https:\/\/www.zolattitude.com\/index.php\/wp-json\/wp\/v2\/media\/28110"}],"wp:attachment":[{"href":"https:\/\/www.zolattitude.com\/index.php\/wp-json\/wp\/v2\/media?parent=28109"}],"wp:term":[{"taxonomy":"store","embeddable":true,"href":"https:\/\/www.zolattitude.com\/index.php\/wp-json\/wp\/v2\/store?post=28109"},{"taxonomy":"product_brand","embeddable":true,"href":"https:\/\/www.zolattitude.com\/index.php\/wp-json\/wp\/v2\/product_brand?post=28109"},{"taxonomy":"product_cat","embeddable":true,"href":"https:\/\/www.zolattitude.com\/index.php\/wp-json\/wp\/v2\/product_cat?post=28109"},{"taxonomy":"product_tag","embeddable":true,"href":"https:\/\/www.zolattitude.com\/index.php\/wp-json\/wp\/v2\/product_tag?post=28109"}],"curies":[{"name":"wp","href":"https:\/\/api.w.org\/{rel}","templated":true}]}}