{"id":28118,"date":"2026-04-18T01:21:03","date_gmt":"2026-04-18T01:21:03","guid":{"rendered":"https:\/\/www.zolattitude.com\/index.php\/product\/matcha-co-100-organic-matcha-tea-80g-ceremonial-grade-organic-green-tea-powder-from-japan\/"},"modified":"2026-04-18T01:21:08","modified_gmt":"2026-04-18T01:21:08","slug":"matcha-co-100-organic-matcha-tea-80g-ceremonial-grade-organic-green-tea-powder-from-japan","status":"publish","type":"product","link":"https:\/\/www.zolattitude.com\/index.php\/product\/matcha-co-100-organic-matcha-tea-80g-ceremonial-grade-organic-green-tea-powder-from-japan\/","title":{"rendered":"Matcha &#038; CO 100% Organic Matcha Tea 80g [Ceremonial Grade] Organic Green Tea Powder from Japan."},"content":{"rendered":"<p>Price: <span style=\"color:#b12704\">\u20ac19.95<\/span><br \/><i><small>(as of Apr 18, 2026 01:21:03 UTC &#8211; <span class=\"wp_automatic_amazon_disclaimer\" title=\"Product prices and availability are accurate as of the date\/time indicated and are subject to change. Any price and availability information displayed on [relevant Amazon Site(s), as applicable] at the time of purchase will apply to the purchase of this product.\">Details<\/span>)<\/small><\/i><br \/><a href=\"https:\/\/amazon.fr\/dp\/B08836HC41?tag=onamzmoukoubl-21\"><img decoding=\"async\" src=\"https:\/\/valvepress.s3.amazonaws.com\/imgs\/buy_now.png\"><\/a><br \/>\n<\/p>\n<p>                                             From the brand   <\/p>\n<p>                                              <img decoding=\"async\" alt=\"\" src=\"https:\/\/images-na.ssl-images-amazon.com\/images\/G\/01\/x-locale\/common\/grey-pixel.gif\" class=\"a-lazy-loaded\" data-src=\"https:\/\/m.media-amazon.com\/images\/S\/aplus-media-library-service-media\/0e5ea8da-801f-4b74-ad13-ca00ee1b4762.__CR0,406,5989,2557_PT0_SX1464_V1___.jpg\"><img decoding=\"async\" alt=\"\" src=\"https:\/\/m.media-amazon.com\/images\/S\/aplus-media-library-service-media\/0e5ea8da-801f-4b74-ad13-ca00ee1b4762.__CR0,406,5989,2557_PT0_SX1464_V1___.jpg\">  <\/p>\n<h3> Notre Histoire <\/h3>\n<p> Des produits au th\u00e9 matcha pour am\u00e9liorer votre bien-\u00eatre de l\u2019int\u00e9rieur. <\/p>\n<p>                                              <img decoding=\"async\" alt=\"\" src=\"https:\/\/images-na.ssl-images-amazon.com\/images\/G\/01\/x-locale\/common\/grey-pixel.gif\" class=\"a-lazy-loaded\" data-src=\"https:\/\/m.media-amazon.com\/images\/S\/aplus-media-library-service-media\/9cef32d5-e474-42ea-99be-fd3689462155.__CR0,0,315,145_PT0_SX315_V1___.png\"><img decoding=\"async\" alt=\"\" src=\"https:\/\/m.media-amazon.com\/images\/S\/aplus-media-library-service-media\/9cef32d5-e474-42ea-99be-fd3689462155.__CR0,0,315,145_PT0_SX315_V1___.png\">  <\/p>\n<p> Chez Matcha &amp; CO, nous sommes passionn\u00e9s par le matcha et c&#8217;est pourquoi notre objectif est de fournir un produit de la plus haute qualit\u00e9 100% naturel et \u00e9cologique. <\/p>\n<p> Nous voulons faire conna\u00eetre ce produit avec un pouvoir antioxydant \u00e9lev\u00e9 et de multiples avantages pour l&#8217;introduire dans la routine des gens et ainsi am\u00e9liorer leur qualit\u00e9 de vie, comme le matcha a am\u00e9lior\u00e9 la n\u00f4tre. <\/p>\n<p>                                                         Produits de haute qualit\u00e9                                       <\/p>\n<p> Nous travaillons avec des agriculteurs japonais qui cultivent et produisent du matcha depuis plus de cinq g\u00e9n\u00e9rations et qui ont adapt\u00e9 leurs plantations pour produire de mani\u00e8re \u00e9cologique et durable. <\/p>\n<p>                                                         Le th\u00e9 en poudre : une nouvelle fa\u00e7on de boire du th\u00e9                                       <\/p>\n<p> Contrairement au th\u00e9 infus\u00e9, lorsque vous buvez du th\u00e9 en poudre, vous \u00e9vitez de consommer des microplastiques et vous absorbez tous les nutriments et antioxydants contenus dans la feuille de th\u00e9 moulue. <\/p>\n<p>                                              <img decoding=\"async\" alt=\"\" src=\"https:\/\/images-na.ssl-images-amazon.com\/images\/G\/01\/x-locale\/common\/grey-pixel.gif\" class=\"a-lazy-loaded\" data-src=\"https:\/\/m.media-amazon.com\/images\/S\/aplus-media-library-service-media\/bd5f8cbc-bb71-4222-b218-396a46ac2ce2.__CR159,0,962,1204_PT0_SX362_V1___.jpg\"><img decoding=\"async\" alt=\"\" src=\"https:\/\/m.media-amazon.com\/images\/S\/aplus-media-library-service-media\/bd5f8cbc-bb71-4222-b218-396a46ac2ce2.__CR159,0,962,1204_PT0_SX362_V1___.jpg\">  <\/p>\n<h3> Produits 100% naturels <\/h3>\n<\/p>\n<p>Certificat biologiquePas de colorants ni de conservateurs.Sans gluten ni allerg\u00e8nes.     <\/p>\n<h3> D\u00e9couvrez nos produits <\/h3>\n<p class=\"apm-brand-story-stores-link\">\n<p> Product Dimensions                                            \u200f                                            :                                            \u200e                                            6 x 10 x 6 cm; 80 g   <br \/> Manufacturer                                            \u200f                                            :                                            \u200e                                            Matcha &#038; CO   <br \/> ASIN                                            \u200f                                            :                                            \u200e                                            B08836HC41   <br \/> Item model number                                            \u200f                                            :                                            \u200e                                            8437017961185   <br \/> Country of origin                                            \u200f                                            :                                            \u200e                                            Spain   <br \/> Department                                            \u200f                                            :                                            \u200e                                            Suitable for all ages   <br \/>  Customer reviews:                                                                                            4.4               4.4 out of 5 stars                                  (3,895)                                              var dpAcrHasRegisteredArcLinkClickAction;                    P.when(&#8216;A&#8217;, &#8216;ready&#8217;).execute(function(A) {                        if (dpAcrHasRegisteredArcLinkClickAction !== true) {                            dpAcrHasRegisteredArcLinkClickAction = true;                            A.declarative(                                &#8216;acrLink-click-metrics&#8217;, &#8216;click&#8217;,                                { &#8220;allowLinkDefault&#8221;: true },                                function (event) {                                    if (window.ue) {                                        ue.count(&#8220;acrLinkClickCount&#8221;, (ue.count(&#8220;acrLinkClickCount&#8221;) || 0) + 1);                                    }                                }                            );                        }                    });                                             P.when(&#8216;A&#8217;, &#8216;cf&#8217;).execute(function(A) {                A.declarative(&#8216;acrStarsLink-click-metrics&#8217;, &#8216;click&#8217;, { &#8220;allowLinkDefault&#8221; : true },  function(event){                    if(window.ue) {                        ue.count(&#8220;acrStarsLinkWithPopoverClickCount&#8221;, (ue.count(&#8220;acrStarsLinkWithPopoverClickCount&#8221;) || 0) + 1);                    }                });            });                          <br \/>100% Premium Organic Matcha Tea from Uji, Japan. A powerful antioxidant that provides energy, speeds up metabolism and helps control blood sugar levels. Free from dyes, preservatives and sugar.<br \/>With every dose of our premium organic ceremonial matcha tea, you improve your body&#8217;s brain function by getting more attention, concentration and a better mood. Can help with weight loss and help maintain a healthy weight, provided you eat a balanced diet and exercise.<br \/>Grown ecologically and sustainably in the tea fields of Uji, Kyoto, our matcha is made from the best green tea leaves. Harvested manually in spring and autumn, and ground in stone mills for best texture, aroma and taste of maximum purity.<br \/>For Matcha &#038; CO, quality and durability go hand in hand, all our products have an ecological certification. So we do not use pesticides, dyes or preservatives, the plants used for this matcha tea are not genetically modified (GMO). Packaging is 100% recyclable.<\/p>\n\n","protected":false},"excerpt":{"rendered":"<p> From the brand Notre Histoire Des produits au th\u00e9 matcha pour am\u00e9liorer votre bien-\u00eatre de l\u2019int\u00e9rieur. Chez Matcha &amp; CO, nous sommes passionn\u00e9s par le matcha et c&#8217;est pourquoi notre objectif est de fournir un produit de la plus haute qualit\u00e9 100% naturel et \u00e9cologique. Nous voulons faire conna\u00eetre ce [&hellip;]<\/p>\n","protected":false},"featured_media":28119,"comment_status":"open","ping_status":"closed","template":"","meta":{"_gspb_post_css":"","om_disable_all_campaigns":false,"_monsterinsights_skip_tracking":false,"_monsterinsights_sitenote_active":false,"_monsterinsights_sitenote_note":"","_monsterinsights_sitenote_category":0},"store":[],"product_brand":[],"product_cat":[146],"product_tag":[2627,3825,3791,826,3826,785,238,214,562],"class_list":{"0":"post-28118","1":"product","2":"type-product","3":"status-publish","4":"has-post-thumbnail","6":"product_cat-superaliments-verts","7":"product_tag-80g","8":"product_tag-ceremonial","9":"product_tag-grade","10":"product_tag-green","11":"product_tag-japan","12":"product_tag-matcha","13":"product_tag-organic","14":"product_tag-powder","15":"product_tag-tea","17":"first","18":"instock","19":"shipping-taxable","20":"product-type-external"},"aioseo_notices":[],"jetpack_sharing_enabled":true,"_links":{"self":[{"href":"https:\/\/www.zolattitude.com\/index.php\/wp-json\/wp\/v2\/product\/28118","targetHints":{"allow":["GET"]}}],"collection":[{"href":"https:\/\/www.zolattitude.com\/index.php\/wp-json\/wp\/v2\/product"}],"about":[{"href":"https:\/\/www.zolattitude.com\/index.php\/wp-json\/wp\/v2\/types\/product"}],"replies":[{"embeddable":true,"href":"https:\/\/www.zolattitude.com\/index.php\/wp-json\/wp\/v2\/comments?post=28118"}],"wp:featuredmedia":[{"embeddable":true,"href":"https:\/\/www.zolattitude.com\/index.php\/wp-json\/wp\/v2\/media\/28119"}],"wp:attachment":[{"href":"https:\/\/www.zolattitude.com\/index.php\/wp-json\/wp\/v2\/media?parent=28118"}],"wp:term":[{"taxonomy":"store","embeddable":true,"href":"https:\/\/www.zolattitude.com\/index.php\/wp-json\/wp\/v2\/store?post=28118"},{"taxonomy":"product_brand","embeddable":true,"href":"https:\/\/www.zolattitude.com\/index.php\/wp-json\/wp\/v2\/product_brand?post=28118"},{"taxonomy":"product_cat","embeddable":true,"href":"https:\/\/www.zolattitude.com\/index.php\/wp-json\/wp\/v2\/product_cat?post=28118"},{"taxonomy":"product_tag","embeddable":true,"href":"https:\/\/www.zolattitude.com\/index.php\/wp-json\/wp\/v2\/product_tag?post=28118"}],"curies":[{"name":"wp","href":"https:\/\/api.w.org\/{rel}","templated":true}]}}