{"id":28146,"date":"2026-04-18T22:11:14","date_gmt":"2026-04-18T22:11:14","guid":{"rendered":"https:\/\/www.zolattitude.com\/index.php\/product\/silettum-keratin-500-tablets-protects-structures-and-enhances-your-hair-for-over-stressed-and-aggressed-hair-laboratoire-jaldes\/"},"modified":"2026-04-18T22:11:18","modified_gmt":"2026-04-18T22:11:18","slug":"silettum-keratin-500-tablets-protects-structures-and-enhances-your-hair-for-over-stressed-and-aggressed-hair-laboratoire-jaldes","status":"publish","type":"product","link":"https:\/\/www.zolattitude.com\/index.php\/product\/silettum-keratin-500-tablets-protects-structures-and-enhances-your-hair-for-over-stressed-and-aggressed-hair-laboratoire-jaldes\/","title":{"rendered":"Silettum Keratin 500 Tablets | Protects, Structures and Enhances Your Hair | For Over-Stressed and Aggressed Hair | Laboratoire Jaldes"},"content":{"rendered":"<p>Price: <span style=\"color:#b12704\">\u20ac27.04<\/span><br \/><i><small>(as of Apr 18, 2026 22:11:14 UTC &#8211; <span class=\"wp_automatic_amazon_disclaimer\" title=\"Product prices and availability are accurate as of the date\/time indicated and are subject to change. Any price and availability information displayed on [relevant Amazon Site(s), as applicable] at the time of purchase will apply to the purchase of this product.\">Details<\/span>)<\/small><\/i><br \/><a href=\"https:\/\/amazon.fr\/dp\/B0DNZ4WN6Y?tag=onamzmoukoubl-21\"><img decoding=\"async\" src=\"https:\/\/valvepress.s3.amazonaws.com\/imgs\/buy_now.png\"><\/a><br \/>\n<\/p>\n<p>                                             Product Description   <\/p>\n<p>                                                         <img decoding=\"async\" alt=\"Logo Jaldes 2025\" src=\"https:\/\/images-na.ssl-images-amazon.com\/images\/G\/01\/x-locale\/common\/grey-pixel.gif\" class=\"a-lazy-loaded\" data-src=\"https:\/\/m.media-amazon.com\/images\/S\/aplus-media-library-service-media\/34a8b1b4-ba8a-4772-9f83-0c30cb78f9f0.__CR185,0,600,180_PT0_SX600_V1___.jpg\"><img decoding=\"async\" alt=\"Logo Jaldes 2025\" src=\"https:\/\/m.media-amazon.com\/images\/S\/aplus-media-library-service-media\/34a8b1b4-ba8a-4772-9f83-0c30cb78f9f0.__CR185,0,600,180_PT0_SX600_V1___.jpg\">      <\/p>\n<p>                                                                             <img decoding=\"async\" alt=\"A+ K500 HD (1)\" src=\"https:\/\/images-na.ssl-images-amazon.com\/images\/G\/01\/x-locale\/common\/grey-pixel.gif\" class=\"a-spacing-base a-lazy-loaded\" data-src=\"https:\/\/m.media-amazon.com\/images\/S\/aplus-media-library-service-media\/53b1c63a-722d-40ab-b69e-68c6af2f9de8.__CR0,0,970,600_PT0_SX970_V1___.jpg\"><img decoding=\"async\" alt=\"A+ K500 HD (1)\" src=\"https:\/\/m.media-amazon.com\/images\/S\/aplus-media-library-service-media\/53b1c63a-722d-40ab-b69e-68c6af2f9de8.__CR0,0,970,600_PT0_SX970_V1___.jpg\">                                                                    <\/p>\n<p>                                                                             <img decoding=\"async\" alt=\"slide3SK500 1\" src=\"https:\/\/images-na.ssl-images-amazon.com\/images\/G\/01\/x-locale\/common\/grey-pixel.gif\" class=\"a-spacing-base a-lazy-loaded\" data-src=\"https:\/\/m.media-amazon.com\/images\/S\/aplus-media-library-service-media\/dfba34bc-aa8a-4c96-8e98-7c611322bfae.__CR0,0,970,600_PT0_SX970_V1___.jpg\"><img decoding=\"async\" alt=\"slide3SK500 1\" src=\"https:\/\/m.media-amazon.com\/images\/S\/aplus-media-library-service-media\/dfba34bc-aa8a-4c96-8e98-7c611322bfae.__CR0,0,970,600_PT0_SX970_V1___.jpg\">                                                                    <\/p>\n<p>                                                                             <img decoding=\"async\" alt=\"A+ K500 HD (3)\" src=\"https:\/\/images-na.ssl-images-amazon.com\/images\/G\/01\/x-locale\/common\/grey-pixel.gif\" class=\"a-spacing-base a-lazy-loaded\" data-src=\"https:\/\/m.media-amazon.com\/images\/S\/aplus-media-library-service-media\/6212e2ba-b1e1-4755-8320-dcadcf6f4dac.__CR0,0,970,600_PT0_SX970_V1___.jpg\"><img decoding=\"async\" alt=\"A+ K500 HD (3)\" src=\"https:\/\/m.media-amazon.com\/images\/S\/aplus-media-library-service-media\/6212e2ba-b1e1-4755-8320-dcadcf6f4dac.__CR0,0,970,600_PT0_SX970_V1___.jpg\">                                                                    <\/p>\n<p>                                                  <img decoding=\"async\" alt=\"Gamme HD\" src=\"https:\/\/images-na.ssl-images-amazon.com\/images\/G\/01\/x-locale\/common\/grey-pixel.gif\" class=\"a-lazy-loaded\" data-src=\"https:\/\/m.media-amazon.com\/images\/S\/aplus-media-library-service-media\/512eb509-67ac-47d0-85d2-b0beacf9c882.__CR0,0,970,300_PT0_SX970_V1___.jpg\"><img decoding=\"async\" alt=\"Gamme HD\" src=\"https:\/\/m.media-amazon.com\/images\/S\/aplus-media-library-service-media\/512eb509-67ac-47d0-85d2-b0beacf9c882.__CR0,0,970,300_PT0_SX970_V1___.jpg\">  <\/p>\n<p>                         Add To Basket  <\/p>\n<p>                         Add To Basket  <\/p>\n<p>                         Add To Basket  <\/p>\n<p>                             Customer Reviews  <\/p>\n<p>                    4.0 out of 5 stars  21  <\/p>\n<p>                    4.6 out of 5 stars  47  <\/p>\n<p>                    4.2 out of 5 stars  4  <\/p>\n<p>                    4.1 out of 5 stars  41  <\/p>\n<p>                    4.2 out of 5 stars  61  <\/p>\n<p>                    5.0 out of 5 stars  1  <\/p>\n<p>                             Price  <\/p>\n<p>                                            \u2014 no data<br \/>\n                                                       \u20ac34.14\u20ac34.14                  \u20ac19.21\u20ac19.21<br \/>\n                                            \u2014 no data<\/p>\n<p>                                            \u2014 no data<br \/>\n                                                       \u20ac18.81\u20ac18.81        <\/p>\n<p>                             Adapt\u00e9 pour:<br \/>\n                                Cheveux et ongles fragilis\u00e9s et cassants (1)               Cheveux et ongles fragilis\u00e9s et cassants (1)               Cheveux abim\u00e9s et cassants               Cheveux clairsem\u00e9s et sans volume               Cheveux clairsem\u00e9s et sans volume               Cheveux clairsem\u00e9s et sans volume        <\/p>\n<p>                             Bienfaits:<br \/>\n                                Apporte r\u00e9sistance et brillance               Apporte r\u00e9sistance et brillance               Apporte force, brillance et souplesse               Pr\u00e9vient la chute de cheveux  3               Pr\u00e9vient la chute de cheveux  3               Freine la chute de cheveux et apporte du volume        <\/p>\n<p>                             Actifs cl\u00e9s:<br \/>\n                                Complexe d\u2019acides amin\u00e9s d&#8217;origine naturelle, Ortie, Roquette &amp; Zinc, Myrtille (2)               Complexe d\u2019acides amin\u00e9s d&#8217;origine naturelle, Ortie, Roquette &amp; Zinc, Myrtille (2)               K\u00e9ratine hydrolys\u00e9e, Algues brunes               Lithothamne, Capillaire de Montpellier, Prot\u00e9ines hydrolys\u00e9es de riz               Lithothamne, Capillaire de Montpellier, Prot\u00e9ines hydrolys\u00e9es de riz               K\u00e9ratine hydrolys\u00e9e, Pro vitamine B5        <\/p>\n<p>                                                                                                                                                                                                  Formule                                    Cellulose microcristalline ; Hydrolysat de k\u00e9ratine soluble (Cynatine) ; Maltodextrine ; Support : Amidon de ma\u00efs ; Bambou Bambusa bambos L. (poudre d&#8217;exsudat de tige) ; Anti-agglom\u00e9rant : Sels de magn\u00e9sium d&#8217;acides gras ; Citrate de zinc (Zinc) ;                                         Formule (Suite)                                    Enrobage [Hydroxypro- pylmethylcellulose, acide gras, cellulose microcristalline] ; Nicotinamide (Vitamine B3) ; S\u00e9l\u00e9nite de sodium (S\u00e9l\u00e9nium) ; Panthot\u00e9nate de calcium (Vitamine B5) ; Chol\u00e9calcif\u00e9rol (Vitamine D3) ; Chlorhydrate de pyridoxine (Vitamine B6) ; Biotine (Vitamine B8). Peut contenir des traces de sulfites.                                        Pr\u00e9cautions                                    Tenir hors de port\u00e9e des enfants. Ne pas d\u00e9passer la dose journali\u00e8re recommand\u00e9e. Ce compl\u00e9ment alimentaire ne se substitue pas \u00e0 une alimentation vari\u00e9e et \u00e9quilibr\u00e9e et \u00e0 un mode de vie sain. D\u00e9conseill\u00e9 aux femmes enceintes et allaitantes. R\u00e9serv\u00e9 \u00e0 l&#8217;adulte. \u00c0 conserver dans un endroit sec et \u00e0 l&#8217;abri de la lumi\u00e8re.                                        All\u00e9gations                                    (1). La capillaire de Montpellier aide \u00e0 pr\u00e9venir de la chute des cheveux (2). Un trio d&#8217;oligo-\u00e9lements essentiels : du Silicium issu du bambou, du zinc qui contribue \u00e0 la bonne synth\u00e8se des prot\u00e9ines comme la k\u00e9ratine et prot\u00e9ge les cellules du stress oxydatif et du s\u00e9l\u00e9nium pour maintenir les ongles en bonne sant\u00e9. (3). Les vitamines B dont la vitamine B8 (Biotine) pour maintenir les cheveux en bonne sant\u00e9                  <\/p>\n<p> Package Dimensions                                            \u200f                                            :                                            \u200e                                            12.5 x 7.5 x 2.7 cm; 50 g   <br \/> Manufacturer                                            \u200f                                            :                                            \u200e                                            Jaldes   <br \/> ASIN                                            \u200f                                            :                                            \u200e                                            B0DNZ4WN6Y   <br \/> Manufacturer reference                                            \u200f                                            :                                            \u200e                                            3770008157743   <br \/> Country of origin                                            \u200f                                            :                                            \u200e                                            France   <br \/>  Customer reviews:                                                                                            4.5               4.5 out of 5 stars                                  (9)                                              var dpAcrHasRegisteredArcLinkClickAction;                    P.when(&#8216;A&#8217;, &#8216;ready&#8217;).execute(function(A) {                        if (dpAcrHasRegisteredArcLinkClickAction !== true) {                            dpAcrHasRegisteredArcLinkClickAction = true;                            A.declarative(                                &#8216;acrLink-click-metrics&#8217;, &#8216;click&#8217;,                                { &#8220;allowLinkDefault&#8221;: true },                                function (event) {                                    if (window.ue) {                                        ue.count(&#8220;acrLinkClickCount&#8221;, (ue.count(&#8220;acrLinkClickCount&#8221;) || 0) + 1);                                    }                                }                            );                        }                    });                                             P.when(&#8216;A&#8217;, &#8216;cf&#8217;).execute(function(A) {                A.declarative(&#8216;acrStarsLink-click-metrics&#8217;, &#8216;click&#8217;, { &#8220;allowLinkDefault&#8221; : true },  function(event){                    if(window.ue) {                        ue.count(&#8220;acrStarsLinkWithPopoverClickCount&#8221;, (ue.count(&#8220;acrStarsLinkWithPopoverClickCount&#8221;) || 0) + 1);                    }                });            });                          <br \/>Strength &#038; protection: Silttum keratin 500 offers an expert formula to protect, structure and enhance your hair.<br \/>HAIR &#038; NAILS: An ideal formula to accompany sensitized, damaged and brittle hair and nails thanks to its synergy of active ingredients.<br \/>ACTIVES &#038; BENEFITS: Hydrolyzed keratin, vitamin B8, silicon, zinc and selenium help maintain hair and nails.<br \/>3 MONTH PROGRAM: For optimal results, taking 2 tablets daily for 3 months is recommended.<br \/>COMPLETE PROTOCOL: For anti-fall action, combine SILETTUM Expert tablets and SILETTUM expert serum. For external strengthening action, combine with SILETTUM fortifying shampoo.<\/p>\n\n","protected":false},"excerpt":{"rendered":"<p> Product Description Add To Basket Add To Basket Add To Basket Customer Reviews 4.0 out of 5 stars 21 4.6 out of 5 stars 47 4.2 out of 5 stars 4 4.1 out of 5 stars 41 4.2 out of 5 stars 61 5.0 out of 5 stars 1 Price [&hellip;]<\/p>\n","protected":false},"featured_media":28147,"comment_status":"open","ping_status":"closed","template":"","meta":{"_gspb_post_css":"","om_disable_all_campaigns":false,"_monsterinsights_skip_tracking":false,"_monsterinsights_sitenote_active":false,"_monsterinsights_sitenote_note":"","_monsterinsights_sitenote_category":0},"store":[],"product_brand":[],"product_cat":[139],"product_tag":[7028,7026,175,7029,171,2502,7027,1672,7024,7025,179],"class_list":{"0":"post-28146","1":"product","2":"type-product","3":"status-publish","4":"has-post-thumbnail","6":"product_cat-keratine-vitamine-e","7":"product_tag-aggressed","8":"product_tag-enhances","9":"product_tag-hair","10":"product_tag-jaldes","11":"product_tag-keratin","12":"product_tag-laboratoire","13":"product_tag-overstressed","14":"product_tag-protects","15":"product_tag-silettum","16":"product_tag-structures","17":"product_tag-tablets","19":"first","20":"instock","21":"shipping-taxable","22":"product-type-external"},"aioseo_notices":[],"jetpack_sharing_enabled":true,"_links":{"self":[{"href":"https:\/\/www.zolattitude.com\/index.php\/wp-json\/wp\/v2\/product\/28146","targetHints":{"allow":["GET"]}}],"collection":[{"href":"https:\/\/www.zolattitude.com\/index.php\/wp-json\/wp\/v2\/product"}],"about":[{"href":"https:\/\/www.zolattitude.com\/index.php\/wp-json\/wp\/v2\/types\/product"}],"replies":[{"embeddable":true,"href":"https:\/\/www.zolattitude.com\/index.php\/wp-json\/wp\/v2\/comments?post=28146"}],"wp:featuredmedia":[{"embeddable":true,"href":"https:\/\/www.zolattitude.com\/index.php\/wp-json\/wp\/v2\/media\/28147"}],"wp:attachment":[{"href":"https:\/\/www.zolattitude.com\/index.php\/wp-json\/wp\/v2\/media?parent=28146"}],"wp:term":[{"taxonomy":"store","embeddable":true,"href":"https:\/\/www.zolattitude.com\/index.php\/wp-json\/wp\/v2\/store?post=28146"},{"taxonomy":"product_brand","embeddable":true,"href":"https:\/\/www.zolattitude.com\/index.php\/wp-json\/wp\/v2\/product_brand?post=28146"},{"taxonomy":"product_cat","embeddable":true,"href":"https:\/\/www.zolattitude.com\/index.php\/wp-json\/wp\/v2\/product_cat?post=28146"},{"taxonomy":"product_tag","embeddable":true,"href":"https:\/\/www.zolattitude.com\/index.php\/wp-json\/wp\/v2\/product_tag?post=28146"}],"curies":[{"name":"wp","href":"https:\/\/api.w.org\/{rel}","templated":true}]}}