{"id":28152,"date":"2026-04-18T22:13:50","date_gmt":"2026-04-18T22:13:50","guid":{"rendered":"https:\/\/www.zolattitude.com\/index.php\/product\/powerful-laxative-against-constipation-detox-intestinal-liver-digestion-60-tablets-100-natural-made-in-france\/"},"modified":"2026-04-18T22:13:57","modified_gmt":"2026-04-18T22:13:57","slug":"powerful-laxative-against-constipation-detox-intestinal-liver-digestion-60-tablets-100-natural-made-in-france","status":"publish","type":"product","link":"https:\/\/www.zolattitude.com\/index.php\/product\/powerful-laxative-against-constipation-detox-intestinal-liver-digestion-60-tablets-100-natural-made-in-france\/","title":{"rendered":"Powerful Laxative Against Constipation \u2013 Detox Intestinal Liver \u2013 Digestion \u2013 60 Tablets 100% Natural Made in France"},"content":{"rendered":"<p>Price: <span style=\"color:#b12704\">\u20ac16.50<\/span><br \/><i><small>(as of Apr 18, 2026 22:13:50 UTC &#8211; <span class=\"wp_automatic_amazon_disclaimer\" title=\"Product prices and availability are accurate as of the date\/time indicated and are subject to change. Any price and availability information displayed on [relevant Amazon Site(s), as applicable] at the time of purchase will apply to the purchase of this product.\">Details<\/span>)<\/small><\/i><br \/><a href=\"https:\/\/amazon.fr\/dp\/B0BN241BW4?tag=onamzmoukoubl-21\"><img decoding=\"async\" src=\"https:\/\/valvepress.s3.amazonaws.com\/imgs\/buy_now.png\"><\/a><br \/>\n<\/p>\n<p>                                             Product Description   <\/p>\n<h3 class=\"a-spacing-mini\"> Laxatif contre la constipation, ramollit les selles, 100% naturel, 60 comprim\u00e9s v\u00e9gan, Nettoie, D\u00e9tox purifie le colon, ballonnements et gaz. <\/h3>\n<p>                                          <img decoding=\"async\" alt=\"aplus content image\" src=\"https:\/\/images-na.ssl-images-amazon.com\/images\/G\/01\/x-locale\/common\/grey-pixel.gif\" class=\"a-spacing-base a-lazy-loaded\" data-src=\"https:\/\/m.media-amazon.com\/images\/S\/aplus-media-library-service-media\/e1ecb0c7-0d9a-45c7-89f8-7fc406c14e39.__CR0,529,1200,742_PT0_SX970_V1___.jpg\"><img decoding=\"async\" alt=\"aplus content image\" src=\"https:\/\/m.media-amazon.com\/images\/S\/aplus-media-library-service-media\/e1ecb0c7-0d9a-45c7-89f8-7fc406c14e39.__CR0,529,1200,742_PT0_SX970_V1___.jpg\">                                         <\/p>\n<h3 class=\"a-spacing-mini\"> TRANSALAX est un compl\u00e9ment alimentaire v\u00e9gan qui agit comme un laxatif naturel efficace contre la constipation. <\/h3>\n<p class=\"a-spacing-base\"> VOUS AVEZ TOUT ESSAYE ! Les jus de pruneaux et les probiotiques ne vous conviennent plus ? Les infusions de th\u00e9 et les laxatifs puissants ne sont pas adapt\u00e9s \u00e0 votre probl\u00e8me de transit ? Transalax est la solution. <\/p>\n<p class=\"a-spacing-base\"> RAMOLLIT LES SELLES : Ces comprim\u00e9s constipation aident \u00e0 lib\u00e9rer le transit en ramollissant les selles. Pris avec un grand verre d\u2019eau, ce complexe stimule le colon et favorise un ventre plat en \u00e9vacuant les d\u00e9chets. <\/p>\n<p class=\"a-spacing-base\"> 10 INGREDIENTS ACTIFS : Cette synergie renferme 10 plantes ou ingr\u00e9dients nettoyants ou laxatifs pour lutter contre la paresse intestinale. L\u2019hydratation des selles permet ainsi une \u00e9vacuation en douceur. <\/p>\n<p class=\"a-spacing-base\"> Caract\u00e9ristiques des ingr\u00e9dients du Transalax : <\/p>\n<p class=\"a-spacing-base\"> Les fibres d\u2019acacia bio contribuent au r\u00e9\u00e9quilibrage de la flore intestinale et favorise ainsi l\u2019hydratation des selles. <\/p>\n<p class=\"a-spacing-base\"> L\u2019 ang\u00e9lique est reconnu pour faciliter la digestion. <\/p>\n<p class=\"a-spacing-base\"> Le fr\u00eane est utilis\u00e9 pour \u00e9vacuer les toxines de l\u2019organisme. <\/p>\n<p class=\"a-spacing-base\"> Le guggul est connu comme plante naturelle face aux troubles digestifs. <\/p>\n<p class=\"a-spacing-base\"> La carline a un effet diur\u00e9tique qui contribue \u00e0 \u00e9vacuer les toxines par la sueur. <\/p>\n<p class=\"a-spacing-base\"> Le fenouil favorise la digestion et limite les ballonnements. <\/p>\n<p class=\"a-spacing-base\"> Le gingembre aide au maintien d\u2019une bonne digestion. <\/p>\n<p class=\"a-spacing-base\"> L\u2019anis vert favorise la r\u00e9duction des flatulences et des ballonnements. <\/p>\n<p class=\"a-spacing-base\"> La val\u00e9riane contribue \u00e0 r\u00e9duire le stress et l\u2019anxi\u00e9t\u00e9 qui peut \u00eatre provoqu\u00e9 par une constipation s\u00e9v\u00e8re ou mod\u00e9r\u00e9e. <\/p>\n<h3 class=\"a-spacing-mini\"> Comprim\u00e9s constipation aident \u00e0 lib\u00e9rer le transit en ramollissant les selles. Stimule le colon et favorise un ventre plat en \u00e9vacuant les d\u00e9chets.  <\/h3>\n<p>                                          <img decoding=\"async\" alt=\"les bienfaits de la m\u00e9nopause et les bienfaits de la m\u00e9nopause\" src=\"https:\/\/images-na.ssl-images-amazon.com\/images\/G\/01\/x-locale\/common\/grey-pixel.gif\" class=\"a-spacing-base a-lazy-loaded\" data-src=\"https:\/\/m.media-amazon.com\/images\/S\/aplus-media-library-service-media\/87ba2e9a-6a9b-454e-a49b-0d3540199d96.__CR0,0,970,600_PT0_SX970_V1___.jpg\"><img decoding=\"async\" alt=\"les bienfaits de la m\u00e9nopause et les bienfaits de la m\u00e9nopause\" src=\"https:\/\/m.media-amazon.com\/images\/S\/aplus-media-library-service-media\/87ba2e9a-6a9b-454e-a49b-0d3540199d96.__CR0,0,970,600_PT0_SX970_V1___.jpg\">                                                                    <\/p>\n<p>                                                                             <img decoding=\"async\" alt=\"Sept bouteilles blanches de comprim\u00e9s de suppl\u00e9ments naturels sur fond vert avec du bambou et de l&amp;#39;eau. Chaque bouteille poss\u00e8de une \u00e9tiquette verte avec des noms de produits diff\u00e9rents.\" src=\"https:\/\/images-na.ssl-images-amazon.com\/images\/G\/01\/x-locale\/common\/grey-pixel.gif\" class=\"a-spacing-base a-lazy-loaded\" data-src=\"https:\/\/m.media-amazon.com\/images\/S\/aplus-media-library-service-media\/60f3a6fc-01a7-4570-b38f-0f9772e32ab0.__CR0,0,970,600_PT0_SX970_V1___.jpg\"><img decoding=\"async\" alt=\"Sept bouteilles blanches de comprim\u00e9s de suppl\u00e9ments naturels sur fond vert avec du bambou et de l&amp;#39;eau. Chaque bouteille poss\u00e8de une \u00e9tiquette verte avec des noms de produits diff\u00e9rents.\" src=\"https:\/\/m.media-amazon.com\/images\/S\/aplus-media-library-service-media\/60f3a6fc-01a7-4570-b38f-0f9772e32ab0.__CR0,0,970,600_PT0_SX970_V1___.jpg\">                                         <\/p>\n<h3 class=\"a-spacing-mini\"> F\u00e9minature, La Nature \u00e0 choisie sa Marque, Les femmes ont choisies F\u00e9minature. <\/h3>\n<p class=\"a-spacing-base\"> Calories Slim est \u00e0 base de guarana \u00e0 fort dosage. Il agit comme br\u00fbleur naturel gr\u00e2ce \u00e0 sa richesse en caf\u00e9ine. Ce compl\u00e9ment alimentaire minceur participe \u00e0 la d\u00e9pense organique en calories et favorise la perte de poids en compl\u00e9ment d\u2019une cure minceur contr\u00f4l\u00e9e. <\/p>\n<p class=\"a-spacing-base\"> Turbo Draineur est un compl\u00e9ment alimentaire d\u00e9puratif qui contribue \u00e0 \u00e9liminer l\u2019exc\u00e8s d\u2019eau dans l\u2019organisme. Il aide \u00e0 purifier l\u2019organisme en \u00e9vacuant les d\u00e9chets. Il contribue \u00e0 d\u00e9gonfler les parties du corps particuli\u00e8rement touch\u00e9s par la r\u00e9tention d\u2019eau (visage, jambes, bras). <\/p>\n<p class=\"a-spacing-base\"> Confort Digestif assure une meilleure sant\u00e9 et un bien-\u00eatre au quotidien. Ce compl\u00e9ment alimentaire digestion favorise l\u2019\u00e9vacuation des d\u00e9chets. Il contribue au fonctionnement normal du tractus intestinal. <\/p>\n<p class=\"a-spacing-base\"> Transalax est un laxatif v\u00e9gan qui ramollit les selles pour une \u00e9vacuation en douceur. Les jus de pruneaux et les probiotiques ne vous conviennent plus ? Les infusions de th\u00e9 et les laxatifs puissants ne sont pas adapt\u00e9s \u00e0 votre probl\u00e8me de transit ? Transalax est la solution. <\/p>\n<p class=\"a-spacing-base\"> Collag\u00e8ne Marin et Vitamines est un hydrolysat d\u2019origine marine, \u00e0 faible poids mol\u00e9culaire, qui vise \u00e0 apporter de la coh\u00e9sion et de la r\u00e9sistance aux tissus cutan\u00e9s et conjonctifs de l\u2019organisme, dans le but d\u2019att\u00e9nuer les effets du vieillissement. <\/p>\n<p class=\"a-spacing-base\"> Nettoyage du Colon contribue \u00e0 r\u00e9guler les selles et participe \u00e0 diminuer les inconforts de la digestion comme les gaz intestinaux et les ballonnements. <\/p>\n<p class=\"a-spacing-base\"> Ventre Plat Vos rondeurs du ventre ne partiront pas en un clin d\u2019\u0153il et avouez qu\u2019elles ne sont pas venues d\u2019un seul coup. Ce compl\u00e9ment alimentaire ventre plat contient tous les ingr\u00e9dients pour vous aider \u00e0 d\u00e9gonfler le ventre, il n\u2019en manque qu\u2019un seul ; Votre volont\u00e9. Si vous consentez aux efforts n\u00e9cessaires (gainage, abdominaux et alimentation saine) vous avez trouv\u00e9 le compl\u00e9ment minceur que vous cherchez depuis toujours. <\/p>\n<p>                                                  <img decoding=\"async\" alt=\"Le texte se lit comme suit : \u00ab Image 1 \u00bb. Plans horizontaux multiples d&amp;#39;une sc\u00e8ne de repas festif avec des lanternes rouges, des tentures murales d\u00e9coratives et des d\u00e9corations des f\u00eates. Groupe d\u00e9gustant un repas \u00e0 table.\" src=\"https:\/\/images-na.ssl-images-amazon.com\/images\/G\/01\/x-locale\/common\/grey-pixel.gif\" class=\"a-lazy-loaded\" data-src=\"https:\/\/m.media-amazon.com\/images\/S\/aplus-media-library-service-media\/2e25f10d-7b38-4474-b04c-37e79b100fc9.__CR0,0,300,300_PT0_SX300_V1___.jpg\"><img decoding=\"async\" alt=\"Le texte se lit comme suit : \u00ab Image 1 \u00bb. Plans horizontaux multiples d&amp;#39;une sc\u00e8ne de repas festif avec des lanternes rouges, des tentures murales d\u00e9coratives et des d\u00e9corations des f\u00eates. Groupe d\u00e9gustant un repas \u00e0 table.\" src=\"https:\/\/m.media-amazon.com\/images\/S\/aplus-media-library-service-media\/2e25f10d-7b38-4474-b04c-37e79b100fc9.__CR0,0,300,300_PT0_SX300_V1___.jpg\">  <\/p>\n<h3 class=\"a-spacing-mini\"> La solution naturelle et douce pour un transit r\u00e9gulier et un bien-\u00eatre retrouv\u00e9. <\/h3>\n<p> UNE FORMULE NATURELLE ET RESPECTUEUSE <\/p>\n<p> TRANSALAX a \u00e9t\u00e9 d\u00e9velopp\u00e9 avec une s\u00e9lection d&#8217;actifs reconnus pour leur action douce et efficace : <\/p>\n<p> Aide \u00e0 r\u00e9activer en douceur le mouvement naturel de l&#8217;intestin, sans agresser. <\/p>\n<p> Contribue \u00e0 augmenter le volume des selles et \u00e0 faciliter leur \u00e9limination. <\/p>\n<p> Favorise le confort digestif g\u00e9n\u00e9ral et r\u00e9duit les sensations de ballonnements comprenons \u00e0 quel point un transit ralenti peut impacter votre \u00e9nergie et votre humeur. Vous m\u00e9ritez de vous sentir l\u00e9ger(\u00e8re) et bien. <\/p>\n<p> FAITES LE CHOIX DE LA CONFIANCE <\/p>\n<\/p>\n<p>Test\u00e9 et Approuv\u00e9 : Des milliers d&#8217;utilisateurs satisfaits ont retrouv\u00e9 le plaisir d&#8217;un ventre l\u00e9ger.Qualit\u00e9 Fran\u00e7aise : Fabrication et contr\u00f4les effectu\u00e9s selon les normes les plus strictes.Facile \u00e0 Prendre : Dosage simple et format pratique pour une int\u00e9gration facile \u00e0 votre routine.      <\/p>\n<p> N&#8217;attendez plus. Retrouvez votre confort intestinal avec TRANSALAX ! <\/p>\n<p> Is discontinued by manufacturer                                            \u200f                                            :                                            \u200e                                            No   <br \/> Product Dimensions                                            \u200f                                            :                                            \u200e                                            4 x 4 x 7 cm; 28 g   <br \/> Manufacturer                                            \u200f                                            :                                            \u200e                                            Exceldiet Pharma   <br \/> ASIN                                            \u200f                                            :                                            \u200e                                            B0BN241BW4   <br \/> Item model number                                            \u200f                                            :                                            \u200e                                            TRANSALAX   <br \/> Country of origin                                            \u200f                                            :                                            \u200e                                            France   <br \/>  Customer reviews:                                                                                            4.0               4.0 out of 5 stars                                  (194)                                              var dpAcrHasRegisteredArcLinkClickAction;                    P.when(&#8216;A&#8217;, &#8216;ready&#8217;).execute(function(A) {                        if (dpAcrHasRegisteredArcLinkClickAction !== true) {                            dpAcrHasRegisteredArcLinkClickAction = true;                            A.declarative(                                &#8216;acrLink-click-metrics&#8217;, &#8216;click&#8217;,                                { &#8220;allowLinkDefault&#8221;: true },                                function (event) {                                    if (window.ue) {                                        ue.count(&#8220;acrLinkClickCount&#8221;, (ue.count(&#8220;acrLinkClickCount&#8221;) || 0) + 1);                                    }                                }                            );                        }                    });                                             P.when(&#8216;A&#8217;, &#8216;cf&#8217;).execute(function(A) {                A.declarative(&#8216;acrStarsLink-click-metrics&#8217;, &#8216;click&#8217;, { &#8220;allowLinkDefault&#8221; : true },  function(event){                    if(window.ue) {                        ue.count(&#8220;acrStarsLinkWithPopoverClickCount&#8221;, (ue.count(&#8220;acrStarsLinkWithPopoverClickCount&#8221;) || 0) + 1);                    }                });            });                          <br \/>REMOLLIT THE SADDLES: These constipation tablets help to release transit by softening the stool. Taken with a large glass of water, this complex stimulates the colon and promotes a flat stomach by evacuating waste.<br \/>10 ACTIVE INGREDIENTS: This synergy contains 10 cleansing or laxative plants or ingredients to combat intestinal laziness. Hydration of the stool thus allows a gentle evacuation.<br \/>FOR ALL DIETS: These tablets are vegan and suitable for any kind of diet. Their size has been adapted for easy grip. They act quickly but smoothly for gradual adaptation.<br \/>30 DAYS OF TAKE: 2 tablets in the evening at bedtime with a large glass of water for a trip to the toilet in the morning. The effectiveness of Transalax can work a day or a week depending on the person<br \/>CONSULT OUR RANGE of vegan tablets, you will find natural dietary supplements to relieve constipation, Replace irritating laxatives, Improve digestive comfort, Contribute to weight loss, Eliminate toxins, Drain excess water or cleanse the colon. 100% vegan products.<\/p>\n\n","protected":false},"excerpt":{"rendered":"<p> Product Description Laxatif contre la constipation, ramollit les selles, 100% naturel, 60 comprim\u00e9s v\u00e9gan, Nettoie, D\u00e9tox purifie le colon, ballonnements et gaz. TRANSALAX est un compl\u00e9ment alimentaire v\u00e9gan qui agit comme un laxatif naturel efficace contre la constipation. VOUS AVEZ TOUT ESSAYE ! Les jus de pruneaux et les probiotiques [&hellip;]<\/p>\n","protected":false},"featured_media":28153,"comment_status":"open","ping_status":"closed","template":"","meta":{"_gspb_post_css":"","om_disable_all_campaigns":false,"_monsterinsights_skip_tracking":false,"_monsterinsights_sitenote_active":false,"_monsterinsights_sitenote_note":"","_monsterinsights_sitenote_category":0},"store":[],"product_brand":[],"product_cat":[138],"product_tag":[1681,442,437,201,434,1682,448,260,990,179],"class_list":{"0":"post-28152","1":"product","2":"type-product","3":"status-publish","4":"has-post-thumbnail","6":"product_cat-acide-hyaluronique-msm","7":"product_tag-constipation","8":"product_tag-detox","9":"product_tag-digestion","10":"product_tag-france","11":"product_tag-intestinal","12":"product_tag-laxative","13":"product_tag-liver","14":"product_tag-natural","15":"product_tag-powerful","16":"product_tag-tablets","18":"first","19":"instock","20":"shipping-taxable","21":"product-type-external"},"aioseo_notices":[],"jetpack_sharing_enabled":true,"_links":{"self":[{"href":"https:\/\/www.zolattitude.com\/index.php\/wp-json\/wp\/v2\/product\/28152","targetHints":{"allow":["GET"]}}],"collection":[{"href":"https:\/\/www.zolattitude.com\/index.php\/wp-json\/wp\/v2\/product"}],"about":[{"href":"https:\/\/www.zolattitude.com\/index.php\/wp-json\/wp\/v2\/types\/product"}],"replies":[{"embeddable":true,"href":"https:\/\/www.zolattitude.com\/index.php\/wp-json\/wp\/v2\/comments?post=28152"}],"wp:featuredmedia":[{"embeddable":true,"href":"https:\/\/www.zolattitude.com\/index.php\/wp-json\/wp\/v2\/media\/28153"}],"wp:attachment":[{"href":"https:\/\/www.zolattitude.com\/index.php\/wp-json\/wp\/v2\/media?parent=28152"}],"wp:term":[{"taxonomy":"store","embeddable":true,"href":"https:\/\/www.zolattitude.com\/index.php\/wp-json\/wp\/v2\/store?post=28152"},{"taxonomy":"product_brand","embeddable":true,"href":"https:\/\/www.zolattitude.com\/index.php\/wp-json\/wp\/v2\/product_brand?post=28152"},{"taxonomy":"product_cat","embeddable":true,"href":"https:\/\/www.zolattitude.com\/index.php\/wp-json\/wp\/v2\/product_cat?post=28152"},{"taxonomy":"product_tag","embeddable":true,"href":"https:\/\/www.zolattitude.com\/index.php\/wp-json\/wp\/v2\/product_tag?post=28152"}],"curies":[{"name":"wp","href":"https:\/\/api.w.org\/{rel}","templated":true}]}}