{"id":28176,"date":"2026-04-19T00:03:07","date_gmt":"2026-04-19T00:03:07","guid":{"rendered":"https:\/\/www.zolattitude.com\/index.php\/product\/california-gold-nutrition-lactobif-probiotiques-5-milliards-cfu-60-gelules-vegetales-california-gold-nutrition\/"},"modified":"2026-04-19T00:03:14","modified_gmt":"2026-04-19T00:03:14","slug":"california-gold-nutrition-lactobif-probiotiques-5-milliards-cfu-60-gelules-vegetales-california-gold-nutrition","status":"publish","type":"product","link":"https:\/\/www.zolattitude.com\/index.php\/product\/california-gold-nutrition-lactobif-probiotiques-5-milliards-cfu-60-gelules-vegetales-california-gold-nutrition\/","title":{"rendered":"California Gold Nutrition LactoBif Probiotiques 5 milliards CFU 60 G\u00e9lules V\u00e9g\u00e9tales California Gold Nutrition"},"content":{"rendered":"<p>Price: <span style=\"color:#b12704\">\u20ac36.99<\/span><br \/><i><small>(as of Apr 19, 2026 00:03:07 UTC &#8211; <span class=\"wp_automatic_amazon_disclaimer\" title=\"Product prices and availability are accurate as of the date\/time indicated and are subject to change. Any price and availability information displayed on [relevant Amazon Site(s), as applicable] at the time of purchase will apply to the purchase of this product.\">Details<\/span>)<\/small><\/i><br \/><a href=\"https:\/\/amazon.fr\/dp\/B01BTQX8OI?tag=onamzmoukoubl-21\"><img decoding=\"async\" src=\"https:\/\/valvepress.s3.amazonaws.com\/imgs\/buy_now.png\"><\/a><br \/>\n<br \/>\n    <span>California Gold Nutrition LactoBif Probiotiques disponibles en 5, 30 et 100 milliards d&#8217;UFC par capsule v\u00e9g\u00e9tarienne. Exclusivement en utilisant des probiotiques FloraFIT de Danisco8 souches probiotiques actives et \u00e9tudi\u00e9es cliniquement\u00b9 Double feuille d&#8217;\u00e9tanch\u00e9it\u00e9 individuelle sans r\u00e9frig\u00e9ration\u00b2Convient aux v\u00e9g\u00e9tariens et v\u00e9g\u00e9taliens. Formul\u00e9 Contenu: No DContenu Contenu A\u00e9r\u00e9, sans gluten, sans OGM, sans soja Produit dans un tiers audit\u00e9 cGMP enregistr\u00e9 (certifi\u00e9). Qualit\u00e9 test\u00e9e confirm\u00e9e et garantie 100 % d&#8217;orLes formules probiotiques de California Gold Nutrition Lactobif contiennent 8 souches probiotiques actives et \u00e9tudi\u00e9es cliniquement (5 lactobacilles et 3 bifidob. Exclusivement probiotiques AFIT de Danisco. La recherche sugg\u00e8re que les souches probiotiques contenues dans les formules de probiotiques Lactobif sont extr\u00eamement r\u00e9sistantes au pH bas et aux conditions gastro-intestinales (par exemple, acide, bile, pepsine et pancr\u00e9atine), ainsi que d&#8217;adh\u00e9rer aux lign\u00e9es cellulaires intestinales. Avantages de l&#8217;individualit\u00e9, probiotiques scell\u00e9s avec une ampoule \u00e0 double feuille : barri\u00e8re optimale \u00e0 l&#8217;oxyg\u00e8ne, \u00e0 l&#8217;humidit\u00e9 et \u00e0 la lumi\u00e8re assure l&#8217;int\u00e9grit\u00e9 du produit et la protection. R\u00e9sistant \u00e0 la manipulation et aux essais de manipulation. Stabilit\u00e9 au repos et pas besoin de refroidissement. Puissance garantie\u00b2Cr\u00e9ation de ferferferferferferferferferferferferaliments comme le yaourt, le k\u00e9fir, le kvas, etc. est un art qui n\u00e9cessite des produits initiateurs sp\u00e9cifiques de culture probiotique. Notre LactoBif n&#8217;est pas formul\u00e9 pour \u00eatre utilis\u00e9 comme initiateur, mais les capsules probiotiques LactoBif peuvent \u00eatre ouvertes et la poudre \u00e0 l&#8217;int\u00e9rieur est ajout\u00e9e aux smoothies, smoothies, etc.<\/span>    <br \/> Is discontinued by manufacturer                                            \u200f                                            :                                            \u200e                                            No   <br \/> Product Dimensions                                            \u200f                                            :                                            \u200e                                            14.1 x 8.51 x 5.84 cm; 68.04 g   <br \/> Manufacturer                                            \u200f                                            :                                            \u200e                                            California Gold Nutrition   <br \/> ASIN                                            \u200f                                            :                                            \u200e                                            B01BTQX8OI   <br \/> Manufacturer reference                                            \u200f                                            :                                            \u200e                                            2724600443101   <br \/>  Customer reviews:                                                                                            4.4               4.4 out of 5 stars                                  (459)                                              var dpAcrHasRegisteredArcLinkClickAction;                    P.when(&#8216;A&#8217;, &#8216;ready&#8217;).execute(function(A) {                        if (dpAcrHasRegisteredArcLinkClickAction !== true) {                            dpAcrHasRegisteredArcLinkClickAction = true;                            A.declarative(                                &#8216;acrLink-click-metrics&#8217;, &#8216;click&#8217;,                                { &#8220;allowLinkDefault&#8221;: true },                                function (event) {                                    if (window.ue) {                                        ue.count(&#8220;acrLinkClickCount&#8221;, (ue.count(&#8220;acrLinkClickCount&#8221;) || 0) + 1);                                    }                                }                            );                        }                    });                                             P.when(&#8216;A&#8217;, &#8216;cf&#8217;).execute(function(A) {                A.declarative(&#8216;acrStarsLink-click-metrics&#8217;, &#8216;click&#8217;, { &#8220;allowLinkDefault&#8221; : true },  function(event){                    if(window.ue) {                        ue.count(&#8220;acrStarsLinkWithPopoverClickCount&#8221;, (ue.count(&#8220;acrStarsLinkWithPopoverClickCount&#8221;) || 0) + 1);                    }                });            });                          <br \/>M\u00e9lange probiotique b\u00e9n\u00e9fique : ce suppl\u00e9ment quotidien contient 5 milliards d&#8217;UFC avec 8 souches probiotiques actives et cliniquement \u00e9tudi\u00e9es, dont 5 lactobacilles et 3 bifidobact\u00e9ries.<br \/>Soutien digestif* : les bact\u00e9ries utiles de ce m\u00e9lange de probiotiques agissent avec votre corps pour promouvoir un microbiome \u00e9quilibr\u00e9, ce qui aide \u00e0 fournir un soutien \u00e0 la digestion. *<br \/>Emballage s\u00e9curis\u00e9 : chaque capsule est scell\u00e9e avec une double feuille pour prot\u00e9ger de l&#8217;oxyg\u00e8ne, de l&#8217;humidit\u00e9 et de la lumi\u00e8re, aidant \u00e0 promouvoir la stabilit\u00e9 et l&#8217;int\u00e9grit\u00e9 du produit. *<br \/>Pas besoin de r\u00e9frig\u00e9ration : les probiotiques LactoBif ne n\u00e9cessitent pas de refroidissement et sont stables sur les \u00e9tag\u00e8res, ce qui les rend faciles \u00e0 transporter et \u00e0 ranger \u00e0 la maison.<br \/>Engagement pour la qualit\u00e9 : California Gold Nutrition s&#8217;efforce d&#8217;utiliser des ingr\u00e9dients de qualit\u00e9 dans toutes les formulations. Ce produit ne contient pas de produits laitiers, de gluten, d&#8217;OGM ou de soja et convient aux v\u00e9g\u00e9tariens.<\/p>\n\n","protected":false},"excerpt":{"rendered":"<p> California Gold Nutrition LactoBif Probiotiques disponibles en 5, 30 et 100 milliards d&#8217;UFC par capsule v\u00e9g\u00e9tarienne. Exclusivement en utilisant des probiotiques FloraFIT de Danisco8 souches probiotiques actives et \u00e9tudi\u00e9es cliniquement\u00b9 Double feuille d&#8217;\u00e9tanch\u00e9it\u00e9 individuelle sans r\u00e9frig\u00e9ration\u00b2Convient aux v\u00e9g\u00e9tariens et v\u00e9g\u00e9taliens. Formul\u00e9 Contenu: No DContenu Contenu A\u00e9r\u00e9, sans gluten, sans OGM, [&hellip;]<\/p>\n","protected":false},"featured_media":28177,"comment_status":"open","ping_status":"closed","template":"","meta":{"_gspb_post_css":"","om_disable_all_campaigns":false,"_monsterinsights_skip_tracking":false,"_monsterinsights_sitenote_active":false,"_monsterinsights_sitenote_note":"","_monsterinsights_sitenote_category":0},"store":[],"product_brand":[],"product_cat":[154],"product_tag":[5380,1096,2029,2587,7031,2715,925,7032,7033],"class_list":{"0":"post-28176","1":"product","2":"type-product","3":"status-publish","4":"has-post-thumbnail","6":"product_cat-sante-intestinale","7":"product_tag-california","8":"product_tag-cfu","9":"product_tag-gelules","10":"product_tag-gold","11":"product_tag-lactobif","12":"product_tag-milliards","13":"product_tag-nutrition","14":"product_tag-probiotiques","15":"product_tag-vegetales","17":"first","18":"instock","19":"shipping-taxable","20":"product-type-external"},"aioseo_notices":[],"jetpack_sharing_enabled":true,"_links":{"self":[{"href":"https:\/\/www.zolattitude.com\/index.php\/wp-json\/wp\/v2\/product\/28176","targetHints":{"allow":["GET"]}}],"collection":[{"href":"https:\/\/www.zolattitude.com\/index.php\/wp-json\/wp\/v2\/product"}],"about":[{"href":"https:\/\/www.zolattitude.com\/index.php\/wp-json\/wp\/v2\/types\/product"}],"replies":[{"embeddable":true,"href":"https:\/\/www.zolattitude.com\/index.php\/wp-json\/wp\/v2\/comments?post=28176"}],"wp:featuredmedia":[{"embeddable":true,"href":"https:\/\/www.zolattitude.com\/index.php\/wp-json\/wp\/v2\/media\/28177"}],"wp:attachment":[{"href":"https:\/\/www.zolattitude.com\/index.php\/wp-json\/wp\/v2\/media?parent=28176"}],"wp:term":[{"taxonomy":"store","embeddable":true,"href":"https:\/\/www.zolattitude.com\/index.php\/wp-json\/wp\/v2\/store?post=28176"},{"taxonomy":"product_brand","embeddable":true,"href":"https:\/\/www.zolattitude.com\/index.php\/wp-json\/wp\/v2\/product_brand?post=28176"},{"taxonomy":"product_cat","embeddable":true,"href":"https:\/\/www.zolattitude.com\/index.php\/wp-json\/wp\/v2\/product_cat?post=28176"},{"taxonomy":"product_tag","embeddable":true,"href":"https:\/\/www.zolattitude.com\/index.php\/wp-json\/wp\/v2\/product_tag?post=28176"}],"curies":[{"name":"wp","href":"https:\/\/api.w.org\/{rel}","templated":true}]}}