{"id":28306,"date":"2026-04-20T01:00:18","date_gmt":"2026-04-20T01:00:18","guid":{"rendered":"https:\/\/www.zolattitude.com\/index.php\/product\/bol-coco-shell-bois-naturel-poli-materiau-durable-et-respectueux-de-lenvironnement-design-leger-bol-de-service-decoratif-pour-salades-noix-fruits-smoothies-acai-pour-la-maison-et-l\/"},"modified":"2026-04-20T01:00:23","modified_gmt":"2026-04-20T01:00:23","slug":"bol-coco-shell-bois-naturel-poli-materiau-durable-et-respectueux-de-lenvironnement-design-leger-bol-de-service-decoratif-pour-salades-noix-fruits-smoothies-acai-pour-la-maison-et-l","status":"publish","type":"product","link":"https:\/\/www.zolattitude.com\/index.php\/product\/bol-coco-shell-bois-naturel-poli-materiau-durable-et-respectueux-de-lenvironnement-design-leger-bol-de-service-decoratif-pour-salades-noix-fruits-smoothies-acai-pour-la-maison-et-l\/","title":{"rendered":"Bol Coco Shell \u2013 Bois naturel poli, mat\u00e9riau durable et respectueux de l&#8217;environnement, design l\u00e9ger | Bol de service d\u00e9coratif pour salades, noix, Fruits, Smoothies, Acai, pour la maison et le bureau"},"content":{"rendered":"<p>Price: <span style=\"color:#b12704\">\u20ac13.19<\/span><br \/><i><small>(as of Apr 20, 2026 01:00:18 UTC &#8211; <span class=\"wp_automatic_amazon_disclaimer\" title=\"Product prices and availability are accurate as of the date\/time indicated and are subject to change. Any price and availability information displayed on [relevant Amazon Site(s), as applicable] at the time of purchase will apply to the purchase of this product.\">Details<\/span>)<\/small><\/i><br \/><a href=\"https:\/\/amazon.fr\/dp\/B0GKQ1976J?tag=onamzmoukoubl-21\"><img decoding=\"async\" src=\"https:\/\/valvepress.s3.amazonaws.com\/imgs\/buy_now.png\"><\/a><br \/>\n<\/p>\n<p>                                             Product Description   <\/p>\n<p>                                                                             <img decoding=\"async\" alt=\"Bol de service de coco, Natural Coco Shell Bowl\" src=\"https:\/\/images-na.ssl-images-amazon.com\/images\/G\/01\/x-locale\/common\/grey-pixel.gif\" class=\"a-spacing-base a-lazy-loaded\" data-src=\"https:\/\/m.media-amazon.com\/images\/S\/aplus-media-library-service-media\/2e0fa048-99ac-4174-a6df-914693202610.__CR0,0,970,600_PT0_SX970_V1___.jpg\"><img decoding=\"async\" alt=\"Bol de service de coco, Natural Coco Shell Bowl\" src=\"https:\/\/m.media-amazon.com\/images\/S\/aplus-media-library-service-media\/2e0fa048-99ac-4174-a6df-914693202610.__CR0,0,970,600_PT0_SX970_V1___.jpg\">                                                                    <\/p>\n<p>                                                      <img decoding=\"async\" alt=\"Bol de coco natural, bols de coco coco\" src=\"https:\/\/images-na.ssl-images-amazon.com\/images\/G\/01\/x-locale\/common\/grey-pixel.gif\" class=\"a-spacing-mini a-lazy-loaded\" data-src=\"https:\/\/m.media-amazon.com\/images\/S\/aplus-media-library-service-media\/acc72e75-e2e2-4e04-84fb-53d72088038d.__CR0,0,1600,1600_PT0_SX300_V1___.jpg\"><img decoding=\"async\" alt=\"Bol de coco natural, bols de coco coco\" src=\"https:\/\/m.media-amazon.com\/images\/S\/aplus-media-library-service-media\/acc72e75-e2e2-4e04-84fb-53d72088038d.__CR0,0,1600,1600_PT0_SX300_V1___.jpg\">  <\/p>\n<h3 class=\"a-spacing-mini\"> Bol de coco natural, bols de coco coco <\/h3>\n<p>                                           Mat\u00e9riau de haute qualit\u00e9                                     <\/p>\n<p class=\"a-spacing-base\"> fabriqu\u00e9 \u00e0 partir de la plus belle coquille de coco naturelle, ces bols poss\u00e8dent une construction robuste qui n&#8217;est pas facilement d\u00e9form\u00e9e. La texture lisse offre une prise confortable tout en mangeant, faisant de chaque repas un plaisir. Sa forme et sa couleur unique ajoutent une touche d&#8217;\u00e9l\u00e9gance. <\/p>\n<p>                                           Expression artistique                                     <\/p>\n<p class=\"a-spacing-base\"> Transformez votre table \u00e0 manger avec la superbe cr\u00e9ativit\u00e9 peinte de notre Coco Bowl. Les motifs complexes et les couleurs vives \u00e9voquent un flair artistique, ce qui rend vos repas plus attrayants visuellement et m\u00e9morables. <\/p>\n<p>                                                         Caract\u00e9ristiques                                        Mat\u00e9riau: coco naturel       Poids: 100g       Taille du produit: plage de diam\u00e8tre d&#8217;environ 12-14 cm \/ 4,72-5,51 pouces       <\/p>\n<p> Fabriqu\u00e9 \u00e0 partir de coco de haute qualit\u00e9, notre coco pr\u00e9sente un motif qui en fait une d\u00e9coration id\u00e9ale pour votre maison. Avec suffisamment d&#8217;espace pour contenir vos cl\u00e9s, collations et autres accessoires, ce bol est parfait pour toute occasion. <\/p>\n<p> Sp\u00e9cification: <\/p>\n<p> Mat\u00e9riau: coco naturel <\/p>\n<p> Poids: 100g <\/p>\n<p> Taille du produit: plage de diam\u00e8tre d&#8217;environ 12-14 cm \/ 4,72-5,51 pouces <\/p>\n<p> Liste des packs: <\/p>\n<p> Coco bol * 1 <\/p>\n<p>Mat\u00e9riau durable : fabriqu\u00e9s \u00e0 partir de coque de coco naturelle de haute qualit\u00e9, les bols ne se d\u00e9forment pas facilement et ont une texture fine. Ils sont respectueux de l\u2019environnement et sains, et chacun a une forme et une couleur .<br \/>Embellissement artistique : rehaussez votre exp\u00e9rience culinaire gr\u00e2ce au savoir-faire artistique peint de Coco Bowl. Les motifs complexes et les couleurs vives ajoutent une touche artistique et unique \u00e0 votre table, la rendant plus attrayante visuellement.<br \/>Organisez-vous : notre bol en coco pr\u00e9sente un design plus pratique et plus spacieux, offrant une ouverture plus grande et une capacit\u00e9 plus profonde pour r\u00e9pondre \u00e0 vos divers besoins de stockage.<br \/>Utilisation polyvalente : rehaussez l&#8217;ambiance de votre entr\u00e9e, salon, salle \u00e0 manger, espace avec notre bol coco. Sa beaut\u00e9 naturelle et ses fonctions de rangement pratiques en font le d\u00e9cor fonctionnel parfait qui laissera une impression durable \u00e0 vos invit\u00e9s.<br \/>Excellent cadeau : chaque bol en coco est peint avec de beaux motifs, ce qui en fait un cadeau parfait pour vos amis, en particulier ceux qui aiment les bols en bois de coquille de coco et l&#8217;art peint.<\/p>\n\n","protected":false},"excerpt":{"rendered":"<p> Product Description Bol de coco natural, bols de coco coco Mat\u00e9riau de haute qualit\u00e9 fabriqu\u00e9 \u00e0 partir de la plus belle coquille de coco naturelle, ces bols poss\u00e8dent une construction robuste qui n&#8217;est pas facilement d\u00e9form\u00e9e. La texture lisse offre une prise confortable tout en mangeant, faisant de chaque repas [&hellip;]<\/p>\n","protected":false},"featured_media":28307,"comment_status":"open","ping_status":"closed","template":"","meta":{"_gspb_post_css":"","om_disable_all_campaigns":false,"_monsterinsights_skip_tracking":false,"_monsterinsights_sitenote_active":false,"_monsterinsights_sitenote_note":"","_monsterinsights_sitenote_category":0},"store":[],"product_brand":[],"product_cat":[148],"product_tag":[386,6967,6140,6975,6142,6973,4509,3241,1217,6971,6970,6873,6968,1084,6141,6145,302,6969,6974,6972,6207,389],"class_list":{"0":"post-28306","1":"product","2":"type-product","3":"status-publish","4":"has-post-thumbnail","6":"product_cat-superaliments-exotiques","7":"product_tag-acai","8":"product_tag-bois","9":"product_tag-bol","10":"product_tag-bureau","11":"product_tag-coco","12":"product_tag-decoratif","13":"product_tag-design","14":"product_tag-durable","15":"product_tag-fruits","16":"product_tag-leger","17":"product_tag-lenvironnement","18":"product_tag-maison","19":"product_tag-materiau","20":"product_tag-naturel","21":"product_tag-noix","22":"product_tag-poli","23":"product_tag-pour","24":"product_tag-respectueux","25":"product_tag-salades","26":"product_tag-service","27":"product_tag-shell","28":"product_tag-smoothies","30":"first","31":"instock","32":"shipping-taxable","33":"product-type-external"},"aioseo_notices":[],"jetpack_sharing_enabled":true,"_links":{"self":[{"href":"https:\/\/www.zolattitude.com\/index.php\/wp-json\/wp\/v2\/product\/28306","targetHints":{"allow":["GET"]}}],"collection":[{"href":"https:\/\/www.zolattitude.com\/index.php\/wp-json\/wp\/v2\/product"}],"about":[{"href":"https:\/\/www.zolattitude.com\/index.php\/wp-json\/wp\/v2\/types\/product"}],"replies":[{"embeddable":true,"href":"https:\/\/www.zolattitude.com\/index.php\/wp-json\/wp\/v2\/comments?post=28306"}],"wp:featuredmedia":[{"embeddable":true,"href":"https:\/\/www.zolattitude.com\/index.php\/wp-json\/wp\/v2\/media\/28307"}],"wp:attachment":[{"href":"https:\/\/www.zolattitude.com\/index.php\/wp-json\/wp\/v2\/media?parent=28306"}],"wp:term":[{"taxonomy":"store","embeddable":true,"href":"https:\/\/www.zolattitude.com\/index.php\/wp-json\/wp\/v2\/store?post=28306"},{"taxonomy":"product_brand","embeddable":true,"href":"https:\/\/www.zolattitude.com\/index.php\/wp-json\/wp\/v2\/product_brand?post=28306"},{"taxonomy":"product_cat","embeddable":true,"href":"https:\/\/www.zolattitude.com\/index.php\/wp-json\/wp\/v2\/product_cat?post=28306"},{"taxonomy":"product_tag","embeddable":true,"href":"https:\/\/www.zolattitude.com\/index.php\/wp-json\/wp\/v2\/product_tag?post=28306"}],"curies":[{"name":"wp","href":"https:\/\/api.w.org\/{rel}","templated":true}]}}