{"id":28309,"date":"2026-04-20T01:10:52","date_gmt":"2026-04-20T01:10:52","guid":{"rendered":"https:\/\/www.zolattitude.com\/index.php\/product\/peruvian-maca-root-extract-standardized-in-macaenes-and-macamides-4000-mg-whole-plant-per-capsule-for-men-and-women-120-vegan-maca-capsules-4-month-cure\/"},"modified":"2026-04-20T01:11:00","modified_gmt":"2026-04-20T01:11:00","slug":"peruvian-maca-root-extract-standardized-in-macaenes-and-macamides-4000-mg-whole-plant-per-capsule-for-men-and-women-120-vegan-maca-capsules-4-month-cure","status":"publish","type":"product","link":"https:\/\/www.zolattitude.com\/index.php\/product\/peruvian-maca-root-extract-standardized-in-macaenes-and-macamides-4000-mg-whole-plant-per-capsule-for-men-and-women-120-vegan-maca-capsules-4-month-cure\/","title":{"rendered":"Peruvian Maca Root Extract Standardized in Macaenes and Macamides \u2013 4000 mg Whole Plant per Capsule \u2013 For Men and Women \u2013 120 Vegan Maca Capsules \u2013 4 Month Cure \u2013 Zenement"},"content":{"rendered":"<p>Price: <span style=\"color:#b12704\">\u20ac17.47<\/span><br \/><i><small>(as of Apr 20, 2026 01:10:53 UTC &#8211; <span class=\"wp_automatic_amazon_disclaimer\" title=\"Product prices and availability are accurate as of the date\/time indicated and are subject to change. Any price and availability information displayed on [relevant Amazon Site(s), as applicable] at the time of purchase will apply to the purchase of this product.\">Details<\/span>)<\/small><\/i><br \/><a href=\"https:\/\/amazon.fr\/dp\/B0FV93JYCB?tag=onamzmoukoubl-21\"><img decoding=\"async\" src=\"https:\/\/valvepress.s3.amazonaws.com\/imgs\/buy_now.png\"><\/a><br \/>\n<\/p>\n<p>                                             From the brand   <\/p>\n<p>                                              <img decoding=\"async\" alt=\"aplus content image\" src=\"https:\/\/images-na.ssl-images-amazon.com\/images\/G\/01\/x-locale\/common\/grey-pixel.gif\" class=\"a-lazy-loaded\" data-src=\"https:\/\/m.media-amazon.com\/images\/S\/aplus-media-library-service-media\/b56263ea-b220-4f56-b0c9-f04d6dc6b974.__CR0,0,1464,625_PT0_SX1464_V1___.jpg\"><img decoding=\"async\" alt=\"aplus content image\" src=\"https:\/\/m.media-amazon.com\/images\/S\/aplus-media-library-service-media\/b56263ea-b220-4f56-b0c9-f04d6dc6b974.__CR0,0,1464,625_PT0_SX1464_V1___.jpg\">  <\/p>\n<p>                                              <img decoding=\"async\" alt=\"\" src=\"https:\/\/images-na.ssl-images-amazon.com\/images\/G\/01\/x-locale\/common\/grey-pixel.gif\" class=\"a-lazy-loaded\" data-src=\"https:\/\/m.media-amazon.com\/images\/S\/aplus-media-library-service-media\/29ecf7fe-7b93-4448-a4a2-0c9ad1799292.__CR0,0,362,453_PT0_SX362_V1___.jpg\"><img decoding=\"async\" alt=\"\" src=\"https:\/\/m.media-amazon.com\/images\/S\/aplus-media-library-service-media\/29ecf7fe-7b93-4448-a4a2-0c9ad1799292.__CR0,0,362,453_PT0_SX362_V1___.jpg\">  <\/p>\n<p> Inspir\u00e9 par la philosophie Zen : Nous recherchons l&#8217;\u00e9quilibre entre bien-\u00eatre physique et mental <\/p>\n<p>                                              <img decoding=\"async\" alt=\"\" src=\"https:\/\/images-na.ssl-images-amazon.com\/images\/G\/01\/x-locale\/common\/grey-pixel.gif\" class=\"a-lazy-loaded\" data-src=\"https:\/\/m.media-amazon.com\/images\/S\/aplus-media-library-service-media\/55713f5f-c3ea-4093-b441-a79a32e57cf4.__CR0,0,362,453_PT0_SX362_V1___.jpg\"><img decoding=\"async\" alt=\"\" src=\"https:\/\/m.media-amazon.com\/images\/S\/aplus-media-library-service-media\/55713f5f-c3ea-4093-b441-a79a32e57cf4.__CR0,0,362,453_PT0_SX362_V1___.jpg\">  <\/p>\n<p> Innovation depuis le Barcelona Health Hub : Formules exclusives et ingr\u00e9dients s\u00e9lectionn\u00e9s <\/p>\n<p>                                              <img decoding=\"async\" alt=\"\" src=\"https:\/\/images-na.ssl-images-amazon.com\/images\/G\/01\/x-locale\/common\/grey-pixel.gif\" class=\"a-lazy-loaded\" data-src=\"https:\/\/m.media-amazon.com\/images\/S\/aplus-media-library-service-media\/92c9a142-eb2e-4fcb-8b59-dcf20d984afc.__CR0,0,362,453_PT0_SX362_V1___.jpg\"><img decoding=\"async\" alt=\"\" src=\"https:\/\/m.media-amazon.com\/images\/S\/aplus-media-library-service-media\/92c9a142-eb2e-4fcb-8b59-dcf20d984afc.__CR0,0,362,453_PT0_SX362_V1___.jpg\">  <\/p>\n<p> Innovation depuis le Barcelona Health Hub : Formules exclusives et ingr\u00e9dients s\u00e9lectionn\u00e9s <\/p>\n<h3> Meilleures Ventes <\/h3>\n<p class=\"apm-brand-story-stores-link\">\n<h3> Nos nouveaut\u00e9s <\/h3>\n<p class=\"apm-brand-story-stores-link\">\n<p>                                              <img decoding=\"async\" alt=\"aplus content image\" src=\"https:\/\/images-na.ssl-images-amazon.com\/images\/G\/01\/x-locale\/common\/grey-pixel.gif\" class=\"a-lazy-loaded\" data-src=\"https:\/\/m.media-amazon.com\/images\/S\/aplus-media-library-service-media\/39b5fa11-d4a7-426a-a545-63f73bcbe0c4.__CR0,0,362,453_PT0_SX362_V1___.jpg\"><img decoding=\"async\" alt=\"aplus content image\" src=\"https:\/\/m.media-amazon.com\/images\/S\/aplus-media-library-service-media\/39b5fa11-d4a7-426a-a545-63f73bcbe0c4.__CR0,0,362,453_PT0_SX362_V1___.jpg\">  <\/p>\n<h3> Vieillissement en bonne sant\u00e9 <\/h3>\n<p class=\"apm-brand-story-stores-link\">\n<p>                                              <img decoding=\"async\" alt=\"aplus content image\" src=\"https:\/\/images-na.ssl-images-amazon.com\/images\/G\/01\/x-locale\/common\/grey-pixel.gif\" class=\"a-lazy-loaded\" data-src=\"https:\/\/m.media-amazon.com\/images\/S\/aplus-media-library-service-media\/74206599-3142-4e2c-b21c-5613725a670e.__CR0,0,1509,1888_PT0_SX362_V1___.png\"><img decoding=\"async\" alt=\"aplus content image\" src=\"https:\/\/m.media-amazon.com\/images\/S\/aplus-media-library-service-media\/74206599-3142-4e2c-b21c-5613725a670e.__CR0,0,1509,1888_PT0_SX362_V1___.png\">  <\/p>\n<h3> Soutenez votre c\u0153ur <\/h3>\n<p class=\"apm-brand-story-stores-link\">\n<p>                                              <img decoding=\"async\" alt=\"aplus content image\" src=\"https:\/\/images-na.ssl-images-amazon.com\/images\/G\/01\/x-locale\/common\/grey-pixel.gif\" class=\"a-lazy-loaded\" data-src=\"https:\/\/m.media-amazon.com\/images\/S\/aplus-media-library-service-media\/af326839-1e09-4069-95c5-4d1c2bc7c06a.__CR0,0,1509,1888_PT0_SX362_V1___.png\"><img decoding=\"async\" alt=\"aplus content image\" src=\"https:\/\/m.media-amazon.com\/images\/S\/aplus-media-library-service-media\/af326839-1e09-4069-95c5-4d1c2bc7c06a.__CR0,0,1509,1888_PT0_SX362_V1___.png\">  <\/p>\n<h3> Aidez votre mobilit\u00e9 <\/h3>\n<p class=\"apm-brand-story-stores-link\">\n<p>                                              <img decoding=\"async\" alt=\"\" src=\"https:\/\/images-na.ssl-images-amazon.com\/images\/G\/01\/x-locale\/common\/grey-pixel.gif\" class=\"a-lazy-loaded\" data-src=\"https:\/\/m.media-amazon.com\/images\/S\/aplus-media-library-service-media\/079b40e9-8bdf-42ce-ae3a-8c449b6c1d79.__CR0,0,362,453_PT0_SX362_V1___.jpg\"><img decoding=\"async\" alt=\"\" src=\"https:\/\/m.media-amazon.com\/images\/S\/aplus-media-library-service-media\/079b40e9-8bdf-42ce-ae3a-8c449b6c1d79.__CR0,0,362,453_PT0_SX362_V1___.jpg\">  <\/p>\n<p> Accompagnement personnalis\u00e9 : Notre \u00e9quipe d\u2019experts vous offre les meilleurs conseils en sant\u00e9 <\/p>\n<p> Product Dimensions                                            \u200f                                            :                                            \u200e                                            6 x 6 x 11 cm; 60.6 g   <br \/> Manufacturer                                            \u200f                                            :                                            \u200e                                            Zenement   <br \/> ASIN                                            \u200f                                            :                                            \u200e                                            B0FV93JYCB   <br \/> Item model number                                            \u200f                                            :                                            \u200e                                            Z-FT-10757   <br \/> Country of origin                                            \u200f                                            :                                            \u200e                                            Spain   <br \/>  Customer reviews:                                                                                            4.8               4.8 out of 5 stars                                  (39)                                              var dpAcrHasRegisteredArcLinkClickAction;                    P.when(&#8216;A&#8217;, &#8216;ready&#8217;).execute(function(A) {                        if (dpAcrHasRegisteredArcLinkClickAction !== true) {                            dpAcrHasRegisteredArcLinkClickAction = true;                            A.declarative(                                &#8216;acrLink-click-metrics&#8217;, &#8216;click&#8217;,                                { &#8220;allowLinkDefault&#8221;: true },                                function (event) {                                    if (window.ue) {                                        ue.count(&#8220;acrLinkClickCount&#8221;, (ue.count(&#8220;acrLinkClickCount&#8221;) || 0) + 1);                                    }                                }                            );                        }                    });                                             P.when(&#8216;A&#8217;, &#8216;cf&#8217;).execute(function(A) {                A.declarative(&#8216;acrStarsLink-click-metrics&#8217;, &#8216;click&#8217;, { &#8220;allowLinkDefault&#8221; : true },  function(event){                    if(window.ue) {                        ue.count(&#8220;acrStarsLinkWithPopoverClickCount&#8221;, (ue.count(&#8220;acrStarsLinkWithPopoverClickCount&#8221;) || 0) + 1);                    }                });            });                          <br \/>HIGH CONCENTRATION OF EXTRACT: 400 mg of yellow Andean Maca root extract, native to central Peru, equivalent to 4000 mg of whole plant per capsule. The 10:1 formula is standardized to 0.6% macenes and macamides, compounds naturally present in this root traditionally cultivated for over 3000 years on the highlands of the Andes.<br \/>FOR AN ACTIVE LIFESTYLE: Traditionally appreciated by those seeking support in periods of high activity or increased effort, pure maca is the perfect ally to accompany your performance and recovery on a daily basis. Just one capsule a day is enough to easily integrate it into your active routine, both as maca femme and as maca men.<br \/>SUITABLE FOR DIFFERENT LIFESTYLES: Formulated only with plant-based ingredients, without unnecessary additives. Contains no soy, gluten or lactose. The capsules are 100% vegan. Perfect for those who follow a variety of diets and are looking for a simple and practical formula.<br \/>QUALITY AND SATISFACTION: Our supplements, formulated in Barcelona, are made with the highest quality ingredients, under rigorous controls, in order to meet the highest safety and efficacy standards, providing a reliable and healthy option. In addition, we have personalized attention to answer all your questions and help you choose the complement that suits you best.<br \/>ZENEMENT, INSPIRING WELLNESS: Founded in 2017 in Barcelona, Zenement was born with the aim of offering dietary supplements formulated with rigor and backed by science. Inspired by the &#8220;Zen&#8221; philosophy, the name merges &#8220;Zen&#8221; and &#8220;Supplement&#8221;, reflecting a commitment to balance and innovation. As a member of the Barcelona Health Hub, at the Recinto Modernista de Sant Pau de Barcelona, he promotes excellence and development in the health sector.<\/p>\n\n","protected":false},"excerpt":{"rendered":"<p> From the brand Inspir\u00e9 par la philosophie Zen : Nous recherchons l&#8217;\u00e9quilibre entre bien-\u00eatre physique et mental Innovation depuis le Barcelona Health Hub : Formules exclusives et ingr\u00e9dients s\u00e9lectionn\u00e9s Innovation depuis le Barcelona Health Hub : Formules exclusives et ingr\u00e9dients s\u00e9lectionn\u00e9s Meilleures Ventes Nos nouveaut\u00e9s Vieillissement en bonne sant\u00e9 Soutenez [&hellip;]<\/p>\n","protected":false},"featured_media":28310,"comment_status":"open","ping_status":"closed","template":"","meta":{"_gspb_post_css":"","om_disable_all_campaigns":false,"_monsterinsights_skip_tracking":false,"_monsterinsights_sitenote_active":false,"_monsterinsights_sitenote_note":"","_monsterinsights_sitenote_category":0},"store":[],"product_brand":[],"product_cat":[147],"product_tag":[1097,198,196,422,354,7048,7049,1122,191,1860,224,359,2703,261,1123,991],"class_list":{"0":"post-28309","1":"product","2":"type-product","3":"status-publish","4":"has-post-thumbnail","6":"product_cat-racines-adaptogenes","7":"product_tag-capsule","8":"product_tag-capsules","9":"product_tag-cure","10":"product_tag-extract","11":"product_tag-maca","12":"product_tag-macaenes","13":"product_tag-macamides","14":"product_tag-men","15":"product_tag-month","16":"product_tag-peruvian","17":"product_tag-plant","18":"product_tag-root","19":"product_tag-standardized","20":"product_tag-vegan","21":"product_tag-women","22":"product_tag-zenement","24":"first","25":"instock","26":"shipping-taxable","27":"product-type-external"},"aioseo_notices":[],"jetpack_sharing_enabled":true,"_links":{"self":[{"href":"https:\/\/www.zolattitude.com\/index.php\/wp-json\/wp\/v2\/product\/28309","targetHints":{"allow":["GET"]}}],"collection":[{"href":"https:\/\/www.zolattitude.com\/index.php\/wp-json\/wp\/v2\/product"}],"about":[{"href":"https:\/\/www.zolattitude.com\/index.php\/wp-json\/wp\/v2\/types\/product"}],"replies":[{"embeddable":true,"href":"https:\/\/www.zolattitude.com\/index.php\/wp-json\/wp\/v2\/comments?post=28309"}],"wp:featuredmedia":[{"embeddable":true,"href":"https:\/\/www.zolattitude.com\/index.php\/wp-json\/wp\/v2\/media\/28310"}],"wp:attachment":[{"href":"https:\/\/www.zolattitude.com\/index.php\/wp-json\/wp\/v2\/media?parent=28309"}],"wp:term":[{"taxonomy":"store","embeddable":true,"href":"https:\/\/www.zolattitude.com\/index.php\/wp-json\/wp\/v2\/store?post=28309"},{"taxonomy":"product_brand","embeddable":true,"href":"https:\/\/www.zolattitude.com\/index.php\/wp-json\/wp\/v2\/product_brand?post=28309"},{"taxonomy":"product_cat","embeddable":true,"href":"https:\/\/www.zolattitude.com\/index.php\/wp-json\/wp\/v2\/product_cat?post=28309"},{"taxonomy":"product_tag","embeddable":true,"href":"https:\/\/www.zolattitude.com\/index.php\/wp-json\/wp\/v2\/product_tag?post=28309"}],"curies":[{"name":"wp","href":"https:\/\/api.w.org\/{rel}","templated":true}]}}