{"id":28371,"date":"2026-04-20T23:28:51","date_gmt":"2026-04-20T23:28:51","guid":{"rendered":"https:\/\/www.zolattitude.com\/index.php\/product\/womens-hair-growth-biotin-plants-folic-acid-food-supplement-strength-growth-and-volume-60-capsules-1-month-cure-made-in-france-young-hair\/"},"modified":"2026-04-20T23:29:01","modified_gmt":"2026-04-20T23:29:01","slug":"womens-hair-growth-biotin-plants-folic-acid-food-supplement-strength-growth-and-volume-60-capsules-1-month-cure-made-in-france-young-hair","status":"publish","type":"product","link":"https:\/\/www.zolattitude.com\/index.php\/product\/womens-hair-growth-biotin-plants-folic-acid-food-supplement-strength-growth-and-volume-60-capsules-1-month-cure-made-in-france-young-hair\/","title":{"rendered":"Women&#8217;s Hair Growth \u2013 Biotin + Plants + Folic Acid Food Supplement \u2013 Strength, Growth and Volume \u2013 60 Capsules \u2013 1 Month Cure \u2013 Made in France Young Hair"},"content":{"rendered":"<p>Price: <span style=\"color:#b12704\">\u20ac18.90<\/span><br \/><i><small>(as of Apr 20, 2026 23:28:51 UTC &#8211; <span class=\"wp_automatic_amazon_disclaimer\" title=\"Product prices and availability are accurate as of the date\/time indicated and are subject to change. Any price and availability information displayed on [relevant Amazon Site(s), as applicable] at the time of purchase will apply to the purchase of this product.\">Details<\/span>)<\/small><\/i><br \/><a href=\"https:\/\/amazon.fr\/dp\/B0FXRTBZQ6?tag=onamzmoukoubl-21\"><img decoding=\"async\" src=\"https:\/\/valvepress.s3.amazonaws.com\/imgs\/buy_now.png\"><\/a><br \/>\n<\/p>\n<p>                                             Product Description   <\/p>\n<p>                                                                             <img decoding=\"async\" alt=\"Le texte se lit comme suit : \u00ab YOUNG HAIR est une entreprise fran\u00e7aise \u00bb et \u00ab qui r\u00e9v\u00e8le votre beaut\u00e9 naturelle \u00bb. Publicit\u00e9 de produits de beaut\u00e9 montrant les bouteilles et le processus d&amp;#39;application.\" src=\"https:\/\/images-na.ssl-images-amazon.com\/images\/G\/01\/x-locale\/common\/grey-pixel.gif\" class=\"a-spacing-base a-lazy-loaded\" data-src=\"https:\/\/m.media-amazon.com\/images\/S\/aplus-media-library-service-media\/5fb899ba-9d0a-4707-8739-bb45c5d07180.__CR0,0,970,600_PT0_SX970_V1___.png\"><img decoding=\"async\" alt=\"Le texte se lit comme suit : \u00ab YOUNG HAIR est une entreprise fran\u00e7aise \u00bb et \u00ab qui r\u00e9v\u00e8le votre beaut\u00e9 naturelle \u00bb. Publicit\u00e9 de produits de beaut\u00e9 montrant les bouteilles et le processus d&amp;#39;application.\" src=\"https:\/\/m.media-amazon.com\/images\/S\/aplus-media-library-service-media\/5fb899ba-9d0a-4707-8739-bb45c5d07180.__CR0,0,970,600_PT0_SX970_V1___.png\">                                                                    <\/p>\n<p>                                                                             <img decoding=\"async\" alt=\"Le texte se lit comme suit : \u00ab Favorise la pousse des cheveux* Contribue \u00e0 une pousse plus dense* \u00bb. Publicit\u00e9 de produits de soins capillaires teint\u00e9s en rose avec des bouteilles de produit sur fond pastel.\" src=\"https:\/\/images-na.ssl-images-amazon.com\/images\/G\/01\/x-locale\/common\/grey-pixel.gif\" class=\"a-spacing-base a-lazy-loaded\" data-src=\"https:\/\/m.media-amazon.com\/images\/S\/aplus-media-library-service-media\/fd1f5c0d-0786-4f16-a843-2fd48895e3bb.__CR0,0,970,600_PT0_SX970_V1___.png\"><img decoding=\"async\" alt=\"Le texte se lit comme suit : \u00ab Favorise la pousse des cheveux* Contribue \u00e0 une pousse plus dense* \u00bb. Publicit\u00e9 de produits de soins capillaires teint\u00e9s en rose avec des bouteilles de produit sur fond pastel.\" src=\"https:\/\/m.media-amazon.com\/images\/S\/aplus-media-library-service-media\/fd1f5c0d-0786-4f16-a843-2fd48895e3bb.__CR0,0,970,600_PT0_SX970_V1___.png\">                                                                    <\/p>\n<p>                                                  <img decoding=\"async\" alt=\"Citations textuelles provenant de plusieurs critiques avec des notes de 5 \u00e9toiles. Commentaires de Clara, Sofia et Laura louant l&amp;#39;efficacit\u00e9 et la qualit\u00e9 du produit.\" src=\"https:\/\/images-na.ssl-images-amazon.com\/images\/G\/01\/x-locale\/common\/grey-pixel.gif\" class=\"a-lazy-loaded\" data-src=\"https:\/\/m.media-amazon.com\/images\/S\/aplus-media-library-service-media\/ef308e46-4ada-4df2-a287-2fa36105370d.__CR0,0,970,300_PT0_SX970_V1___.png\"><img decoding=\"async\" alt=\"Citations textuelles provenant de plusieurs critiques avec des notes de 5 \u00e9toiles. Commentaires de Clara, Sofia et Laura louant l&amp;#39;efficacit\u00e9 et la qualit\u00e9 du produit.\" src=\"https:\/\/m.media-amazon.com\/images\/S\/aplus-media-library-service-media\/ef308e46-4ada-4df2-a287-2fa36105370d.__CR0,0,970,300_PT0_SX970_V1___.png\">  <\/p>\n<p>                                                  <img decoding=\"async\" alt=\"Le texte indique \u00ab 90 % des clients satisfaits* \u00bb. Publicit\u00e9 montrant plusieurs bouteilles de suppl\u00e9ments ou de produits vitaminiques avec une banni\u00e8re sur fond rose.\" src=\"https:\/\/images-na.ssl-images-amazon.com\/images\/G\/01\/x-locale\/common\/grey-pixel.gif\" class=\"a-lazy-loaded\" data-src=\"https:\/\/m.media-amazon.com\/images\/S\/aplus-media-library-service-media\/91b25d6d-a238-4229-b57b-fb01ca4077dc.__CR0,0,970,300_PT0_SX970_V1___.png\"><img decoding=\"async\" alt=\"Le texte indique \u00ab 90 % des clients satisfaits* \u00bb. Publicit\u00e9 montrant plusieurs bouteilles de suppl\u00e9ments ou de produits vitaminiques avec une banni\u00e8re sur fond rose.\" src=\"https:\/\/m.media-amazon.com\/images\/S\/aplus-media-library-service-media\/91b25d6d-a238-4229-b57b-fb01ca4077dc.__CR0,0,970,300_PT0_SX970_V1___.png\">  <\/p>\n<p> Product Dimensions                                            \u200f                                            :                                            \u200e                                            4 x 4 x 8.8 cm; 40 g   <br \/> Manufacturer                                            \u200f                                            :                                            \u200e                                            Young Hair   <br \/> ASIN                                            \u200f                                            :                                            \u200e                                            B0FXRTBZQ6   <br \/> Country of origin                                            \u200f                                            :                                            \u200e                                            France   <br \/>  Customer reviews:                                                                                            4.6               4.6 out of 5 stars                                  (29)                                              var dpAcrHasRegisteredArcLinkClickAction;                    P.when(&#8216;A&#8217;, &#8216;ready&#8217;).execute(function(A) {                        if (dpAcrHasRegisteredArcLinkClickAction !== true) {                            dpAcrHasRegisteredArcLinkClickAction = true;                            A.declarative(                                &#8216;acrLink-click-metrics&#8217;, &#8216;click&#8217;,                                { &#8220;allowLinkDefault&#8221;: true },                                function (event) {                                    if (window.ue) {                                        ue.count(&#8220;acrLinkClickCount&#8221;, (ue.count(&#8220;acrLinkClickCount&#8221;) || 0) + 1);                                    }                                }                            );                        }                    });                                             P.when(&#8216;A&#8217;, &#8216;cf&#8217;).execute(function(A) {                A.declarative(&#8216;acrStarsLink-click-metrics&#8217;, &#8216;click&#8217;, { &#8220;allowLinkDefault&#8221; : true },  function(event){                    if(window.ue) {                        ue.count(&#8220;acrStarsLinkWithPopoverClickCount&#8221;, (ue.count(&#8220;acrStarsLinkWithPopoverClickCount&#8221;) || 0) + 1);                    }                });            });                          <br \/>HAIR GROWTH AND STRENGTH Expert formula based on biotin, plants and essential amino acids, designed to stimulate growth, strengthen hair fiber and restore vitality to tired hair.<br \/>COMPLETE AND BALANCED FORMULA Each capsule combines biotin, field horsetail, folic acid and lithothamn for a unique synergy of natural active ingredients that promote the beauty and strength of the hair.<br \/>Made in France, superior quality. Made and packaged in Vichy, our supplement is subjected to strict controls according to French standards. Pill box made of recycled PET and carefully selected ingredients. For uncompromising quality.<br \/>SIMPLE AND EFFECTIVE USE 2 capsules per day are enough for a 30-day cure. Easy to integrate routine without constraint, for visible results on hair density and radiance.<br \/>FOR STRONG AND BRIGHT HAIR Ideal for women prone to hair loss, lack of volume or breakage. A natural, vegan solution without unnecessary additives, to reveal the beauty of your hair.<\/p>\n\n","protected":false},"excerpt":{"rendered":"<p> Product Description Product Dimensions \u200f : \u200e 4 x 4 x 8.8 cm; 40 g Manufacturer \u200f : \u200e Young Hair ASIN \u200f : \u200e B0FXRTBZQ6 Country of origin \u200f : \u200e France Customer reviews: 4.6 4.6 out of 5 stars (29) var dpAcrHasRegisteredArcLinkClickAction; P.when(&#8216;A&#8217;, &#8216;ready&#8217;).execute(function(A) { if (dpAcrHasRegisteredArcLinkClickAction !== [&hellip;]<\/p>\n","protected":false},"featured_media":28372,"comment_status":"open","ping_status":"closed","template":"","meta":{"_gspb_post_css":"","om_disable_all_campaigns":false,"_monsterinsights_skip_tracking":false,"_monsterinsights_sitenote_active":false,"_monsterinsights_sitenote_note":"","_monsterinsights_sitenote_category":0},"store":[],"product_brand":[],"product_cat":[137],"product_tag":[188,170,198,196,1462,199,201,194,175,191,593,1145,200,1720,2037,6585],"class_list":{"0":"post-28371","1":"product","2":"type-product","3":"status-publish","4":"has-post-thumbnail","6":"product_cat-collagene-biotine","7":"product_tag-acid","8":"product_tag-biotin","9":"product_tag-capsules","10":"product_tag-cure","11":"product_tag-folic","12":"product_tag-food","13":"product_tag-france","14":"product_tag-growth","15":"product_tag-hair","16":"product_tag-month","17":"product_tag-plants","18":"product_tag-strength","19":"product_tag-supplement","20":"product_tag-volume","21":"product_tag-womens","22":"product_tag-young","24":"first","25":"instock","26":"shipping-taxable","27":"product-type-external"},"aioseo_notices":[],"jetpack_sharing_enabled":true,"_links":{"self":[{"href":"https:\/\/www.zolattitude.com\/index.php\/wp-json\/wp\/v2\/product\/28371","targetHints":{"allow":["GET"]}}],"collection":[{"href":"https:\/\/www.zolattitude.com\/index.php\/wp-json\/wp\/v2\/product"}],"about":[{"href":"https:\/\/www.zolattitude.com\/index.php\/wp-json\/wp\/v2\/types\/product"}],"replies":[{"embeddable":true,"href":"https:\/\/www.zolattitude.com\/index.php\/wp-json\/wp\/v2\/comments?post=28371"}],"wp:featuredmedia":[{"embeddable":true,"href":"https:\/\/www.zolattitude.com\/index.php\/wp-json\/wp\/v2\/media\/28372"}],"wp:attachment":[{"href":"https:\/\/www.zolattitude.com\/index.php\/wp-json\/wp\/v2\/media?parent=28371"}],"wp:term":[{"taxonomy":"store","embeddable":true,"href":"https:\/\/www.zolattitude.com\/index.php\/wp-json\/wp\/v2\/store?post=28371"},{"taxonomy":"product_brand","embeddable":true,"href":"https:\/\/www.zolattitude.com\/index.php\/wp-json\/wp\/v2\/product_brand?post=28371"},{"taxonomy":"product_cat","embeddable":true,"href":"https:\/\/www.zolattitude.com\/index.php\/wp-json\/wp\/v2\/product_cat?post=28371"},{"taxonomy":"product_tag","embeddable":true,"href":"https:\/\/www.zolattitude.com\/index.php\/wp-json\/wp\/v2\/product_tag?post=28371"}],"curies":[{"name":"wp","href":"https:\/\/api.w.org\/{rel}","templated":true}]}}