{"id":28381,"date":"2026-04-21T00:04:00","date_gmt":"2026-04-21T00:04:00","guid":{"rendered":"https:\/\/www.zolattitude.com\/index.php\/product\/detox-tea-herbal-tea-ginger-lemon-anti-retention-of-powerful-draining-water-diuretic-digestion-immunity-green-tea-nettle-dandelion-natural-infusion-100g\/"},"modified":"2026-04-21T00:04:12","modified_gmt":"2026-04-21T00:04:12","slug":"detox-tea-herbal-tea-ginger-lemon-anti-retention-of-powerful-draining-water-diuretic-digestion-immunity-green-tea-nettle-dandelion-natural-infusion-100g","status":"publish","type":"product","link":"https:\/\/www.zolattitude.com\/index.php\/product\/detox-tea-herbal-tea-ginger-lemon-anti-retention-of-powerful-draining-water-diuretic-digestion-immunity-green-tea-nettle-dandelion-natural-infusion-100g\/","title":{"rendered":"Detox Tea &#8211; Herbal Tea Ginger Lemon &#8211; Anti-Retention of Powerful Draining Water &#8211; Diuretic &#8211; Digestion &#8211; Immunity &#8211; Green Tea, Nettle &#038; Dandelion &#8211; Natural Infusion 100g"},"content":{"rendered":"<p>Price: <span style=\"color:#b12704\">\u20ac17.99<\/span><br \/><i><small>(as of Apr 21, 2026 00:04:00 UTC &#8211; <span class=\"wp_automatic_amazon_disclaimer\" title=\"Product prices and availability are accurate as of the date\/time indicated and are subject to change. Any price and availability information displayed on [relevant Amazon Site(s), as applicable] at the time of purchase will apply to the purchase of this product.\">Details<\/span>)<\/small><\/i><br \/><a href=\"https:\/\/amazon.fr\/dp\/B0D8H66TFB?tag=onamzmoukoubl-21\"><img decoding=\"async\" src=\"https:\/\/valvepress.s3.amazonaws.com\/imgs\/buy_now.png\"><\/a><br \/>\n<\/p>\n<p>                                             Product Description   <\/p>\n<p>                                                                             <img decoding=\"async\" alt=\"th\u00e9 relaxant\" src=\"https:\/\/images-na.ssl-images-amazon.com\/images\/G\/01\/x-locale\/common\/grey-pixel.gif\" class=\"a-spacing-base a-lazy-loaded\" data-src=\"https:\/\/m.media-amazon.com\/images\/S\/aplus-media-library-service-media\/cdc32f9e-d2a7-43ac-ac1b-041380387aa2.__CR0,0,970,600_PT0_SX970_V1___.jpg\"><img decoding=\"async\" alt=\"th\u00e9 relaxant\" src=\"https:\/\/m.media-amazon.com\/images\/S\/aplus-media-library-service-media\/cdc32f9e-d2a7-43ac-ac1b-041380387aa2.__CR0,0,970,600_PT0_SX970_V1___.jpg\">                                                                       <\/p>\n<p>                                                                             <img decoding=\"async\" alt=\"The vert\" src=\"https:\/\/images-na.ssl-images-amazon.com\/images\/G\/01\/x-locale\/common\/grey-pixel.gif\" class=\"a-spacing-base a-lazy-loaded\" data-src=\"https:\/\/m.media-amazon.com\/images\/S\/aplus-media-library-service-media\/f91c82f8-6297-4a54-ba7d-318c95540ed6.__CR0,0,970,600_PT0_SX970_V1___.jpg\"><img decoding=\"async\" alt=\"The vert\" src=\"https:\/\/m.media-amazon.com\/images\/S\/aplus-media-library-service-media\/f91c82f8-6297-4a54-ba7d-318c95540ed6.__CR0,0,970,600_PT0_SX970_V1___.jpg\">                                                                    <\/p>\n<p>                                                                             <img decoding=\"async\" alt=\"th\u00e9 et infusions\" src=\"https:\/\/images-na.ssl-images-amazon.com\/images\/G\/01\/x-locale\/common\/grey-pixel.gif\" class=\"a-spacing-base a-lazy-loaded\" data-src=\"https:\/\/m.media-amazon.com\/images\/S\/aplus-media-library-service-media\/d7f26f75-7621-4c91-a2ad-f31e323c2c62.__CR0,0,970,600_PT0_SX970_V1___.jpg\"><img decoding=\"async\" alt=\"th\u00e9 et infusions\" src=\"https:\/\/m.media-amazon.com\/images\/S\/aplus-media-library-service-media\/d7f26f75-7621-4c91-a2ad-f31e323c2c62.__CR0,0,970,600_PT0_SX970_V1___.jpg\">                                                                       <\/p>\n<p>                                                                             <img decoding=\"async\" alt=\"Detox minceur\" src=\"https:\/\/images-na.ssl-images-amazon.com\/images\/G\/01\/x-locale\/common\/grey-pixel.gif\" class=\"a-spacing-base a-lazy-loaded\" data-src=\"https:\/\/m.media-amazon.com\/images\/S\/aplus-media-library-service-media\/c32bec73-ef5f-4099-bf71-ee7f8858beb0.__CR0,0,970,600_PT0_SX970_V1___.jpg\"><img decoding=\"async\" alt=\"Detox minceur\" src=\"https:\/\/m.media-amazon.com\/images\/S\/aplus-media-library-service-media\/c32bec73-ef5f-4099-bf71-ee7f8858beb0.__CR0,0,970,600_PT0_SX970_V1___.jpg\">                                                                    <\/p>\n<p>                         Add To Basket  <\/p>\n<p>                         Add To Basket  <\/p>\n<p>                         Add To Basket  <\/p>\n<p>                         Add To Basket  <\/p>\n<p>                         Add To Basket  <\/p>\n<p>                         Add To Basket  <\/p>\n<p>                             Customer Reviews  <\/p>\n<p>                    4.3 out of 5 stars  322  <\/p>\n<p>                    4.7 out of 5 stars  58  <\/p>\n<p>                    4.5 out of 5 stars  7  <\/p>\n<p>                    4.0 out of 5 stars  1  <\/p>\n<p>                    4.7 out of 5 stars  4  <\/p>\n<p>                    4.4 out of 5 stars  11  <\/p>\n<p>                             Price  <\/p>\n<p>                                    \u20ac17.99\u20ac17.99                  \u20ac17.99\u20ac17.99                  \u20ac17.99\u20ac17.99                  \u20ac17.99\u20ac17.99                  \u20ac17.99\u20ac17.99                  \u20ac17.99\u20ac17.99        <\/p>\n<p>                             Ingr\u00e9dients Vedettes<br \/>\n                                Baies de Goji, Curcuma                Pissenlit, Racine de Bardane                Menthe verte, Framboises                Th\u00e9 noir, Noix de coco, Bergamote                R\u00e9glisse, Cannelle                Citron, Gingembre         <\/p>\n<p>                             Pr\u00e9sentation<br \/>\n                                Th\u00e9 en vrac                Th\u00e9 en vrac                Th\u00e9 en vrac                Th\u00e9 en vrac                Th\u00e9 en vrac                Th\u00e9 en vrac         <\/p>\n<p>                             Sans Caf\u00e9ine<br \/>\n                                  no data<br \/>\n                                                              no data<\/p>\n<p>                                              \u2713<br \/>\n                                                          no data<\/p>\n<p>                                              \u2713<br \/>\n                                                          no data<\/p>\n<p>                             Temps d&#8217;infusion<br \/>\n                                7-10 min               7-10 min               7-10 min               3-5 min               7-10 min               7-10 min        <\/p>\n<p>                             Temp\u00e9rature d&#8217;infusion<br \/>\n                                100\u00baC               100\u00baC               100\u00baC               100\u00baC               100\u00baC               100\u00baC        <\/p>\n<p>                             Avantages<br \/>\n                                Drainant et Diur\u00e9tique, Antioxydant Naturel, D\u00e9tox                D\u00e9toxification du Foie et du C\u00f4lon, Diur\u00e9tique, Antioxydant, D\u00e9tox                Digestif, Drainant, D\u00e9tox                \u00c9nergie et Vitalit\u00e9, Drainant, D\u00e9tox                Digestif et Relaxant, Antioxydant, D\u00e9tox                Renforce les D\u00e9fenses, Antioxydant, D\u00e9tox         <\/p>\n<p>                                                                             <img decoding=\"async\" alt=\"Matcha slim perte de poids rapide\" src=\"https:\/\/images-na.ssl-images-amazon.com\/images\/G\/01\/x-locale\/common\/grey-pixel.gif\" class=\"a-spacing-base a-lazy-loaded\" data-src=\"https:\/\/m.media-amazon.com\/images\/S\/aplus-media-library-service-media\/f60577d5-cc5f-49fa-be4b-9201199a9147.__CR0,0,970,600_PT0_SX970_V1___.jpg\"><img decoding=\"async\" alt=\"Matcha slim perte de poids rapide\" src=\"https:\/\/m.media-amazon.com\/images\/S\/aplus-media-library-service-media\/f60577d5-cc5f-49fa-be4b-9201199a9147.__CR0,0,970,600_PT0_SX970_V1___.jpg\">                                                                    <\/p>\n<p>                                                                             <img decoding=\"async\" alt=\"bien etre\" src=\"https:\/\/images-na.ssl-images-amazon.com\/images\/G\/01\/x-locale\/common\/grey-pixel.gif\" class=\"a-spacing-base a-lazy-loaded\" data-src=\"https:\/\/m.media-amazon.com\/images\/S\/aplus-media\/sc\/bfd356d2-bb60-4eff-8c2e-56711c589d5c.__CR0,0,970,600_PT0_SX970_V1___.jpg\"><img decoding=\"async\" alt=\"bien etre\" src=\"https:\/\/m.media-amazon.com\/images\/S\/aplus-media\/sc\/bfd356d2-bb60-4eff-8c2e-56711c589d5c.__CR0,0,970,600_PT0_SX970_V1___.jpg\">                                                                       <\/p>\n<p> Product Dimensions                                            \u200f                                            :                                            \u200e                                            15.5 x 2 x 21.5 cm; 100 g   <br \/> Manufacturer                                            \u200f                                            :                                            \u200e                                            CAMINO DE CABRAS,SAU   <br \/> ASIN                                            \u200f                                            :                                            \u200e                                            B0D8H66TFB   <br \/> Country of origin                                            \u200f                                            :                                            \u200e                                            Spain   <br \/>  Customer reviews:                                                                                            4.4               4.4 out of 5 stars                                  (11)                                              var dpAcrHasRegisteredArcLinkClickAction;                    P.when(&#8216;A&#8217;, &#8216;ready&#8217;).execute(function(A) {                        if (dpAcrHasRegisteredArcLinkClickAction !== true) {                            dpAcrHasRegisteredArcLinkClickAction = true;                            A.declarative(                                &#8216;acrLink-click-metrics&#8217;, &#8216;click&#8217;,                                { &#8220;allowLinkDefault&#8221;: true },                                function (event) {                                    if (window.ue) {                                        ue.count(&#8220;acrLinkClickCount&#8221;, (ue.count(&#8220;acrLinkClickCount&#8221;) || 0) + 1);                                    }                                }                            );                        }                    });                                             P.when(&#8216;A&#8217;, &#8216;cf&#8217;).execute(function(A) {                A.declarative(&#8216;acrStarsLink-click-metrics&#8217;, &#8216;click&#8217;, { &#8220;allowLinkDefault&#8221; : true },  function(event){                    if(window.ue) {                        ue.count(&#8220;acrStarsLinkWithPopoverClickCount&#8221;, (ue.count(&#8220;acrStarsLinkWithPopoverClickCount&#8221;) || 0) + 1);                    }                });            });                          <br \/>LEMON GINGER TEA &#038; GREEN TEA: A balanced infusion combining spicy ginger, bright lemon and detoxifying plants. With Sencha green tea, dandelion, basil, hibiscus, verbena, nettle, horsetail, pink pepper and cornflower. An elegant reinvention of a great classic.<br \/>DRAINING TEA &#038; DETOX: Effectively combats water retention and swollen belly. Dandelion and horsetail promote the elimination of toxins and fluids, supporting liver and kidneys, while ginger stimulates digestion and gently purifies the body.<br \/>Herbal tea IMMUNE SYSTEM: Strengthen your natural defenses with our lemon and ginger herbal tea, enriched with green tea, hibiscus, horsetail, nettle and pink pepper. This invigorating blend boosts your immunity while revitalizing your senses, keeping you in top shape all winter.<br \/>NATURAL ANTIOXIDANT: Ginger &#038; lemon tea with hibiscus, green tea and horsetail. Neutralizes free radicals, protects cells and supports your vitality. Add lemon and honey for a comforting winter drink.<br \/>BULK TEA: 100% natural blend of 12 beneficial plants. Ideal for fighting chills and keeping you warm during the winter.<\/p>\n\n","protected":false},"excerpt":{"rendered":"<p> Product Description Add To Basket Add To Basket Add To Basket Add To Basket Add To Basket Add To Basket Customer Reviews 4.3 out of 5 stars 322 4.7 out of 5 stars 58 4.5 out of 5 stars 7 4.0 out of 5 stars 1 4.7 out of 5 [&hellip;]<\/p>\n","protected":false},"featured_media":28382,"comment_status":"open","ping_status":"closed","template":"","meta":{"_gspb_post_css":"","om_disable_all_campaigns":false,"_monsterinsights_skip_tracking":false,"_monsterinsights_sitenote_active":false,"_monsterinsights_sitenote_note":"","_monsterinsights_sitenote_category":0},"store":[],"product_brand":[],"product_cat":[156],"product_tag":[352,7063,568,442,437,569,2309,364,826,561,272,559,407,260,1152,990,562,1712],"class_list":{"0":"post-28381","1":"product","2":"type-product","3":"status-publish","4":"has-post-thumbnail","6":"product_cat-foie-drainage","7":"product_tag-100g","8":"product_tag-antiretention","9":"product_tag-dandelion","10":"product_tag-detox","11":"product_tag-digestion","12":"product_tag-diuretic","13":"product_tag-draining","14":"product_tag-ginger","15":"product_tag-green","16":"product_tag-herbal","17":"product_tag-immunity","18":"product_tag-infusion","19":"product_tag-lemon","20":"product_tag-natural","21":"product_tag-nettle","22":"product_tag-powerful","23":"product_tag-tea","24":"product_tag-water","26":"first","27":"instock","28":"shipping-taxable","29":"product-type-external"},"aioseo_notices":[],"jetpack_sharing_enabled":true,"_links":{"self":[{"href":"https:\/\/www.zolattitude.com\/index.php\/wp-json\/wp\/v2\/product\/28381","targetHints":{"allow":["GET"]}}],"collection":[{"href":"https:\/\/www.zolattitude.com\/index.php\/wp-json\/wp\/v2\/product"}],"about":[{"href":"https:\/\/www.zolattitude.com\/index.php\/wp-json\/wp\/v2\/types\/product"}],"replies":[{"embeddable":true,"href":"https:\/\/www.zolattitude.com\/index.php\/wp-json\/wp\/v2\/comments?post=28381"}],"wp:featuredmedia":[{"embeddable":true,"href":"https:\/\/www.zolattitude.com\/index.php\/wp-json\/wp\/v2\/media\/28382"}],"wp:attachment":[{"href":"https:\/\/www.zolattitude.com\/index.php\/wp-json\/wp\/v2\/media?parent=28381"}],"wp:term":[{"taxonomy":"store","embeddable":true,"href":"https:\/\/www.zolattitude.com\/index.php\/wp-json\/wp\/v2\/store?post=28381"},{"taxonomy":"product_brand","embeddable":true,"href":"https:\/\/www.zolattitude.com\/index.php\/wp-json\/wp\/v2\/product_brand?post=28381"},{"taxonomy":"product_cat","embeddable":true,"href":"https:\/\/www.zolattitude.com\/index.php\/wp-json\/wp\/v2\/product_cat?post=28381"},{"taxonomy":"product_tag","embeddable":true,"href":"https:\/\/www.zolattitude.com\/index.php\/wp-json\/wp\/v2\/product_tag?post=28381"}],"curies":[{"name":"wp","href":"https:\/\/api.w.org\/{rel}","templated":true}]}}