{"id":28391,"date":"2026-04-21T00:04:59","date_gmt":"2026-04-21T00:04:59","guid":{"rendered":"https:\/\/www.zolattitude.com\/index.php\/product\/probiotic-intestinal-flora-strengthens-intestinal-flora-and-immune-system-digestive-comfort-8-billion-microorganisms-per-capsule-lactobacillus-vegan-gluten-free-60-capsules\/"},"modified":"2026-04-21T00:05:09","modified_gmt":"2026-04-21T00:05:09","slug":"probiotic-intestinal-flora-strengthens-intestinal-flora-and-immune-system-digestive-comfort-8-billion-microorganisms-per-capsule-lactobacillus-vegan-gluten-free-60-capsules","status":"publish","type":"product","link":"https:\/\/www.zolattitude.com\/index.php\/product\/probiotic-intestinal-flora-strengthens-intestinal-flora-and-immune-system-digestive-comfort-8-billion-microorganisms-per-capsule-lactobacillus-vegan-gluten-free-60-capsules\/","title":{"rendered":"Probiotic Intestinal Flora &#8211; Strengthens Intestinal Flora and Immune System &#8211; Digestive Comfort &#8211; 8 Billion Microorganisms per Capsule &#8211; Lactobacillus &#8211; Vegan &#8211; Gluten Free &#8211; 60 Capsules"},"content":{"rendered":"<p>Price: <span style=\"color:#b12704\">\u20ac34.00<\/span><br \/><i><small>(as of Apr 21, 2026 00:04:59 UTC &#8211; <span class=\"wp_automatic_amazon_disclaimer\" title=\"Product prices and availability are accurate as of the date\/time indicated and are subject to change. Any price and availability information displayed on [relevant Amazon Site(s), as applicable] at the time of purchase will apply to the purchase of this product.\">Details<\/span>)<\/small><\/i><br \/><a href=\"https:\/\/amazon.fr\/dp\/B00LHZSGEY?tag=onamzmoukoubl-21\"><img decoding=\"async\" src=\"https:\/\/valvepress.s3.amazonaws.com\/imgs\/buy_now.png\"><\/a><br \/>\n<\/p>\n<p>                                             From the brand   <\/p>\n<p>                                              <img decoding=\"async\" alt=\"Le texte indique \u00ab SuperSmart \u00bb. Fond minimaliste blanc avec le texte de la marque visible.\" src=\"https:\/\/images-na.ssl-images-amazon.com\/images\/G\/01\/x-locale\/common\/grey-pixel.gif\" class=\"a-lazy-loaded\" data-src=\"https:\/\/m.media-amazon.com\/images\/S\/aplus-media-library-service-media\/6e817401-aec4-4eb4-9413-47e28c9a6527.__CR0,0,1464,625_PT0_SX1464_V1___.png\"><img decoding=\"async\" alt=\"Le texte indique \u00ab SuperSmart \u00bb. Fond minimaliste blanc avec le texte de la marque visible.\" src=\"https:\/\/m.media-amazon.com\/images\/S\/aplus-media-library-service-media\/6e817401-aec4-4eb4-9413-47e28c9a6527.__CR0,0,1464,625_PT0_SX1464_V1___.png\">  <\/p>\n<p>                                              <img decoding=\"async\" alt=\"Fond bleu avec ic\u00f4nes blanches. Le texte indique un catalogue de produits contenant plus de 400 articles r\u00e9partis dans 8 cat\u00e9gories diff\u00e9rentes.\" src=\"https:\/\/images-na.ssl-images-amazon.com\/images\/G\/01\/x-locale\/common\/grey-pixel.gif\" class=\"a-lazy-loaded\" data-src=\"https:\/\/m.media-amazon.com\/images\/S\/aplus-media-library-service-media\/34069998-c5ce-4195-8564-f0a0cec7f801.__CR0,0,1362,1704_PT0_SX362_V1___.jpg\"><img decoding=\"async\" alt=\"Fond bleu avec ic\u00f4nes blanches. Le texte indique un catalogue de produits contenant plus de 400 articles r\u00e9partis dans 8 cat\u00e9gories diff\u00e9rentes.\" src=\"https:\/\/m.media-amazon.com\/images\/S\/aplus-media-library-service-media\/34069998-c5ce-4195-8564-f0a0cec7f801.__CR0,0,1362,1704_PT0_SX362_V1___.jpg\">  <\/p>\n<h3> Anti-\u00e2ge <\/h3>\n<p class=\"apm-brand-story-stores-link\">\n<h3> Sant\u00e9 gastro-intestinale <\/h3>\n<p class=\"apm-brand-story-stores-link\">\n<h3> Sant\u00e9 cardiovasculaire <\/h3>\n<p class=\"apm-brand-story-stores-link\">\n<h3> Sport, fitness et beaut\u00e9 <\/h3>\n<p class=\"apm-brand-story-stores-link\">\n<h3> Immunit\u00e9 <\/h3>\n<p class=\"apm-brand-story-stores-link\">\n<h3> Nutrition c\u00e9r\u00e9brale, et stress <\/h3>\n<p class=\"apm-brand-story-stores-link\">\n<h3> Sexualit\u00e9 et sant\u00e9 urinaire <\/h3>\n<p class=\"apm-brand-story-stores-link\">\n<h3> Soins des articulations <\/h3>\n<p class=\"apm-brand-story-stores-link\">\n<p> Is discontinued by manufacturer                                            \u200f                                            :                                            \u200e                                            No   <br \/> Product Dimensions                                            \u200f                                            :                                            \u200e                                            10.16 x 7.62 x 5.08 cm; 34 g   <br \/> Manufacturer                                            \u200f                                            :                                            \u200e                                            SUPERSMART   <br \/> ASIN                                            \u200f                                            :                                            \u200e                                            B00LHZSGEY   <br \/> Manufacturer reference                                            \u200f                                            :                                            \u200e                                            494   <br \/>  Customer reviews:                                                                                            4.2               4.2 out of 5 stars                                  (383)                                              var dpAcrHasRegisteredArcLinkClickAction;                    P.when(&#8216;A&#8217;, &#8216;ready&#8217;).execute(function(A) {                        if (dpAcrHasRegisteredArcLinkClickAction !== true) {                            dpAcrHasRegisteredArcLinkClickAction = true;                            A.declarative(                                &#8216;acrLink-click-metrics&#8217;, &#8216;click&#8217;,                                { &#8220;allowLinkDefault&#8221;: true },                                function (event) {                                    if (window.ue) {                                        ue.count(&#8220;acrLinkClickCount&#8221;, (ue.count(&#8220;acrLinkClickCount&#8221;) || 0) + 1);                                    }                                }                            );                        }                    });                                             P.when(&#8216;A&#8217;, &#8216;cf&#8217;).execute(function(A) {                A.declarative(&#8216;acrStarsLink-click-metrics&#8217;, &#8216;click&#8217;, { &#8220;allowLinkDefault&#8221; : true },  function(event){                    if(window.ue) {                        ue.count(&#8220;acrStarsLinkWithPopoverClickCount&#8221;, (ue.count(&#8220;acrStarsLinkWithPopoverClickCount&#8221;) || 0) + 1);                    }                });            });                          <br \/>SUPERSMART: 31 years of expertise, we are one of the first brands in Europe to market food supplements. Our formulas are developed by a Doctor of Microbiology and Immunology. With hundreds of thousands of satisfied customers, Supersmart is a key player in nutritional supplementation.<br \/>8 BILLION MICROORGANISMS AT YOUR SERVICE: Probio Forte offers you health benefits such as strengthening the gut barrier, improving digestion, modulating the immune system, producing neurotransmitters beneficial to mental health, detoxifying toxic substances and competing with pathogenic bacteria to prevent infection. tions.<br \/>NATURAL INGREDIENTS: Probio Forte contains 5 different strains of probiotics that can be found in fermented foods like yogurt. A vegan and gluten-free formula! At Supersmart we choose raw materials rich in active ingredients. We also favor eco-responsible approaches and natural excipients.<br \/>Instructions: Take one capsule daily, preferably fasting. It is advisable to store Probio Forte in a cool place. This product is a nutritional supplement and should not be used as a substitute for a balanced and varied diet or a healthy lifestyle. Keep away from children, away from light, heat and moisture.<br \/>SATISFACTION GUARANTEED: We strive to provide you with a range of highly efficient products, while providing you with exceptional customer service. If you have any questions or concerns, please feel free to contact us at any time. We are here to help you become the best version of yourself.<\/p>\n\n","protected":false},"excerpt":{"rendered":"<p> From the brand Anti-\u00e2ge Sant\u00e9 gastro-intestinale Sant\u00e9 cardiovasculaire Sport, fitness et beaut\u00e9 Immunit\u00e9 Nutrition c\u00e9r\u00e9brale, et stress Sexualit\u00e9 et sant\u00e9 urinaire Soins des articulations Is discontinued by manufacturer \u200f : \u200e No Product Dimensions \u200f : \u200e 10.16 x 7.62 x 5.08 cm; 34 g Manufacturer \u200f : \u200e SUPERSMART [&hellip;]<\/p>\n","protected":false},"featured_media":28392,"comment_status":"open","ping_status":"closed","template":"","meta":{"_gspb_post_css":"","om_disable_all_campaigns":false,"_monsterinsights_skip_tracking":false,"_monsterinsights_sitenote_active":false,"_monsterinsights_sitenote_note":"","_monsterinsights_sitenote_category":0},"store":[],"product_brand":[],"product_cat":[154],"product_tag":[553,1097,198,444,487,435,263,310,814,434,440,7064,433,1109,401,261],"class_list":{"0":"post-28391","1":"product","2":"type-product","3":"status-publish","4":"has-post-thumbnail","6":"product_cat-sante-intestinale","7":"product_tag-billion","8":"product_tag-capsule","9":"product_tag-capsules","10":"product_tag-comfort","11":"product_tag-digestive","12":"product_tag-flora","13":"product_tag-free","14":"product_tag-gluten","15":"product_tag-immune","16":"product_tag-intestinal","17":"product_tag-lactobacillus","18":"product_tag-microorganisms","19":"product_tag-probiotic","20":"product_tag-strengthens","21":"product_tag-system","22":"product_tag-vegan","24":"first","25":"instock","26":"shipping-taxable","27":"product-type-external"},"aioseo_notices":[],"jetpack_sharing_enabled":true,"_links":{"self":[{"href":"https:\/\/www.zolattitude.com\/index.php\/wp-json\/wp\/v2\/product\/28391","targetHints":{"allow":["GET"]}}],"collection":[{"href":"https:\/\/www.zolattitude.com\/index.php\/wp-json\/wp\/v2\/product"}],"about":[{"href":"https:\/\/www.zolattitude.com\/index.php\/wp-json\/wp\/v2\/types\/product"}],"replies":[{"embeddable":true,"href":"https:\/\/www.zolattitude.com\/index.php\/wp-json\/wp\/v2\/comments?post=28391"}],"wp:featuredmedia":[{"embeddable":true,"href":"https:\/\/www.zolattitude.com\/index.php\/wp-json\/wp\/v2\/media\/28392"}],"wp:attachment":[{"href":"https:\/\/www.zolattitude.com\/index.php\/wp-json\/wp\/v2\/media?parent=28391"}],"wp:term":[{"taxonomy":"store","embeddable":true,"href":"https:\/\/www.zolattitude.com\/index.php\/wp-json\/wp\/v2\/store?post=28391"},{"taxonomy":"product_brand","embeddable":true,"href":"https:\/\/www.zolattitude.com\/index.php\/wp-json\/wp\/v2\/product_brand?post=28391"},{"taxonomy":"product_cat","embeddable":true,"href":"https:\/\/www.zolattitude.com\/index.php\/wp-json\/wp\/v2\/product_cat?post=28391"},{"taxonomy":"product_tag","embeddable":true,"href":"https:\/\/www.zolattitude.com\/index.php\/wp-json\/wp\/v2\/product_tag?post=28391"}],"curies":[{"name":"wp","href":"https:\/\/api.w.org\/{rel}","templated":true}]}}