{"id":28401,"date":"2026-04-21T00:07:01","date_gmt":"2026-04-21T00:07:01","guid":{"rendered":"https:\/\/www.zolattitude.com\/index.php\/product\/potassium-magnesium-400-tablets-piulife-225mg-magnesium-citrate-and-300mg-potassium-citrate-per-dose-dietary-supplement-intense-fatigue-exhaustion-mineral-salts-sport-energy\/"},"modified":"2026-04-21T00:07:12","modified_gmt":"2026-04-21T00:07:12","slug":"potassium-magnesium-400-tablets-piulife-225mg-magnesium-citrate-and-300mg-potassium-citrate-per-dose-dietary-supplement-intense-fatigue-exhaustion-mineral-salts-sport-energy","status":"publish","type":"product","link":"https:\/\/www.zolattitude.com\/index.php\/product\/potassium-magnesium-400-tablets-piulife-225mg-magnesium-citrate-and-300mg-potassium-citrate-per-dose-dietary-supplement-intense-fatigue-exhaustion-mineral-salts-sport-energy\/","title":{"rendered":"Potassium Magnesium 400 Tablets Pi\u00f9Life 225mg Magnesium Citrate and 300mg Potassium Citrate Per Dose, Dietary Supplement Intense Fatigue Exhaustion, Mineral Salts Sport, Energy"},"content":{"rendered":"<p>Price: <span style=\"color:#b12704\"><del>\u20ac18.90<\/del> - \u20ac17.10<\/span><br \/><i><small>(as of Apr 21, 2026 00:07:02 UTC &#8211; <span class=\"wp_automatic_amazon_disclaimer\" title=\"Product prices and availability are accurate as of the date\/time indicated and are subject to change. Any price and availability information displayed on [relevant Amazon Site(s), as applicable] at the time of purchase will apply to the purchase of this product.\">Details<\/span>)<\/small><\/i><br \/><a href=\"https:\/\/amazon.fr\/dp\/B0CKW69KWV?tag=onamzmoukoubl-21\"><img decoding=\"async\" src=\"https:\/\/valvepress.s3.amazonaws.com\/imgs\/buy_now.png\"><\/a><br \/>\n<\/p>\n<p>                                             From the brand   <\/p>\n<p>                                              <img decoding=\"async\" alt=\"Capsules ou suppl\u00e9ments beiges \u00e9parpill\u00e9s pr\u00e8s d&amp;#39;un contenant cylindrique blanc, avec des feuilles vertes de plantes l\u00e9g\u00e8rement floues.\" src=\"https:\/\/images-na.ssl-images-amazon.com\/images\/G\/01\/x-locale\/common\/grey-pixel.gif\" class=\"a-lazy-loaded\" data-src=\"https:\/\/m.media-amazon.com\/images\/S\/aplus-media-library-service-media\/eb573752-c59a-49ce-a731-b860b74cdb6d.__CR0,0,1464,625_PT0_SX1464_V1___.jpg\"><img decoding=\"async\" alt=\"Capsules ou suppl\u00e9ments beiges \u00e9parpill\u00e9s pr\u00e8s d&amp;#39;un contenant cylindrique blanc, avec des feuilles vertes de plantes l\u00e9g\u00e8rement floues.\" src=\"https:\/\/m.media-amazon.com\/images\/S\/aplus-media-library-service-media\/eb573752-c59a-49ce-a731-b860b74cdb6d.__CR0,0,1464,625_PT0_SX1464_V1___.jpg\">  <\/p>\n<p>                                              <img decoding=\"async\" alt=\"\" src=\"https:\/\/images-na.ssl-images-amazon.com\/images\/G\/01\/x-locale\/common\/grey-pixel.gif\" class=\"a-lazy-loaded\" data-src=\"https:\/\/m.media-amazon.com\/images\/S\/aplus-media-library-service-media\/0f0f1d3b-a3c5-4342-a2e2-d54d374c74ee.__CR0,0,315,145_PT0_SX315_V1___.jpg\"><img decoding=\"async\" alt=\"\" src=\"https:\/\/m.media-amazon.com\/images\/S\/aplus-media-library-service-media\/0f0f1d3b-a3c5-4342-a2e2-d54d374c74ee.__CR0,0,315,145_PT0_SX315_V1___.jpg\">  <\/p>\n<p> Pi\u00f9Life est la ligne de compl\u00e9ments alimentaires pour ceux qui veulent ajouter quelque chose \u00e0 leur quotidien: \u00e9nergie, vitalit\u00e9 et bien-\u00eatre! <\/p>\n<p> Pi\u00f9Life s\u00e9lectionne les meilleures mati\u00e8res premi\u00e8res et r\u00e9alise ses compl\u00e9ments exclusivement en Italie, selon les standards de qualit\u00e9 les plus \u00e9lev\u00e9s du Made in Italy. <\/p>\n<h3> \u00c9quilibre in &amp; out <\/h3>\n<p class=\"apm-brand-story-stores-link\">\n<h3> Va droit au but <\/h3>\n<p class=\"apm-brand-story-stores-link\">\n<h3> Force antioxydante <\/h3>\n<p class=\"apm-brand-story-stores-link\">\n<h3> Faites le plein d&#8217;\u00e9nergie <\/h3>\n<p class=\"apm-brand-story-stores-link\">\n<p> Package Dimensions                                            \u200f                                            :                                            \u200e                                            9.7 x 9.2 x 9.2 cm; 250 g   <br \/> Manufacturer                                            \u200f                                            :                                            \u200e                                            +LIFE   <br \/> ASIN                                            \u200f                                            :                                            \u200e                                            B0CKW69KWV   <br \/> Country of origin                                            \u200f                                            :                                            \u200e                                            France   <br \/>  Customer reviews:                                                                                            4.4               4.4 out of 5 stars                                  (928)                                              var dpAcrHasRegisteredArcLinkClickAction;                    P.when(&#8216;A&#8217;, &#8216;ready&#8217;).execute(function(A) {                        if (dpAcrHasRegisteredArcLinkClickAction !== true) {                            dpAcrHasRegisteredArcLinkClickAction = true;                            A.declarative(                                &#8216;acrLink-click-metrics&#8217;, &#8216;click&#8217;,                                { &#8220;allowLinkDefault&#8221;: true },                                function (event) {                                    if (window.ue) {                                        ue.count(&#8220;acrLinkClickCount&#8221;, (ue.count(&#8220;acrLinkClickCount&#8221;) || 0) + 1);                                    }                                }                            );                        }                    });                                             P.when(&#8216;A&#8217;, &#8216;cf&#8217;).execute(function(A) {                A.declarative(&#8216;acrStarsLink-click-metrics&#8217;, &#8216;click&#8217;, { &#8220;allowLinkDefault&#8221; : true },  function(event){                    if(window.ue) {                        ue.count(&#8220;acrStarsLinkWithPopoverClickCount&#8221;, (ue.count(&#8220;acrStarsLinkWithPopoverClickCount&#8221;) || 0) + 1);                    }                });            });                          <br \/>Pi\u00f9Life Sugar Free Magnesium Potassium Supplement promotes muscle well-being, supporting physical endurance and fighting the feeling of fatigue. The synergy between potassium and magnesium promotes electrolyte balance, which is essential for the proper functioning of the nervous system. Supports sleep quality and daily energy<br \/>Magnesium Citrate And Potassium Citrate Pi\u00f9Life contains a winning combination of mineral salts that work synergistically to support different physiological functions in the body. In addition to promoting electrolyte balance, Magnesium Piulife plays a key role in regulating the nervous system, also promoting muscle relaxation<br \/>You can manage the daily dose according to your needs &#8211; 6 tablets per day provide 300 mg of potassium and 225mg of magnesium powder<br \/>Gluten &#038; Lactose Free &#8211; A magnesium and potassium supplement gluten-free, lactose free tablets is the ideal choice to supplement nutrients in a practical and sustainable way, respecting different food needs and preferences<br \/>For synergistic action, combine Pi\u00f9Life Magnesium Potassium tablets with Pi\u00f9Life Vitamin C to combat fatigue, and Vitamin B Complex Pi\u00f9Life, for daily energy well-being<\/p>\n\n","protected":false},"excerpt":{"rendered":"<p> From the brand Pi\u00f9Life est la ligne de compl\u00e9ments alimentaires pour ceux qui veulent ajouter quelque chose \u00e0 leur quotidien: \u00e9nergie, vitalit\u00e9 et bien-\u00eatre! Pi\u00f9Life s\u00e9lectionne les meilleures mati\u00e8res premi\u00e8res et r\u00e9alise ses compl\u00e9ments exclusivement en Italie, selon les standards de qualit\u00e9 les plus \u00e9lev\u00e9s du Made in Italy. \u00c9quilibre [&hellip;]<\/p>\n","protected":false},"featured_media":28402,"comment_status":"open","ping_status":"closed","template":"","meta":{"_gspb_post_css":"","om_disable_all_campaigns":false,"_monsterinsights_skip_tracking":false,"_monsterinsights_sitenote_active":false,"_monsterinsights_sitenote_note":"","_monsterinsights_sitenote_category":0},"store":[],"product_brand":[],"product_cat":[152],"product_tag":[7065,428,2475,299,306,289,4594,270,269,287,273,774,1113,4595,787,200,179],"class_list":{"0":"post-28401","1":"product","2":"type-product","3":"status-publish","4":"has-post-thumbnail","6":"product_cat-magnesium-marin","7":"product_tag-225mg","8":"product_tag-300mg","9":"product_tag-citrate","10":"product_tag-dietary","11":"product_tag-dose","12":"product_tag-energy","13":"product_tag-exhaustion","14":"product_tag-fatigue","15":"product_tag-intense","16":"product_tag-magnesium","17":"product_tag-mineral","18":"product_tag-piulife","19":"product_tag-potassium","20":"product_tag-salts","21":"product_tag-sport","22":"product_tag-supplement","23":"product_tag-tablets","25":"first","26":"instock","27":"sale","28":"shipping-taxable","29":"product-type-external"},"aioseo_notices":[],"jetpack_sharing_enabled":true,"_links":{"self":[{"href":"https:\/\/www.zolattitude.com\/index.php\/wp-json\/wp\/v2\/product\/28401","targetHints":{"allow":["GET"]}}],"collection":[{"href":"https:\/\/www.zolattitude.com\/index.php\/wp-json\/wp\/v2\/product"}],"about":[{"href":"https:\/\/www.zolattitude.com\/index.php\/wp-json\/wp\/v2\/types\/product"}],"replies":[{"embeddable":true,"href":"https:\/\/www.zolattitude.com\/index.php\/wp-json\/wp\/v2\/comments?post=28401"}],"wp:featuredmedia":[{"embeddable":true,"href":"https:\/\/www.zolattitude.com\/index.php\/wp-json\/wp\/v2\/media\/28402"}],"wp:attachment":[{"href":"https:\/\/www.zolattitude.com\/index.php\/wp-json\/wp\/v2\/media?parent=28401"}],"wp:term":[{"taxonomy":"store","embeddable":true,"href":"https:\/\/www.zolattitude.com\/index.php\/wp-json\/wp\/v2\/store?post=28401"},{"taxonomy":"product_brand","embeddable":true,"href":"https:\/\/www.zolattitude.com\/index.php\/wp-json\/wp\/v2\/product_brand?post=28401"},{"taxonomy":"product_cat","embeddable":true,"href":"https:\/\/www.zolattitude.com\/index.php\/wp-json\/wp\/v2\/product_cat?post=28401"},{"taxonomy":"product_tag","embeddable":true,"href":"https:\/\/www.zolattitude.com\/index.php\/wp-json\/wp\/v2\/product_tag?post=28401"}],"curies":[{"name":"wp","href":"https:\/\/api.w.org\/{rel}","templated":true}]}}