{"id":28419,"date":"2026-04-21T00:59:53","date_gmt":"2026-04-21T00:59:53","guid":{"rendered":"https:\/\/www.zolattitude.com\/index.php\/product\/ashwagandha-gummies-for-stress-relief-with-gaba-rhodiola-rosea-vitamin-b6-vitamin-b12-cortisol-control-120-gummies-per-tummy-tox\/"},"modified":"2026-04-21T01:00:03","modified_gmt":"2026-04-21T01:00:03","slug":"ashwagandha-gummies-for-stress-relief-with-gaba-rhodiola-rosea-vitamin-b6-vitamin-b12-cortisol-control-120-gummies-per-tummy-tox","status":"publish","type":"product","link":"https:\/\/www.zolattitude.com\/index.php\/product\/ashwagandha-gummies-for-stress-relief-with-gaba-rhodiola-rosea-vitamin-b6-vitamin-b12-cortisol-control-120-gummies-per-tummy-tox\/","title":{"rendered":"Ashwagandha Gummies for Stress Relief with GABA, Rhodiola Rosea, Vitamin B6, Vitamin B12, Cortisol Control, 120 Gummies Per Tummy Tox"},"content":{"rendered":"<p>Price: <span style=\"color:#b12704\">\u20ac35.90<\/span><br \/><i><small>(as of Apr 21, 2026 00:59:53 UTC &#8211; <span class=\"wp_automatic_amazon_disclaimer\" title=\"Product prices and availability are accurate as of the date\/time indicated and are subject to change. Any price and availability information displayed on [relevant Amazon Site(s), as applicable] at the time of purchase will apply to the purchase of this product.\">Details<\/span>)<\/small><\/i><br \/><a href=\"https:\/\/amazon.fr\/dp\/B0F2J7C7Q3?tag=onamzmoukoubl-21\"><img decoding=\"async\" src=\"https:\/\/valvepress.s3.amazonaws.com\/imgs\/buy_now.png\"><\/a><br \/>\n<\/p>\n<p>                                             From the brand   <\/p>\n<p>                                              <img decoding=\"async\" alt=\"\" src=\"https:\/\/images-na.ssl-images-amazon.com\/images\/G\/01\/x-locale\/common\/grey-pixel.gif\" class=\"a-lazy-loaded\" data-src=\"https:\/\/m.media-amazon.com\/images\/S\/aplus-media-library-service-media\/c5813263-f573-4400-8452-970d1cb1598c.__CR0,0,1464,625_PT0_SX1464_V1___.jpg\"><img decoding=\"async\" alt=\"\" src=\"https:\/\/m.media-amazon.com\/images\/S\/aplus-media-library-service-media\/c5813263-f573-4400-8452-970d1cb1598c.__CR0,0,1464,625_PT0_SX1464_V1___.jpg\">  <\/p>\n<h3> Tummy Tox Gomies <\/h3>\n<p> D\u00e9licieux gommes <\/p>\n<p> Effet beaut\u00e9 de l&#8217;int\u00e9rieur <\/p>\n<p> Cheveux, peau, ongles, syst\u00e8me immunitaire et sommeil <\/p>\n<p>                                              <img decoding=\"async\" alt=\"\" src=\"https:\/\/images-na.ssl-images-amazon.com\/images\/G\/01\/x-locale\/common\/grey-pixel.gif\" class=\"a-lazy-loaded\" data-src=\"https:\/\/m.media-amazon.com\/images\/S\/aplus-media-library-service-media\/48167c13-ffa2-46ee-bd91-7a35146f19b3.__CR0,0,315,145_PT0_SX315_V1___.jpg\"><img decoding=\"async\" alt=\"\" src=\"https:\/\/m.media-amazon.com\/images\/S\/aplus-media-library-service-media\/48167c13-ffa2-46ee-bd91-7a35146f19b3.__CR0,0,315,145_PT0_SX315_V1___.jpg\">  <\/p>\n<p> Pourquoi choisir des caoutchoucs ? <\/p>\n<p> Parce que nous sommes des femmes qui aiment prendre soin des autres femmes, et pourquoi ne pas le faire d&#8217;une mani\u00e8re d\u00e9licieuse &lt;3 <\/p>\n<h3> Le plaisir et la beaut\u00e9 en un seul produit <\/h3>\n<p class=\"apm-brand-story-stores-link\">\n<p>                                              <img decoding=\"async\" alt=\"\" src=\"https:\/\/images-na.ssl-images-amazon.com\/images\/G\/01\/x-locale\/common\/grey-pixel.gif\" class=\"a-lazy-loaded\" data-src=\"https:\/\/m.media-amazon.com\/images\/S\/aplus-media-library-service-media\/1e5387e6-0dd6-42ed-acef-df2d1e6788e5.__CR0,0,362,453_PT0_SX362_V1___.jpg\"><img decoding=\"async\" alt=\"\" src=\"https:\/\/m.media-amazon.com\/images\/S\/aplus-media-library-service-media\/1e5387e6-0dd6-42ed-acef-df2d1e6788e5.__CR0,0,362,453_PT0_SX362_V1___.jpg\">  <\/p>\n<h3> Tummy Tox Caoutchouc brillant <\/h3>\n<p>                                              <img decoding=\"async\" alt=\"\" src=\"https:\/\/images-na.ssl-images-amazon.com\/images\/G\/01\/x-locale\/common\/grey-pixel.gif\" class=\"a-lazy-loaded\" data-src=\"https:\/\/m.media-amazon.com\/images\/S\/aplus-media-library-service-media\/502abde1-09aa-460e-b631-a2f90cd5803b.__CR0,0,362,453_PT0_SX362_V1___.jpg\"><img decoding=\"async\" alt=\"\" src=\"https:\/\/m.media-amazon.com\/images\/S\/aplus-media-library-service-media\/502abde1-09aa-460e-b631-a2f90cd5803b.__CR0,0,362,453_PT0_SX362_V1___.jpg\">  <\/p>\n<h3> Tummy Tox Gommes multivitamin\u00e9es <\/h3>\n<p>                                              <img decoding=\"async\" alt=\"\" src=\"https:\/\/images-na.ssl-images-amazon.com\/images\/G\/01\/x-locale\/common\/grey-pixel.gif\" class=\"a-lazy-loaded\" data-src=\"https:\/\/m.media-amazon.com\/images\/S\/aplus-media-library-service-media\/b19cc597-df4b-45b4-b3b0-f9a80aa2a5ba.__CR0,0,362,453_PT0_SX362_V1___.jpg\"><img decoding=\"async\" alt=\"\" src=\"https:\/\/m.media-amazon.com\/images\/S\/aplus-media-library-service-media\/b19cc597-df4b-45b4-b3b0-f9a80aa2a5ba.__CR0,0,362,453_PT0_SX362_V1___.jpg\">  <\/p>\n<h3> Tummy Tox Hair Care Gummies <\/h3>\n<p>                                              <img decoding=\"async\" alt=\"\" src=\"https:\/\/images-na.ssl-images-amazon.com\/images\/G\/01\/x-locale\/common\/grey-pixel.gif\" class=\"a-lazy-loaded\" data-src=\"https:\/\/m.media-amazon.com\/images\/S\/aplus-media-library-service-media\/2533caa9-bb6b-4da8-a8ef-73ae494e00a1.__CR0,0,362,453_PT0_SX362_V1___.jpg\"><img decoding=\"async\" alt=\"\" src=\"https:\/\/m.media-amazon.com\/images\/S\/aplus-media-library-service-media\/2533caa9-bb6b-4da8-a8ef-73ae494e00a1.__CR0,0,362,453_PT0_SX362_V1___.jpg\">  <\/p>\n<h3> Tummy Tox Boom Body Gummies <\/h3>\n<p> Package Dimensions                                            \u200f                                            :                                            \u200e                                            14.7 x 13.9 x 7.2 cm; 460 g   <br \/> Manufacturer                                            \u200f                                            :                                            \u200e                                            Sensilab   <br \/> ASIN                                            \u200f                                            :                                            \u200e                                            B0F2J7C7Q3   <br \/> Manufacturer reference                                            \u200f                                            :                                            \u200e                                            170530   <br \/> Country of origin                                            \u200f                                            :                                            \u200e                                            Slovenia   <br \/>  Customer reviews:                                                                                            3.8               3.8 out of 5 stars                                  (153)                                              var dpAcrHasRegisteredArcLinkClickAction;                    P.when(&#8216;A&#8217;, &#8216;ready&#8217;).execute(function(A) {                        if (dpAcrHasRegisteredArcLinkClickAction !== true) {                            dpAcrHasRegisteredArcLinkClickAction = true;                            A.declarative(                                &#8216;acrLink-click-metrics&#8217;, &#8216;click&#8217;,                                { &#8220;allowLinkDefault&#8221;: true },                                function (event) {                                    if (window.ue) {                                        ue.count(&#8220;acrLinkClickCount&#8221;, (ue.count(&#8220;acrLinkClickCount&#8221;) || 0) + 1);                                    }                                }                            );                        }                    });                                             P.when(&#8216;A&#8217;, &#8216;cf&#8217;).execute(function(A) {                A.declarative(&#8216;acrStarsLink-click-metrics&#8217;, &#8216;click&#8217;, { &#8220;allowLinkDefault&#8221; : true },  function(event){                    if(window.ue) {                        ue.count(&#8220;acrStarsLinkWithPopoverClickCount&#8221;, (ue.count(&#8220;acrStarsLinkWithPopoverClickCount&#8221;) || 0) + 1);                    }                });            });                          <br \/>Cortisol reducing supplement to lower stress levels. Thanks to the calming power of ashwagandha, rhodiola and essential vitamins B6 and B12, these delicious gummies work harmoniously to nourish the body and mind.<br \/>Rhodiola extract is a powerful adaptogen that helps deliver oxygen and nutrients to cells and ensure optimal functioning of the body. To fight fatigue and increase energy levels, we have also added vitamins B6 and B12! Vitamin B12 also promotes normal psychological functioning and supports the immune system.<br \/>GABA is highly valued for relieving stress, calming tension and improving sleep. The superstar of this formula is ashwagandha &#8211; the most powerful of Ayurvedic herbs and adaptogens to support you in times of mental and nervous tension! It also helps you maintain emotional balance and feel relaxed.<br \/>Supports healthy cortisol levels with 100% natural gummies. Take 2 gummies per day. Just chew them. No need for water.<\/p>\n\n","protected":false},"excerpt":{"rendered":"<p> From the brand Tummy Tox Gomies D\u00e9licieux gommes Effet beaut\u00e9 de l&#8217;int\u00e9rieur Cheveux, peau, ongles, syst\u00e8me immunitaire et sommeil Pourquoi choisir des caoutchoucs ? Parce que nous sommes des femmes qui aiment prendre soin des autres femmes, et pourquoi ne pas le faire d&#8217;une mani\u00e8re d\u00e9licieuse &lt;3 Le plaisir et [&hellip;]<\/p>\n","protected":false},"featured_media":28420,"comment_status":"open","ping_status":"closed","template":"","meta":{"_gspb_post_css":"","om_disable_all_campaigns":false,"_monsterinsights_skip_tracking":false,"_monsterinsights_sitenote_active":false,"_monsterinsights_sitenote_note":"","_monsterinsights_sitenote_category":0},"store":[],"product_brand":[],"product_cat":[150],"product_tag":[493,1022,574,494,591,918,3564,419,420,278,5813,3843,178],"class_list":{"0":"post-28419","1":"product","2":"type-product","3":"status-publish","4":"has-post-thumbnail","6":"product_cat-anti-stress-adaptogenes","7":"product_tag-ashwagandha","8":"product_tag-b12","9":"product_tag-control","10":"product_tag-cortisol","11":"product_tag-gaba","12":"product_tag-gummies","13":"product_tag-relief","14":"product_tag-rhodiola","15":"product_tag-rosea","16":"product_tag-stress","17":"product_tag-tox","18":"product_tag-tummy","19":"product_tag-vitamin","21":"first","22":"instock","23":"shipping-taxable","24":"product-type-external"},"aioseo_notices":[],"jetpack_sharing_enabled":true,"_links":{"self":[{"href":"https:\/\/www.zolattitude.com\/index.php\/wp-json\/wp\/v2\/product\/28419","targetHints":{"allow":["GET"]}}],"collection":[{"href":"https:\/\/www.zolattitude.com\/index.php\/wp-json\/wp\/v2\/product"}],"about":[{"href":"https:\/\/www.zolattitude.com\/index.php\/wp-json\/wp\/v2\/types\/product"}],"replies":[{"embeddable":true,"href":"https:\/\/www.zolattitude.com\/index.php\/wp-json\/wp\/v2\/comments?post=28419"}],"wp:featuredmedia":[{"embeddable":true,"href":"https:\/\/www.zolattitude.com\/index.php\/wp-json\/wp\/v2\/media\/28420"}],"wp:attachment":[{"href":"https:\/\/www.zolattitude.com\/index.php\/wp-json\/wp\/v2\/media?parent=28419"}],"wp:term":[{"taxonomy":"store","embeddable":true,"href":"https:\/\/www.zolattitude.com\/index.php\/wp-json\/wp\/v2\/store?post=28419"},{"taxonomy":"product_brand","embeddable":true,"href":"https:\/\/www.zolattitude.com\/index.php\/wp-json\/wp\/v2\/product_brand?post=28419"},{"taxonomy":"product_cat","embeddable":true,"href":"https:\/\/www.zolattitude.com\/index.php\/wp-json\/wp\/v2\/product_cat?post=28419"},{"taxonomy":"product_tag","embeddable":true,"href":"https:\/\/www.zolattitude.com\/index.php\/wp-json\/wp\/v2\/product_tag?post=28419"}],"curies":[{"name":"wp","href":"https:\/\/api.w.org\/{rel}","templated":true}]}}