{"id":28484,"date":"2026-04-21T22:17:03","date_gmt":"2026-04-21T22:17:03","guid":{"rendered":"https:\/\/www.zolattitude.com\/index.php\/product\/novoma-pure-hyaluronic-acid-in-capsules-anti-wrinkle-anti-aging-100-natural-1-month-cure-exceptionhyal-star-patented-60-vegan-capsules-with-vitamin-c-made-in-france\/"},"modified":"2026-04-21T22:17:14","modified_gmt":"2026-04-21T22:17:14","slug":"novoma-pure-hyaluronic-acid-in-capsules-anti-wrinkle-anti-aging-100-natural-1-month-cure-exceptionhyal-star-patented-60-vegan-capsules-with-vitamin-c-made-in-france","status":"publish","type":"product","link":"https:\/\/www.zolattitude.com\/index.php\/product\/novoma-pure-hyaluronic-acid-in-capsules-anti-wrinkle-anti-aging-100-natural-1-month-cure-exceptionhyal-star-patented-60-vegan-capsules-with-vitamin-c-made-in-france\/","title":{"rendered":"NOVOMA Pure Hyaluronic Acid in Capsules, Anti-Wrinkle &#038; Anti-Aging, 100% Natural, 1 Month Cure, ExceptionHYAL Star Patented, 60 Vegan Capsules, With Vitamin C, Made in France"},"content":{"rendered":"<p>Price: <span style=\"color:#b12704\"><del>\u20ac23.90<\/del> - \u20ac21.33<\/span><br \/><i><small>(as of Apr 21, 2026 22:17:03 UTC &#8211; <span class=\"wp_automatic_amazon_disclaimer\" title=\"Product prices and availability are accurate as of the date\/time indicated and are subject to change. Any price and availability information displayed on [relevant Amazon Site(s), as applicable] at the time of purchase will apply to the purchase of this product.\">Details<\/span>)<\/small><\/i><br \/><a href=\"https:\/\/amazon.fr\/dp\/B0C2J6JWBD?tag=onamzmoukoubl-21\"><img decoding=\"async\" src=\"https:\/\/valvepress.s3.amazonaws.com\/imgs\/buy_now.png\"><\/a><br \/>\n<\/p>\n<p>                                             From the brand   <\/p>\n<p>                                              <img decoding=\"async\" alt=\"\" src=\"https:\/\/images-na.ssl-images-amazon.com\/images\/G\/01\/x-locale\/common\/grey-pixel.gif\" class=\"a-lazy-loaded\" data-src=\"https:\/\/m.media-amazon.com\/images\/S\/aplus-media-library-service-media\/1febfa77-f85e-4bf7-9065-ebf3dad7a1ca.__CR1,0,2195,937_PT0_SX1464_V1___.jpg\"><img decoding=\"async\" alt=\"\" src=\"https:\/\/m.media-amazon.com\/images\/S\/aplus-media-library-service-media\/1febfa77-f85e-4bf7-9065-ebf3dad7a1ca.__CR1,0,2195,937_PT0_SX1464_V1___.jpg\">  <\/p>\n<p>                                              <img decoding=\"async\" alt=\"Deux hommes en tenue de travail avec un texte en fran\u00e7ais d\u00e9crivant leur engagement envers des formules innovantes pour atteindre des objectifs de bien-\u00eatre.\" src=\"https:\/\/images-na.ssl-images-amazon.com\/images\/G\/01\/x-locale\/common\/grey-pixel.gif\" class=\"a-lazy-loaded\" data-src=\"https:\/\/m.media-amazon.com\/images\/S\/aplus-media-library-service-media\/c31d78b7-882a-40b5-b815-4bccc0d466e9.__CR0,0,1620,2027_PT0_SX362_V1___.jpg\"><img decoding=\"async\" alt=\"Deux hommes en tenue de travail avec un texte en fran\u00e7ais d\u00e9crivant leur engagement envers des formules innovantes pour atteindre des objectifs de bien-\u00eatre.\" src=\"https:\/\/m.media-amazon.com\/images\/S\/aplus-media-library-service-media\/c31d78b7-882a-40b5-b815-4bccc0d466e9.__CR0,0,1620,2027_PT0_SX362_V1___.jpg\">  <\/p>\n<p>                                              <img decoding=\"async\" alt=\"une femme tenant une bouteille de vitamine D\" src=\"https:\/\/images-na.ssl-images-amazon.com\/images\/G\/01\/x-locale\/common\/grey-pixel.gif\" class=\"a-lazy-loaded\" data-src=\"https:\/\/m.media-amazon.com\/images\/S\/aplus-media-library-service-media\/33ad66f4-cbcf-4483-8f94-eeb14ff99c62.__CR0,0,543,680_PT0_SX362_V1___.jpg\"><img decoding=\"async\" alt=\"une femme tenant une bouteille de vitamine D\" src=\"https:\/\/m.media-amazon.com\/images\/S\/aplus-media-library-service-media\/33ad66f4-cbcf-4483-8f94-eeb14ff99c62.__CR0,0,543,680_PT0_SX362_V1___.jpg\">  <\/p>\n<h3> Tonus &amp; Vitalit\u00e9 <\/h3>\n<p class=\"apm-brand-story-stores-link\">\n<p>                                              <img decoding=\"async\" alt=\"une bouteille de vitamine C\" src=\"https:\/\/images-na.ssl-images-amazon.com\/images\/G\/01\/x-locale\/common\/grey-pixel.gif\" class=\"a-lazy-loaded\" data-src=\"https:\/\/m.media-amazon.com\/images\/S\/aplus-media-library-service-media\/a76fa9e7-849d-431e-9da4-11f413bee04c.__CR0,0,543,680_PT0_SX362_V1___.jpg\"><img decoding=\"async\" alt=\"une bouteille de vitamine C\" src=\"https:\/\/m.media-amazon.com\/images\/S\/aplus-media-library-service-media\/a76fa9e7-849d-431e-9da4-11f413bee04c.__CR0,0,543,680_PT0_SX362_V1___.jpg\">  <\/p>\n<h3> D\u00e9fenses immunitaires <\/h3>\n<p class=\"apm-brand-story-stores-link\">\n<p>                                              <img decoding=\"async\" alt=\"un couple dans la cuisine avec une tasse de caf\u00e9\" src=\"https:\/\/images-na.ssl-images-amazon.com\/images\/G\/01\/x-locale\/common\/grey-pixel.gif\" class=\"a-lazy-loaded\" data-src=\"https:\/\/m.media-amazon.com\/images\/S\/aplus-media-library-service-media\/b2b5b8e7-1687-4334-b654-bf37dbf2a43f.__CR0,0,543,680_PT0_SX362_V1___.jpg\"><img decoding=\"async\" alt=\"un couple dans la cuisine avec une tasse de caf\u00e9\" src=\"https:\/\/m.media-amazon.com\/images\/S\/aplus-media-library-service-media\/b2b5b8e7-1687-4334-b654-bf37dbf2a43f.__CR0,0,543,680_PT0_SX362_V1___.jpg\">  <\/p>\n<h3> Peau, cheveux &amp; ongles <\/h3>\n<p class=\"apm-brand-story-stores-link\">\n<p>                                              <img decoding=\"async\" alt=\"une bouteille de collag\u00e8ne et de vitamine E\" src=\"https:\/\/images-na.ssl-images-amazon.com\/images\/G\/01\/x-locale\/common\/grey-pixel.gif\" class=\"a-lazy-loaded\" data-src=\"https:\/\/m.media-amazon.com\/images\/S\/aplus-media-library-service-media\/86912d6e-3a2d-42be-a8c0-e07ab4c4df1c.__CR0,0,543,680_PT0_SX362_V1___.jpg\"><img decoding=\"async\" alt=\"une bouteille de collag\u00e8ne et de vitamine E\" src=\"https:\/\/m.media-amazon.com\/images\/S\/aplus-media-library-service-media\/86912d6e-3a2d-42be-a8c0-e07ab4c4df1c.__CR0,0,543,680_PT0_SX362_V1___.jpg\">  <\/p>\n<p>                                              <img decoding=\"async\" alt=\"homme ouvrant une bouteille d&amp;#39;huile essentielle\" src=\"https:\/\/images-na.ssl-images-amazon.com\/images\/G\/01\/x-locale\/common\/grey-pixel.gif\" class=\"a-lazy-loaded\" data-src=\"https:\/\/m.media-amazon.com\/images\/S\/aplus-media-library-service-media\/ffe864b4-ba24-4c74-b806-4b219bb58293.__CR0,0,543,680_PT0_SX362_V1___.jpg\"><img decoding=\"async\" alt=\"homme ouvrant une bouteille d&amp;#39;huile essentielle\" src=\"https:\/\/m.media-amazon.com\/images\/S\/aplus-media-library-service-media\/ffe864b4-ba24-4c74-b806-4b219bb58293.__CR0,0,543,680_PT0_SX362_V1___.jpg\">  <\/p>\n<p> Package Dimensions                                            \u200f                                            :                                            \u200e                                            10.4 x 4.6 x 4.4 cm; 50 g   <br \/> Manufacturer                                            \u200f                                            :                                            \u200e                                            NOVOMA   <br \/> ASIN                                            \u200f                                            :                                            \u200e                                            B0C2J6JWBD   <br \/> Item model number                                            \u200f                                            :                                            \u200e                                            NOVO-11324   <br \/> Country of origin                                            \u200f                                            :                                            \u200e                                            France   <br \/>  Customer reviews:                                                                                            4.4               4.4 out of 5 stars                                  (2,009)                                              var dpAcrHasRegisteredArcLinkClickAction;                    P.when(&#8216;A&#8217;, &#8216;ready&#8217;).execute(function(A) {                        if (dpAcrHasRegisteredArcLinkClickAction !== true) {                            dpAcrHasRegisteredArcLinkClickAction = true;                            A.declarative(                                &#8216;acrLink-click-metrics&#8217;, &#8216;click&#8217;,                                { &#8220;allowLinkDefault&#8221;: true },                                function (event) {                                    if (window.ue) {                                        ue.count(&#8220;acrLinkClickCount&#8221;, (ue.count(&#8220;acrLinkClickCount&#8221;) || 0) + 1);                                    }                                }                            );                        }                    });                                             P.when(&#8216;A&#8217;, &#8216;cf&#8217;).execute(function(A) {                A.declarative(&#8216;acrStarsLink-click-metrics&#8217;, &#8216;click&#8217;, { &#8220;allowLinkDefault&#8221; : true },  function(event){                    if(window.ue) {                        ue.count(&#8220;acrStarsLinkWithPopoverClickCount&#8221;, (ue.count(&#8220;acrStarsLinkWithPopoverClickCount&#8221;) || 0) + 1);                    }                });            });                          <br \/>Acts deep on the skin. Thanks to its moisturizing power, Hyaluronic Acid helps promote firmness and hydration of the skin, while preventing the appearance of fine lines and wrinkles. For optimal effects it is enriched with Vitamin C.<br \/>HIGH DOSAGE OF HYALURONIC ACID. Each daily intake (2 capsules) provides 200 mg of pure 100% natural hyaluronic acid, with a full molecular spectrum (50 &#8211; 2200 kDa). It acts so at all levels of the epidermis.<br \/>CLINICALLY PROVEN EFFECTS. We selected a patented Hyaluronic Acid of plant origin ExceptionHYAL Star, which has been the subject of clinical studies. Results: After 28 days, it decreases the depth of wrinkles by 18.8% and the volume of wrinkles by 17.6%.<br \/>1 MONTH OF CURE. To combat the signs of aging, you just need to take 2 easy-to-swallow vegetable capsules every day. Our bottle, with its 60 capsules, allows you to carry out a course of one month.<br \/>DESIGNED AND MADE IN FRANCE. All food supplements in the NOVOMA range are designed and manufactured in France. This product is certified non-GMO, gluten-free, additive and compressive agents. It is suitable for vegans.<\/p>\n\n","protected":false},"excerpt":{"rendered":"<p> From the brand Tonus &amp; Vitalit\u00e9 D\u00e9fenses immunitaires Peau, cheveux &amp; ongles Package Dimensions \u200f : \u200e 10.4 x 4.6 x 4.4 cm; 50 g Manufacturer \u200f : \u200e NOVOMA ASIN \u200f : \u200e B0C2J6JWBD Item model number \u200f : \u200e NOVO-11324 Country of origin \u200f : \u200e France Customer [&hellip;]<\/p>\n","protected":false},"featured_media":28485,"comment_status":"open","ping_status":"closed","template":"","meta":{"_gspb_post_css":"","om_disable_all_campaigns":false,"_monsterinsights_skip_tracking":false,"_monsterinsights_sitenote_active":false,"_monsterinsights_sitenote_note":"","_monsterinsights_sitenote_category":0},"store":[],"product_brand":[],"product_cat":[138],"product_tag":[188,786,1144,198,196,7077,201,187,191,260,203,298,213,7078,261,178],"class_list":{"0":"post-28484","1":"product","2":"type-product","3":"status-publish","4":"has-post-thumbnail","6":"product_cat-acide-hyaluronique-msm","7":"product_tag-acid","8":"product_tag-antiaging","9":"product_tag-antiwrinkle","10":"product_tag-capsules","11":"product_tag-cure","12":"product_tag-exceptionhyal","13":"product_tag-france","14":"product_tag-hyaluronic","15":"product_tag-month","16":"product_tag-natural","17":"product_tag-novoma","18":"product_tag-patented","19":"product_tag-pure","20":"product_tag-star","21":"product_tag-vegan","22":"product_tag-vitamin","24":"first","25":"instock","26":"sale","27":"shipping-taxable","28":"product-type-external"},"aioseo_notices":[],"jetpack_sharing_enabled":true,"_links":{"self":[{"href":"https:\/\/www.zolattitude.com\/index.php\/wp-json\/wp\/v2\/product\/28484","targetHints":{"allow":["GET"]}}],"collection":[{"href":"https:\/\/www.zolattitude.com\/index.php\/wp-json\/wp\/v2\/product"}],"about":[{"href":"https:\/\/www.zolattitude.com\/index.php\/wp-json\/wp\/v2\/types\/product"}],"replies":[{"embeddable":true,"href":"https:\/\/www.zolattitude.com\/index.php\/wp-json\/wp\/v2\/comments?post=28484"}],"wp:featuredmedia":[{"embeddable":true,"href":"https:\/\/www.zolattitude.com\/index.php\/wp-json\/wp\/v2\/media\/28485"}],"wp:attachment":[{"href":"https:\/\/www.zolattitude.com\/index.php\/wp-json\/wp\/v2\/media?parent=28484"}],"wp:term":[{"taxonomy":"store","embeddable":true,"href":"https:\/\/www.zolattitude.com\/index.php\/wp-json\/wp\/v2\/store?post=28484"},{"taxonomy":"product_brand","embeddable":true,"href":"https:\/\/www.zolattitude.com\/index.php\/wp-json\/wp\/v2\/product_brand?post=28484"},{"taxonomy":"product_cat","embeddable":true,"href":"https:\/\/www.zolattitude.com\/index.php\/wp-json\/wp\/v2\/product_cat?post=28484"},{"taxonomy":"product_tag","embeddable":true,"href":"https:\/\/www.zolattitude.com\/index.php\/wp-json\/wp\/v2\/product_tag?post=28484"}],"curies":[{"name":"wp","href":"https:\/\/api.w.org\/{rel}","templated":true}]}}